{"id":119942,"date":"2026-03-24T05:35:58","date_gmt":"2026-03-24T05:35:58","guid":{"rendered":"https:\/\/soydeaqui.ddns.net\/pachuca\/index.php\/producto\/ups-de-6000-va-5400-w-online-doble-conversion-200-240-vac-de-entrada-nema-l6-30p-120-240-vac-de-salida-onda-senoidal-pura-torre-o-rack-de-8-ur-con-6-tomas-nema-5-20r-2-nema-l6-20r-y-1-nema-2\/"},"modified":"2026-03-24T05:36:11","modified_gmt":"2026-03-24T05:36:11","slug":"ups-de-6000-va-5400-w-online-doble-conversion-200-240-vac-de-entrada-nema-l6-30p-120-240-vac-de-salida-onda-senoidal-pura-torre-o-rack-de-8-ur-con-6-tomas-nema-5-20r-2-nema-l6-20r-y-1-nema-2","status":"publish","type":"product","link":"https:\/\/soydeaqui.ddns.net\/pachuca\/index.php\/producto\/ups-de-6000-va-5400-w-online-doble-conversion-200-240-vac-de-entrada-nema-l6-30p-120-240-vac-de-salida-onda-senoidal-pura-torre-o-rack-de-8-ur-con-6-tomas-nema-5-20r-2-nema-l6-20r-y-1-nema-2\/","title":{"rendered":"UPS de 6000 VA\/5400 W, Online Doble Conversi\u00f3n, 200 &#8211; 240 Vac de Entrada NEMA L6-30P, 120 &#8211; 240 Vac de Salida, Onda Senoidal Pura, Torre o Rack de 8 UR, Con 6 Tomas NEMA 5-20R, 2 NEMA L6-20R y 1 NEMA L6-30R"},"content":{"rendered":"<div style='width: 100%; max-width: 1200px; margin: 0 auto; font-family: sans-serif; line-height: 1.6; color: inherit; background-color: transparent;'> <!-- Imagen del producto --> <\/p>\n<div style='width: 100%; margin-bottom: 20px;'> <img style='width: 100%; max-width: 600px; height: auto; border: 1px solid rgba(150&comma;150&comma;150&comma;0.3); border-radius: 8px;' src='https:\/\/ftp3.syscom.mx\/usuarios\/fotos\/logotipos\/cyberpower.png' alt='Logo CyberPower'> <\/div>\n<p> <!-- Notas importantes --> <\/p>\n<div style='width: 100%; margin-bottom: 30px;'>\n<div style='border: 1px solid rgba(255&comma; 0&comma; 0&comma; 0.4); border-radius: 8px; padding: 15px; background-color: rgba(255&comma; 0&comma; 0&comma; 0.05);'> <strong style='color: inherit;'>*Nota: Este equipo debe ser arrancado por un experto de CyberPower para hacer efectiva la garant\u00eda.<\/strong> <br \/> <strong style='color: inherit;'>Para m\u00e1s informaci\u00f3n comunicarse con el departamento de Ingenier\u00eda.<\/strong> <\/div>\n<\/p><\/div>\n<p> <!-- Requisitos de instalaci\u00f3n --> <\/p>\n<div style='width: 100%; margin-bottom: 30px;'>\n<h3 style='font-size: 20px; border-bottom: 2px solid currentColor; padding-bottom: 5px; margin-top: 0; color: inherit; opacity: 0.8;'>Requisitos de Instalaci\u00f3n<\/h3>\n<p style='color: inherit;'>Para llevar a cabo el arranque del equipo deber\u00e1 estar listo en la fecha programada con las siguientes caracter\u00edsticas:<\/p>\n<ul style='padding-left: 20px; font-size: 15px; color: inherit;'>\n<li style='margin-bottom: 5px;'>Cable 8 AWG del cableado al UPS.<\/li>\n<li style='margin-bottom: 5px;'>Nivel de voltaje de alimentaci\u00f3n adecuado de 200-240 VAC.<\/li>\n<li style='margin-bottom: 5px;'>Interruptor de entrada de 60 Ampers (2&#215;30).<\/li>\n<li style='margin-bottom: 5px;'>Sistema de aterrizaje aislado bien referenciado a tierra.<\/li>\n<\/ul><\/div>\n<p> <!-- Aplicaciones --> <\/p>\n<div style='width: 100%; margin-bottom: 30px;'>\n<h3 style='font-size: 20px; border-bottom: 2px solid currentColor; padding-bottom: 5px; margin-top: 0; color: inherit; opacity: 0.8;'>Aplicaciones<\/h3>\n<p style='color: inherit;'>Garantiza protecci\u00f3n de respaldo de energ\u00eda para equipos de TI&comma; servidores&comma; estaciones de trabajo&comma; NAS \/ dispositivos de almacenamiento&comma; dispositivos de telecomunicaciones&comma; dispositivos de red&comma; sistemas de seguridad \/ emergencia y sistemas de vigilancia. El UPS adopta una topolog\u00eda de doble conversi\u00f3n para proporcionar potencia de salida de alta calidad con modo ECO adicional para ahorrar energ\u00eda y reducir costos.<\/p>\n<p style='color: inherit;'>Este UPS compatible con generador incluye paquetes de bater\u00edas intercambiables en caliente para mantenimiento sin interrupci\u00f3n de energ\u00eda y un interruptor de apagado de emergencia (EPO) para permitir a los usuarios apagar el UPS inmediatamente durante una emergencia.<\/p>\n<\/p><\/div>\n<p> <!-- Especificaciones t\u00e9cnicas --> <\/p>\n<div style='width: 100%; margin-bottom: 30px;'>\n<h3 style='font-size: 20px; border-bottom: 2px solid currentColor; padding-bottom: 5px; margin-top: 0; color: inherit; opacity: 0.8;'>Especificaciones T\u00e9cnicas<\/h3>\n<div style='display: flex; flex-wrap: wrap; gap: 20px; margin-top: 15px;'>\n<div style='flex: 1 1 250px; border: 1px solid rgba(150&comma; 150&comma; 150&comma; 0.4); border-radius: 8px; overflow: hidden; display: flex; flex-direction: column;'>\n<div style='padding: 15px; border-bottom: 1px solid rgba(150&comma; 150&comma; 150&comma; 0.2); font-weight: bold; font-size: 18px; color: inherit;'>Entrada<\/div>\n<div style='padding: 15px; color: inherit;'>\n<ul style='padding-left: 20px; margin: 0; font-size: 14px; list-style-type: disc;'>\n<li style='margin-bottom: 5px;'>Voltaje de entrada: 200 &#8211; 240 Vac<\/li>\n<li style='margin-bottom: 5px;'>Frecuencia de entrada: 40 &#8211; 70 Hz<\/li>\n<li style='margin-bottom: 5px;'>Tipo de enchufe de entrada: NEMA L6-30P<\/li>\n<li style='margin-bottom: 5px;'>Longitud del cable: 180 cm<\/li>\n<\/ul><\/div>\n<\/p><\/div>\n<div style='flex: 1 1 250px; border: 1px solid rgba(150&comma; 150&comma; 150&comma; 0.4); border-radius: 8px; overflow: hidden; display: flex; flex-direction: column;'>\n<div style='padding: 15px; border-bottom: 1px solid rgba(150&comma; 150&comma; 150&comma; 0.2); font-weight: bold; font-size: 18px; color: inherit;'>Salida<\/div>\n<div style='padding: 15px; color: inherit;'>\n<ul style='padding-left: 20px; margin: 0; font-size: 14px; list-style-type: disc;'>\n<li style='margin-bottom: 5px;'>Salida VA: 6&comma;000<\/li>\n<li style='margin-bottom: 5px;'>Salida Watts: 5&comma;400<\/li>\n<li style='margin-bottom: 5px;'>Factor de Potencia: 0.9<\/li>\n<li style='margin-bottom: 5px;'>Voltaje en Bater\u00eda: 120 Vac; 200&comma; 208&comma; 220&comma; 230&comma; 240 Vac (Configurable) \u00b12%<\/li>\n<li style='margin-bottom: 5px;'>Total de tomas de salida: 10<\/li>\n<li style='margin-bottom: 5px;'>Tipo de tomas: NEMA L6-20R (2)&comma; NEMA L6-30R (1)&comma; NEMA 5-20R (6)&comma; Hardwire Terminal Block (1)<\/li>\n<\/ul><\/div>\n<\/p><\/div>\n<div style='flex: 1 1 250px; border: 1px solid rgba(150&comma; 150&comma; 150&comma; 0.4); border-radius: 8px; overflow: hidden; display: flex; flex-direction: column;'>\n<div style='padding: 15px; border-bottom: 1px solid rgba(150&comma; 150&comma; 150&comma; 0.2); font-weight: bold; font-size: 18px; color: inherit;'>Caracter\u00edsticas F\u00edsicas<\/div>\n<div style='padding: 15px; color: inherit;'>\n<ul style='padding-left: 20px; margin: 0; font-size: 14px; list-style-type: disc;'>\n<li style='margin-bottom: 5px;'>Protecci\u00f3n de picos: grado de red<\/li>\n<li style='margin-bottom: 5px;'>Administraci\u00f3n Remota SNMP \/ HTTP: RMCARD305 (Opcional)<\/li>\n<li style='margin-bottom: 5px;'>M\u00f3dulo de Bater\u00edas Extendidas: BP240V30ART3U<\/li>\n<li style='margin-bottom: 5px;'>Indicadores: Pantalla LCD de lectura<\/li>\n<li style='margin-bottom: 5px;'>Tama\u00f1o en Rack: 8U<\/li>\n<li style='margin-bottom: 5px;'>Dimensiones: 433 x 355.6 x 660 mm (Ancho x Alto x Profundidad)<\/li>\n<li style='margin-bottom: 5px;'>Peso: 158.3kg (incluye bater\u00eda)<\/li>\n<\/ul><\/div>\n<\/p><\/div>\n<\/p><\/div>\n<\/p><\/div>\n<p> <!-- Separador --> <\/p>\n<hr style='border: 0; border-top: 1px solid rgba(150&comma; 150&comma; 150&comma; 0.3); margin: 30px 0;'> <\/div>\n","protected":false},"excerpt":{"rendered":"<p>UPS de 6000 VA\/5400 W, Online Doble Conversi\u00f3n, 200 &#8211; 240 Vac de Entrada NEMA L6-30P, 120 &#8211; 240 Vac de Salida, Onda Senoidal Pura, Torre o Rack de 8 UR, Con 6 Tomas NEMA 5-20R, 2 NEMA L6-20R y 1 NEMA L6-30R<\/p>\n","protected":false},"featured_media":119941,"comment_status":"open","ping_status":"closed","template":"","meta":[],"product_brand":[],"product_cat":[1231],"product_tag":[677,142,1232],"class_list":{"0":"post-119942","1":"product","2":"type-product","3":"status-publish","4":"has-post-thumbnail","6":"product_cat-ups-no-break-energia-videovigilancia","7":"product_tag-cyberpower","8":"product_tag-energia","9":"product_tag-ups-no-break-2","11":"first","12":"outofstock","13":"sale","14":"shipping-taxable","15":"purchasable","16":"product-type-simple"},"_links":{"self":[{"href":"https:\/\/soydeaqui.ddns.net\/pachuca\/index.php\/wp-json\/wp\/v2\/product\/119942","targetHints":{"allow":["GET"]}}],"collection":[{"href":"https:\/\/soydeaqui.ddns.net\/pachuca\/index.php\/wp-json\/wp\/v2\/product"}],"about":[{"href":"https:\/\/soydeaqui.ddns.net\/pachuca\/index.php\/wp-json\/wp\/v2\/types\/product"}],"replies":[{"embeddable":true,"href":"https:\/\/soydeaqui.ddns.net\/pachuca\/index.php\/wp-json\/wp\/v2\/comments?post=119942"}],"wp:featuredmedia":[{"embeddable":true,"href":"https:\/\/soydeaqui.ddns.net\/pachuca\/index.php\/wp-json\/wp\/v2\/media\/119941"}],"wp:attachment":[{"href":"https:\/\/soydeaqui.ddns.net\/pachuca\/index.php\/wp-json\/wp\/v2\/media?parent=119942"}],"wp:term":[{"taxonomy":"product_brand","embeddable":true,"href":"https:\/\/soydeaqui.ddns.net\/pachuca\/index.php\/wp-json\/wp\/v2\/product_brand?post=119942"},{"taxonomy":"product_cat","embeddable":true,"href":"https:\/\/soydeaqui.ddns.net\/pachuca\/index.php\/wp-json\/wp\/v2\/product_cat?post=119942"},{"taxonomy":"product_tag","embeddable":true,"href":"https:\/\/soydeaqui.ddns.net\/pachuca\/index.php\/wp-json\/wp\/v2\/product_tag?post=119942"}],"curies":[{"name":"wp","href":"https:\/\/api.w.org\/{rel}","templated":true}]}}