{"id":119921,"date":"2026-03-24T05:34:45","date_gmt":"2026-03-24T05:34:45","guid":{"rendered":"https:\/\/soydeaqui.ddns.net\/pachuca\/index.php\/producto\/transformador-reductor-de-208-vca-a-120-vca-con-entrada-nema-l6-30p-12-salidas-nema-5-20r-2-nema-l6-20r-y-2-nema-l6-30r-recomendado-para-ups-de-5-kva-cyberpower\/"},"modified":"2026-03-24T05:34:52","modified_gmt":"2026-03-24T05:34:52","slug":"transformador-reductor-de-208-vca-a-120-vca-con-entrada-nema-l6-30p-12-salidas-nema-5-20r-2-nema-l6-20r-y-2-nema-l6-30r-recomendado-para-ups-de-5-kva-cyberpower","status":"publish","type":"product","link":"https:\/\/soydeaqui.ddns.net\/pachuca\/index.php\/producto\/transformador-reductor-de-208-vca-a-120-vca-con-entrada-nema-l6-30p-12-salidas-nema-5-20r-2-nema-l6-20r-y-2-nema-l6-30r-recomendado-para-ups-de-5-kva-cyberpower\/","title":{"rendered":"Transformador Reductor de 208 Vca a 120 Vca, Con entrada NEMA L6-30P, 12 Salidas NEMA 5-20R, 2 NEMA L6-20R, y 2 NEMA L6-30R, Recomendado para UPS de 5 kVA CyberPower"},"content":{"rendered":"<div style='width: 100%; max-width: 1200px; margin: 0 auto; font-family: sans-serif; line-height: 1.6; color: inherit; background-color: transparent;'>\n<div style='display: flex; flex-wrap: wrap; gap: 30px; margin-bottom: 30px;'>\n<div style='flex: 1 1 300px; min-width: 280px;'> <img style='width: 100%; height: auto; border: 1px solid rgba(150&comma;150&comma;150&comma;0.3); border-radius: 8px;' src='https:\/\/ftp3.syscom.mx\/usuarios\/fotos\/logotipos\/cyberpower.png' alt='Logo CyberPower'> <\/div>\n<div style='flex: 1 1 300px; min-width: 280px;'>\n<h3 style='font-size: 22px; border-bottom: 2px solid currentColor; padding-bottom: 5px; margin-top: 0; color: inherit; opacity: 0.8;'>Descripci\u00f3n General<\/h3>\n<p style='font-size: 15px; color: inherit;'>El transformador de aislamiento de bajada OL8K10KRT3UTF convierte el voltaje de entrada de 208V originado desde el suministro el\u00e9ctrico&comma; un UPS o un generador a 120V de salida. Con un cable de 3 metros con clavija NEMA L6-30P conecta el transformador OL8K10KRT3UTF al suministro de entrada. Protecci\u00f3n por sobretemperatura salvaguarda al transformador de da\u00f1os si el calor interno excede los par\u00e1metros de operaci\u00f3n.<\/p>\n<p style='font-size: 15px; color: inherit;'>El OL8K10KRT3UTF tiene la capacidad de 5&comma;000 watts. Incluye 12 tomas NEMA 5-20R que puede soportar salida compatible con clavijas NEMA 5-20P o 5-15P. En adici\u00f3n&comma; tambi\u00e9n cuenta con 2 tomas NEMA L6-20R y 2 tomas NEMA L6-30R para energizar equipo adicional a 208 Vca.<\/p>\n<\/p><\/div>\n<\/p><\/div>\n<div style='display: flex; flex-wrap: wrap; gap: 20px; margin-bottom: 30px;'>\n<div style='flex: 1 1 250px; border: 1px solid rgba(150&comma; 150&comma; 150&comma; 0.4); border-radius: 8px; overflow: hidden; display: flex; flex-direction: column;'>\n<div style='padding: 15px; border-bottom: 1px solid rgba(150&comma; 150&comma; 150&comma; 0.2); font-weight: bold; font-size: 18px; color: inherit;'>Especificaciones T\u00e9cnicas<\/div>\n<div style='padding: 15px; color: inherit;'>\n<ul style='padding-left: 20px; margin: 0; font-size: 14px; list-style-type: disc;'>\n<li style='margin-bottom: 5px;'><strong>Capacidad:<\/strong> 5000 VA\/5000 W<\/li>\n<li style='margin-bottom: 5px;'><strong>Voltaje de Entrada:<\/strong> 200-240 Vca<\/li>\n<li style='margin-bottom: 5px;'><strong>Tipo de enchufe de entrada:<\/strong> NEMA L6-30P<\/li>\n<li style='margin-bottom: 5px;'><img style='width: 40px; height: auto; border: 1px solid rgba(150&comma;150&comma;150&comma;0.3); border-radius: 4px; vertical-align: middle;' src='https:\/\/www.cyberpower.com\/mx\/es\/File\/GetImageByDocId\/GeneralAttribute-246' alt='NEMA L6-30P'><\/li>\n<li style='margin-bottom: 5px;'><strong>Voltaje de Salida:<\/strong> 120\/208 Vca a 50\/60 Hz<\/li>\n<li style='margin-bottom: 5px;'><strong>Total de Tomas de Salida:<\/strong> 16<\/li>\n<li style='margin-bottom: 5px;'><strong>Tipo de Tomas de Salida:<\/strong> (12) NEMA 5-20R<\/li>\n<li style='margin-bottom: 5px;'><img style='width: 40px; height: auto; border: 1px solid rgba(150&comma;150&comma;150&comma;0.3); border-radius: 4px; vertical-align: middle;' src='https:\/\/www.cyberpower.com\/mx\/es\/File\/GetImageByDocId\/GeneralAttribute-370' alt='NEMA 5-20R'><\/li>\n<li style='margin-bottom: 5px;'><strong>Adicionales:<\/strong> (2) NEMA L6-20R<\/li>\n<li style='margin-bottom: 5px;'><img style='width: 40px; height: auto; border: 1px solid rgba(150&comma;150&comma;150&comma;0.3); border-radius: 4px; vertical-align: middle;' src='https:\/\/www.cyberpower.com\/mx\/es\/File\/GetImageByDocId\/GeneralAttribute-245' alt='NEMA L6-20R'><\/li>\n<li style='margin-bottom: 5px;'><strong>Adicionales:<\/strong> (2) NEMA L6-30R<\/li>\n<li style='margin-bottom: 5px;'><img style='width: 40px; height: auto; border: 1px solid rgba(150&comma;150&comma;150&comma;0.3); border-radius: 4px; vertical-align: middle;' src='https:\/\/www.cyberpower.com\/mx\/es\/File\/GetImageByDocId\/GeneralAttribute-247' alt='NEMA L6-30R'><\/li>\n<li style='margin-bottom: 5px;'><strong>Tama\u00f1o en Rack:<\/strong> 3 UR<\/li>\n<li style='margin-bottom: 5px;'><strong>Dimensiones:<\/strong> 433 x 132 x 660 mm (Ancho x Alto x Profundidad)<\/li>\n<li style='margin-bottom: 5px;'><strong>Peso:<\/strong> 72.6 kg<\/li>\n<\/ul><\/div>\n<\/p><\/div>\n<div style='flex: 1 1 250px; border: 1px solid rgba(150&comma; 150&comma; 150&comma; 0.4); border-radius: 8px; overflow: hidden; display: flex; flex-direction: column;'>\n<div style='padding: 15px; border-bottom: 1px solid rgba(150&comma; 150&comma; 150&comma; 0.2); font-weight: bold; font-size: 18px; color: inherit;'>Caracter\u00edsticas<\/div>\n<div style='padding: 15px; color: inherit;'>\n<ul style='padding-left: 20px; margin: 0; font-size: 14px; list-style-type: disc;'>\n<li style='margin-bottom: 5px;'>Protecci\u00f3n por sobretemperatura<\/li>\n<li style='margin-bottom: 5px;'>Cable de 3 metros con clavija NEMA L6-30P<\/li>\n<li style='margin-bottom: 5px;'>Garant\u00eda de 3 a\u00f1os<\/li>\n<\/ul><\/div>\n<\/p><\/div>\n<div style='flex: 1 1 250px; border: 1px solid rgba(150&comma; 150&comma; 150&comma; 0.4); border-radius: 8px; overflow: hidden; display: flex; flex-direction: column;'>\n<div style='padding: 15px; border-bottom: 1px solid rgba(150&comma; 150&comma; 150&comma; 0.2); font-weight: bold; font-size: 18px; color: inherit;'>Compatibilidad con UPS<\/div>\n<div style='padding: 15px; color: inherit;'>\n<ul style='padding-left: 20px; margin: 0; font-size: 14px; list-style-type: disc;'>\n<li style='margin-bottom: 5px;'>OL6000RT3UPDU<\/li>\n<li style='margin-bottom: 5px;'>OL6000RT3U<\/li>\n<li style='margin-bottom: 5px;'>OL8000RT3U<\/li>\n<li style='margin-bottom: 5px;'>OL8000RT3UPDU<\/li>\n<li style='margin-bottom: 5px;'>OL10000RT3U<\/li>\n<li style='margin-bottom: 5px;'>OL10000RT3UPDU<\/li>\n<li style='margin-bottom: 5px;'>PR5000LCDRTXL5U<\/li>\n<li style='margin-bottom: 5px;'>PR6000LCDRTXL5U<\/li>\n<\/ul><\/div>\n<\/p><\/div>\n<\/p><\/div>\n<hr style='border: 0; border-top: 1px solid rgba(150&comma; 150&comma; 150&comma; 0.3); margin: 30px 0;'> <\/div>\n","protected":false},"excerpt":{"rendered":"<p>Transformador Reductor de 208 Vca a 120 Vca, Con entrada NEMA L6-30P, 12 Salidas NEMA 5-20R, 2 NEMA L6-20R, y 2 NEMA L6-30R, Recomendado para UPS de 5 kVA CyberPower<\/p>\n","protected":false},"featured_media":119920,"comment_status":"open","ping_status":"closed","template":"","meta":[],"product_brand":[],"product_cat":[1231],"product_tag":[677,142,1232],"class_list":{"0":"post-119921","1":"product","2":"type-product","3":"status-publish","4":"has-post-thumbnail","6":"product_cat-ups-no-break-energia-videovigilancia","7":"product_tag-cyberpower","8":"product_tag-energia","9":"product_tag-ups-no-break-2","11":"first","12":"outofstock","13":"sale","14":"shipping-taxable","15":"purchasable","16":"product-type-simple"},"_links":{"self":[{"href":"https:\/\/soydeaqui.ddns.net\/pachuca\/index.php\/wp-json\/wp\/v2\/product\/119921","targetHints":{"allow":["GET"]}}],"collection":[{"href":"https:\/\/soydeaqui.ddns.net\/pachuca\/index.php\/wp-json\/wp\/v2\/product"}],"about":[{"href":"https:\/\/soydeaqui.ddns.net\/pachuca\/index.php\/wp-json\/wp\/v2\/types\/product"}],"replies":[{"embeddable":true,"href":"https:\/\/soydeaqui.ddns.net\/pachuca\/index.php\/wp-json\/wp\/v2\/comments?post=119921"}],"wp:featuredmedia":[{"embeddable":true,"href":"https:\/\/soydeaqui.ddns.net\/pachuca\/index.php\/wp-json\/wp\/v2\/media\/119920"}],"wp:attachment":[{"href":"https:\/\/soydeaqui.ddns.net\/pachuca\/index.php\/wp-json\/wp\/v2\/media?parent=119921"}],"wp:term":[{"taxonomy":"product_brand","embeddable":true,"href":"https:\/\/soydeaqui.ddns.net\/pachuca\/index.php\/wp-json\/wp\/v2\/product_brand?post=119921"},{"taxonomy":"product_cat","embeddable":true,"href":"https:\/\/soydeaqui.ddns.net\/pachuca\/index.php\/wp-json\/wp\/v2\/product_cat?post=119921"},{"taxonomy":"product_tag","embeddable":true,"href":"https:\/\/soydeaqui.ddns.net\/pachuca\/index.php\/wp-json\/wp\/v2\/product_tag?post=119921"}],"curies":[{"name":"wp","href":"https:\/\/api.w.org\/{rel}","templated":true}]}}