{"id":119914,"date":"2026-03-24T05:34:21","date_gmt":"2026-03-24T05:34:21","guid":{"rendered":"https:\/\/soydeaqui.ddns.net\/pachuca\/index.php\/producto\/ups-de-500-va-300-w-topologia-linea-interactiva-entrada-120-vca-nema-5-15p-tipo-rack-1-ur-con-6-tomas-nema-5-15r-2\/"},"modified":"2026-03-24T05:34:41","modified_gmt":"2026-03-24T05:34:41","slug":"ups-de-500-va-300-w-topologia-linea-interactiva-entrada-120-vca-nema-5-15p-tipo-rack-1-ur-con-6-tomas-nema-5-15r-2","status":"publish","type":"product","link":"https:\/\/soydeaqui.ddns.net\/pachuca\/index.php\/producto\/ups-de-500-va-300-w-topologia-linea-interactiva-entrada-120-vca-nema-5-15p-tipo-rack-1-ur-con-6-tomas-nema-5-15r-2\/","title":{"rendered":"UPS de 500 VA\/300 W, Topolog\u00eda L\u00ednea Interactiva, Entrada 120 Vca NEMA 5-15P, Tipo Rack 1 UR, Con 6 Tomas NEMA 5-15R"},"content":{"rendered":"<div style='width: 100%; max-width: 1200px; margin: 0 auto; font-family: sans-serif; line-height: 1.6; color: inherit; background-color: transparent;'>\n<div style='display: flex; flex-direction: column; gap: 30px;'>\n<div style='text-align: center;'> <img style='width: 100%; max-width: 600px; height: auto; border: 1px solid rgba(150&comma;150&comma;150&comma;0.3); border-radius: 8px;' src='https:\/\/ftp3.syscom.mx\/usuarios\/fotos\/logotipos\/cyberpower.png' alt='Logo CyberPower'> <\/div>\n<div style='display: flex; flex-wrap: wrap; gap: 30px;'>\n<div style='flex: 1 1 300px; min-width: 280px;'>\n<h3 style='font-size: 22px; border-bottom: 2px solid currentColor; padding-bottom: 5px; margin-top: 0; color: inherit; opacity: 0.8;'>Descripci\u00f3n General<\/h3>\n<p style='font-size: 15px; color: inherit;'>CyberPower OR500LCDRM1U es un UPS interactivo en l\u00ednea que ofrece simulaci\u00f3n de onda sinusoidal de salida para dispositivos de sistemas de oficina que incluyen PC&comma; estaciones de trabajo&comma; dispositivos de red y perif\u00e9ricos. Normalmente se integra en la oficina de reserva&comma; en la sala de servidores y en entornos de centros de datos para asegurar una alimentaci\u00f3n fiable de reserva durante los cortes de corriente.<\/p>\n<p style='font-size: 15px; color: inherit;'>Adem\u00e1s&comma; su dise\u00f1o convertible de instalaci\u00f3n en servidor y torre le otorga una flexibilidad optimizada para su montaje y funcionamiento en casi cualquier entorno.<\/p>\n<\/p><\/div>\n<\/p><\/div>\n<div style='display: flex; flex-wrap: wrap; gap: 30px;'>\n<div style='flex: 1 1 300px; min-width: 280px;'>\n<h3 style='font-size: 22px; border-bottom: 2px solid currentColor; padding-bottom: 5px; margin-top: 0; color: inherit; opacity: 0.8;'>Caracter\u00edsticas Destacadas<\/h3>\n<ul style='padding-left: 20px; font-size: 15px; color: inherit;'>\n<li style='margin-bottom: 5px;'>Pantalla LCD multifunci\u00f3n que ofrece informaci\u00f3n en tiempo real<\/li>\n<li style='margin-bottom: 5px;'>Puertos de red del UPS para protecci\u00f3n contra picos repentinos de corriente<\/li>\n<li style='margin-bottom: 5px;'>Dise\u00f1o convertible de instalaci\u00f3n en servidor y torre<\/li>\n<li style='margin-bottom: 5px;'>Sustituci\u00f3n en caliente de bater\u00edas<\/li>\n<\/ul><\/div>\n<\/p><\/div>\n<div style='display: flex; flex-wrap: wrap; gap: 20px;'>\n<div style='flex: 1 1 250px; border: 1px solid rgba(150&comma; 150&comma; 150&comma; 0.4); border-radius: 8px; overflow: hidden; display: flex; flex-direction: column;'>\n<div style='padding: 15px; border-bottom: 1px solid rgba(150&comma; 150&comma; 150&comma; 0.2); font-weight: bold; font-size: 18px; color: inherit;'>Especificaciones El\u00e9ctricas<\/div>\n<div style='padding: 15px; color: inherit;'>\n<ul style='padding-left: 20px; margin: 0; font-size: 14px; list-style-type: disc;'>\n<li style='margin-bottom: 5px;'>Voltaje de entrada: 90 &#8211; 140V<\/li>\n<li style='margin-bottom: 5px;'>Frecuencia de entrada: 57 &#8211; 63Hz<\/li>\n<li style='margin-bottom: 5px;'>Longitud del cable: 3 m<\/li>\n<li style='margin-bottom: 5px;'>Salida VA: 500<\/li>\n<li style='margin-bottom: 5px;'>Salida Watts: 300<\/li>\n<\/ul><\/div>\n<\/p><\/div>\n<div style='flex: 1 1 250px; border: 1px solid rgba(150&comma; 150&comma; 150&comma; 0.4); border-radius: 8px; overflow: hidden; display: flex; flex-direction: column;'>\n<div style='padding: 15px; border-bottom: 1px solid rgba(150&comma; 150&comma; 150&comma; 0.2); font-weight: bold; font-size: 18px; color: inherit;'>Conectores<\/div>\n<div style='padding: 15px; color: inherit;'>\n<ul style='padding-left: 20px; margin: 0; font-size: 14px; list-style-type: disc;'>\n<li style='margin-bottom: 5px;'>Enchufe de entrada: NEMA 5-15P<img style='width: 40px; height: 40px; border: none; vertical-align: middle;' src='https:\/\/www.cyberpower.com\/mx\/es\/File\/GetImageByDocId\/GeneralAttribute-235' alt=''><\/li>\n<li style='margin-bottom: 5px;'>Tomas de salida: 6 NEMA 5-15R<img style='width: 40px; height: 40px; border: none; vertical-align: middle;' src='https:\/\/www.cyberpower.com\/mx\/es\/File\/GetImageByDocId\/GeneralAttribute-238' alt=''><\/li>\n<li style='margin-bottom: 5px;'>Total de tomas de salida: 6 (4 respaldo y protecci\u00f3n&comma; 2 solo protecci\u00f3n)<\/li>\n<\/ul><\/div>\n<\/p><\/div>\n<div style='flex: 1 1 250px; border: 1px solid rgba(150&comma; 150&comma; 150&comma; 0.4); border-radius: 8px; overflow: hidden; display: flex; flex-direction: column;'>\n<div style='padding: 15px; border-bottom: 1px solid rgba(150&comma; 150&comma; 150&comma; 0.2); font-weight: bold; font-size: 18px; color: inherit;'>Caracter\u00edsticas de Bater\u00eda<\/div>\n<div style='padding: 15px; color: inherit;'>\n<ul style='padding-left: 20px; margin: 0; font-size: 14px; list-style-type: disc;'>\n<li style='margin-bottom: 5px;'>Especificaciones de bater\u00eda: 2 x 6V\/7Ah<\/li>\n<li style='margin-bottom: 5px;'>Tiempo de respaldo con media carga (150 W): 12 minutos<\/li>\n<li style='margin-bottom: 5px;'>Tiempo de respaldo con carga completa (300 W): 3 minutos<\/li>\n<li style='margin-bottom: 5px;'>(incluye bater\u00edas)<\/li>\n<\/ul><\/div>\n<\/p><\/div>\n<div style='flex: 1 1 250px; border: 1px solid rgba(150&comma; 150&comma; 150&comma; 0.4); border-radius: 8px; overflow: hidden; display: flex; flex-direction: column;'>\n<div style='padding: 15px; border-bottom: 1px solid rgba(150&comma; 150&comma; 150&comma; 0.2); font-weight: bold; font-size: 18px; color: inherit;'>Caracter\u00edsticas F\u00edsicas<\/div>\n<div style='padding: 15px; color: inherit;'>\n<ul style='padding-left: 20px; margin: 0; font-size: 14px; list-style-type: disc;'>\n<li style='margin-bottom: 5px;'>Dimensiones: 433 x 44 x 235 mm (Ancho x Alto x Profundidad)<\/li>\n<li style='margin-bottom: 5px;'>Peso: 8.2 kg<\/li>\n<\/ul><\/div>\n<\/p><\/div>\n<div style='flex: 1 1 250px; border: 1px solid rgba(150&comma; 150&comma; 150&comma; 0.4); border-radius: 8px; overflow: hidden; display: flex; flex-direction: column;'>\n<div style='padding: 15px; border-bottom: 1px solid rgba(150&comma; 150&comma; 150&comma; 0.2); font-weight: bold; font-size: 18px; color: inherit;'>Protecci\u00f3n<\/div>\n<div style='padding: 15px; color: inherit;'>\n<ul style='padding-left: 20px; margin: 0; font-size: 14px; list-style-type: disc;'>\n<li style='margin-bottom: 5px;'>Protecci\u00f3n de picos: 1030 Joules<\/li>\n<li style='margin-bottom: 5px;'>Protecci\u00f3n para datos: Tel\u00e9fono RJ11<\/li>\n<\/ul><\/div>\n<\/p><\/div>\n<div style='flex: 1 1 250px; border: 1px solid rgba(150&comma; 150&comma; 150&comma; 0.4); border-radius: 8px; overflow: hidden; display: flex; flex-direction: column;'>\n<div style='padding: 15px; border-bottom: 1px solid rgba(150&comma; 150&comma; 150&comma; 0.2); font-weight: bold; font-size: 18px; color: inherit;'>Certificaciones<\/div>\n<div style='padding: 15px; color: inherit;'>\n<ul style='padding-left: 20px; margin: 0; font-size: 14px; list-style-type: disc;'>\n<li style='margin-bottom: 5px;'>FCC Clase B<\/li>\n<li style='margin-bottom: 5px;'>UL<\/li>\n<li style='margin-bottom: 5px;'>NOM<\/li>\n<\/ul><\/div>\n<\/p><\/div>\n<div style='flex: 1 1 250px; border: 1px solid rgba(150&comma; 150&comma; 150&comma; 0.4); border-radius: 8px; overflow: hidden; display: flex; flex-direction: column;'>\n<div style='padding: 15px; border-bottom: 1px solid rgba(150&comma; 150&comma; 150&comma; 0.2); font-weight: bold; font-size: 18px; color: inherit;'>Informaci\u00f3n Adicional<\/div>\n<div style='padding: 15px; color: inherit;'>\n<ul style='padding-left: 20px; margin: 0; font-size: 14px; list-style-type: disc;'>\n<li style='margin-bottom: 5px;'>NO es compatible con generador de energ\u00eda (plantas de respaldo)<\/li>\n<\/ul><\/div>\n<\/p><\/div>\n<\/p><\/div>\n<div style='display: flex; flex-wrap: wrap; gap: 30px;'>\n<div style='flex: 1 1 300px; min-width: 280px;'>\n<h3 style='font-size: 22px; border-bottom: 2px solid currentColor; padding-bottom: 5px; margin-top: 0; color: inherit; opacity: 0.8;'>Funcionalidades<\/h3>\n<ul style='padding-left: 20px; font-size: 15px; color: inherit;'>\n<li style='margin-bottom: 5px;'>Tarjeta de administraci\u00f3n remota: RMCARD205<\/li>\n<li style='margin-bottom: 5px;'>Indicadores: Pantalla LCD de lectura<\/li>\n<li style='margin-bottom: 5px;'>Tipo de onda: Simulada<\/li>\n<\/ul><\/div>\n<\/p><\/div>\n<\/p><\/div>\n<\/p><\/div>\n","protected":false},"excerpt":{"rendered":"<p>UPS de 500 VA\/300 W, Topolog\u00eda L\u00ednea Interactiva, Entrada 120 Vca NEMA 5-15P, Tipo Rack 1 UR, Con 6 Tomas NEMA 5-15R<\/p>\n","protected":false},"featured_media":119913,"comment_status":"open","ping_status":"closed","template":"","meta":[],"product_brand":[],"product_cat":[1231],"product_tag":[677,142,1232],"class_list":{"0":"post-119914","1":"product","2":"type-product","3":"status-publish","4":"has-post-thumbnail","6":"product_cat-ups-no-break-energia-videovigilancia","7":"product_tag-cyberpower","8":"product_tag-energia","9":"product_tag-ups-no-break-2","11":"first","12":"outofstock","13":"sale","14":"shipping-taxable","15":"purchasable","16":"product-type-simple"},"_links":{"self":[{"href":"https:\/\/soydeaqui.ddns.net\/pachuca\/index.php\/wp-json\/wp\/v2\/product\/119914","targetHints":{"allow":["GET"]}}],"collection":[{"href":"https:\/\/soydeaqui.ddns.net\/pachuca\/index.php\/wp-json\/wp\/v2\/product"}],"about":[{"href":"https:\/\/soydeaqui.ddns.net\/pachuca\/index.php\/wp-json\/wp\/v2\/types\/product"}],"replies":[{"embeddable":true,"href":"https:\/\/soydeaqui.ddns.net\/pachuca\/index.php\/wp-json\/wp\/v2\/comments?post=119914"}],"wp:featuredmedia":[{"embeddable":true,"href":"https:\/\/soydeaqui.ddns.net\/pachuca\/index.php\/wp-json\/wp\/v2\/media\/119913"}],"wp:attachment":[{"href":"https:\/\/soydeaqui.ddns.net\/pachuca\/index.php\/wp-json\/wp\/v2\/media?parent=119914"}],"wp:term":[{"taxonomy":"product_brand","embeddable":true,"href":"https:\/\/soydeaqui.ddns.net\/pachuca\/index.php\/wp-json\/wp\/v2\/product_brand?post=119914"},{"taxonomy":"product_cat","embeddable":true,"href":"https:\/\/soydeaqui.ddns.net\/pachuca\/index.php\/wp-json\/wp\/v2\/product_cat?post=119914"},{"taxonomy":"product_tag","embeddable":true,"href":"https:\/\/soydeaqui.ddns.net\/pachuca\/index.php\/wp-json\/wp\/v2\/product_tag?post=119914"}],"curies":[{"name":"wp","href":"https:\/\/api.w.org\/{rel}","templated":true}]}}