{"id":119860,"date":"2026-03-24T05:31:16","date_gmt":"2026-03-24T05:31:16","guid":{"rendered":"https:\/\/soydeaqui.ddns.net\/pachuca\/index.php\/producto\/bateria-de-reemplazo-de-12v-7ah-para-ups-de-cyberpower\/"},"modified":"2026-03-24T05:31:18","modified_gmt":"2026-03-24T05:31:18","slug":"bateria-de-reemplazo-de-12v-7ah-para-ups-de-cyberpower","status":"publish","type":"product","link":"https:\/\/soydeaqui.ddns.net\/pachuca\/index.php\/producto\/bateria-de-reemplazo-de-12v-7ah-para-ups-de-cyberpower\/","title":{"rendered":"Bater\u00eda de reemplazo de 12V\/7Ah para UPS de CyberPower"},"content":{"rendered":"<div style='width: 100%; max-width: 1200px; margin: 0 auto; font-family: sans-serif; line-height: 1.6; color: inherit;'>\n<div style='display: flex; flex-direction: column; gap: 30px;'>\n<div style='display: flex; justify-content: center;'> <img style='width: 100%; max-width: 600px; height: auto; border: 1px solid rgba(150&comma;150&comma;150&comma;0.3); border-radius: 8px;' src='https:\/\/ftp3.syscom.mx\/usuarios\/fotos\/logotipos\/cyberpower.png' alt='Logo CyberPower' \/> <\/div>\n<div style='display: flex; flex-direction: column; gap: 15px;'>\n<p>El cartucho de bater\u00eda de reemplazo RB1270 de CyberPower devuelve la vida a los sistemas UPS con bater\u00edas internas que se han vuelto d\u00e9biles o que se han agotado por completo.<\/p>\n<p>La bater\u00eda RB1270 12V\/7AH est\u00e1 certificada para cumplir o exceder las especificaciones originales del fabricante. Todos los cartuchos de repuesto vienen con acumuladores de plomo herm\u00e9ticos que son pre-ensamblados para una f\u00e1cil instalaci\u00f3n en su sistema UPS CyberPower.<\/p>\n<p>Cada cartucho de bater\u00eda de reemplazo CyberPower viene con un empaque reutilizable que puede servir para llevar las bater\u00edas de deshecho a un centro de reciclaje adecuado. Todas las bater\u00edas CyberPower vienen con una garant\u00eda de 18 meses.<\/p>\n<\/p><\/div>\n<div style='display: flex; flex-wrap: wrap; gap: 20px;'>\n<div style='flex: 1 1 250px; border: 1px solid rgba(150&comma; 150&comma; 150&comma; 0.4); border-radius: 8px; overflow: hidden; display: flex; flex-direction: column;'>\n<div style='padding: 15px; border-bottom: 1px solid rgba(150&comma; 150&comma; 150&comma; 0.2); font-weight: bold; font-size: 18px; color: inherit;'>Especificaciones t\u00e9cnicas<\/div>\n<div style='padding: 15px; color: inherit;'>\n<ul style='padding-left: 20px; margin: 0; font-size: 14px; list-style-type: disc;'>\n<li style='margin-bottom: 5px;'><strong>Tipo de bater\u00eda:<\/strong> Acido sellada.<\/li>\n<li style='margin-bottom: 5px;'><strong>Tama\u00f1o de bater\u00eda:<\/strong> 12V\/7Ah.<\/li>\n<li style='margin-bottom: 5px;'><strong>Dimensiones:<\/strong> 15 x 8.7 x 6.5 cm<\/li>\n<li style='margin-bottom: 5px;'><strong>Peso:<\/strong> 2.3 Kg.<\/li>\n<li style='margin-bottom: 5px;'><strong>Temperatura de operaci\u00f3n:<\/strong> 32 \u00b0F a 104 \u00b0F \/ 0 \u00b0C a 40 \u00b0C<\/li>\n<li style='margin-bottom: 5px;'><strong>Garant\u00eda:<\/strong> 18 meses.<\/li>\n<\/ul><\/div>\n<\/p><\/div>\n<\/p><\/div>\n<\/p><\/div>\n<\/p><\/div>\n","protected":false},"excerpt":{"rendered":"<p>Bater\u00eda de reemplazo de 12V\/7Ah para UPS de CyberPower<\/p>\n","protected":false},"featured_media":119858,"comment_status":"open","ping_status":"closed","template":"","meta":[],"product_brand":[],"product_cat":[456],"product_tag":[143,677,457],"class_list":{"0":"post-119860","1":"product","2":"type-product","3":"status-publish","4":"has-post-thumbnail","6":"product_cat-baterias-fuentes-de-alimentacion","7":"product_tag-baterias","8":"product_tag-cyberpower","9":"product_tag-fuentes-de-alimentacion","11":"first","12":"outofstock","13":"sale","14":"shipping-taxable","15":"purchasable","16":"product-type-simple"},"_links":{"self":[{"href":"https:\/\/soydeaqui.ddns.net\/pachuca\/index.php\/wp-json\/wp\/v2\/product\/119860","targetHints":{"allow":["GET"]}}],"collection":[{"href":"https:\/\/soydeaqui.ddns.net\/pachuca\/index.php\/wp-json\/wp\/v2\/product"}],"about":[{"href":"https:\/\/soydeaqui.ddns.net\/pachuca\/index.php\/wp-json\/wp\/v2\/types\/product"}],"replies":[{"embeddable":true,"href":"https:\/\/soydeaqui.ddns.net\/pachuca\/index.php\/wp-json\/wp\/v2\/comments?post=119860"}],"wp:featuredmedia":[{"embeddable":true,"href":"https:\/\/soydeaqui.ddns.net\/pachuca\/index.php\/wp-json\/wp\/v2\/media\/119858"}],"wp:attachment":[{"href":"https:\/\/soydeaqui.ddns.net\/pachuca\/index.php\/wp-json\/wp\/v2\/media?parent=119860"}],"wp:term":[{"taxonomy":"product_brand","embeddable":true,"href":"https:\/\/soydeaqui.ddns.net\/pachuca\/index.php\/wp-json\/wp\/v2\/product_brand?post=119860"},{"taxonomy":"product_cat","embeddable":true,"href":"https:\/\/soydeaqui.ddns.net\/pachuca\/index.php\/wp-json\/wp\/v2\/product_cat?post=119860"},{"taxonomy":"product_tag","embeddable":true,"href":"https:\/\/soydeaqui.ddns.net\/pachuca\/index.php\/wp-json\/wp\/v2\/product_tag?post=119860"}],"curies":[{"name":"wp","href":"https:\/\/api.w.org\/{rel}","templated":true}]}}