{"id":119813,"date":"2026-03-24T05:28:31","date_gmt":"2026-03-24T05:28:31","guid":{"rendered":"https:\/\/soydeaqui.ddns.net\/pachuca\/index.php\/producto\/camara-ip-tipo-bala-5mp-lente-fijo-3-7-mm-ir-30m-h-265-h-264-wdr-120db-hlc-doble-sd-card-12vdc-24vac-poe-ip67-ik10-conteo-de-personas\/"},"modified":"2026-03-24T05:28:33","modified_gmt":"2026-03-24T05:28:33","slug":"camara-ip-tipo-bala-5mp-lente-fijo-3-7-mm-ir-30m-h-265-h-264-wdr-120db-hlc-doble-sd-card-12vdc-24vac-poe-ip67-ik10-conteo-de-personas","status":"publish","type":"product","link":"https:\/\/soydeaqui.ddns.net\/pachuca\/index.php\/producto\/camara-ip-tipo-bala-5mp-lente-fijo-3-7-mm-ir-30m-h-265-h-264-wdr-120db-hlc-doble-sd-card-12vdc-24vac-poe-ip67-ik10-conteo-de-personas\/","title":{"rendered":"C\u00e1mara IP Tipo Bala 5MP Lente Fijo 3.7 MM IR 30M H.265, H.264, WDR 120DB, HLC, Doble SD CARD 12VDC\/24VAC, POE, IP67, IK10, Conteo de Personas"},"content":{"rendered":"<div style='width: 100%; max-width: 1200px; margin: 0 auto; font-family: sans-serif; line-height: 1.6; color: inherit; background-color: transparent;'>\n<div style='display: flex; flex-wrap: wrap; gap: 30px; margin-bottom: 30px;'>\n<div style='flex: 1 1 300px; min-width: 280px;'>\n<h3 style='font-size: 22px; border-bottom: 2px solid currentColor; padding-bottom: 5px; margin-top: 0; color: inherit; opacity: 0.8;'>Caracter\u00edsticas principales<\/h3>\n<ul style='padding-left: 20px; font-size: 15px; color: inherit;'>\n<li style='margin-bottom: 5px;'>Resoluci\u00f3n m\u00e1x. 5 M (2560 x 1920)<\/li>\n<li style='margin-bottom: 5px;'>Lente fija integrada de 3&comma;7mm<\/li>\n<li style='margin-bottom: 5px;'>M\u00e1x. 30 ips en todas las resoluciones (H.265 \/ H.264)<\/li>\n<li style='margin-bottom: 5px;'>Compatible con los c\u00f3decs H.265&comma; H.264 y MJPEG&comma; y flujos de datos m\u00faltiples<\/li>\n<li style='margin-bottom: 5px;'>D\u00eda\/Noche (ICR) y WDR (120 dB) y desempa\u00f1ador<\/li>\n<li style='margin-bottom: 5px;'>Merodeo&comma; detecci\u00f3n direccional&comma; detecci\u00f3n de empa\u00f1amiento<\/li>\n<li style='margin-bottom: 5px;'>Detecci\u00f3n de audio&comma; seguimiento autom\u00e1tico digital&comma; clasificaci\u00f3n de sonidos<\/li>\n<li style='margin-bottom: 5px;'>Mapa de calor&comma; conteo de personas&comma; gesti\u00f3n de colas&comma; manipulaci\u00f3n<\/li>\n<li style='margin-bottom: 5px;'>Detecci\u00f3n de movimiento y transferencia<\/li>\n<li style='margin-bottom: 5px;'>Ranura para tarjetas de memoria SD&comma; SDHC y SDXC (m\u00e1x. 512GB)<\/li>\n<li style='margin-bottom: 5px;'>PoE \/ 12V CC<\/li>\n<li style='margin-bottom: 5px;'>Visualizaci\u00f3n pasillo y compatibilidad con WiseStream II<\/li>\n<li style='margin-bottom: 5px;'>Longitud visible IR 30m IP67\/IP66&comma; NEMA 4X&comma; IK10<\/li>\n<li style='margin-bottom: 5px;'>Compatible con LDC (correcci\u00f3n de la distorsi\u00f3n de la lente)<\/li>\n<\/ul><\/div>\n<\/p><\/div>\n<div style='display: flex; flex-wrap: wrap; gap: 20px; margin-bottom: 30px;'>\n<div style='flex: 1 1 250px; border: 1px solid rgba(150&comma; 150&comma; 150&comma; 0.4); border-radius: 8px; overflow: hidden; display: flex; flex-direction: column;'>\n<div style='padding: 15px; border-bottom: 1px solid rgba(150&comma; 150&comma; 150&comma; 0.2); font-weight: bold; font-size: 18px; color: inherit;'>Garant\u00eda<\/div>\n<div style='padding: 15px; color: inherit;'>\n<ul style='padding-left: 20px; margin: 0; font-size: 14px; list-style-type: disc;'>\n<li style='margin-bottom: 5px;'>3 A\u00f1os de garant\u00eda<\/li>\n<\/ul><\/div>\n<\/p><\/div>\n<\/p><\/div>\n<hr style='border: 0; border-top: 1px solid rgba(150&comma; 150&comma; 150&comma; 0.3); margin: 30px 0;'> <\/div>\n","protected":false},"excerpt":{"rendered":"<p>C\u00e1mara IP Tipo Bala 5MP Lente Fijo 3.7 MM IR 30M H.265, H.264, WDR 120DB, HLC, Doble SD CARD 12VDC\/24VAC, POE, IP67, IK10, Conteo de Personas<\/p>\n","protected":false},"featured_media":119812,"comment_status":"open","ping_status":"closed","template":"","meta":[],"product_brand":[],"product_cat":[438],"product_tag":[439,122,1055],"class_list":{"0":"post-119813","1":"product","2":"type-product","3":"status-publish","4":"has-post-thumbnail","6":"product_cat-bala","7":"product_tag-bala","8":"product_tag-camaras-ip-y-nvrs","9":"product_tag-hanwha-vision","11":"first","12":"instock","13":"sale","14":"shipping-taxable","15":"purchasable","16":"product-type-simple"},"_links":{"self":[{"href":"https:\/\/soydeaqui.ddns.net\/pachuca\/index.php\/wp-json\/wp\/v2\/product\/119813","targetHints":{"allow":["GET"]}}],"collection":[{"href":"https:\/\/soydeaqui.ddns.net\/pachuca\/index.php\/wp-json\/wp\/v2\/product"}],"about":[{"href":"https:\/\/soydeaqui.ddns.net\/pachuca\/index.php\/wp-json\/wp\/v2\/types\/product"}],"replies":[{"embeddable":true,"href":"https:\/\/soydeaqui.ddns.net\/pachuca\/index.php\/wp-json\/wp\/v2\/comments?post=119813"}],"wp:featuredmedia":[{"embeddable":true,"href":"https:\/\/soydeaqui.ddns.net\/pachuca\/index.php\/wp-json\/wp\/v2\/media\/119812"}],"wp:attachment":[{"href":"https:\/\/soydeaqui.ddns.net\/pachuca\/index.php\/wp-json\/wp\/v2\/media?parent=119813"}],"wp:term":[{"taxonomy":"product_brand","embeddable":true,"href":"https:\/\/soydeaqui.ddns.net\/pachuca\/index.php\/wp-json\/wp\/v2\/product_brand?post=119813"},{"taxonomy":"product_cat","embeddable":true,"href":"https:\/\/soydeaqui.ddns.net\/pachuca\/index.php\/wp-json\/wp\/v2\/product_cat?post=119813"},{"taxonomy":"product_tag","embeddable":true,"href":"https:\/\/soydeaqui.ddns.net\/pachuca\/index.php\/wp-json\/wp\/v2\/product_tag?post=119813"}],"curies":[{"name":"wp","href":"https:\/\/api.w.org\/{rel}","templated":true}]}}