{"id":119793,"date":"2026-03-24T05:27:24","date_gmt":"2026-03-24T05:27:24","guid":{"rendered":"https:\/\/soydeaqui.ddns.net\/pachuca\/index.php\/producto\/body-camera-para-seguridad-hasta-32-megapixeles-video-hd-3-megapixel-descarga-de-video-automatica-gps-interconstruido-pantalla-lcd\/"},"modified":"2026-03-24T05:27:53","modified_gmt":"2026-03-24T05:27:53","slug":"body-camera-para-seguridad-hasta-32-megapixeles-video-hd-3-megapixel-descarga-de-video-automatica-gps-interconstruido-pantalla-lcd","status":"publish","type":"product","link":"https:\/\/soydeaqui.ddns.net\/pachuca\/index.php\/producto\/body-camera-para-seguridad-hasta-32-megapixeles-video-hd-3-megapixel-descarga-de-video-automatica-gps-interconstruido-pantalla-lcd\/","title":{"rendered":"Body Camera para Seguridad \/ Hasta 32 Megapixeles \/ Video HD 3 Megapixel \/ Descarga de Video Autom\u00e1tica \/ GPS Interconstruido \/ Pantalla LCD"},"content":{"rendered":"<div style='width: 100%; max-width: 1200px; margin: 0 auto; font-family: sans-serif; line-height: 1.6; color: inherit; background-color: transparent;'> <!-- Imagen principal --> <\/p>\n<div style='margin-bottom: 30px;'> <img style='width: 100%; height: auto; border: 1px solid rgba(150&comma;150&comma;150&comma;0.3); border-radius: 8px; display: block; margin: 0 auto;' src='https:\/\/ftp3.syscom.mx\/usuarios\/albamaria\/albamaria\/bodycams\/EPCOM-BODYCAMS.jpg' alt=''> <\/div>\n<p> <!-- Descripci\u00f3n general --> <\/p>\n<div style='margin-bottom: 30px; font-size: 15px;'>\n<p>El XMRX5 es el mejor grabador port\u00e1til HD (Body Camera) de la Industria&comma; dise\u00f1ado para Seguridad Privada y P\u00fablica&comma; Enorme Almacenamiento&comma; Listo para Baja Iluminaci\u00f3n y C\u00e1mara Hasta 32 Megapixels.<\/p>\n<\/p><\/div>\n<p> <!-- Caracter\u00edsticas principales --> <\/p>\n<div style='margin-bottom: 30px;'>\n<h3 style='font-size: 22px; border-bottom: 2px solid currentColor; padding-bottom: 5px; margin-top: 0; color: inherit; opacity: 0.8;'>Caracter\u00edsticas principales<\/h3>\n<ul style='padding-left: 20px; font-size: 15px; color: inherit;'>\n<li style='margin-bottom: 5px;'>Grabaci\u00f3n en un toque <strong>&#8211; Acci\u00f3n R\u00e1pida para Captura de Eventos<\/strong><\/li>\n<li style='margin-bottom: 5px;'>Captura de imagen en un toque<\/li>\n<li style='margin-bottom: 5px;'>Grado de protecci\u00f3n IP68<\/li>\n<li style='margin-bottom: 5px;'>LED Blanco de Alta Potencia para grabaci\u00f3n en color durante el modo nocturno<\/li>\n<li style='margin-bottom: 5px;'>Permite reemplazo de bater\u00eda<\/li>\n<li style='margin-bottom: 5px;'>Puerto de conexi\u00f3n r\u00e1pida para power bank <strong>XMRP481 (Bater\u00eda Externa)<\/strong><\/li>\n<li style='margin-bottom: 5px;'>Software de gesti\u00f3n de descarga con protecci\u00f3n de contrase\u00f1a&comma; es necesario ingresar la contrase\u00f1a para descargar y visualizar el video guardado<\/li>\n<\/ul><\/div>\n<p> <!-- Especificaciones t\u00e9cnicas --> <\/p>\n<div style='margin-bottom: 30px;'>\n<h3 style='font-size: 22px; border-bottom: 2px solid currentColor; padding-bottom: 5px; margin-top: 0; color: inherit; opacity: 0.8;'>Caracter\u00edsticas t\u00e9cnicas<\/h3>\n<ul style='padding-left: 20px; font-size: 15px; color: inherit;'>\n<li style='margin-bottom: 5px;'>GPS inter-construido<\/li>\n<li style='margin-bottom: 5px;'>Grabaci\u00f3n de video 2304*1296P 30 IPS<\/li>\n<li style='margin-bottom: 5px;'>Captura de im\u00e1genes 32MP<\/li>\n<li style='margin-bottom: 5px;'>Micr\u00f3fono inter-construido para captura de audio junto al video y generar notas de audio<\/li>\n<li style='margin-bottom: 5px;'>\u00c1ngulo de visi\u00f3n 130\u00b0<\/li>\n<li style='margin-bottom: 5px;'>Tiempo de operaci\u00f3n:\n<ul style='margin-left: 20px; margin-top: 5px;'>\n<li style='margin-bottom: 5px;'>Grabaci\u00f3n Continua HD por 5.5 hrs.<\/li>\n<li style='margin-bottom: 5px;'>120 Horas en Modo Espera (Lista para Grabar&comma; Encendida)<\/li>\n<\/ul>\n<\/li>\n<li style='margin-bottom: 5px;'>Tiempo de carga en menos de 4hrs<\/li>\n<li style='margin-bottom: 5px;'>Pantalla de 2&#8242;<\/li>\n<li style='margin-bottom: 5px;'>Permite reemplazo de bater\u00eda&comma; <strong>bater\u00eda incluida<\/strong><\/li>\n<li style='margin-bottom: 5px;'>Conexiones: Mini USB 2.0 (cable incluido 90cm)<\/li>\n<li style='margin-bottom: 5px;'>Soporta c\u00e1mara externa<\/li>\n<li style='margin-bottom: 5px;'>Peso menos de 150g<\/li>\n<li style='margin-bottom: 5px;'>Memoria interna de 128GB <strong>NO EXTRAIBLE PARA ALTA SEGURIDAD<\/strong><\/li>\n<\/ul><\/div>\n<p> <!-- Garant\u00eda --> <\/p>\n<div style='margin-bottom: 30px;'>\n<p style='font-weight: bold; font-size: 15px; color: inherit;'>Tiempo de garant\u00eda 1 a\u00f1o.<\/p>\n<\/p><\/div>\n<p> <!-- Video --> <\/p>\n<div style='margin-bottom: 30px;'>\n<div style='position: relative; padding-bottom: 56.25%; height: 0; overflow: hidden; margin-bottom: 30px;'>   <\/div>\n<\/p><\/div>\n<p> <!-- Im\u00e1genes adicionales --> <\/p>\n<div style='display: flex; flex-wrap: wrap; gap: 15px; margin-bottom: 30px;'>\n<div style='flex: 1 1 300px; min-width: 200px;'> <img style='width: 100%; height: auto; border: 1px solid rgba(150&comma;150&comma;150&comma;0.3); border-radius: 8px;' src='https:\/\/ftp3.syscom.mx\/usuarios\/ftp\/single_page\/xmrx5\/xmrx5-revision.png' alt=''> <\/p>\n<p style='text-align: center; font-size: 14px; color: inherit; margin-top: 8px;'>Revisi\u00f3n de Caracter\u00edsticas<\/p>\n<\/p><\/div>\n<div style='flex: 1 1 300px; min-width: 200px;'> <img style='width: 100%; height: auto; border: 1px solid rgba(150&comma;150&comma;150&comma;0.3); border-radius: 8px;' src='https:\/\/ftp3.syscom.mx\/usuarios\/ftp\/single_page\/xmrx5\/xmrx5-product.png' alt=''> <\/div>\n<div style='flex: 1 1 300px; min-width: 200px;'> <img style='width: 100%; height: auto; border: 1px solid rgba(150&comma;150&comma;150&comma;0.3); border-radius: 8px;' src='https:\/\/ftp3.syscom.mx\/usuarios\/ftp\/single_page\/xmrx5\/xmrx5-product-1.png' alt=''> <\/div>\n<div style='flex: 1 1 300px; min-width: 200px;'> <img style='width: 100%; height: auto; border: 1px solid rgba(150&comma;150&comma;150&comma;0.3); border-radius: 8px;' src='https:\/\/ftp3.syscom.mx\/usuarios\/ftp\/single_page\/xmrx5\/xmrx5-product-2.png' alt=''> <\/div>\n<\/p><\/div>\n<p> <!-- Iconos de caracter\u00edsticas --> <\/p>\n<div style='display: grid; grid-template-columns: repeat(auto-fill&comma; minmax(180px&comma; 1fr)); gap: 20px; margin-bottom: 30px;'>\n<div style='text-align: center;'> <img style='width: 64px; height: 64px; margin: 0 auto 10px; display: block;' src='https:\/\/ftp3.syscom.mx\/usuarios\/ftp\/single_page\/xmrx5\/localizacion.png' alt=''> <\/p>\n<p style='font-size: 14px; color: inherit;'>GPS interconstruido<\/p>\n<\/p><\/div>\n<div style='text-align: center;'> <img style='width: 64px; height: 64px; margin: 0 auto 10px; display: block;' src='https:\/\/ftp3.syscom.mx\/usuarios\/ftp\/single_page\/xmrx5\/resolucion.png' alt=''> <\/p>\n<p style='font-size: 14px; color: inherit;'>Grabaci\u00f3n de video: 2304x1296p a 30 ips<\/p>\n<\/p><\/div>\n<div style='text-align: center;'> <img style='width: 64px; height: 64px; margin: 0 auto 10px; display: block;' src='https:\/\/ftp3.syscom.mx\/usuarios\/ftp\/single_page\/xmrx5\/calidad.png' alt=''> <\/p>\n<p style='font-size: 14px; color: inherit;'>Captura de im\u00e1genes 32MP<\/p>\n<\/p><\/div>\n<div style='text-align: center;'> <img style='width: 64px; height: 64px; margin: 0 auto 10px; display: block;' src='https:\/\/ftp3.syscom.mx\/usuarios\/ftp\/single_page\/xmrx5\/proteccion.png' alt=''> <\/p>\n<p style='font-size: 14px; color: inherit;'>Protecci\u00f3n IP68<\/p>\n<\/p><\/div>\n<div style='text-align: center;'> <img style='width: 64px; height: 64px; margin: 0 auto 10px; display: block;' src='https:\/\/ftp3.syscom.mx\/usuarios\/ftp\/single_page\/xmrx5\/almacenamiento.png' alt=''> <\/p>\n<p style='font-size: 14px; color: inherit;'>Memoria interna de 128GB<\/p>\n<\/p><\/div>\n<\/p><\/div>\n<p> <!-- Accesorios --> <\/p>\n<div style='margin-bottom: 30px;'>\n<h3 style='font-size: 22px; border-bottom: 2px solid currentColor; padding-bottom: 5px; margin-top: 0; color: inherit; opacity: 0.8; text-align: center;'>Accesorios Disponibles<\/h3>\n<div style='display: flex; flex-wrap: wrap; gap: 20px; margin-top: 20px;'>\n<div style='flex: 1 1 250px; border: 1px solid rgba(150&comma; 150&comma; 150&comma; 0.4); border-radius: 8px; overflow: hidden; display: flex; flex-direction: column;'> <img style='width: 100%; height: auto; border-bottom: 1px solid rgba(150&comma;150&comma;150&comma;0.3);' src='https:\/\/ftp3.syscom.mx\/usuarios\/ftp\/single_page\/xmrx5\/XMRP481.png' alt=''> <\/p>\n<div style='padding: 15px; color: inherit; text-align: center; flex-grow: 1; display: flex; align-items: center; justify-content: center;'>\n<p style='margin: 0; font-size: 15px;'>Power Bank para Bodycam<\/p>\n<\/p><\/div>\n<\/p><\/div>\n<div style='flex: 1 1 250px; border: 1px solid rgba(150&comma; 150&comma; 150&comma; 0.4); border-radius: 8px; overflow: hidden; display: flex; flex-direction: column;'> <img style='width: 100%; height: auto; border-bottom: 1px solid rgba(150&comma;150&comma;150&comma;0.3);' src='https:\/\/ftp3.syscom.mx\/usuarios\/ftp\/single_page\/xmrx5\/XMRDS6.png' alt=''> <\/p>\n<div style='padding: 15px; color: inherit; text-align: center; flex-grow: 1; display: flex; align-items: center; justify-content: center;'>\n<p style='margin: 0; font-size: 15px;'>Bah\u00eda para descarga de informaci\u00f3n para 6 XMRX5<\/p>\n<\/p><\/div>\n<\/p><\/div>\n<div style='flex: 1 1 250px; border: 1px solid rgba(150&comma; 150&comma; 150&comma; 0.4); border-radius: 8px; overflow: hidden; display: flex; flex-direction: column;'> <img style='width: 100%; height: auto; border-bottom: 1px solid rgba(150&comma;150&comma;150&comma;0.3);' src='https:\/\/ftp3.syscom.mx\/usuarios\/ftp\/single_page\/xmrx5\/XMRS301.png' alt=''> <\/p>\n<div style='padding: 15px; color: inherit; text-align: center; flex-grow: 1; display: flex; align-items: center; justify-content: center;'>\n<p style='margin: 0; font-size: 15px;'>C\u00e1mara externa con visi\u00f3n nocturna<\/p>\n<\/p><\/div>\n<\/p><\/div>\n<\/p><\/div>\n<\/p><\/div>\n<p> <!-- Software --> <\/p>\n<div style='display: flex; flex-wrap: wrap; gap: 30px; margin-bottom: 30px;'>\n<div style='flex: 1 1 300px; min-width: 280px;'> <img style='width: 100%; height: auto; border: 1px solid rgba(150&comma;150&comma;150&comma;0.3); border-radius: 8px;' src='https:\/\/ftp3.syscom.mx\/usuarios\/ftp\/single_page\/xmrx5\/xmr_software.png' alt=''> <\/p>\n<div style='display: flex; justify-content: space-around; margin-top: 10px;'> <img style='width: 45%; height: auto; border: 1px solid rgba(150&comma;150&comma;150&comma;0.3); border-radius: 8px;' src='https:\/\/ftp3.syscom.mx\/usuarios\/ftp\/single_page\/xmrx5\/xmr-software_1.png' alt=''> <img style='width: 45%; height: auto; border: 1px solid rgba(150&comma;150&comma;150&comma;0.3); border-radius: 8px;' src='https:\/\/ftp3.syscom.mx\/usuarios\/ftp\/single_page\/xmrx5\/xmr-software_1.png' alt=''> <\/div>\n<\/p><\/div>\n<div style='flex: 1 1 300px; min-width: 280px;'>\n<h3 style='font-size: 22px; border-bottom: 2px solid currentColor; padding-bottom: 5px; margin-top: 0; color: inherit; opacity: 0.8;'>Software de Gesti\u00f3n<\/h3>\n<p style='font-size: 14px; color: inherit; margin-bottom: 15px;'><small>Descarga de informaci\u00f3n y administraci\u00f3n de evidencia.<\/small><\/p>\n<div style='display: flex; align-items: center; margin-bottom: 15px;'> <img style='width: 40px; height: 40px; margin-right: 10px;' src='https:\/\/ftp3.syscom.mx\/usuarios\/ftp\/single_page\/xmrx5\/multitask.png' alt=''> <\/p>\n<div style='font-size: 14px; color: inherit;'>Protecci\u00f3n por contrase\u00f1a<\/div>\n<\/p><\/div>\n<div style='display: flex; align-items: center; margin-bottom: 15px;'> <img style='width: 40px; height: 40px; margin-right: 10px;' src='https:\/\/ftp3.syscom.mx\/usuarios\/ftp\/single_page\/xmrx5\/almacenamiento.png' alt=''> <\/p>\n<div style='font-size: 14px; color: inherit;'>Estaci\u00f3n de descarga de informaci\u00f3n para m\u00faltiples equipos<\/div>\n<\/p><\/div>\n<div style='display: flex; align-items: center; margin-bottom: 15px;'> <img style='width: 40px; height: 40px; margin-right: 10px;' src='https:\/\/ftp3.syscom.mx\/usuarios\/ftp\/single_page\/xmrx5\/password.png' alt=''> <\/p>\n<div style='font-size: 14px; color: inherit;'>Carga de bater\u00eda simult\u00e1nea al transferir informaci\u00f3n con XMRDS6<\/div>\n<\/p><\/div>\n<\/p><\/div>\n<\/p><\/div>\n<p> <!-- Separador final --> <\/p>\n<hr style='border: 0; border-top: 1px solid rgba(150&comma; 150&comma; 150&comma; 0.3); margin: 30px 0;'> <\/div>\n","protected":false},"excerpt":{"rendered":"<p>Body Camera para Seguridad \/ Hasta 32 Megapixeles \/ Video HD 3 Megapixel \/ Descarga de Video Autom\u00e1tica \/ GPS Interconstruido \/ Pantalla LCD<\/p>\n","protected":false},"featured_media":119792,"comment_status":"open","ping_status":"closed","template":"","meta":[],"product_brand":[],"product_cat":[1466],"product_tag":[935,1344,1467],"class_list":{"0":"post-119793","1":"product","2":"type-product","3":"status-publish","4":"has-post-thumbnail","6":"product_cat-videograbadoras-portatiles","7":"product_tag-epcom","8":"product_tag-videograbadoras-moviles-y-portatiles","9":"product_tag-videograbadoras-portatiles","11":"first","12":"outofstock","13":"sale","14":"shipping-taxable","15":"purchasable","16":"product-type-simple"},"_links":{"self":[{"href":"https:\/\/soydeaqui.ddns.net\/pachuca\/index.php\/wp-json\/wp\/v2\/product\/119793","targetHints":{"allow":["GET"]}}],"collection":[{"href":"https:\/\/soydeaqui.ddns.net\/pachuca\/index.php\/wp-json\/wp\/v2\/product"}],"about":[{"href":"https:\/\/soydeaqui.ddns.net\/pachuca\/index.php\/wp-json\/wp\/v2\/types\/product"}],"replies":[{"embeddable":true,"href":"https:\/\/soydeaqui.ddns.net\/pachuca\/index.php\/wp-json\/wp\/v2\/comments?post=119793"}],"wp:featuredmedia":[{"embeddable":true,"href":"https:\/\/soydeaqui.ddns.net\/pachuca\/index.php\/wp-json\/wp\/v2\/media\/119792"}],"wp:attachment":[{"href":"https:\/\/soydeaqui.ddns.net\/pachuca\/index.php\/wp-json\/wp\/v2\/media?parent=119793"}],"wp:term":[{"taxonomy":"product_brand","embeddable":true,"href":"https:\/\/soydeaqui.ddns.net\/pachuca\/index.php\/wp-json\/wp\/v2\/product_brand?post=119793"},{"taxonomy":"product_cat","embeddable":true,"href":"https:\/\/soydeaqui.ddns.net\/pachuca\/index.php\/wp-json\/wp\/v2\/product_cat?post=119793"},{"taxonomy":"product_tag","embeddable":true,"href":"https:\/\/soydeaqui.ddns.net\/pachuca\/index.php\/wp-json\/wp\/v2\/product_tag?post=119793"}],"curies":[{"name":"wp","href":"https:\/\/api.w.org\/{rel}","templated":true}]}}