{"id":119791,"date":"2026-03-24T05:27:16","date_gmt":"2026-03-24T05:27:16","guid":{"rendered":"https:\/\/soydeaqui.ddns.net\/pachuca\/index.php\/producto\/camara-ip-tipo-domo-antivandalico-5mp-lente-3-7mm-ir-30m-wdr-120db-ip67-h-265-wisestream-conteo-de-personas\/"},"modified":"2026-03-24T05:27:19","modified_gmt":"2026-03-24T05:27:19","slug":"camara-ip-tipo-domo-antivandalico-5mp-lente-3-7mm-ir-30m-wdr-120db-ip67-h-265-wisestream-conteo-de-personas","status":"publish","type":"product","link":"https:\/\/soydeaqui.ddns.net\/pachuca\/index.php\/producto\/camara-ip-tipo-domo-antivandalico-5mp-lente-3-7mm-ir-30m-wdr-120db-ip67-h-265-wisestream-conteo-de-personas\/","title":{"rendered":"C\u00e1mara IP Tipo Domo Antivand\u00e1lico 5MP \/ Lente 3.7mm \/ IR 30M \/ WDR 120db \/ IP67 \/ H.265 &#038; WiseStream \/ Conteo de Personas"},"content":{"rendered":"<div style='width: 100%; max-width: 1200px; margin: 0 auto; font-family: sans-serif; line-height: 1.6; color: inherit; background-color: transparent;'> <!-- Secci\u00f3n de caracter\u00edsticas --> <\/p>\n<div style='display: flex; flex-wrap: wrap; gap: 30px; margin-bottom: 30px;'>\n<div style='flex: 1 1 300px; min-width: 280px;'>\n<h3 style='font-size: 22px; border-bottom: 2px solid currentColor; padding-bottom: 5px; margin-top: 0; color: inherit; opacity: 0.8;'>Caracter\u00edsticas principales<\/h3>\n<ul style='padding-left: 20px; font-size: 15px; color: inherit;'>\n<li style='margin-bottom: 5px;'><strong>Resoluci\u00f3n:<\/strong> 5 M (2560 x 1920)<\/li>\n<li style='margin-bottom: 5px;'><strong>Lente:<\/strong> Fija integrada de 3&comma;7mm<\/li>\n<li style='margin-bottom: 5px;'><strong>Velocidad:<\/strong> M\u00e1x. 30 ips en todas las resoluciones (H.265 \/ H.264)<\/li>\n<li style='margin-bottom: 5px;'><strong>C\u00f3decs:<\/strong> H.265&comma; H.264 y MJPEG&comma; flujos de datos m\u00faltiples<\/li>\n<li style='margin-bottom: 5px;'><strong>Funciones:<\/strong> D\u00eda\/Noche (ICR)&comma; WDR (120 dB)&comma; desempa\u00f1ador<\/li>\n<li style='margin-bottom: 5px;'><strong>Detecci\u00f3n avanzada:<\/strong> Merodeo&comma; detecci\u00f3n direccional&comma; detecci\u00f3n de empa\u00f1amiento&comma; detecci\u00f3n de audio&comma; seguimiento autom\u00e1tico digital&comma; clasificaci\u00f3n de sonidos&comma; mapa de calor&comma; conteo de personas&comma; gesti\u00f3n de colas&comma; manipulaci\u00f3n<\/li>\n<li style='margin-bottom: 5px;'><strong>Detecci\u00f3n:<\/strong> Movimiento y transferencia<\/li>\n<li style='margin-bottom: 5px;'><strong>Almacenamiento:<\/strong> Ranura para tarjetas de memoria SD&comma; SDHC y SDXC (m\u00e1x. 512GB)&comma; PoE \/ 12V CC<\/li>\n<li style='margin-bottom: 5px;'><strong>Visualizaci\u00f3n:<\/strong> Pasillo y compatibilidad con WiseStream II<\/li>\n<li style='margin-bottom: 5px;'><strong>IR:<\/strong> Longitud visible IR 30m&comma; IP67\/IP66&comma; IK10<\/li>\n<li style='margin-bottom: 5px;'><strong>Correcci\u00f3n:<\/strong> Compatible LDC (correcci\u00f3n de distorsi\u00f3n de la lente)<\/li>\n<\/ul><\/div>\n<\/p><\/div>\n<p> <!-- Secci\u00f3n de garant\u00eda --> <\/p>\n<div style='display: flex; flex-wrap: wrap; gap: 30px; margin-bottom: 30px;'>\n<div style='flex: 1 1 300px; min-width: 280px;'>\n<h3 style='font-size: 22px; border-bottom: 2px solid currentColor; padding-bottom: 5px; margin-top: 0; color: inherit; opacity: 0.8;'>Garant\u00eda<\/h3>\n<ul style='padding-left: 20px; font-size: 15px; color: inherit;'>\n<li style='margin-bottom: 5px;'><strong>Garant\u00eda:<\/strong> 3 A\u00f1os<\/li>\n<\/ul><\/div>\n<\/p><\/div>\n<p> <!-- Secci\u00f3n de videos --> <\/p>\n<div style='display: flex; flex-wrap: wrap; gap: 30px; margin-bottom: 30px;'>\n<div style='flex: 1 1 500px; min-width: 320px;'>\n<div style='position: relative; padding-bottom: 56.25%; height: 0; overflow: hidden; margin-bottom: 30px;'>   <\/div>\n<\/p><\/div>\n<div style='flex: 1 1 500px; min-width: 320px;'>\n<div style='position: relative; padding-bottom: 56.25%; height: 0; overflow: hidden; margin-bottom: 30px;'>   <\/div>\n<\/p><\/div>\n<\/p><\/div>\n<p> <!-- Separador --> <\/p>\n<hr style='border: 0; border-top: 1px solid rgba(150&comma; 150&comma; 150&comma; 0.3); margin: 30px 0;'> <\/div>\n","protected":false},"excerpt":{"rendered":"<p>C\u00e1mara IP Tipo Domo Antivand\u00e1lico 5MP \/ Lente 3.7mm \/ IR 30M \/ WDR 120db \/ IP67 \/ H.265 &#038; WiseStream \/ Conteo de Personas<\/p>\n","protected":false},"featured_media":119790,"comment_status":"open","ping_status":"closed","template":"","meta":[],"product_brand":[],"product_cat":[2056],"product_tag":[122,2057,1055],"class_list":{"0":"post-119791","1":"product","2":"type-product","3":"status-publish","4":"has-post-thumbnail","6":"product_cat-domo-eyeball-turret","7":"product_tag-camaras-ip-y-nvrs","8":"product_tag-domo-eyeball-turret","9":"product_tag-hanwha-vision","11":"first","12":"outofstock","13":"sale","14":"shipping-taxable","15":"purchasable","16":"product-type-simple"},"_links":{"self":[{"href":"https:\/\/soydeaqui.ddns.net\/pachuca\/index.php\/wp-json\/wp\/v2\/product\/119791","targetHints":{"allow":["GET"]}}],"collection":[{"href":"https:\/\/soydeaqui.ddns.net\/pachuca\/index.php\/wp-json\/wp\/v2\/product"}],"about":[{"href":"https:\/\/soydeaqui.ddns.net\/pachuca\/index.php\/wp-json\/wp\/v2\/types\/product"}],"replies":[{"embeddable":true,"href":"https:\/\/soydeaqui.ddns.net\/pachuca\/index.php\/wp-json\/wp\/v2\/comments?post=119791"}],"wp:featuredmedia":[{"embeddable":true,"href":"https:\/\/soydeaqui.ddns.net\/pachuca\/index.php\/wp-json\/wp\/v2\/media\/119790"}],"wp:attachment":[{"href":"https:\/\/soydeaqui.ddns.net\/pachuca\/index.php\/wp-json\/wp\/v2\/media?parent=119791"}],"wp:term":[{"taxonomy":"product_brand","embeddable":true,"href":"https:\/\/soydeaqui.ddns.net\/pachuca\/index.php\/wp-json\/wp\/v2\/product_brand?post=119791"},{"taxonomy":"product_cat","embeddable":true,"href":"https:\/\/soydeaqui.ddns.net\/pachuca\/index.php\/wp-json\/wp\/v2\/product_cat?post=119791"},{"taxonomy":"product_tag","embeddable":true,"href":"https:\/\/soydeaqui.ddns.net\/pachuca\/index.php\/wp-json\/wp\/v2\/product_tag?post=119791"}],"curies":[{"name":"wp","href":"https:\/\/api.w.org\/{rel}","templated":true}]}}