{"id":119785,"date":"2026-03-24T05:26:57","date_gmt":"2026-03-24T05:26:57","guid":{"rendered":"https:\/\/soydeaqui.ddns.net\/pachuca\/index.php\/producto\/switch-poe-administrable-capa-3-8-puertos-10-100-1000-mbps-2-sfp-gigabit-124-w\/"},"modified":"2026-03-24T05:27:00","modified_gmt":"2026-03-24T05:27:00","slug":"switch-poe-administrable-capa-3-8-puertos-10-100-1000-mbps-2-sfp-gigabit-124-w","status":"publish","type":"product","link":"https:\/\/soydeaqui.ddns.net\/pachuca\/index.php\/producto\/switch-poe-administrable-capa-3-8-puertos-10-100-1000-mbps-2-sfp-gigabit-124-w\/","title":{"rendered":"Switch PoE+ Administrable Capa 3, 8 Puertos 10\/100\/1000 Mbps + 2 SFP Gigabit, 124 W"},"content":{"rendered":"<div style='width: 100%; max-width: 1200px; margin: 0 auto; font-family: sans-serif; line-height: 1.6; color: inherit; background-color: transparent;'> <!-- Secci\u00f3n de caracter\u00edsticas --> <\/p>\n<div style='display: flex; flex-wrap: wrap; gap: 30px; margin-bottom: 30px;'>\n<div style='flex: 1 1 300px; min-width: 280px;'>\n<h3 style='font-size: 22px; border-bottom: 2px solid currentColor; padding-bottom: 5px; margin-top: 0; color: inherit; opacity: 0.8;'>Puertos<\/h3>\n<ul style='padding-left: 20px; font-size: 15px; color: inherit; list-style-type: disc;'>\n<li style='margin-bottom: 5px;'>8 puertos 10\/100\/1000 Mbps<\/li>\n<li style='margin-bottom: 5px;'>2 puertos SFP Gigabit<\/li>\n<li style='margin-bottom: 5px;'>Throughput: 14.9 Mpps<\/li>\n<\/ul><\/div>\n<div style='flex: 1 1 300px; min-width: 280px;'>\n<h3 style='font-size: 22px; border-bottom: 2px solid currentColor; padding-bottom: 5px; margin-top: 0; color: inherit; opacity: 0.8;'>PoE<\/h3>\n<ul style='padding-left: 20px; font-size: 15px; color: inherit; list-style-type: disc;'>\n<li style='margin-bottom: 5px;'>IEEE 802.3af Power Over Ethernet (PoE)<\/li>\n<li style='margin-bottom: 5px;'>IEEE 802.3at Power Over Ethernet plus (PoE+)<\/li>\n<li style='margin-bottom: 5px;'>Potencia total: 124 W<\/li>\n<\/ul><\/div>\n<div style='flex: 1 1 300px; min-width: 280px;'>\n<h3 style='font-size: 22px; border-bottom: 2px solid currentColor; padding-bottom: 5px; margin-top: 0; color: inherit; opacity: 0.8;'>Sistema Operativo<\/h3>\n<ul style='padding-left: 20px; font-size: 15px; color: inherit; list-style-type: disc;'>\n<li style='margin-bottom: 5px;'>AlliedWare Plus\u2122<\/li>\n<\/ul><\/div>\n<div style='flex: 1 1 300px; min-width: 280px;'>\n<h3 style='font-size: 22px; border-bottom: 2px solid currentColor; padding-bottom: 5px; margin-top: 0; color: inherit; opacity: 0.8;'>Administraci\u00f3n<\/h3>\n<ul style='padding-left: 20px; font-size: 15px; color: inherit; list-style-type: disc;'>\n<li style='margin-bottom: 5px;'>Interfaz de l\u00ednea de comandos (CLI)<\/li>\n<li style='margin-bottom: 5px;'>Interfaz gr\u00e1fica de usuario (GUI)<\/li>\n<li style='margin-bottom: 5px;'>Telnet<\/li>\n<li style='margin-bottom: 5px;'>SSH<\/li>\n<li style='margin-bottom: 5px;'>Monitoreo SNMP v1&comma; v2c &#038; v3<\/li>\n<\/ul><\/div>\n<div style='flex: 1 1 300px; min-width: 280px;'>\n<h3 style='font-size: 22px; border-bottom: 2px solid currentColor; padding-bottom: 5px; margin-top: 0; color: inherit; opacity: 0.8;'>Caracter\u00edsticas<\/h3>\n<ul style='padding-left: 20px; font-size: 15px; color: inherit; list-style-type: disc;'>\n<li style='margin-bottom: 5px;'>Capa 3<\/li>\n<li style='margin-bottom: 5px;'>Ethernet Protection Switched Ring (EPSRing)<\/li>\n<li style='margin-bottom: 5px;'>Access Control Lists (ACLs)<\/li>\n<li style='margin-bottom: 5px;'>VLAN ACLs<\/li>\n<li style='margin-bottom: 5px;'>Storm protection<\/li>\n<li style='margin-bottom: 5px;'>Loop protection<\/li>\n<li style='margin-bottom: 5px;'>Spanning Tree Protocol (STP)<\/li>\n<li style='margin-bottom: 5px;'>Link Aggregation<\/li>\n<li style='margin-bottom: 5px;'>Bridge Protocol Data Unit (BPDU) protection<\/li>\n<li style='margin-bottom: 5px;'>Tri-authentication<\/li>\n<li style='margin-bottom: 5px;'>Ruteo est\u00e1tico<\/li>\n<li style='margin-bottom: 5px;'>RIP<\/li>\n<li style='margin-bottom: 5px;'>QoS (Quality of Service)<\/li>\n<\/ul><\/div>\n<div style='flex: 1 1 300px; min-width: 280px;'>\n<h3 style='font-size: 22px; border-bottom: 2px solid currentColor; padding-bottom: 5px; margin-top: 0; color: inherit; opacity: 0.8;'>Caracter\u00edsticas F\u00edsicas y El\u00e9ctricas<\/h3>\n<ul style='padding-left: 20px; font-size: 15px; color: inherit; list-style-type: disc;'>\n<li style='margin-bottom: 5px;'>Alimentaci\u00f3n: 100-240 VAC&comma; 50-60 Hz&comma; 2.4 A<\/li>\n<li style='margin-bottom: 5px;'>Dimensiones: 1 U Rack&comma; 42.5 x 210 x 275 mm<\/li>\n<li style='margin-bottom: 5px;'>Peso: 2.1 Kg<\/li>\n<li style='margin-bottom: 5px;'>Temperatura de Operaci\u00f3n: 0\u00b0C a 50\u00b0C<\/li>\n<\/ul><\/div>\n<\/p><\/div>\n<p> <!-- Secci\u00f3n de informaci\u00f3n adicional --> <\/p>\n<div style='margin-bottom: 30px;'>\n<p style='font-size: 15px; color: inherit; margin: 0; padding: 0;'> Requiere AT-RKMT-J14 para montaje en Rack.<\/p>\n<p> <strong style='color: inherit;'>Allied Telesis garant\u00eda de por vida limitada<\/strong> <\/p>\n<\/p><\/div>\n<p> <!-- Separador --> <\/p>\n<hr style='border: 0; border-top: 1px solid rgba(150&comma; 150&comma; 150&comma; 0.3); margin: 30px 0;'> <\/div>\n","protected":false},"excerpt":{"rendered":"<p>Switch PoE+ Administrable Capa 3, 8 Puertos 10\/100\/1000 Mbps + 2 SFP Gigabit, 124 W<\/p>\n","protected":false},"featured_media":119784,"comment_status":"open","ping_status":"closed","template":"","meta":[],"product_brand":[],"product_cat":[1986],"product_tag":[1995,664,1987],"class_list":{"0":"post-119785","1":"product","2":"type-product","3":"status-publish","4":"has-post-thumbnail","6":"product_cat-switches-poe","7":"product_tag-allied-telesis","8":"product_tag-networking","9":"product_tag-switches-poe","11":"first","12":"outofstock","13":"sale","14":"shipping-taxable","15":"purchasable","16":"product-type-simple"},"_links":{"self":[{"href":"https:\/\/soydeaqui.ddns.net\/pachuca\/index.php\/wp-json\/wp\/v2\/product\/119785","targetHints":{"allow":["GET"]}}],"collection":[{"href":"https:\/\/soydeaqui.ddns.net\/pachuca\/index.php\/wp-json\/wp\/v2\/product"}],"about":[{"href":"https:\/\/soydeaqui.ddns.net\/pachuca\/index.php\/wp-json\/wp\/v2\/types\/product"}],"replies":[{"embeddable":true,"href":"https:\/\/soydeaqui.ddns.net\/pachuca\/index.php\/wp-json\/wp\/v2\/comments?post=119785"}],"wp:featuredmedia":[{"embeddable":true,"href":"https:\/\/soydeaqui.ddns.net\/pachuca\/index.php\/wp-json\/wp\/v2\/media\/119784"}],"wp:attachment":[{"href":"https:\/\/soydeaqui.ddns.net\/pachuca\/index.php\/wp-json\/wp\/v2\/media?parent=119785"}],"wp:term":[{"taxonomy":"product_brand","embeddable":true,"href":"https:\/\/soydeaqui.ddns.net\/pachuca\/index.php\/wp-json\/wp\/v2\/product_brand?post=119785"},{"taxonomy":"product_cat","embeddable":true,"href":"https:\/\/soydeaqui.ddns.net\/pachuca\/index.php\/wp-json\/wp\/v2\/product_cat?post=119785"},{"taxonomy":"product_tag","embeddable":true,"href":"https:\/\/soydeaqui.ddns.net\/pachuca\/index.php\/wp-json\/wp\/v2\/product_tag?post=119785"}],"curies":[{"name":"wp","href":"https:\/\/api.w.org\/{rel}","templated":true}]}}