{"id":119773,"date":"2026-03-24T05:26:13","date_gmt":"2026-03-24T05:26:13","guid":{"rendered":"https:\/\/soydeaqui.ddns.net\/pachuca\/index.php\/producto\/websmart-switch-24-puertos-poe-10-100-mbps-2-puertos-10-100-1000-mbps-2-sfp-gigabit-combo-193-w-2\/"},"modified":"2026-03-24T05:26:30","modified_gmt":"2026-03-24T05:26:30","slug":"websmart-switch-24-puertos-poe-10-100-mbps-2-puertos-10-100-1000-mbps-2-sfp-gigabit-combo-193-w-2","status":"publish","type":"product","link":"https:\/\/soydeaqui.ddns.net\/pachuca\/index.php\/producto\/websmart-switch-24-puertos-poe-10-100-mbps-2-puertos-10-100-1000-mbps-2-sfp-gigabit-combo-193-w-2\/","title":{"rendered":"WebSmart Switch, 24 puertos PoE+ 10\/100 Mbps + 2 puertos 10\/100\/1000 Mbps + 2 SFP Gigabit Combo, 193 W"},"content":{"rendered":"<div style='width: 100%; max-width: 1200px; margin: 0 auto; font-family: sans-serif; line-height: 1.6; color: inherit; background-color: transparent;'>\n<div style='display: flex; flex-wrap: wrap; gap: 30px; margin-bottom: 30px;'>\n<div style='flex: 1 1 300px; min-width: 280px;'>\n<h3 style='font-size: 22px; border-bottom: 2px solid currentColor; padding-bottom: 5px; margin-top: 0; color: inherit; opacity: 0.8;'>Caracter\u00edsticas<\/h3>\n<ul style='padding-left: 20px; font-size: 15px; color: inherit;'>\n<li style='margin-bottom: 5px;'><strong>Puertos:<\/strong> 24 puertos PoE+ 10\/100 Mbps<\/li>\n<li style='margin-bottom: 5px;'><strong>Puertos:<\/strong> 2 puertos 10\/100\/1000 Mbps<\/li>\n<li style='margin-bottom: 5px;'><strong>Puertos:<\/strong> 2 puertos SFP Gigabit Combo<\/li>\n<li style='margin-bottom: 5px;'><strong>Forwarding rate:<\/strong> 9.5 Millones de paquetes por segundo (Mpps)<\/li>\n<li style='margin-bottom: 5px;'><strong>Switching fabric:<\/strong> 12.8 Gbps<\/li>\n<li style='margin-bottom: 5px;'><strong>PoE:<\/strong> IEEE 802.3af Power Over Ethernet (PoE)<\/li>\n<li style='margin-bottom: 5px;'><strong>PoE:<\/strong> IEEE 802.3at Power Over Ethernet plus (PoE+ en puertos del 1-4)<\/li>\n<li style='margin-bottom: 5px;'><strong>Potencia total:<\/strong> 193 W<\/li>\n<\/ul><\/div>\n<div style='flex: 1 1 300px; min-width: 280px;'>\n<h3 style='font-size: 22px; border-bottom: 2px solid currentColor; padding-bottom: 5px; margin-top: 0; color: inherit; opacity: 0.8;'>Administraci\u00f3n<\/h3>\n<ul style='padding-left: 20px; font-size: 15px; color: inherit;'>\n<li style='margin-bottom: 5px;'><strong>Administraci\u00f3n:<\/strong> Interfaz gr\u00e1fica de usuario (GUI)<\/li>\n<li style='margin-bottom: 5px;'><strong>Monitoreo:<\/strong> SNMP v1&comma; v2c &#038; v3<\/li>\n<\/ul>\n<h3 style='font-size: 22px; border-bottom: 2px solid currentColor; padding-bottom: 5px; margin-top: 20px; color: inherit; opacity: 0.8;'>Caracter\u00edsticas Generales<\/h3>\n<ul style='padding-left: 20px; font-size: 15px; color: inherit;'>\n<li style='margin-bottom: 5px;'><strong>WebSmart PoE Switch<\/strong><\/li>\n<li style='margin-bottom: 5px;'><strong>VLAN:<\/strong> Hasta 256 grupos<\/li>\n<li style='margin-bottom: 5px;'><strong>QoS:<\/strong> Quality of Service Classification<\/li>\n<li style='margin-bottom: 5px;'><strong>Hasta cuatro prioridades por puerto<\/strong><\/li>\n<li style='margin-bottom: 5px;'><strong>IP Multicast Support:<\/strong> IPv4<\/li>\n<li style='margin-bottom: 5px;'><strong>Link Aggregation<\/strong><\/li>\n<li style='margin-bottom: 5px;'><strong>Port Mirroring<\/strong><\/li>\n<li style='margin-bottom: 5px;'><strong>Network Access Control<\/strong><\/li>\n<li style='margin-bottom: 5px;'><strong>RADIUS Client<\/strong><\/li>\n<li style='margin-bottom: 5px;'><strong>DHCP Client<\/strong><\/li>\n<li style='margin-bottom: 5px;'><strong>Jumbo Frames:<\/strong> Hasta 10 K<\/li>\n<li style='margin-bottom: 5px;'><strong>Access Control List:<\/strong> 200 entradas compartidas<\/li>\n<\/ul><\/div>\n<\/p><\/div>\n<div style='display: flex; flex-wrap: wrap; gap: 30px; margin-bottom: 30px;'>\n<div style='flex: 1 1 300px; min-width: 280px;'>\n<h3 style='font-size: 22px; border-bottom: 2px solid currentColor; padding-bottom: 5px; margin-top: 0; color: inherit; opacity: 0.8;'>Incluye<\/h3>\n<ul style='padding-left: 20px; font-size: 15px; color: inherit;'>\n<li style='margin-bottom: 5px;'><strong>Incluye:<\/strong> Montaje para rack 19&#8217;&comma; soportes y tornillos<\/li>\n<li style='margin-bottom: 5px;'><strong>Cable de alimentaci\u00f3n<\/strong><\/li>\n<\/ul><\/div>\n<div style='flex: 1 1 300px; min-width: 280px;'>\n<h3 style='font-size: 22px; border-bottom: 2px solid currentColor; padding-bottom: 5px; margin-top: 0; color: inherit; opacity: 0.8;'>Caracter\u00edsticas f\u00edsicas y el\u00e9ctricas<\/h3>\n<ul style='padding-left: 20px; font-size: 15px; color: inherit;'>\n<li style='margin-bottom: 5px;'><strong>Alimentaci\u00f3n:<\/strong> 100-240 VAC&comma; 50-60 Hz<\/li>\n<li style='margin-bottom: 5px;'><strong>Dimensiones:<\/strong> 1 U Rack&comma; 44 x 210 x 440mm<\/li>\n<li style='margin-bottom: 5px;'><strong>Peso:<\/strong> 5.0 kg<\/li>\n<li style='margin-bottom: 5px;'><strong>Temperatura de Operaci\u00f3n:<\/strong> 0 a 40\u00b0 C (32 a 104\u00baF)<\/li>\n<\/ul><\/div>\n<\/p><\/div>\n<div style='display: flex; flex-wrap: wrap; gap: 30px; margin-bottom: 30px;'>\n<div style='flex: 1 1 300px; min-width: 280px;'>\n<h3 style='font-size: 22px; border-bottom: 2px solid currentColor; padding-bottom: 5px; margin-top: 0; color: inherit; opacity: 0.8;'>Garant\u00eda<\/h3>\n<p style='font-size: 15px; color: inherit; margin: 0 0 15px 0;'> <strong>Garant\u00eda 1 a\u00f1o&comma; para un a\u00f1o adicional registra el producto en el siguiente enlace:<\/strong><br \/> <a href='http:\/\/www.alliedtelesis.com\/support\/maintenance-and-warranty\/register' style='color: inherit; text-decoration: underline;'> http:\/\/www.alliedtelesis.com\/support\/maintenance-and-warranty\/register <\/a> <\/p>\n<\/p><\/div>\n<\/p><\/div>\n<div style='display: flex; flex-wrap: wrap; gap: 30px; margin-bottom: 30px;'>\n<div style='flex: 1 1 300px; min-width: 280px;'>\n<h3 style='font-size: 22px; border-bottom: 2px solid currentColor; padding-bottom: 5px; margin-top: 0; color: inherit; opacity: 0.8;'>Aplicaci\u00f3n<\/h3>\n<p style='font-size: 15px; color: inherit; margin: 0 0 15px 0;'>Ideal para peque\u00f1as y medianas empresas<\/p>\n<p style='font-size: 15px; color: inherit; margin: 0 0 15px 0;'>Soluciones inteligentes&comma; energ\u00e9ticamente eficientes y rentables para acceso a la red<\/p>\n<\/p><\/div>\n<\/p><\/div>\n<div style='display: flex; flex-wrap: wrap; gap: 30px; margin-bottom: 30px;'>\n<div style='flex: 1 1 300px; min-width: 280px;'> <img style='width: 100%; height: auto; border: 1px solid rgba(150&comma;150&comma;150&comma;0.3); border-radius: 8px;' src='https:\/\/ftp3.syscom.mx\/usuarios\/adiaz\/AlliedTelesis\/FS750\/FS750%3A28PS.png' alt=''> <\/div>\n<\/p><\/div>\n<hr style='border: 0; border-top: 1px solid rgba(150&comma; 150&comma; 150&comma; 0.3); margin: 30px 0;'> <\/div>\n","protected":false},"excerpt":{"rendered":"<p>WebSmart Switch, 24 puertos PoE+ 10\/100 Mbps + 2 puertos 10\/100\/1000 Mbps + 2 SFP Gigabit Combo, 193 W<\/p>\n","protected":false},"featured_media":119772,"comment_status":"open","ping_status":"closed","template":"","meta":[],"product_brand":[],"product_cat":[1986],"product_tag":[1995,664,1987],"class_list":{"0":"post-119773","1":"product","2":"type-product","3":"status-publish","4":"has-post-thumbnail","6":"product_cat-switches-poe","7":"product_tag-allied-telesis","8":"product_tag-networking","9":"product_tag-switches-poe","11":"first","12":"outofstock","13":"sale","14":"shipping-taxable","15":"purchasable","16":"product-type-simple"},"_links":{"self":[{"href":"https:\/\/soydeaqui.ddns.net\/pachuca\/index.php\/wp-json\/wp\/v2\/product\/119773","targetHints":{"allow":["GET"]}}],"collection":[{"href":"https:\/\/soydeaqui.ddns.net\/pachuca\/index.php\/wp-json\/wp\/v2\/product"}],"about":[{"href":"https:\/\/soydeaqui.ddns.net\/pachuca\/index.php\/wp-json\/wp\/v2\/types\/product"}],"replies":[{"embeddable":true,"href":"https:\/\/soydeaqui.ddns.net\/pachuca\/index.php\/wp-json\/wp\/v2\/comments?post=119773"}],"wp:featuredmedia":[{"embeddable":true,"href":"https:\/\/soydeaqui.ddns.net\/pachuca\/index.php\/wp-json\/wp\/v2\/media\/119772"}],"wp:attachment":[{"href":"https:\/\/soydeaqui.ddns.net\/pachuca\/index.php\/wp-json\/wp\/v2\/media?parent=119773"}],"wp:term":[{"taxonomy":"product_brand","embeddable":true,"href":"https:\/\/soydeaqui.ddns.net\/pachuca\/index.php\/wp-json\/wp\/v2\/product_brand?post=119773"},{"taxonomy":"product_cat","embeddable":true,"href":"https:\/\/soydeaqui.ddns.net\/pachuca\/index.php\/wp-json\/wp\/v2\/product_cat?post=119773"},{"taxonomy":"product_tag","embeddable":true,"href":"https:\/\/soydeaqui.ddns.net\/pachuca\/index.php\/wp-json\/wp\/v2\/product_tag?post=119773"}],"curies":[{"name":"wp","href":"https:\/\/api.w.org\/{rel}","templated":true}]}}