{"id":119767,"date":"2026-03-24T05:25:53","date_gmt":"2026-03-24T05:25:53","guid":{"rendered":"https:\/\/soydeaqui.ddns.net\/pachuca\/index.php\/producto\/camara-profesional-2-megapixel-wdr-150-db-h-265-wisestream-hlc\/"},"modified":"2026-03-24T05:26:03","modified_gmt":"2026-03-24T05:26:03","slug":"camara-profesional-2-megapixel-wdr-150-db-h-265-wisestream-hlc","status":"publish","type":"product","link":"https:\/\/soydeaqui.ddns.net\/pachuca\/index.php\/producto\/camara-profesional-2-megapixel-wdr-150-db-h-265-wisestream-hlc\/","title":{"rendered":"C\u00e1mara Profesional 2 Megap\u00edxel \/ WDR 150 dB \/ H.265 &#038; WiseStream \/ HLC"},"content":{"rendered":"<div style=\"width: 100%; max-width: 1200px; margin: 0 auto; font-family: sans-serif; line-height: 1.6; color: inherit; background-color: transparent;\"><!-- Imagen principal --> <\/p>\n<div style=\"text-align: center; margin: 30px 0;\"><a style=\"display: inline-block;\" href=\"https:\/\/syscom.mx\/principal\/consultarproductosazul?global_search=htasx&amp;ordenar=Relevancia&amp;pag=1\" target=\"_blank\" rel=\"noopener\"> <img decoding=\"async\" style=\"width: 100%; max-width: 483px; height: auto; border: 1px solid rgba(150&comma;150&comma;150&comma;0.3); border-radius: 8px;\" src=\"https:\/\/ftp3.syscom.mx\/usuarios\/gmagos\/Hanwha\/fotos\/wisenet-X%5B1%5D%201.png\" alt=\"\" \/> <\/a><\/div>\n<p> <!-- Secci\u00f3n H.265 + WiseStream II --> <\/p>\n<div style=\"display: flex; flex-wrap: wrap; gap: 30px; margin-bottom: 30px; align-items: center;\">\n<div style=\"flex: 1 1 300px; min-width: 280px;\"><img decoding=\"async\" style=\"width: 100%; height: auto; border: 1px solid rgba(150&comma;150&comma;150&comma;0.3); border-radius: 8px;\" src=\"https:\/\/ftp3.syscom.mx\/usuarios\/imendez\/Hanwha\/Serie%20X\/GIF\/WiseStream.gif\" alt=\"\" \/><\/div>\n<div style=\"flex: 1 1 300px; min-width: 280px;\">\n<h3 style=\"font-size: 22px; border-bottom: 2px solid currentColor; padding-bottom: 5px; margin-top: 0; color: inherit; opacity: 0.8;\">H.265 + WiseStream II<\/h3>\n<p style=\"font-size: 15px; color: inherit; text-align: justify;\">Mediante WiseStream II&comma; la tecnolog&iacute;a de compresi&oacute;n de v&iacute;deo de Hanwha Techwin&comma; la serie Wisenet X reduce el almacenamiento de datos hasta un 99% en comparaci&oacute;n con la actual tecnolog&iacute;a H.264&comma; cuando se combina con la compresi&oacute;n H.265. Los costes del sistema se reducen enormemente sin comprometer la calidad de las im&aacute;genes.<\/p>\n<\/p><\/div>\n<\/p><\/div>\n<p> <!-- Secci\u00f3n WDR 150 dB --> <\/p>\n<div style=\"display: flex; flex-wrap: wrap; gap: 30px; margin-bottom: 30px; align-items: center;\">\n<div style=\"flex: 1 1 300px; min-width: 280px; order: 2;\">\n<h3 style=\"font-size: 22px; border-bottom: 2px solid currentColor; padding-bottom: 5px; margin-top: 0; color: inherit; opacity: 0.8;\">WDR 150 dB<\/h3>\n<p style=\"font-size: 15px; color: inherit; text-align: justify;\">Una imagen de amplio rango din&aacute;mico se forma combinando 2 capturas con distintas exposiciones. La serie Wisenet X con un amplio rango din&aacute;mico de 150 dB utiliza 4 capturas para crear im&aacute;genes m&aacute;s naturales. Las zonas borrosas son un punto d&eacute;bil cr&iacute;tico asociado al amplio rango din&aacute;mico&comma; pero esta nueva tecnolog&iacute;a elimina todo tipo de movimientos&comma; proporcionando im&aacute;genes vistosas y claras.<\/p>\n<p style=\"font-size: 15px; color: inherit; text-align: justify;\">* Las c&aacute;maras de la serie Wisenet X de 5MP tienen 120dB.<\/p>\n<\/p><\/div>\n<div style=\"flex: 1 1 300px; min-width: 280px; order: 1;\"><img decoding=\"async\" style=\"width: 100%; height: auto; border: 1px solid rgba(150&comma;150&comma;150&comma;0.3); border-radius: 8px;\" src=\"https:\/\/ftp3.syscom.mx\/usuarios\/imendez\/Hanwha\/Serie%20X\/GIF\/WDR%20150dB%20GIF.gif\" alt=\"\" \/><\/div>\n<\/p><\/div>\n<p> <!-- Secci\u00f3n Iluminaci\u00f3n a Color --> <\/p>\n<div style=\"display: flex; flex-wrap: wrap; gap: 30px; margin-bottom: 30px; align-items: center;\">\n<div style=\"flex: 1 1 300px; min-width: 280px;\"><img decoding=\"async\" style=\"width: 100%; height: auto; border: 1px solid rgba(150&comma;150&comma;150&comma;0.3); border-radius: 8px;\" src=\"https:\/\/ftp3.syscom.mx\/usuarios\/imendez\/Hanwha\/Serie%20X\/GIF\/Luz%20GIF.gif\" alt=\"\" \/><\/div>\n<div style=\"flex: 1 1 300px; min-width: 280px;\">\n<h3 style=\"font-size: 22px; border-bottom: 2px solid currentColor; padding-bottom: 5px; margin-top: 0; color: inherit; opacity: 0.8;\">Iluminaci&oacute;n a Color<\/h3>\n<p style=\"font-size: 15px; color: inherit; text-align: justify;\">Con el potente nuevo chipset de la serie Wisenet X y la asombrosa tecnolog&iacute;a de lentes de Hanwha Techwin&comma; se pueden supervisar im&aacute;genes en entornos de poca luz&comma; incluso en color sin utilizar LED IR. Ahora se pueden capturar im&aacute;genes vistosas con independencia de la zona y de la hora del d&iacute;a.<\/p>\n<\/p><\/div>\n<\/p><\/div>\n<p> <!-- Secci\u00f3n GyroSensor --> <\/p>\n<div style=\"display: flex; flex-wrap: wrap; gap: 30px; margin-bottom: 30px; align-items: center;\">\n<div style=\"flex: 1 1 300px; min-width: 280px; order: 2;\">\n<h3 style=\"font-size: 22px; border-bottom: 2px solid currentColor; padding-bottom: 5px; margin-top: 0; color: inherit; opacity: 0.8;\">GyroSensor Interconstruido<\/h3>\n<p style=\"font-size: 15px; color: inherit; text-align: justify;\">Se han incluido sensores girosc&oacute;picos en la tecnolog&iacute;a empleada en las c&aacute;maras existentes para una estabilizaci&oacute;n m&aacute;s precisa. La estabilizaci&oacute;n se realiza cuando la c&aacute;mara sufre perturbaciones debidas al viento o vibraciones.<\/p>\n<p style=\"font-size: 15px; color: inherit; text-align: justify;\">* Compatibilidad con XNB-8000\/6000 y XNZ-6320<\/p>\n<\/p><\/div>\n<div style=\"flex: 1 1 300px; min-width: 280px; order: 1;\"><img decoding=\"async\" style=\"width: 100%; height: auto; border: 1px solid rgba(150&comma;150&comma;150&comma;0.3); border-radius: 8px;\" src=\"https:\/\/ftp3.syscom.mx\/usuarios\/imendez\/Hanwha\/Serie%20X\/GIF\/GyroSensor%20GIF.gif\" alt=\"\" \/><\/div>\n<\/p><\/div>\n<p> <!-- Secci\u00f3n de especificaciones t\u00e9cnicas --> <\/p>\n<h3 style=\"font-size: 22px; border-bottom: 2px solid currentColor; padding-bottom: 5px; margin-top: 30px; margin-bottom: 20px; color: inherit; opacity: 0.8; text-align: center;\">Caracter&iacute;sticas t&eacute;cnicas<\/h3>\n<div style=\"display: flex; flex-wrap: wrap; gap: 20px; margin-bottom: 30px;\"><!-- Video y Almacenamiento --> <\/p>\n<div style=\"flex: 1 1 300px; min-width: 280px;\">\n<div style=\"border: 1px solid rgba(150&comma; 150&comma; 150&comma; 0.4); border-radius: 8px; overflow: hidden; display: flex; flex-direction: column;\">\n<div style=\"padding: 15px; border-bottom: 1px solid rgba(150&comma; 150&comma; 150&comma; 0.2); font-weight: bold; font-size: 18px; color: inherit;\">Video<\/div>\n<div style=\"padding: 15px; color: inherit;\">\n<ul style=\"padding-left: 20px; margin: 0; font-size: 14px; list-style-type: disc;\">\n<li style=\"margin-bottom: 5px;\"><strong>Compresi&oacute;n:<\/strong> H.265 &amp; WiseStream \/ H.264 \/ High Profile \/ MJPEG.<\/li>\n<li style=\"margin-bottom: 5px;\"><strong>Resoluci&oacute;n m&aacute;xima:<\/strong> 2MP@60IPS.<\/li>\n<li style=\"margin-bottom: 5px;\"><strong>Dual Stream \/ Dual Codec Simult&aacute;neos<\/strong> con configuraciones diferentes.<\/li>\n<li style=\"margin-bottom: 5px;\"><strong>Lente no incluido.<\/strong><\/li>\n<\/ul><\/div>\n<\/p><\/div>\n<div style=\"border: 1px solid rgba(150&comma; 150&comma; 150&comma; 0.4); border-radius: 8px; overflow: hidden; display: flex; flex-direction: column; margin-top: 15px;\">\n<div style=\"padding: 15px; border-bottom: 1px solid rgba(150&comma; 150&comma; 150&comma; 0.2); font-weight: bold; font-size: 18px; color: inherit;\">Almacenamiento<\/div>\n<div style=\"padding: 15px; color: inherit;\">\n<ul style=\"padding-left: 20px; margin: 0; font-size: 14px; list-style-type: disc;\">\n<li style=\"margin-bottom: 5px;\">Soporta 2 microSD de hasta 256GB (512GB max.).<\/li>\n<\/ul><\/div>\n<\/p><\/div>\n<div style=\"border: 1px solid rgba(150&comma; 150&comma; 150&comma; 0.4); border-radius: 8px; overflow: hidden; display: flex; flex-direction: column; margin-top: 15px;\">\n<div style=\"padding: 15px; border-bottom: 1px solid rgba(150&comma; 150&comma; 150&comma; 0.2); font-weight: bold; font-size: 18px; color: inherit;\">Funciones<\/div>\n<div style=\"padding: 15px; color: inherit;\">\n<ul style=\"padding-left: 20px; margin: 0; font-size: 14px; list-style-type: disc;\">\n<li style=\"margin-bottom: 5px;\"><strong>Compensaci&oacute;n de luz:<\/strong> WDR 150dB&comma; BLC&comma; HLC.<\/li>\n<li style=\"margin-bottom: 5px;\"><strong>GyroSensor.<\/strong> Ideal para cuando hay mucho viento en el sitio ocasionando el movimiento de la c&aacute;mara.<\/li>\n<\/ul><\/div>\n<\/p><\/div>\n<\/p><\/div>\n<p> <!-- Interfaces --> <\/p>\n<div style=\"flex: 1 1 300px; min-width: 280px;\">\n<div style=\"border: 1px solid rgba(150&comma; 150&comma; 150&comma; 0.4); border-radius: 8px; overflow: hidden; display: flex; flex-direction: column;\">\n<div style=\"padding: 15px; border-bottom: 1px solid rgba(150&comma; 150&comma; 150&comma; 0.2); font-weight: bold; font-size: 18px; color: inherit;\">Interfaces<\/div>\n<div style=\"padding: 15px; color: inherit;\">\n<ul style=\"padding-left: 20px; margin: 0; font-size: 14px; list-style-type: disc;\">\n<li style=\"margin-bottom: 5px;\">1 Puerto Ethernet RJ45 10\/100 Base-T.<\/li>\n<li style=\"margin-bottom: 5px;\">1 Entrada Audio.<\/li>\n<li style=\"margin-bottom: 5px;\">1 Salida de Audio.<\/li>\n<li style=\"margin-bottom: 5px;\">1 Entrada \/ Salida Alarma.<\/li>\n<\/ul><\/div>\n<\/p><\/div>\n<\/p><\/div>\n<p> <!-- Caracter\u00edsticas F\u00edsicas y El\u00e9ctricas --> <\/p>\n<div style=\"flex: 1 1 300px; min-width: 280px;\">\n<div style=\"border: 1px solid rgba(150&comma; 150&comma; 150&comma; 0.4); border-radius: 8px; overflow: hidden; display: flex; flex-direction: column;\">\n<div style=\"padding: 15px; border-bottom: 1px solid rgba(150&comma; 150&comma; 150&comma; 0.2); font-weight: bold; font-size: 18px; color: inherit;\">Caracter&iacute;sticas F&iacute;sicas y El&eacute;ctricas<\/div>\n<div style=\"padding: 15px; color: inherit;\">\n<ul style=\"padding-left: 20px; margin: 0; font-size: 14px; list-style-type: disc;\">\n<li style=\"margin-bottom: 5px;\">Temperatura de Operaci&oacute;n: -10 a 55&deg;C.<\/li>\n<li style=\"margin-bottom: 5px;\">Alimentaci&oacute;n: 12Vcc\/PoE 802.03af.<\/li>\n<li style=\"margin-bottom: 5px;\">Consumo: 24VCA \/ 12Vcc \/ PoE (802.3af) \/ 8 W.<\/li>\n<li style=\"margin-bottom: 5px;\">Dimensiones: 73.1 x 66.6 x 147.8 mm.<\/li>\n<li style=\"margin-bottom: 5px;\">Peso: 420 gr.<\/li>\n<\/ul><\/div>\n<\/p><\/div>\n<\/p><\/div>\n<p> <!-- Video Anal\u00edticos Avanzados --> <\/p>\n<div style=\"flex: 1 1 300px; min-width: 280px;\">\n<div style=\"border: 1px solid rgba(150&comma; 150&comma; 150&comma; 0.4); border-radius: 8px; overflow: hidden; display: flex; flex-direction: column;\">\n<div style=\"padding: 15px; border-bottom: 1px solid rgba(150&comma; 150&comma; 150&comma; 0.2); font-weight: bold; font-size: 18px; color: inherit;\">Video Anal&iacute;ticos Avanzados<\/div>\n<div style=\"padding: 15px; color: inherit;\">\n<ul style=\"padding-left: 20px; margin: 0; font-size: 14px; list-style-type: disc;\">\n<li style=\"margin-bottom: 5px;\">Manipulaci&oacute;n.<\/li>\n<li style=\"margin-bottom: 5px;\">Merodeo.<\/li>\n<li style=\"margin-bottom: 5px;\">Detecci&oacute;n de direcci&oacute;n.<\/li>\n<li style=\"margin-bottom: 5px;\">Detecci&oacute;n de niebla.<\/li>\n<li style=\"margin-bottom: 5px;\"><strong>Cruce de l&iacute;nea.<\/strong><\/li>\n<li style=\"margin-bottom: 5px;\">Entrada \/ Salida.<\/li>\n<li style=\"margin-bottom: 5px;\">Aparici&oacute;n \/ Desaparici&oacute;n.<\/li>\n<li style=\"margin-bottom: 5px;\">Detecci&oacute;n de Audio.<\/li>\n<li style=\"margin-bottom: 5px;\"><strong>Detecci&oacute;n de Rostros.<\/strong><\/li>\n<li style=\"margin-bottom: 5px;\">Detecci&oacute;n de Movimiento.<\/li>\n<li style=\"margin-bottom: 5px;\"><strong>Conteo de personas.<\/strong><\/li>\n<li style=\"margin-bottom: 5px;\"><strong>Clasificaci&oacute;n de.<\/strong><\/li>\n<\/ul><\/div>\n<\/p><\/div>\n<\/p><\/div>\n<\/p><\/div>\n<p> <!-- Secci\u00f3n de caracter\u00edsticas adicionales --> <\/p>\n<h3 style=\"font-size: 22px; border-bottom: 2px solid currentColor; padding-bottom: 5px; margin-top: 30px; margin-bottom: 20px; color: inherit; opacity: 0.8; text-align: center;\">Otras caracter&iacute;sticas<\/h3>\n<div style=\"display: flex; flex-wrap: wrap; gap: 20px; margin-bottom: 30px; justify-content: center;\">\n<div style=\"flex: 1 1 250px; border: 1px solid rgba(150&comma; 150&comma; 150&comma; 0.4); border-radius: 8px; overflow: hidden; display: flex; flex-direction: column;\">\n<div style=\"padding: 15px; border-bottom: 1px solid rgba(150&comma; 150&comma; 150&comma; 0.2); font-weight: bold; font-size: 18px; color: inherit;\">H.265 &amp; WiseStream II<\/div>\n<\/p><\/div>\n<div style=\"flex: 1 1 250px; border: 1px solid rgba(150&comma; 150&comma; 150&comma; 0.4); border-radius: 8px; overflow: hidden; display: flex; flex-direction: column;\">\n<div style=\"padding: 15px; border-bottom: 1px solid rgba(150&comma; 150&comma; 150&comma; 0.2); font-weight: bold; font-size: 18px; color: inherit;\">Anal&iacute;ticos de Audio<\/div>\n<\/p><\/div>\n<div style=\"flex: 1 1 250px; border: 1px solid rgba(150&comma; 150&comma; 150&comma; 0.4); border-radius: 8px; overflow: hidden; display: flex; flex-direction: column;\">\n<div style=\"padding: 15px; border-bottom: 1px solid rgba(150&comma; 150&comma; 150&comma; 0.2); font-weight: bold; font-size: 18px; color: inherit;\">Auto-Seguimiento Digital<\/div>\n<\/p><\/div>\n<\/p><\/div>\n<p> <!-- Videos --> <\/p>\n<div style=\"display: flex; flex-wrap: wrap; gap: 20px; margin-bottom: 30px; justify-content: center;\">\n<div style=\"flex: 1 1 300px; min-width: 280px;\">\n<div style=\"position: relative; padding-bottom: 56.25%; height: 0; overflow: hidden; margin-bottom: 30px;\"> <\/div>\n<\/p><\/div>\n<div style=\"flex: 1 1 300px; min-width: 280px;\">\n<div style=\"position: relative; padding-bottom: 56.25%; height: 0; overflow: hidden; margin-bottom: 30px;\"> <\/div>\n<\/p><\/div>\n<div style=\"flex: 1 1 300px; min-width: 280px;\">\n<div style=\"position: relative; padding-bottom: 56.25%; height: 0; overflow: hidden; margin-bottom: 30px;\"> <\/div>\n<\/p><\/div>\n<\/p><\/div>\n<p> <!-- Secci\u00f3n de demostraciones --> <\/p>\n<div style=\"display: flex; flex-wrap: wrap; gap: 20px; margin-bottom: 30px; justify-content: center;\">\n<div style=\"flex: 1 1 250px; border: 1px solid rgba(150&comma; 150&comma; 150&comma; 0.4); border-radius: 8px; overflow: hidden; display: flex; flex-direction: column;\">\n<div style=\"padding: 15px; border-bottom: 1px solid rgba(150&comma; 150&comma; 150&comma; 0.2); font-weight: bold; font-size: 18px; color: inherit;\">Demostraci&oacute;n WDR 150dB<\/div>\n<\/p><\/div>\n<div style=\"flex: 1 1 250px; border: 1px solid rgba(150&comma; 150&comma; 150&comma; 0.4); border-radius: 8px; overflow: hidden; display: flex; flex-direction: column;\">\n<div style=\"padding: 15px; border-bottom: 1px solid rgba(150&comma; 150&comma; 150&comma; 0.2); font-weight: bold; font-size: 18px; color: inherit;\">Detecci&oacute;n de Rostros<\/div>\n<\/p><\/div>\n<div style=\"flex: 1 1 250px; border: 1px solid rgba(150&comma; 150&comma; 150&comma; 0.4); border-radius: 8px; overflow: hidden; display: flex; flex-direction: column;\">\n<div style=\"padding: 15px; border-bottom: 1px solid rgba(150&comma; 150&comma; 150&comma; 0.2); font-weight: bold; font-size: 18px; color: inherit;\">Funci&oacute;n Handover<\/div>\n<\/p><\/div>\n<\/p><\/div>\n<p> <!-- Videos de demostraciones --> <\/p>\n<div style=\"display: flex; flex-wrap: wrap; gap: 20px; margin-bottom: 30px; justify-content: center;\">\n<div style=\"flex: 1 1 300px; min-width: 280px;\">\n<div style=\"position: relative; padding-bottom: 56.25%; height: 0; overflow: hidden; margin-bottom: 30px;\"> <\/div>\n<\/p><\/div>\n<div style=\"flex: 1 1 300px; min-width: 280px;\">\n<div style=\"position: relative; padding-bottom: 56.25%; height: 0; overflow: hidden; margin-bottom: 30px;\"> <\/div>\n<\/p><\/div>\n<div style=\"flex: 1 1 300px; min-width: 280px;\">\n<div style=\"position: relative; padding-bottom: 56.25%; height: 0; overflow: hidden; margin-bottom: 30px;\"> <\/div>\n<\/p><\/div>\n<\/p><\/div>\n<p> <!-- Enlace a base de conocimiento --> <\/p>\n<div style=\"text-align: center; margin: 40px 0;\"><a style=\"display: inline-block;\" href=\"http:\/\/soporte.syscom.mx\/videovigilancia\/hanwha-lista-de-tips-tecnicos\" target=\"_blank\" rel=\"noopener\"> <img decoding=\"async\" style=\"width: 100%; max-width: 432px; height: auto; border: 1px solid rgba(150&comma;150&comma;150&comma;0.3); border-radius: 8px;\" src=\"https:\/\/ftp3.syscom.mx\/usuarios\/gmagos\/Hanwha\/fotos\/basede1.png\" alt=\"\" \/> <\/a><\/div>\n<\/p><\/div>\n","protected":false},"excerpt":{"rendered":"<p>C\u00e1mara Profesional 2 Megap\u00edxel \/ WDR 150 dB \/ H.265 &#038; WiseStream \/ HLC<\/p>\n","protected":false},"featured_media":119766,"comment_status":"open","ping_status":"closed","template":"","meta":[],"product_brand":[],"product_cat":[2341],"product_tag":[122,2260,2342],"class_list":{"0":"post-119767","1":"product","2":"type-product","3":"status-publish","4":"has-post-thumbnail","6":"product_cat-profesionales-caja","7":"product_tag-camaras-ip-y-nvrs","8":"product_tag-hanwha-techwin-wisenet","9":"product_tag-profesionales-caja","11":"first","12":"outofstock","13":"sale","14":"shipping-taxable","15":"purchasable","16":"product-type-simple"},"_links":{"self":[{"href":"https:\/\/soydeaqui.ddns.net\/pachuca\/index.php\/wp-json\/wp\/v2\/product\/119767","targetHints":{"allow":["GET"]}}],"collection":[{"href":"https:\/\/soydeaqui.ddns.net\/pachuca\/index.php\/wp-json\/wp\/v2\/product"}],"about":[{"href":"https:\/\/soydeaqui.ddns.net\/pachuca\/index.php\/wp-json\/wp\/v2\/types\/product"}],"replies":[{"embeddable":true,"href":"https:\/\/soydeaqui.ddns.net\/pachuca\/index.php\/wp-json\/wp\/v2\/comments?post=119767"}],"wp:featuredmedia":[{"embeddable":true,"href":"https:\/\/soydeaqui.ddns.net\/pachuca\/index.php\/wp-json\/wp\/v2\/media\/119766"}],"wp:attachment":[{"href":"https:\/\/soydeaqui.ddns.net\/pachuca\/index.php\/wp-json\/wp\/v2\/media?parent=119767"}],"wp:term":[{"taxonomy":"product_brand","embeddable":true,"href":"https:\/\/soydeaqui.ddns.net\/pachuca\/index.php\/wp-json\/wp\/v2\/product_brand?post=119767"},{"taxonomy":"product_cat","embeddable":true,"href":"https:\/\/soydeaqui.ddns.net\/pachuca\/index.php\/wp-json\/wp\/v2\/product_cat?post=119767"},{"taxonomy":"product_tag","embeddable":true,"href":"https:\/\/soydeaqui.ddns.net\/pachuca\/index.php\/wp-json\/wp\/v2\/product_tag?post=119767"}],"curies":[{"name":"wp","href":"https:\/\/api.w.org\/{rel}","templated":true}]}}