{"id":119756,"date":"2026-03-24T05:25:14","date_gmt":"2026-03-24T05:25:14","guid":{"rendered":"https:\/\/soydeaqui.ddns.net\/pachuca\/index.php\/producto\/jack-reforzado-ruggedized-max-cat6-para-uso-industrial-o-exterior-proteccin-ip67\/"},"modified":"2026-03-24T05:25:26","modified_gmt":"2026-03-24T05:25:26","slug":"jack-reforzado-ruggedized-max-cat6-para-uso-industrial-o-exterior-proteccin-ip67","status":"publish","type":"product","link":"https:\/\/soydeaqui.ddns.net\/pachuca\/index.php\/producto\/jack-reforzado-ruggedized-max-cat6-para-uso-industrial-o-exterior-proteccin-ip67\/","title":{"rendered":"Jack Reforzado Ruggedized MAX, Cat6, Para Uso Industrial o Exterior, Protecci?n IP67"},"content":{"rendered":"<div style='width: 100%; max-width: 1200px; margin: 0 auto; font-family: sans-serif; line-height: 1.6; color: inherit; background-color: transparent;'>\n<div style='display: flex; flex-wrap: wrap; gap: 30px; margin-bottom: 30px;'>\n<div style='flex: 1 1 300px; min-width: 280px;'>\n<p style='font-size: 15px; color: inherit; margin-bottom: 15px;'>La conectividad de cobre &#8216;Ruggedized&#8217; de Siemon incluye Jacks&comma; Plugs y Patch Cords Categor\u00eda 5e&comma; Categor\u00eda 6 UTP y Categor\u00eda 6A que aseguran la protecci\u00f3n de conexiones valiosas y permite que las redes se extiendan de manera confiable en entornos hostiles sin comprometer el ancho de banda y el rendimiento.<\/p>\n<p style='font-size: 15px; color: inherit; margin-bottom: 15px;'>El Jack &#8216;Ruggedized&#8217; cuenta con un m\u00f3dulo MAX alojado en una carcasa protectora. La carcasa exterior est\u00e1 hecha de termopl\u00e1stico&comma; resistente a qu\u00edmicos y de grado industrial. Rendimiento garantizado de categor\u00eda 5e y 6 a 160 MHz incluso en los entornos m\u00e1s exigentes.<\/p>\n<\/p><\/div>\n<\/p><\/div>\n<div style='display: flex; flex-wrap: wrap; gap: 20px; margin-bottom: 30px;'>\n<div style='flex: 1 1 250px; border: 1px solid rgba(150&comma; 150&comma; 150&comma; 0.4); border-radius: 8px; overflow: hidden; display: flex; flex-direction: column;'>\n<div style='padding: 15px; border-bottom: 1px solid rgba(150&comma; 150&comma; 150&comma; 0.2); font-weight: bold; font-size: 18px; color: inherit;'>Caracter\u00edsticas Destacadas<\/div>\n<div style='padding: 15px; color: inherit;'>\n<ul style='padding-left: 20px; margin: 0; font-size: 14px; list-style-type: disc;'>\n<li style='margin-bottom: 5px;'>El dise\u00f1o robusto hecho de termopl\u00e1stico resistente a productos qu\u00edmicos presenta un innovador acoplamiento de bayoneta de un cuarto de vuelta que garantiza un sello con clasificaci\u00f3n IP66\/IP67<\/li>\n<li style='margin-bottom: 5px;'>Los Plugs se pueden terminar en el campo&comma; lo que permite ensamblar longitudes personalizadas r\u00e1pidamente en el sitio<\/li>\n<li style='margin-bottom: 5px;'>El dise\u00f1o del Jack y las tapas antipolvo cuentan con seguros para proporcionar un agarre adicional para el acoplamiento y desacoplamiento<\/li>\n<\/ul><\/div>\n<\/p><\/div>\n<\/p><\/div>\n<hr style='border: 0; border-top: 1px solid rgba(150&comma; 150&comma; 150&comma; 0.3); margin: 30px 0;'> <\/div>\n","protected":false},"excerpt":{"rendered":"<p>Jack Reforzado Ruggedized MAX, Cat6, Para Uso Industrial o Exterior, Protecci?n IP67<\/p>\n","protected":false},"featured_media":119755,"comment_status":"open","ping_status":"closed","template":"","meta":[],"product_brand":[],"product_cat":[595],"product_tag":[586,596,600],"class_list":{"0":"post-119756","1":"product","2":"type-product","3":"status-publish","4":"has-post-thumbnail","6":"product_cat-jacks-plugs","7":"product_tag-cableado-de-cobre","8":"product_tag-jacks-plugs","9":"product_tag-siemon","11":"first","12":"instock","13":"sale","14":"shipping-taxable","15":"purchasable","16":"product-type-simple"},"_links":{"self":[{"href":"https:\/\/soydeaqui.ddns.net\/pachuca\/index.php\/wp-json\/wp\/v2\/product\/119756","targetHints":{"allow":["GET"]}}],"collection":[{"href":"https:\/\/soydeaqui.ddns.net\/pachuca\/index.php\/wp-json\/wp\/v2\/product"}],"about":[{"href":"https:\/\/soydeaqui.ddns.net\/pachuca\/index.php\/wp-json\/wp\/v2\/types\/product"}],"replies":[{"embeddable":true,"href":"https:\/\/soydeaqui.ddns.net\/pachuca\/index.php\/wp-json\/wp\/v2\/comments?post=119756"}],"wp:featuredmedia":[{"embeddable":true,"href":"https:\/\/soydeaqui.ddns.net\/pachuca\/index.php\/wp-json\/wp\/v2\/media\/119755"}],"wp:attachment":[{"href":"https:\/\/soydeaqui.ddns.net\/pachuca\/index.php\/wp-json\/wp\/v2\/media?parent=119756"}],"wp:term":[{"taxonomy":"product_brand","embeddable":true,"href":"https:\/\/soydeaqui.ddns.net\/pachuca\/index.php\/wp-json\/wp\/v2\/product_brand?post=119756"},{"taxonomy":"product_cat","embeddable":true,"href":"https:\/\/soydeaqui.ddns.net\/pachuca\/index.php\/wp-json\/wp\/v2\/product_cat?post=119756"},{"taxonomy":"product_tag","embeddable":true,"href":"https:\/\/soydeaqui.ddns.net\/pachuca\/index.php\/wp-json\/wp\/v2\/product_tag?post=119756"}],"curies":[{"name":"wp","href":"https:\/\/api.w.org\/{rel}","templated":true}]}}