{"id":119754,"date":"2026-03-24T05:25:08","date_gmt":"2026-03-24T05:25:08","guid":{"rendered":"https:\/\/soydeaqui.ddns.net\/pachuca\/index.php\/producto\/ups-con-mas-potencia-de-600va-360-w-con-display-lcd-y-regulador-de-voltaje-avr-4-contactos-nema-5-15r-bateria-7-ah-y-puertos-rj45-y-usb\/"},"modified":"2026-03-24T05:25:11","modified_gmt":"2026-03-24T05:25:11","slug":"ups-con-mas-potencia-de-600va-360-w-con-display-lcd-y-regulador-de-voltaje-avr-4-contactos-nema-5-15r-bateria-7-ah-y-puertos-rj45-y-usb","status":"publish","type":"product","link":"https:\/\/soydeaqui.ddns.net\/pachuca\/index.php\/producto\/ups-con-mas-potencia-de-600va-360-w-con-display-lcd-y-regulador-de-voltaje-avr-4-contactos-nema-5-15r-bateria-7-ah-y-puertos-rj45-y-usb\/","title":{"rendered":"UPS Con M\u00e1s Potencia de 600VA \/ 360 W Con Display LCD y Regulador de Voltaje AVR, 4 Contactos NEMA 5-15R, Bater\u00eda 7 Ah y Puertos RJ45 y USB"},"content":{"rendered":"<div style='width: 100%; max-width: 1200px; margin: 0 auto; font-family: sans-serif; line-height: 1.6; color: inherit; background-color: transparent;'> <!-- Imagen del producto --> <\/p>\n<div style='display: flex; justify-content: center; margin: 30px 0;'> <img style='width: 100%; max-width: 300px; height: auto; border: 1px solid rgba(150&comma;150&comma;150&comma;0.3); border-radius: 8px;' src='http:\/\/ftp3.syscom.mx\/usuarios\/gsanchez\/Epcom%20Power%20Line%20logo.jpg' alt='Logo Epcom Power Line'> <\/div>\n<p> <!-- Descripci\u00f3n principal --> <\/p>\n<div style='margin-bottom: 30px;'>\n<p style='font-size: 15px; color: inherit; margin-bottom: 15px;'>La l\u00ednea de UPS EPUL de epcom Power Line es t\u00edpicamente usada para proteger y energizar ciertos equipos tales como computadoras personales&comma; conmutadores de peque\u00f1a escala&comma; puntos de venta&comma; etc. Provee protecci\u00f3n de potencia contra sobrevoltajes y picos. Tambi\u00e9n suministra voltaje puro con regulador autom\u00e1tico de voltaje en boost y buck. Es simple y a bajo costo. La instalaci\u00f3n es sencilla y r\u00e1pida.<\/p>\n<\/p><\/div>\n<p> <!-- Caracter\u00edsticas principales --> <\/p>\n<div style='display: flex; flex-wrap: wrap; gap: 30px; margin-bottom: 30px;'>\n<div style='flex: 1 1 300px; min-width: 280px;'>\n<h3 style='font-size: 22px; border-bottom: 2px solid currentColor; padding-bottom: 5px; margin-top: 0; color: inherit; opacity: 0.8;'>Caracter\u00edsticas<\/h3>\n<ul style='padding-left: 20px; font-size: 15px; color: inherit;'>\n<li style='margin-bottom: 5px;'>Capacidad: <strong>600 VA \/ 360 W<\/strong><\/li>\n<li style='margin-bottom: 5px;'>Topolog\u00eda: <strong>L\u00ednea interactiva<\/strong><\/li>\n<li style='margin-bottom: 5px;'>Pantalla: <strong>LCD<\/strong><\/li>\n<li style='margin-bottom: 5px;'>Salida: <strong>120 VCA \u00b1 5%<\/strong><\/li>\n<li style='margin-bottom: 5px;'>Rango de regulaci\u00f3n de voltaje: <strong>80 &#8211; 150 VAC<\/strong><\/li>\n<li style='margin-bottom: 5px;'>Tipo de conector y cable: <strong>NEMA 5-15P (1.8 metros de longitud)<\/strong><\/li>\n<li style='margin-bottom: 5px;'>Tipo de salidas: <strong>4 \u00d7 NEMA 5-15R (1 Salida solo protecci\u00f3n)<\/strong><\/li>\n<li style='margin-bottom: 5px;'>Bater\u00eda: <strong>1 x 12V\/7Ah<\/strong><\/li>\n<li style='margin-bottom: 5px;'>Regulaci\u00f3n de voltaje: <strong>AVR Boost y buck<\/strong><\/li>\n<li style='margin-bottom: 5px;'>Frecuencia: <strong>Auto sensado<\/strong><\/li>\n<li style='margin-bottom: 5px;'>Indicaci\u00f3n: <strong>Sistema de alarma humanizada<\/strong><\/li>\n<li style='margin-bottom: 5px;'>Autodiagn\u00f3stico: <strong>Power-on self test<\/strong><\/li>\n<li style='margin-bottom: 5px;'>Funcionalidad: <strong>Inicio fresco<\/strong><\/li>\n<li style='margin-bottom: 5px;'>Reinicio autom\u00e1tico: <strong>Cuando el suministro es restablecido<\/strong><\/li>\n<li style='margin-bottom: 5px;'>Forma de onda: <strong>Onda senoidal simulada de salida<\/strong><\/li>\n<li style='margin-bottom: 5px;'>Gesti\u00f3n de energ\u00eda: <strong>Administraci\u00f3n inteligente de bater\u00eda<\/strong><\/li>\n<li style='margin-bottom: 5px;'>Protecciones: <strong>Corto-circuito&comma; sobrecarga en bater\u00eda \/ sobredescarga&comma; sobrecarga&comma; protecci\u00f3n contra sobretensiones<\/strong><\/li>\n<li style='margin-bottom: 5px;'>Carga autom\u00e1tica: <strong>En modo apagado<\/strong><\/li>\n<li style='margin-bottom: 5px;'>Funcionalidad opcional: <strong>Apagado sin carga<\/strong><\/li>\n<\/ul><\/div>\n<\/p><\/div>\n<p> <!-- Informaci\u00f3n adicional --> <\/p>\n<div style='margin-bottom: 30px;'>\n<p style='font-size: 15px; color: inherit; margin: 0;'><strong>*1 A\u00f1o de garant\u00eda.<\/strong><\/p>\n<\/p><\/div>\n<p> <!-- Separador final --> <\/p>\n<hr style='border: 0; border-top: 1px solid rgba(150&comma; 150&comma; 150&comma; 0.3); margin: 30px 0;'> <\/div>\n","protected":false},"excerpt":{"rendered":"<p>UPS Con M\u00e1s Potencia de 600VA \/ 360 W Con Display LCD y Regulador de Voltaje AVR, 4 Contactos NEMA 5-15R, Bater\u00eda 7 Ah y Puertos RJ45 y USB<\/p>\n","protected":false},"featured_media":119753,"comment_status":"open","ping_status":"closed","template":"","meta":[],"product_brand":[],"product_cat":[1231],"product_tag":[142,454,1232],"class_list":{"0":"post-119754","1":"product","2":"type-product","3":"status-publish","4":"has-post-thumbnail","6":"product_cat-ups-no-break-energia-videovigilancia","7":"product_tag-energia","8":"product_tag-epcom-powerline","9":"product_tag-ups-no-break-2","11":"first","12":"outofstock","13":"sale","14":"shipping-taxable","15":"purchasable","16":"product-type-simple"},"_links":{"self":[{"href":"https:\/\/soydeaqui.ddns.net\/pachuca\/index.php\/wp-json\/wp\/v2\/product\/119754","targetHints":{"allow":["GET"]}}],"collection":[{"href":"https:\/\/soydeaqui.ddns.net\/pachuca\/index.php\/wp-json\/wp\/v2\/product"}],"about":[{"href":"https:\/\/soydeaqui.ddns.net\/pachuca\/index.php\/wp-json\/wp\/v2\/types\/product"}],"replies":[{"embeddable":true,"href":"https:\/\/soydeaqui.ddns.net\/pachuca\/index.php\/wp-json\/wp\/v2\/comments?post=119754"}],"wp:featuredmedia":[{"embeddable":true,"href":"https:\/\/soydeaqui.ddns.net\/pachuca\/index.php\/wp-json\/wp\/v2\/media\/119753"}],"wp:attachment":[{"href":"https:\/\/soydeaqui.ddns.net\/pachuca\/index.php\/wp-json\/wp\/v2\/media?parent=119754"}],"wp:term":[{"taxonomy":"product_brand","embeddable":true,"href":"https:\/\/soydeaqui.ddns.net\/pachuca\/index.php\/wp-json\/wp\/v2\/product_brand?post=119754"},{"taxonomy":"product_cat","embeddable":true,"href":"https:\/\/soydeaqui.ddns.net\/pachuca\/index.php\/wp-json\/wp\/v2\/product_cat?post=119754"},{"taxonomy":"product_tag","embeddable":true,"href":"https:\/\/soydeaqui.ddns.net\/pachuca\/index.php\/wp-json\/wp\/v2\/product_tag?post=119754"}],"curies":[{"name":"wp","href":"https:\/\/api.w.org\/{rel}","templated":true}]}}