{"id":119747,"date":"2026-03-24T05:24:44","date_gmt":"2026-03-24T05:24:44","guid":{"rendered":"https:\/\/soydeaqui.ddns.net\/pachuca\/index.php\/producto\/ups-de-850va-510w-topologia-linea-interactiva-entrada-y-salida-120-vca-clavija-nema-5-15p-6-tomas-nema-5-15r-sin-rj11-ni-rj45\/"},"modified":"2026-03-24T05:25:03","modified_gmt":"2026-03-24T05:25:03","slug":"ups-de-850va-510w-topologia-linea-interactiva-entrada-y-salida-120-vca-clavija-nema-5-15p-6-tomas-nema-5-15r-sin-rj11-ni-rj45","status":"publish","type":"product","link":"https:\/\/soydeaqui.ddns.net\/pachuca\/index.php\/producto\/ups-de-850va-510w-topologia-linea-interactiva-entrada-y-salida-120-vca-clavija-nema-5-15p-6-tomas-nema-5-15r-sin-rj11-ni-rj45\/","title":{"rendered":"UPS de 850VA\/510W \/ Topolog\u00eda L\u00ednea Interactiva \/ Entrada y Salida 120 Vca \/ Clavija NEMA 5-15P \/ 6 Tomas NEMA 5-15R \/ Sin RJ11 ni RJ45"},"content":{"rendered":"<div style='width: 100%; max-width: 1200px; margin: 0 auto; font-family: sans-serif; line-height: 1.6; color: inherit; background-color: transparent;'> <!-- Secci\u00f3n principal --> <\/p>\n<div style='display: flex; flex-direction: column; gap: 20px; margin-bottom: 30px;'>\n<div style='flex: 1 1 auto; min-width: 280px;'>\n<p style='font-size: 16px; margin: 0 0 15px; color: inherit;'>La l\u00ednea de UPS de epcom Power Line fue dise\u00f1ada para brindar alto desempe\u00f1o y una excelente calidad&comma; son usados para proteger y energizar equipos tales como computadoras personales&comma; conmutadores de peque\u00f1a escala&comma; puntos de venta&comma; etc. Prove\u00e9 protecci\u00f3n de potencia contra sobrevoltajes y picos. Es simple&comma; a bajo costo y su instalaci\u00f3n es sencilla y r\u00e1pida.<\/p>\n<p style='font-size: 16px; margin: 15px 0; color: inherit;'><strong style='color: inherit;'>El equipo no cuenta con proteco RJ11 ni RJ45<\/strong><\/p>\n<\/p><\/div>\n<\/p><\/div>\n<p> <!-- Caracter\u00edsticas generales --> <\/p>\n<div style='display: flex; flex-wrap: wrap; gap: 30px; margin-bottom: 30px;'>\n<div style='flex: 1 1 300px; min-width: 280px;'>\n<h3 style='font-size: 22px; border-bottom: 2px solid currentColor; padding-bottom: 5px; margin-top: 0; color: inherit; opacity: 0.8;'>Caracter\u00edsticas Generales<\/h3>\n<ul style='padding-left: 20px; font-size: 15px; color: inherit;'>\n<li style='margin-bottom: 5px;'><strong style='color: inherit;'>Capacidad:<\/strong> 850 VA \/ 510 W<\/li>\n<li style='margin-bottom: 5px;'><strong style='color: inherit;'>Topolog\u00eda:<\/strong> L\u00ednea interactiva<\/li>\n<li style='margin-bottom: 5px;'><strong style='color: inherit;'>Tipo de onda:<\/strong> Onda senoidal simulada<\/li>\n<li style='margin-bottom: 5px;'><strong style='color: inherit;'>Salida:<\/strong> 120 VCA \u00b1 5%<\/li>\n<li style='margin-bottom: 5px;'><strong style='color: inherit;'>Tipo de conector y cable:<\/strong> NEMA 5-15P<\/li>\n<li style='margin-bottom: 5px;'><strong style='color: inherit;'>Total de salidas:<\/strong> 6 \u00d7 NEMA 5-15R (2 Salidas color blanco sin respaldo&comma; solo protecci\u00f3n)<\/li>\n<li style='margin-bottom: 5px;'><strong style='color: inherit;'>Bater\u00eda:<\/strong> 1 x 12V\/8 Ah (modelo de reemplazo sugerido para mejorar rendimiento es: <a style='color: inherit; text-decoration: underline;' href='https:\/\/www.syscom.mx\/principal\/searchcont?route=PL-9-12FR-EPCOM-POWERLINE-195489&#038;autodetect=pl912fr'>PL-9-12FR<\/a>)<\/li>\n<\/ul><\/div>\n<\/p><\/div>\n<p> <!-- Tiempo de respaldo --> <\/p>\n<div style='display: flex; flex-wrap: wrap; gap: 30px; margin-bottom: 30px;'>\n<div style='flex: 1 1 300px; min-width: 280px;'>\n<h3 style='font-size: 22px; border-bottom: 2px solid currentColor; padding-bottom: 5px; margin-top: 0; color: inherit; opacity: 0.8;'>Tiempo de Respaldo<\/h3>\n<p style='margin: 15px 0; color: inherit;'><strong style='color: inherit;'>El tiempo de respaldo puede variar dependiendo de la carga conectada&comma; temperatura ambiente y estado de las bater\u00edas<\/strong><\/p>\n<ul style='padding-left: 20px; font-size: 15px; color: inherit;'>\n<li style='margin-bottom: 5px;'><span lang='EN-US'>Duraci\u00f3n a media carga:<\/span> 4.0 min<\/li>\n<li style='margin-bottom: 5px;'><span lang='EN-US'>Duraci\u00f3n a carga completa:<\/span> 1.3 min<\/li>\n<li style='margin-bottom: 5px;'><span lang='EN-US'>Duraci\u00f3n con 50W:<\/span> 40.0 min<\/li>\n<li style='margin-bottom: 5px;'><span lang='EN-US'>Duraci\u00f3n con 100W:<\/span> 17.0 min<\/li>\n<li style='margin-bottom: 5px;'><span lang='EN-US'>Duraci\u00f3n con 200W:<\/span> 5.0 min<\/li>\n<li style='margin-bottom: 5px;'><span lang='EN-US'>Duraci\u00f3n con 300W:<\/span> 3.0 min<\/li>\n<li style='margin-bottom: 5px;'><span lang='EN-US'>Duraci\u00f3n con 400W:<\/span> 1.5 min<\/li>\n<li style='margin-bottom: 5px;'><span lang='EN-US'>Duraci\u00f3n con 500W:<\/span> 1.3 min<\/li>\n<\/ul><\/div>\n<\/p><\/div>\n<p> <!-- Imagen principal --> <\/p>\n<div style='margin-bottom: 30px;'> <img style='width: 100%; height: auto; border: 1px solid rgba(150&comma;150&comma;150&comma;0.3); border-radius: 8px;' src='https:\/\/ftp3.syscom.mx\/usuarios\/acordova\/epcom%20Power%20line\/EPU850LCD.PNG' alt=''> <\/div>\n<p> <!-- Secci\u00f3n de tecnolog\u00eda --> <\/p>\n<div style='display: flex; flex-wrap: wrap; gap: 30px; margin-bottom: 30px;'>\n<div style='flex: 1 1 300px; min-width: 280px;'>\n<h3 style='font-size: 22px; border-bottom: 2px solid currentColor; padding-bottom: 5px; margin-top: 0; color: inherit; opacity: 0.8;'>L\u00ednea de UPS m\u00e1s Confiable<\/h3>\n<p style='margin: 15px 0; color: inherit;'>La l\u00ednea de UPS de Epcom Power Line\u00ae fue dise\u00f1ada para brindar alto desempe\u00f1o y una excelente calidad&comma; son usados para proteger y energizar equipos&comma; tambi\u00e9n suministra voltaje puro con regulador autom\u00e1tico de Voltaje (AVR) en boost y buck en las series RTOL2U. Son simples&comma; a bajo costo y su instalaci\u00f3n es sencilla y r\u00e1pida.<\/p>\n<p> <img style='width: 100%; height: auto; border: 1px solid rgba(150&comma;150&comma;150&comma;0.3); border-radius: 8px;' src='http:\/\/ftp3.syscom.mx\/usuarios\/ftp\/single_page\/epcom_powerline\/ups_img2.png' alt=''> <\/div>\n<\/p><\/div>\n<p> <!-- Secci\u00f3n de UPS L\u00ednea Interactiva --> <\/p>\n<div style='display: flex; flex-wrap: wrap; gap: 30px; margin-bottom: 30px;'>\n<div style='flex: 1 1 300px; min-width: 280px;'>\n<h3 style='font-size: 22px; border-bottom: 2px solid currentColor; padding-bottom: 5px; margin-top: 0; color: inherit; opacity: 0.8;'>UPS L\u00ednea Interactiva<\/h3>\n<p> <img style='width: 100%; height: auto; border: 1px solid rgba(150&comma;150&comma;150&comma;0.3); border-radius: 8px; margin: 15px 0;' src='http:\/\/ftp3.syscom.mx\/usuarios\/ftp\/single_page\/epcom_powerline\/ups_3.png' alt=''> <\/p>\n<p style='margin: 15px 0; color: inherit;'>Los UPS de la interactiva de Epcom Power Line \u00ae son especiales para suplir necesidades tales como hardware de redes&comma; computadoras&comma; etc.&comma; estos equipos corrigen fluctuaciones menores de energ\u00eda sin necesidad de cambiar a modo bater\u00eda&comma; haciendo m\u00e1s longevo el tiempo de vida de la bater\u00eda.<\/p>\n<\/p><\/div>\n<\/p><\/div>\n<p> <!-- Secci\u00f3n de UPS On-Line --> <\/p>\n<div style='display: flex; flex-wrap: wrap; gap: 30px; margin-bottom: 30px;'>\n<div style='flex: 1 1 300px; min-width: 280px;'>\n<h3 style='font-size: 22px; border-bottom: 2px solid currentColor; padding-bottom: 5px; margin-top: 0; color: inherit; opacity: 0.8;'>UPS On-Line<\/h3>\n<p> <img style='width: 100%; height: auto; border: 1px solid rgba(150&comma;150&comma;150&comma;0.3); border-radius: 8px; margin: 15px 0;' src='http:\/\/ftp3.syscom.mx\/usuarios\/ftp\/single_page\/epcom_powerline\/ups_img1.png' alt=''> <\/p>\n<p style='margin: 15px 0; color: inherit;'>La tecnolog\u00eda de UPS On-Line (doble conversi\u00f3n) es la versi\u00f3n de alta densidad de Epcom Power Line\u00ae&comma; est\u00e1 dise\u00f1ada para aplicaciones de voltajes de 100\/110\/115\/120\/127 VAC.<\/p>\n<p style='margin: 15px 0; color: inherit;'>Est\u00e1 equipado con correcci\u00f3n de factor de potencia (PFC) en la entrada&comma; factor de potencia de 0.9 en la salida&comma; ofreciendo altos niveles de confiabilidad y protecci\u00f3n para sistemas IT&comma; equipo de telecomunicaciones&comma; equipo m\u00e9dico y sistemas de misi\u00f3n cr\u00edtica. Es convertible a Rack o Torre y solo toma 2U unidades de Rack.<\/p>\n<\/p><\/div>\n<\/p><\/div>\n<p> <!-- Highlights y configuraciones --> <\/p>\n<div style='display: flex; flex-wrap: wrap; gap: 30px; margin-bottom: 30px;'>\n<div style='flex: 1 1 300px; min-width: 280px;'>\n<h3 style='font-size: 22px; border-bottom: 2px solid currentColor; padding-bottom: 5px; margin-top: 0; color: inherit; opacity: 0.8;'>Highlights<\/h3>\n<ul style='padding-left: 20px; font-size: 15px; color: inherit;'>\n<li style='margin-bottom: 5px;'>\u2022 Los UPS On-Line ofrecen tecnolog\u00eda de alta eficiencia de conversi\u00f3n en l\u00ednea doble.<\/li>\n<li style='margin-bottom: 5px;'>\u2022 Onda senoidal pura.<\/li>\n<li style='margin-bottom: 5px;'>\u2022 Funcionamiento en modo Eco para el ahorro energ\u00e9tico.<\/li>\n<li style='margin-bottom: 5px;'>\u2022 Rango din\u00e1mico de voltaje.<\/li>\n<li style='margin-bottom: 5px;'>\u2022 Voltaje configurable de salida v\u00eda LCD.<\/li>\n<li style='margin-bottom: 5px;'>\u2022 M\u00f3dulo de bater\u00edas para extender tiempo de respaldo.<\/li>\n<li style='margin-bottom: 5px;'>\u2022 Instalaci\u00f3n Rack\/Torre.<\/li>\n<li style='margin-bottom: 5px;'>\u2022 Los UPS de topolog\u00eda On-line pueden ser configurados horizontal o verticalmente.<\/li>\n<\/ul><\/div>\n<div style='flex: 1 1 300px; min-width: 280px;'> <img style='width: 100%; height: auto; border: 1px solid rgba(150&comma;150&comma;150&comma;0.3); border-radius: 8px;' src='http:\/\/ftp3.syscom.mx\/usuarios\/ftp\/single_page\/epcom_powerline\/ups_5.png' alt=''> <\/div>\n<\/p><\/div>\n<p> <!-- Secci\u00f3n de especificaciones adicionales --> <\/p>\n<div style='display: flex; flex-wrap: wrap; gap: 30px; margin-bottom: 30px;'>\n<div style='flex: 1 1 300px; min-width: 280px;'>\n<h3 style='font-size: 22px; border-bottom: 2px solid currentColor; padding-bottom: 5px; margin-top: 0; color: inherit; opacity: 0.8;'>Especificaciones Adicionales<\/h3>\n<div style='margin: 15px 0;'>\n<div style='margin-bottom: 15px;'>\n<h4 style='font-size: 18px; margin-top: 0; color: inherit;'>Rango din\u00e1mico de voltaje (AVR)<\/h4>\n<p style='color: inherit;'>El rango din\u00e1mico de voltaje (AVR) en los UPS de Epcom Power Line\u00ae serie RTOL2U ayuda a estabilizar la se\u00f1al entrante de CA&comma; se encarga de controlar los voltajes altos y bajos&comma; manteniendo la energ\u00eda de salida a un nivel nominal de 120V&comma; reduce fallas del sistema e incrementa significativamente la vida de la bater\u00eda.<\/p>\n<\/p><\/div>\n<div style='margin-bottom: 15px;'>\n<h4 style='font-size: 18px; margin-top: 0; color: inherit;'>Voltajes configurables de salida<\/h4>\n<p style='color: inherit;'>Algunos modelos de Epcom Power Line\u00ae&comma; pueden ser configurables con voltaje de salida seleccionable: 100 V \/ 110 V \/ 115 V \/ 120 V \/ 127 V AC.<\/p>\n<\/p><\/div>\n<\/p><\/div>\n<\/p><\/div>\n<\/p><\/div>\n<p> <!-- Informaci\u00f3n de garant\u00eda --> <\/p>\n<div style='display: flex; flex-wrap: wrap; gap: 30px; margin-bottom: 30px;'>\n<div style='flex: 1 1 300px; min-width: 280px;'>\n<p style='margin: 0; color: inherit;'><strong style='color: inherit;'>*1 A\u00f1o de garant\u00eda.<\/strong><\/p>\n<p style='margin: 15px 0 0 0; color: inherit;'><strong style='color: inherit;'>*Equipo no monitoreable<\/strong><\/p>\n<\/p><\/div>\n<\/p><\/div>\n<p> <!-- Separador --> <\/p>\n<hr style='border: 0; border-top: 1px solid rgba(150&comma; 150&comma; 150&comma; 0.3); margin: 30px 0;'> <!-- Descargar calculador --> <\/p>\n<div style='display: flex; flex-direction: column; align-items: center; justify-content: center; margin-bottom: 30px;'> <img style='width: 100px; height: auto; margin-bottom: 15px;' src='http:\/\/ftp3.syscom.mx\/usuarios\/ftp\/single_page\/epcom_powerline\/ups_logotipo.png' alt=''> <\/p>\n<p style='text-align: center; margin: 0;'> <a style='color: inherit; text-decoration: underline; font-weight: bold; font-size: 20px;' href='https:\/\/ftp3.syscom.mx\/usuarios\/acordova\/epcom%20Power%20line\/BACK%20UP.xlsx' target='_blank' rel='noopener'> DESCARGA EL CALCULADOR DE TIEMPO DE RESPALDO <\/a> <\/p>\n<p style='text-align: center; margin-top: 10px;'> <a style='color: inherit; text-decoration: underline; font-weight: bold; font-size: 20px;' href='https:\/\/ftp3.syscom.mx\/usuarios\/acordova\/epcom%20Power%20line\/BACK%20UP.xlsx' target='_blank' rel='noopener'> AQUI! <\/a> <\/p>\n<\/p><\/div>\n<p> <!-- Imagen final --> <\/p>\n<div style='margin-bottom: 30px;'> <img style='width: 100%; height: auto; border: 1px solid rgba(150&comma;150&comma;150&comma;0.3); border-radius: 8px;' src='http:\/\/ftp3.syscom.mx\/usuarios\/ftp\/single_page\/epcom_powerline\/ups_header.png' alt=''> <\/div>\n<\/p><\/div>\n","protected":false},"excerpt":{"rendered":"<p>UPS de 850VA\/510W \/ Topolog\u00eda L\u00ednea Interactiva \/ Entrada y Salida 120 Vca \/ Clavija NEMA 5-15P \/ 6 Tomas NEMA 5-15R \/ Sin RJ11 ni RJ45<\/p>\n","protected":false},"featured_media":119746,"comment_status":"open","ping_status":"closed","template":"","meta":[],"product_brand":[],"product_cat":[1231],"product_tag":[142,454,1232],"class_list":{"0":"post-119747","1":"product","2":"type-product","3":"status-publish","4":"has-post-thumbnail","6":"product_cat-ups-no-break-energia-videovigilancia","7":"product_tag-energia","8":"product_tag-epcom-powerline","9":"product_tag-ups-no-break-2","11":"first","12":"instock","13":"sale","14":"shipping-taxable","15":"purchasable","16":"product-type-simple"},"_links":{"self":[{"href":"https:\/\/soydeaqui.ddns.net\/pachuca\/index.php\/wp-json\/wp\/v2\/product\/119747","targetHints":{"allow":["GET"]}}],"collection":[{"href":"https:\/\/soydeaqui.ddns.net\/pachuca\/index.php\/wp-json\/wp\/v2\/product"}],"about":[{"href":"https:\/\/soydeaqui.ddns.net\/pachuca\/index.php\/wp-json\/wp\/v2\/types\/product"}],"replies":[{"embeddable":true,"href":"https:\/\/soydeaqui.ddns.net\/pachuca\/index.php\/wp-json\/wp\/v2\/comments?post=119747"}],"wp:featuredmedia":[{"embeddable":true,"href":"https:\/\/soydeaqui.ddns.net\/pachuca\/index.php\/wp-json\/wp\/v2\/media\/119746"}],"wp:attachment":[{"href":"https:\/\/soydeaqui.ddns.net\/pachuca\/index.php\/wp-json\/wp\/v2\/media?parent=119747"}],"wp:term":[{"taxonomy":"product_brand","embeddable":true,"href":"https:\/\/soydeaqui.ddns.net\/pachuca\/index.php\/wp-json\/wp\/v2\/product_brand?post=119747"},{"taxonomy":"product_cat","embeddable":true,"href":"https:\/\/soydeaqui.ddns.net\/pachuca\/index.php\/wp-json\/wp\/v2\/product_cat?post=119747"},{"taxonomy":"product_tag","embeddable":true,"href":"https:\/\/soydeaqui.ddns.net\/pachuca\/index.php\/wp-json\/wp\/v2\/product_tag?post=119747"}],"curies":[{"name":"wp","href":"https:\/\/api.w.org\/{rel}","templated":true}]}}