{"id":119743,"date":"2026-03-24T05:24:31","date_gmt":"2026-03-24T05:24:31","guid":{"rendered":"https:\/\/soydeaqui.ddns.net\/pachuca\/index.php\/producto\/ups-de-1500va-900w-topologia-linea-interactiva-entrada-y-salida-120-vca-clavija-nema-5-15p-6-tomas-nema-5-15r\/"},"modified":"2026-03-24T05:24:41","modified_gmt":"2026-03-24T05:24:41","slug":"ups-de-1500va-900w-topologia-linea-interactiva-entrada-y-salida-120-vca-clavija-nema-5-15p-6-tomas-nema-5-15r","status":"publish","type":"product","link":"https:\/\/soydeaqui.ddns.net\/pachuca\/index.php\/producto\/ups-de-1500va-900w-topologia-linea-interactiva-entrada-y-salida-120-vca-clavija-nema-5-15p-6-tomas-nema-5-15r\/","title":{"rendered":"UPS de 1500VA\/900W \/ Topolog\u00eda L\u00ednea Interactiva \/ Entrada y Salida 120 Vca\/ Clavija NEMA 5-15P \/ 6 Tomas NEMA 5-15R"},"content":{"rendered":"<div style='width: 100%; max-width: 1200px; margin: 0 auto; font-family: sans-serif; line-height: 1.6; color: inherit; background-color: transparent;'>\n<div style='display: flex; flex-wrap: wrap; gap: 30px; margin-bottom: 30px;'>\n<div style='flex: 1 1 300px; min-width: 280px;'>\n<p style='font-size: 15px; color: inherit; margin-top: 0; margin-bottom: 15px; text-align: justify;'>El equipo ideal para peque\u00f1as y medianas empresas<\/p>\n<p style='font-size: 15px; color: inherit; margin-bottom: 15px; text-align: justify;'>La l\u00ednea de UPS de Epcom Power Line fue dise\u00f1ada para brindar alto desempe\u00f1o y una excelente calidad&comma; son usados para proteger y energizar equipos tales como computadoras personales&comma; conmutadores de peque\u00f1a escala&comma; puntos de venta&comma; etc. Prove\u00e9 protecci\u00f3n de potencia contra sobrevoltajes y picos. Es simple&comma; a bajo costo y su instalaci\u00f3n es sencilla y r\u00e1pida.<\/p>\n<\/p><\/div>\n<\/p><\/div>\n<div style='display: flex; flex-wrap: wrap; gap: 20px; margin-bottom: 30px;'>\n<div style='flex: 1 1 250px; border: 1px solid rgba(150&comma; 150&comma; 150&comma; 0.4); border-radius: 8px; overflow: hidden; display: flex; flex-direction: column;'>\n<div style='padding: 15px; border-bottom: 1px solid rgba(150&comma; 150&comma; 150&comma; 0.2); font-weight: bold; font-size: 18px; color: inherit;'>Caracter\u00edsticas Generales<\/div>\n<div style='padding: 15px; color: inherit;'>\n<ul style='padding-left: 20px; margin: 0; font-size: 14px; list-style-type: disc;'>\n<li style='margin-bottom: 5px;'>Capacidad: 1500 VA \/ 900 W.<\/li>\n<li style='margin-bottom: 5px;'>Topolog\u00eda: L\u00ednea interactiva.<\/li>\n<li style='margin-bottom: 5px;'>Con pantalla LCD.<\/li>\n<li style='margin-bottom: 5px;'>Tipo de onda: Onda senoidal simulada<\/li>\n<li style='margin-bottom: 5px;'>Salida: 120 VCA \u00b1 5%<\/li>\n<li style='margin-bottom: 5px;'>Tipo de conector y cable: NEMA 5-15P.<\/li>\n<li style='margin-bottom: 5px;'>Total de salidas: 6 \u00d7 NEMA 5-15R (2 Salida sin respaldo&comma; solo protecci\u00f3n).<\/li>\n<li style='margin-bottom: 5px;'>Bater\u00eda: 2 x 12V\/8 Ah (modelo de reemplazo sugerido para mejorar rendimiento son 2 piezas: <a style='color: inherit; text-decoration: underline; font-weight: 600;' href='https:\/\/www.syscom.mx\/principal\/searchcont?route=PL-9-12FR-EPCOM-POWERLINE-195489&#038;autodetect=pl912fr'>PL-9-12FR<\/a>)<\/li>\n<\/ul><\/div>\n<\/p><\/div>\n<div style='flex: 1 1 250px; border: 1px solid rgba(150&comma; 150&comma; 150&comma; 0.4); border-radius: 8px; overflow: hidden; display: flex; flex-direction: column;'>\n<div style='padding: 15px; border-bottom: 1px solid rgba(150&comma; 150&comma; 150&comma; 0.2); font-weight: bold; font-size: 18px; color: inherit;'>Duraci\u00f3n de Respaldo<\/div>\n<div style='padding: 15px; color: inherit;'>\n<ul style='padding-left: 20px; margin: 0; font-size: 14px; list-style-type: disc;'>\n<li style='margin-bottom: 5px;'>Duraci\u00f3n a media carga: 7.0 min<\/li>\n<li style='margin-bottom: 5px;'>Duraci\u00f3n a carga completa: 1.3 min<\/li>\n<li style='margin-bottom: 5px;'>Duraci\u00f3n con 50W: 105.0 min<\/li>\n<li style='margin-bottom: 5px;'>Duraci\u00f3n con 100W: 71.0 min<\/li>\n<li style='margin-bottom: 5px;'>Duraci\u00f3n con 200W: 27.0 min<\/li>\n<li style='margin-bottom: 5px;'>Duraci\u00f3n con 300W: 14.5 min<\/li>\n<li style='margin-bottom: 5px;'>Duraci\u00f3n con 400W: 9.0 min<\/li>\n<li style='margin-bottom: 5px;'>Duraci\u00f3n con 500W: 5.0 min<\/li>\n<li style='margin-bottom: 5px;'>Duraci\u00f3n con 600W: 4.0 min<\/li>\n<li style='margin-bottom: 5px;'>Duraci\u00f3n con 700W: 3.0 min<\/li>\n<li style='margin-bottom: 5px;'>Duraci\u00f3n con 800W: 2.0 min<\/li>\n<li style='margin-bottom: 5px;'>Duraci\u00f3n con 900W: 1.3 min<\/li>\n<\/ul><\/div>\n<\/p><\/div>\n<div style='flex: 1 1 250px; border: 1px solid rgba(150&comma; 150&comma; 150&comma; 0.4); border-radius: 8px; overflow: hidden; display: flex; flex-direction: column;'>\n<div style='padding: 15px; border-bottom: 1px solid rgba(150&comma; 150&comma; 150&comma; 0.2); font-weight: bold; font-size: 18px; color: inherit;'>Caracter\u00edsticas T\u00e9cnicas<\/div>\n<div style='padding: 15px; color: inherit;'>\n<ul style='padding-left: 20px; margin: 0; font-size: 14px; list-style-type: disc;'>\n<li style='margin-bottom: 5px;'>Tecnolog\u00eda de alta eficiencia de conversi\u00f3n en l\u00ednea doble<\/li>\n<li style='margin-bottom: 5px;'>Onda senoidal pura<\/li>\n<li style='margin-bottom: 5px;'>Funcionamiento en modo Eco para el ahorro energ\u00e9tico<\/li>\n<li style='margin-bottom: 5px;'>Rango din\u00e1mico de voltaje<\/li>\n<li style='margin-bottom: 5px;'>Voltaje configurable de salida v\u00eda LCD<\/li>\n<li style='margin-bottom: 5px;'>Modulo de bater\u00edas para extender tiempo de respaldo<\/li>\n<li style='margin-bottom: 5px;'>Instalaci\u00f3n Rack\/Torre<\/li>\n<\/ul><\/div>\n<\/p><\/div>\n<\/p><\/div>\n<div style='display: flex; flex-wrap: wrap; gap: 30px; margin-bottom: 30px;'>\n<div style='flex: 1 1 300px; min-width: 280px;'>\n<h3 style='font-size: 22px; border-bottom: 2px solid currentColor; padding-bottom: 5px; margin-top: 0; color: inherit; opacity: 0.8;'>La L\u00ednea de UPS m\u00e1s Confiable<\/h3>\n<p style='font-size: 15px; color: inherit; margin-bottom: 15px; text-align: justify;'>La l\u00ednea de UPS de Epcom Power Line\u00ae fue dise\u00f1ada para brindar alto desempe\u00f1o y una excelente calidad&comma; son usados para proteger y energizar equipos&comma; tambi\u00e9n suministra voltaje puro con regulador autom\u00e1tico de Voltaje (AVR) en boost y buck. Son simples&comma; a bajo costo y su instalaci\u00f3n es sencilla y r\u00e1pida.<\/p>\n<p> <img style='width: 100%; height: auto; border: 1px solid rgba(150&comma;150&comma;150&comma;0.3); border-radius: 8px;' src='http:\/\/ftp3.syscom.mx\/usuarios\/ftp\/single_page\/epcom_powerline\/ups_header.png' alt=''> <\/div>\n<\/p><\/div>\n<div style='display: flex; flex-wrap: wrap; gap: 30px; margin-bottom: 30px;'>\n<div style='flex: 1 1 300px; min-width: 280px;'>\n<h3 style='font-size: 22px; border-bottom: 2px solid currentColor; padding-bottom: 5px; margin-top: 0; color: inherit; opacity: 0.8;'>UPS L\u00ednea Interactiva<\/h3>\n<p style='font-size: 15px; color: inherit; margin-bottom: 15px; text-align: justify;'>Los UPS de la interactiva de Epcom Power Line\u00ae son especiales para suplir necesidades tales como hardware de redes&comma; computadoras&comma; etc.&comma; estos equipos corrigen fluctuaciones menores de energ\u00eda sin necesidad de cambiar a modo bater\u00eda&comma; haciendo m\u00e1s longevo el tiempo de vida de la bater\u00eda.<\/p>\n<p> <img style='width: 100%; height: auto; border: 1px solid rgba(150&comma;150&comma;150&comma;0.3); border-radius: 8px;' src='http:\/\/ftp3.syscom.mx\/usuarios\/ftp\/single_page\/epcom_powerline\/ups_3.png' alt=''> <\/div>\n<\/p><\/div>\n<div style='display: flex; flex-wrap: wrap; gap: 30px; margin-bottom: 30px;'>\n<div style='flex: 1 1 300px; min-width: 280px;'>\n<h3 style='font-size: 22px; border-bottom: 2px solid currentColor; padding-bottom: 5px; margin-top: 0; color: inherit; opacity: 0.8;'>UPS On-Line<\/h3>\n<p style='font-size: 15px; color: inherit; margin-bottom: 15px; text-align: justify;'>La tecnolog\u00eda de UPS On-Line (doble conversi\u00f3n) es la versi\u00f3n de alta densidad de Epcom Power Line\u00ae&comma; est\u00e1 dise\u00f1ada para aplicaciones de voltajes de 100\/110\/115\/120\/127 VAC.<\/p>\n<p style='font-size: 15px; color: inherit; margin-bottom: 15px; text-align: justify;'>Est\u00e1 equipado con correcci\u00f3n de factor de potencia (PFC) en la entrada&comma; factor de potencia de 0.9 en la salida&comma; ofreciendo altos niveles de confiabilidad y protecci\u00f3n para sistemas IT&comma; equipo de telecomunicaciones&comma; equipo m\u00e9dico y sistemas de misi\u00f3n cr\u00edtica. Es convertible a Rack o Torre y solo toma 2U unidades de Rack.<\/p>\n<p> <img style='width: 100%; height: auto; border: 1px solid rgba(150&comma;150&comma;150&comma;0.3); border-radius: 8px;' src='http:\/\/ftp3.syscom.mx\/usuarios\/ftp\/single_page\/epcom_powerline\/ups_img1.png' alt=''> <img style='width: 100%; height: auto; border: 1px solid rgba(150&comma;150&comma;150&comma;0.3); border-radius: 8px; margin-top: 15px;' src='http:\/\/ftp3.syscom.mx\/usuarios\/ftp\/single_page\/epcom_powerline\/ups_icono1.png' alt=''> <\/div>\n<\/p><\/div>\n<div style='display: flex; flex-wrap: wrap; gap: 30px; margin-bottom: 30px;'>\n<div style='flex: 1 1 300px; min-width: 280px;'>\n<h3 style='font-size: 22px; border-bottom: 2px solid currentColor; padding-bottom: 5px; margin-top: 0; color: inherit; opacity: 0.8;'>Rango din\u00e1mico de voltaje (AVR)<\/h3>\n<p style='font-size: 15px; color: inherit; margin-bottom: 15px; text-align: justify;'>El rango din\u00e1mico de voltaje (AVR) en los UPS de Epcom Power Line\u00ae serie RTOL2U ayuda a estabilizar la se\u00f1al entrante de CA&comma; se encarga de controlar los voltajes altos y bajos&comma; manteniendo la energ\u00eda de salida a un nivel nominal de 120V&comma; reduce fallas del sistema e incrementa significativamente la vida de la bater\u00eda.<\/p>\n<\/p><\/div>\n<div style='flex: 1 1 300px; min-width: 280px;'>\n<h3 style='font-size: 22px; border-bottom: 2px solid currentColor; padding-bottom: 5px; margin-top: 0; color: inherit; opacity: 0.8;'>Voltajes configurables de salida<\/h3>\n<p style='font-size: 15px; color: inherit; margin-bottom: 15px; text-align: justify;'>Algunos modelos de Epcom Power Line\u00ae&comma; pueden ser configurables con voltaje de salida seleccionable: 100 V \/ 110 V \/ 115 V \/ 120 V \/ 127 V AC.<\/p>\n<\/p><\/div>\n<\/p><\/div>\n<div style='display: flex; flex-wrap: wrap; gap: 30px; margin-bottom: 30px;'>\n<div style='flex: 1 1 300px; min-width: 280px;'>\n<h3 style='font-size: 22px; border-bottom: 2px solid currentColor; padding-bottom: 5px; margin-top: 0; color: inherit; opacity: 0.8;'>Descarga el Calculador de Tiempo de Respaldo<\/h3>\n<p style='font-size: 15px; color: inherit; margin-bottom: 15px; text-align: center;'><a style='color: inherit; text-decoration: underline; font-weight: bold; font-size: 24px;' href='https:\/\/ftp3.syscom.mx\/usuarios\/acordova\/epcom%20Power%20line\/BACK%20UP.xlsx' target='_blank' rel='noopener'>DESCARGA EL CALCULADOR DE TIEMPO DE RESPALDO<\/a><\/p>\n<p style='font-size: 15px; color: inherit; margin-bottom: 15px; text-align: center;'><a style='color: inherit; text-decoration: underline; font-weight: bold; font-size: 24px;' href='https:\/\/ftp3.syscom.mx\/usuarios\/acordova\/epcom%20Power%20line\/BACK%20UP.xlsx' target='_blank' rel='noopener'>AQUI!<\/a><\/p>\n<p> <img style='width: 100px; height: auto; border: 1px solid rgba(150&comma;150&comma;150&comma;0.3); border-radius: 8px; margin: 0 auto; display: block;' src='http:\/\/ftp3.syscom.mx\/usuarios\/ftp\/single_page\/epcom_powerline\/ups_logotipo.png' alt=''> <\/div>\n<\/p><\/div>\n<div style='display: flex; flex-wrap: wrap; gap: 30px; margin-bottom: 30px;'>\n<div style='flex: 1 1 300px; min-width: 280px;'>\n<p style='font-size: 15px; color: inherit; margin-bottom: 10px;'><strong>*1 A\u00f1o de garant\u00eda.<\/strong><\/p>\n<p style='font-size: 15px; color: inherit; margin-bottom: 10px;'><strong>*Equipo no monitoreable<\/strong><\/p>\n<\/p><\/div>\n<\/p><\/div>\n<\/p><\/div>\n","protected":false},"excerpt":{"rendered":"<p>UPS de 1500VA\/900W \/ Topolog\u00eda L\u00ednea Interactiva \/ Entrada y Salida 120 Vca\/ Clavija NEMA 5-15P \/ 6 Tomas NEMA 5-15R<\/p>\n","protected":false},"featured_media":119742,"comment_status":"open","ping_status":"closed","template":"","meta":[],"product_brand":[],"product_cat":[1231],"product_tag":[142,454,1232],"class_list":{"0":"post-119743","1":"product","2":"type-product","3":"status-publish","4":"has-post-thumbnail","6":"product_cat-ups-no-break-energia-videovigilancia","7":"product_tag-energia","8":"product_tag-epcom-powerline","9":"product_tag-ups-no-break-2","11":"first","12":"outofstock","13":"sale","14":"shipping-taxable","15":"purchasable","16":"product-type-simple"},"_links":{"self":[{"href":"https:\/\/soydeaqui.ddns.net\/pachuca\/index.php\/wp-json\/wp\/v2\/product\/119743","targetHints":{"allow":["GET"]}}],"collection":[{"href":"https:\/\/soydeaqui.ddns.net\/pachuca\/index.php\/wp-json\/wp\/v2\/product"}],"about":[{"href":"https:\/\/soydeaqui.ddns.net\/pachuca\/index.php\/wp-json\/wp\/v2\/types\/product"}],"replies":[{"embeddable":true,"href":"https:\/\/soydeaqui.ddns.net\/pachuca\/index.php\/wp-json\/wp\/v2\/comments?post=119743"}],"wp:featuredmedia":[{"embeddable":true,"href":"https:\/\/soydeaqui.ddns.net\/pachuca\/index.php\/wp-json\/wp\/v2\/media\/119742"}],"wp:attachment":[{"href":"https:\/\/soydeaqui.ddns.net\/pachuca\/index.php\/wp-json\/wp\/v2\/media?parent=119743"}],"wp:term":[{"taxonomy":"product_brand","embeddable":true,"href":"https:\/\/soydeaqui.ddns.net\/pachuca\/index.php\/wp-json\/wp\/v2\/product_brand?post=119743"},{"taxonomy":"product_cat","embeddable":true,"href":"https:\/\/soydeaqui.ddns.net\/pachuca\/index.php\/wp-json\/wp\/v2\/product_cat?post=119743"},{"taxonomy":"product_tag","embeddable":true,"href":"https:\/\/soydeaqui.ddns.net\/pachuca\/index.php\/wp-json\/wp\/v2\/product_tag?post=119743"}],"curies":[{"name":"wp","href":"https:\/\/api.w.org\/{rel}","templated":true}]}}