{"id":119731,"date":"2026-03-24T05:23:49","date_gmt":"2026-03-24T05:23:49","guid":{"rendered":"https:\/\/soydeaqui.ddns.net\/pachuca\/index.php\/producto\/camara-domo-ip-3-mp-lente-varifical-3-3-10-mm-ir-20-m-poe-entrada-y-salida-de-alarma-interior-micro-sd-audio-de-dos-vias\/"},"modified":"2026-03-24T05:24:04","modified_gmt":"2026-03-24T05:24:04","slug":"camara-domo-ip-3-mp-lente-varifical-3-3-10-mm-ir-20-m-poe-entrada-y-salida-de-alarma-interior-micro-sd-audio-de-dos-vias","status":"publish","type":"product","link":"https:\/\/soydeaqui.ddns.net\/pachuca\/index.php\/producto\/camara-domo-ip-3-mp-lente-varifical-3-3-10-mm-ir-20-m-poe-entrada-y-salida-de-alarma-interior-micro-sd-audio-de-dos-vias\/","title":{"rendered":"C\u00e1mara Domo IP 3 MP | Lente Varifical 3.3 &#8211; 10 mm | IR 20 m | PoE | Entrada y Salida de Alarma | Interior | Micro SD | Audio de Dos V\u00edas"},"content":{"rendered":"<div style='width: 100%; max-width: 1200px; margin: 0 auto; font-family: sans-serif; line-height: 1.6; color: inherit; background-color: transparent;'> <!-- Banner y logos --> <\/p>\n<div style='display: flex; flex-direction: column; gap: 15px; margin-bottom: 30px;'> <img style='width: 100%; height: auto; border: 1px solid rgba(150&comma;150&comma;150&comma;0.3); border-radius: 8px;' src='https:\/\/ftp3.syscom.mx\/usuarios\/fotos\/DCT4831HRXA\/196150-baner-proyectos.jpg' alt=''> <\/p>\n<div style='display: flex; justify-content: center;'> <img style='width: 50%; height: auto; border: 1px solid rgba(150&comma;150&comma;150&comma;0.3); border-radius: 8px;' src='https:\/\/ftp3.syscom.mx\/usuarios\/luis.vargas\/IDIS\/Imagenes\/logo.png' alt=''> <\/div>\n<\/p><\/div>\n<p> <!-- Informaci\u00f3n principal --> <\/p>\n<div style='margin-bottom: 30px;'> <img style='width: 60%; height: auto; border: 1px solid rgba(150&comma;150&comma;150&comma;0.3); border-radius: 8px; margin: 0 auto 30px;' src='https:\/\/ftp3.syscom.mx\/usuarios\/pnunez\/IDIS\/Imagenes%20ERP\/PROPIEDSDCD1323R.PNG' alt=''> <\/p>\n<p style='text-align: center; margin: 0 70px 30px; color: inherit;'>Las c\u00e1maras Domo&comma; son camaras de tama\u00f1o medio&comma; con forma de cupula. Se trata de camaras un poco mas discretas&comma; esto es de acuerdo para el tipo de espacio&comma; ya que por lo general son camaras que van en interior y se ven esteticamente mejor que una bala por su forma y buen acabado. Esto no quiere decir que tengan una composicion fragil ya que pueden ser para interior&comma; exterior y algunas cuentan con certificacion antivandalicas.<\/p>\n<\/p><\/div>\n<p> <!-- Secci\u00f3n de caracter\u00edsticas --> <\/p>\n<div style='display: flex; flex-wrap: wrap; gap: 30px; margin-bottom: 30px;'> <!-- Caracter\u00edsticas principales --> <\/p>\n<div style='flex: 1 1 300px; min-width: 280px;'> <img style='width: 100%; height: auto; border: 1px solid rgba(150&comma;150&comma;150&comma;0.3); border-radius: 8px; margin-bottom: 20px;' src='https:\/\/ftp3.syscom.mx\/usuarios\/pnunez\/IDIS\/Imagenes%20ERP\/FRENTEDCD1323R.png' alt=''> <\/p>\n<div style='border: 1px solid rgba(150&comma;150&comma;150&comma;0.3); border-radius: 8px; padding: 15px; margin-bottom: 25px;'>\n<h3 style='font-size: 22px; border-bottom: 2px solid currentColor; padding-bottom: 5px; margin-top: 0; color: inherit; opacity: 0.8;'>Caracteristicas<\/h3>\n<ul style='padding-left: 20px; font-size: 15px; color: inherit; list-style-type: disc;'>\n<li style='margin-bottom: 5px;'>F\u00e1cil instalaci\u00f3n con DirectIP NVR<\/li>\n<li style='margin-bottom: 5px;'>Resoluci\u00f3n de 3MP (2304&#215;1296)<\/li>\n<li style='margin-bottom: 5px;'>Lente varifocal 3.3 &#8211; 10 mm<\/li>\n<li style='margin-bottom: 5px;'>micro SD \/ SDHC 32GB<\/li>\n<li style='margin-bottom: 5px;'>Audio bidireccional<\/li>\n<li style='margin-bottom: 5px;'>ICR D\u00eda y noche<\/li>\n<li style='margin-bottom: 5px;'>LED IR 20 m<\/li>\n<li style='margin-bottom: 5px;'>Dise\u00f1o mec\u00e1nico de 3 ejes para instalaci\u00f3n<\/li>\n<\/ul><\/div>\n<\/p><\/div>\n<p> <!-- Caracter\u00edsticas f\u00edsicas y el\u00e9ctricas --> <\/p>\n<div style='flex: 1 1 300px; min-width: 280px;'> <img style='width: 60%; height: auto; border: 1px solid rgba(150&comma;150&comma;150&comma;0.3); border-radius: 8px; margin: 20px auto 20px; display: block;' src='https:\/\/ftp3.syscom.mx\/usuarios\/pnunez\/IDIS\/Imagenes%20ERP\/PoE2.PNG' alt=''> <\/p>\n<div style='border: 1px solid rgba(150&comma;150&comma;150&comma;0.3); border-radius: 8px; padding: 15px; margin-bottom: 20px;'>\n<h3 style='font-size: 22px; border-bottom: 2px solid currentColor; padding-bottom: 5px; margin-top: 0; color: inherit; opacity: 0.8;'>Caracteristicas Fisicas y Electricas<\/h3>\n<ul style='padding-left: 20px; font-size: 15px; color: inherit; list-style-type: disc;'>\n<li style='margin-bottom: 5px;'>Alimentacion: 12Vcc&comma; 5.6W \/ PoE&comma; IEEE 802.3af(Class 3)<\/li>\n<li style='margin-bottom: 5px;'>Certificacion: FCC&comma; CE&comma; KC<\/li>\n<li style='margin-bottom: 5px;'>Temperatura: -10 \u00b0C ~ +50 \u00b0C (+14 \u00b0F ~ +122 \u00b0F) *Arranque por encima de 0 \u00b0C (32 \u00b0F)<\/li>\n<\/ul><\/div>\n<\/p><\/div>\n<p> <!-- Caracter\u00edsticas generales --> <\/p>\n<div style='flex: 1 1 300px; min-width: 280px;'> <img style='width: 100%; height: auto; border: 1px solid rgba(150&comma;150&comma;150&comma;0.3); border-radius: 8px; margin-bottom: 20px;' src='https:\/\/ftp3.syscom.mx\/usuarios\/pnunez\/IDIS\/Imagenes%20ERP\/MEDIDASDCD1323R.PNG' alt=''> <\/p>\n<div style='border: 1px solid rgba(150&comma;150&comma;150&comma;0.3); border-radius: 8px; padding: 15px;'>\n<h3 style='font-size: 22px; border-bottom: 2px solid currentColor; padding-bottom: 5px; margin-top: 0; color: inherit; opacity: 0.8;'>Caracteristicas Generales<\/h3>\n<ul style='padding-left: 20px; font-size: 15px; color: inherit; list-style-type: disc;'>\n<li style='margin-bottom: 5px;'>Dimensiones: 16.0 cm x 12.2 cm<\/li>\n<li style='margin-bottom: 5px;'>Peso: 0.51 Kg<\/li>\n<li style='margin-bottom: 5px;'>Compresion: H.265&comma; H.264 (MP)&comma; M-JPEG<\/li>\n<li style='margin-bottom: 5px;'>Soporta ONVIF<\/li>\n<li style='margin-bottom: 5px;'>Bufer de Grabacion: 60MB<\/li>\n<li style='margin-bottom: 5px;'>Audio Entrada (1) \/ Salida (1)<\/li>\n<li style='margin-bottom: 5px;'>Alarma Entrada (1) \/ Salida (1)<\/li>\n<\/ul><\/div>\n<\/p><\/div>\n<\/p><\/div>\n<p> <!-- Accesorios --> <\/p>\n<div style='margin-bottom: 30px;'> <img style='width: 80%; height: auto; border: 1px solid rgba(150&comma;150&comma;150&comma;0.3); border-radius: 8px; margin: 0 auto;' src='https:\/\/ftp3.syscom.mx\/usuarios\/pnunez\/IDIS\/Imagenes%20ERP\/ACCESORIOSDR1323R.PNG' alt=''> <\/div>\n<p> <!-- Videos --> <\/p>\n<div style='display: flex; flex-wrap: wrap; gap: 20px; margin-bottom: 30px;'>\n<div style='position: relative; padding-bottom: 56.25%; height: 0; overflow: hidden; flex: 1 1 300px;'>   <\/div>\n<div style='position: relative; padding-bottom: 56.25%; height: 0; overflow: hidden; flex: 1 1 300px;'>   <\/div>\n<div style='position: relative; padding-bottom: 56.25%; height: 0; overflow: hidden; flex: 1 1 300px;'>   <\/div>\n<\/p><\/div>\n<p> <!-- Separador final --> <\/p>\n<hr style='border: 0; border-top: 1px solid rgba(150&comma;150&comma;150&comma;0.3); margin: 30px 0;'> <\/div>\n","protected":false},"excerpt":{"rendered":"<p>C\u00e1mara Domo IP 3 MP | Lente Varifical 3.3 &#8211; 10 mm | IR 20 m | PoE | Entrada y Salida de Alarma | Interior | Micro SD | Audio de Dos V\u00edas<\/p>\n","protected":false},"featured_media":119730,"comment_status":"open","ping_status":"closed","template":"","meta":[],"product_brand":[],"product_cat":[2056],"product_tag":[122,2057,2276],"class_list":{"0":"post-119731","1":"product","2":"type-product","3":"status-publish","4":"has-post-thumbnail","6":"product_cat-domo-eyeball-turret","7":"product_tag-camaras-ip-y-nvrs","8":"product_tag-domo-eyeball-turret","9":"product_tag-idis","11":"first","12":"outofstock","13":"sale","14":"shipping-taxable","15":"purchasable","16":"product-type-simple"},"_links":{"self":[{"href":"https:\/\/soydeaqui.ddns.net\/pachuca\/index.php\/wp-json\/wp\/v2\/product\/119731","targetHints":{"allow":["GET"]}}],"collection":[{"href":"https:\/\/soydeaqui.ddns.net\/pachuca\/index.php\/wp-json\/wp\/v2\/product"}],"about":[{"href":"https:\/\/soydeaqui.ddns.net\/pachuca\/index.php\/wp-json\/wp\/v2\/types\/product"}],"replies":[{"embeddable":true,"href":"https:\/\/soydeaqui.ddns.net\/pachuca\/index.php\/wp-json\/wp\/v2\/comments?post=119731"}],"wp:featuredmedia":[{"embeddable":true,"href":"https:\/\/soydeaqui.ddns.net\/pachuca\/index.php\/wp-json\/wp\/v2\/media\/119730"}],"wp:attachment":[{"href":"https:\/\/soydeaqui.ddns.net\/pachuca\/index.php\/wp-json\/wp\/v2\/media?parent=119731"}],"wp:term":[{"taxonomy":"product_brand","embeddable":true,"href":"https:\/\/soydeaqui.ddns.net\/pachuca\/index.php\/wp-json\/wp\/v2\/product_brand?post=119731"},{"taxonomy":"product_cat","embeddable":true,"href":"https:\/\/soydeaqui.ddns.net\/pachuca\/index.php\/wp-json\/wp\/v2\/product_cat?post=119731"},{"taxonomy":"product_tag","embeddable":true,"href":"https:\/\/soydeaqui.ddns.net\/pachuca\/index.php\/wp-json\/wp\/v2\/product_tag?post=119731"}],"curies":[{"name":"wp","href":"https:\/\/api.w.org\/{rel}","templated":true}]}}