{"id":119726,"date":"2026-03-24T05:23:33","date_gmt":"2026-03-24T05:23:33","guid":{"rendered":"https:\/\/soydeaqui.ddns.net\/pachuca\/index.php\/producto\/camara-ip-domo-antivandalico-calefactor-2mp-h265-lente-motorizado-varifocal-2-8-12mm-exterior-entrada-salida-de-audio-y-alarma-ir-20m-wdr-120db\/"},"modified":"2026-03-24T05:23:45","modified_gmt":"2026-03-24T05:23:45","slug":"camara-ip-domo-antivandalico-calefactor-2mp-h265-lente-motorizado-varifocal-2-8-12mm-exterior-entrada-salida-de-audio-y-alarma-ir-20m-wdr-120db","status":"publish","type":"product","link":"https:\/\/soydeaqui.ddns.net\/pachuca\/index.php\/producto\/camara-ip-domo-antivandalico-calefactor-2mp-h265-lente-motorizado-varifocal-2-8-12mm-exterior-entrada-salida-de-audio-y-alarma-ir-20m-wdr-120db\/","title":{"rendered":"C\u00e1mara IP Domo Antivand\u00e1lico | Calefactor 2MP (H265) | Lente MOTORIZADO Varifocal 2.8-12mm | Exterior | Entrada \/ Salida de Audio y Alarma | IR 20m | WDR 120dB"},"content":{"rendered":"<div style='width: 100%; max-width: 1200px; margin: 0 auto; font-family: sans-serif; line-height: 1.6; color: inherit; background-color: transparent;'> <!-- Im\u00e1genes --> <\/p>\n<div style='display: flex; flex-wrap: wrap; gap: 15px; margin-bottom: 30px;'>\n<div style='flex: 1 1 100%;'> <img style='width: 100%; height: auto; border: 1px solid rgba(150&comma;150&comma;150&comma;0.3); border-radius: 8px;' src='https:\/\/ftp3.syscom.mx\/usuarios\/fotos\/DCT4831HRXA\/196150-baner-proyectos.jpg' alt=''> <\/div>\n<div style='flex: 1 1 45%;'> <img style='width: 100%; height: auto; border: 1px solid rgba(150&comma;150&comma;150&comma;0.3); border-radius: 8px;' src='https:\/\/ftp3.syscom.mx\/usuarios\/adelatorre\/FTP\/IDIS\/IDIS-Home-Page-Banner.png' alt=''> <\/div>\n<div style='flex: 1 1 45%;'> <img style='width: 100%; height: auto; border: 1px solid rgba(150&comma;150&comma;150&comma;0.3); border-radius: 8px;' src='https:\/\/ftp3.syscom.mx\/usuarios\/adelatorre\/FTP\/IDIS\/IDIS-Intersec-2015.jpg' alt=''> <\/div>\n<\/p><\/div>\n<p> <!-- Caracter\u00edsticas generales --> <\/p>\n<div style='display: flex; flex-wrap: wrap; gap: 30px; margin-bottom: 30px;'>\n<div style='flex: 1 1 100%;'>\n<h3 style='font-size: 22px; border-bottom: 2px solid currentColor; padding-bottom: 5px; margin-top: 0; color: inherit; opacity: 0.8;'>Caracter\u00edsticas generales<\/h3>\n<ul style='padding-left: 20px; font-size: 15px; color: inherit;'>\n<li style='margin-bottom: 5px;'>CMOS 1\/3&#8242; Progressive Scan<\/li>\n<li style='margin-bottom: 5px;'>Resoluci\u00f3n: 1920 x 1080<\/li>\n<li style='margin-bottom: 5px;'>Modo de exploraci\u00f3n: Exploraci\u00f3n progresiva<\/li>\n<li style='margin-bottom: 5px;'><strong>Lente:<\/strong> motorizado varifocal 2.8 &#8211; 12mm&comma; F1= 1.3 a 2.5<\/li>\n<li style='margin-bottom: 5px;'>Control de iris: P-Iris<\/li>\n<li style='margin-bottom: 5px;'>M\u00edn. Iluminaci\u00f3n: 0.01 lux color&comma; 0 lux B\/N (IR LED encendido)<\/li>\n<li style='margin-bottom: 5px;'>S\/N Ratio: m\u00e1s de 45dB<\/li>\n<li style='margin-bottom: 5px;'><strong>Rango din\u00e1mico:<\/strong> 120dB (True WDR)<\/li>\n<li style='margin-bottom: 5px;'>D\u00eda y Noche: filtro de corte IR con detector magn\u00e9tico<\/li>\n<li style='margin-bottom: 5px;'><strong>Distancia IR (LED):<\/strong> 20m<\/li>\n<li style='margin-bottom: 5px;'>Compensaci\u00f3n de contraluz: Encendido\/Apagado\/HSBLC<\/li>\n<li style='margin-bottom: 5px;'>Estabilizador de imagen: DIS<\/li>\n<li style='margin-bottom: 5px;'>8 zonas de enmascaramiento de privacidad<\/li>\n<li style='margin-bottom: 5px;'>V\u00eddeo de detecci\u00f3n de movimiento&comma; alarma antimanipulaci\u00f3n activa&comma; Zona de viaje<\/li>\n<li style='margin-bottom: 5px;'>Salida de v\u00eddeo auxiliar en BNC<\/li>\n<li style='margin-bottom: 5px;'><strong>Resistencia al vandalismo<\/strong><\/li>\n<li style='margin-bottom: 5px;'><strong>Norma IP66 para intemperie<\/strong><\/li>\n<li style='margin-bottom: 5px;'>Temperatura de operaci\u00f3n: -40\u00b0C a 50\u00b0C<\/li>\n<li style='margin-bottom: 5px;'>Alimentaci\u00f3n: 12 VCC&comma; PoE(802.3af)<\/li>\n<li style='margin-bottom: 5px;'>Consumo de energ\u00eda: TBD<\/li>\n<li style='margin-bottom: 5px;'>Aprobaci\u00f3n: FCC&comma; CE&comma; KC<\/li>\n<li style='margin-bottom: 5px;'>Dimensiones: 155mm (di\u00e1metro) x 111.5mm (altura)<\/li>\n<li style='margin-bottom: 5px;'>Peso: 0&comma;9 kg<\/li>\n<\/ul><\/div>\n<\/p><\/div>\n<p> <!-- Funciones de red y notificaciones de eventos --> <\/p>\n<div style='display: flex; flex-wrap: wrap; gap: 30px; margin-bottom: 30px;'>\n<div style='flex: 1 1 100%;'>\n<h3 style='font-size: 22px; border-bottom: 2px solid currentColor; padding-bottom: 5px; margin-top: 0; color: inherit; opacity: 0.8;'>Funciones de red y notificaciones de eventos<\/h3>\n<ul style='padding-left: 20px; font-size: 15px; color: inherit;'>\n<li style='margin-bottom: 5px;'>Compresi\u00f3n de v\u00eddeo: H.264 (MP)&comma; M-JPEG&comma; H.265<\/li>\n<li style='margin-bottom: 5px;'>Control de Calidad: H.264 &#8211; CBR \/ VBR&comma; H.265 &#8211; CBR \/ VBR<\/li>\n<li style='margin-bottom: 5px;'>M\u00e1x. Velocidad de cuadros: 60 fps: 1920 x 1080&comma; 30fps: 1920 x 1080 (WDR)<\/li>\n<li style='margin-bottom: 5px;'>Compresi\u00f3n de audio: G.726&comma; G.711<\/li>\n<li style='margin-bottom: 5px;'><strong>Audio de 2 v\u00edas (entrada\/salida)<\/strong><\/li>\n<li style='margin-bottom: 5px;'>Protocolos de autoconexi\u00f3n IP Direct IP y ONVIF Perfil S<\/li>\n<li style='margin-bottom: 5px;'>stream Cu\u00e1druple (Direct IP)<\/li>\n<li style='margin-bottom: 5px;'>Protocolos: RTP \/ RTSP \/ TCP&comma; RTP \/ RTSP \/ HTTP \/ TCP&comma; RTP \/ UDP RTSP \/ TCP&comma; HTTP&comma; HTTPS&comma; FTP&comma; SNTP&comma; SMTP&comma; FEN&comma; mDNS&comma; UPnP<\/li>\n<li style='margin-bottom: 5px;'>Borde de almacenamiento: micro SD\/SDHC\/SDXC<\/li>\n<li style='margin-bottom: 5px;'>Activaci\u00f3n de evento por detecci\u00f3n: movimiento&comma; videoan\u00e1lisis (tripZone)<\/li>\n<li style='margin-bottom: 5px;'>Hasta 60 MB de bit\u00e1cora de eventos<\/li>\n<li style='margin-bottom: 5px;'>Notificaciones v\u00eda software remoto y por e-mail (con imagen)<\/li>\n<\/ul><\/div>\n<\/p><\/div>\n<p> <!-- Garant\u00eda --> <\/p>\n<div style='display: flex; flex-wrap: wrap; gap: 30px; margin-bottom: 30px;'>\n<div style='flex: 1 1 100%;'>\n<h3 style='font-size: 22px; border-bottom: 2px solid currentColor; padding-bottom: 5px; margin-top: 0; color: inherit; opacity: 0.8;'>Garant\u00eda<\/h3>\n<p style='font-size: 15px; color: inherit;'>Garant\u00eda 3 a\u00f1os&comma; para obtener la garant\u00eda de 7 a\u00f1os registra el producto enviando el archivo:<\/p>\n<p style='font-size: 15px; color: inherit;'><a href='https:\/\/drive.google.com\/file\/d\/1OVydNSZsN1TN9W9UWlRuYBhNrUyfAWiB\/view?usp=sharing' target='_blank' rel='nofollow noreferrer noopener' style='color: inherit; text-decoration: underline;'>https:\/\/drive.google.com\/file\/d\/1OVydNSZsN1TN9W9UWlRuYBhNrUyfAWiB\/view?usp=sharing<\/a><\/p>\n<p style='font-size: 15px; color: inherit; margin-top: 15px;'><strong>Enviar a Correo:<\/strong> <a href='mailto:perla.nunez@syscom.mx' target='_blank' rel='nofollow noreferrer noopener' style='color: inherit; text-decoration: underline;'>perla.nunez@syscom.mx<\/a><\/p>\n<\/p><\/div>\n<\/p><\/div>\n<p> <!-- Video --> <\/p>\n<div style='margin-bottom: 30px;'>\n<div style='position: relative; padding-bottom: 56.25%; height: 0; overflow: hidden; margin-bottom: 30px;'>   <\/div>\n<\/p><\/div>\n<\/p><\/div>\n","protected":false},"excerpt":{"rendered":"<p>C\u00e1mara IP Domo Antivand\u00e1lico | Calefactor 2MP (H265) | Lente MOTORIZADO Varifocal 2.8-12mm | Exterior | Entrada \/ Salida de Audio y Alarma | IR 20m | WDR 120dB<\/p>\n","protected":false},"featured_media":119725,"comment_status":"open","ping_status":"closed","template":"","meta":[],"product_brand":[],"product_cat":[2056],"product_tag":[122,2057,2276],"class_list":{"0":"post-119726","1":"product","2":"type-product","3":"status-publish","4":"has-post-thumbnail","6":"product_cat-domo-eyeball-turret","7":"product_tag-camaras-ip-y-nvrs","8":"product_tag-domo-eyeball-turret","9":"product_tag-idis","11":"first","12":"outofstock","13":"sale","14":"shipping-taxable","15":"purchasable","16":"product-type-simple"},"_links":{"self":[{"href":"https:\/\/soydeaqui.ddns.net\/pachuca\/index.php\/wp-json\/wp\/v2\/product\/119726","targetHints":{"allow":["GET"]}}],"collection":[{"href":"https:\/\/soydeaqui.ddns.net\/pachuca\/index.php\/wp-json\/wp\/v2\/product"}],"about":[{"href":"https:\/\/soydeaqui.ddns.net\/pachuca\/index.php\/wp-json\/wp\/v2\/types\/product"}],"replies":[{"embeddable":true,"href":"https:\/\/soydeaqui.ddns.net\/pachuca\/index.php\/wp-json\/wp\/v2\/comments?post=119726"}],"wp:featuredmedia":[{"embeddable":true,"href":"https:\/\/soydeaqui.ddns.net\/pachuca\/index.php\/wp-json\/wp\/v2\/media\/119725"}],"wp:attachment":[{"href":"https:\/\/soydeaqui.ddns.net\/pachuca\/index.php\/wp-json\/wp\/v2\/media?parent=119726"}],"wp:term":[{"taxonomy":"product_brand","embeddable":true,"href":"https:\/\/soydeaqui.ddns.net\/pachuca\/index.php\/wp-json\/wp\/v2\/product_brand?post=119726"},{"taxonomy":"product_cat","embeddable":true,"href":"https:\/\/soydeaqui.ddns.net\/pachuca\/index.php\/wp-json\/wp\/v2\/product_cat?post=119726"},{"taxonomy":"product_tag","embeddable":true,"href":"https:\/\/soydeaqui.ddns.net\/pachuca\/index.php\/wp-json\/wp\/v2\/product_tag?post=119726"}],"curies":[{"name":"wp","href":"https:\/\/api.w.org\/{rel}","templated":true}]}}