{"id":119719,"date":"2026-03-24T05:23:08","date_gmt":"2026-03-24T05:23:08","guid":{"rendered":"https:\/\/soydeaqui.ddns.net\/pachuca\/index.php\/producto\/caja-de-analiticos-idis-de-video-en-red-mapa-de-calor-conteo-de-personas-y-control-de-filas-mas-analizador-de-analiticos-incluido-requiere-nvrs-idis-series-dr63xx-23xx\/"},"modified":"2026-03-24T05:23:22","modified_gmt":"2026-03-24T05:23:22","slug":"caja-de-analiticos-idis-de-video-en-red-mapa-de-calor-conteo-de-personas-y-control-de-filas-mas-analizador-de-analiticos-incluido-requiere-nvrs-idis-series-dr63xx-23xx","status":"publish","type":"product","link":"https:\/\/soydeaqui.ddns.net\/pachuca\/index.php\/producto\/caja-de-analiticos-idis-de-video-en-red-mapa-de-calor-conteo-de-personas-y-control-de-filas-mas-analizador-de-analiticos-incluido-requiere-nvrs-idis-series-dr63xx-23xx\/","title":{"rendered":"Caja de anal\u00edticos IDIS de video en RED:  Mapa de Calor, Conteo de Personas y Control de Filas mas analizador de analiticos incluido (Requiere NVRS IDIS Series DR63xx, 23xx)"},"content":{"rendered":"<div style='width: 100%; max-width: 1200px; margin: 0 auto; font-family: sans-serif; line-height: 1.6; color: inherit; background-color: transparent;'> <!-- Banner principal --> <\/p>\n<div style='width: 100%; margin-bottom: 30px;'> <img style='width: 100%; height: auto; border: 1px solid rgba(150&comma;150&comma;150&comma;0.3); border-radius: 8px;' src='https:\/\/ftp3.syscom.mx\/usuarios\/fotos\/DCT4831HRXA\/196150-baner-proyectos.jpg' alt='Banner principal'> <\/div>\n<p> <!-- Secci\u00f3n principal con dos columnas --> <\/p>\n<div style='display: flex; flex-wrap: wrap; gap: 30px; margin-bottom: 30px;'> <!-- Columna 1 - Anal\u00edticas soportadas --> <\/p>\n<div style='flex: 1 1 400px; min-width: 300px;'>\n<div style='border-left: 5px solid #0093A3; border-radius: 8px; padding: 15px; box-shadow: 2px 2px 10px rgba(150&comma;150&comma;150&comma;0.3); height: 100%;'>\n<h2 style='font-size: 24px; margin-top: 0; color: inherit; opacity: 0.85;'>Anal\u00edticas soportadas<\/h2>\n<ul style='padding-left: 20px; font-size: 15px; color: inherit;'>\n<li style='margin-bottom: 15px; text-align: justify;'> <strong>Conteo de personas:<\/strong><br \/> Contar&comma; rastrear y analizar clientes. Evaluar la rentabilidad de su tienda mediante el registro autom\u00e1tico del n\u00famero de visitantes y adoptando las medidas pertinentes <\/li>\n<li style='margin-bottom: 15px; text-align: justify;'> <strong>Mapa de calor:<\/strong><br \/> La herramienta se basa precisamente en fijar los puntos calientes y fr\u00edos de nuestra tienda. De esta forma podemos saber en cada momento c\u00f3mo se comportan los clientes y cu\u00e1les son las zonas m\u00e1s concurrentes y poder colocar en las \u00e1reas los productos que quieran vender as\u00ed como las promociones de la tienda. <\/li>\n<li style='margin-bottom: 15px; text-align: justify;'> <strong>Control de filas:<\/strong><br \/> Administrar y mejorar la satisfacci\u00f3n del cliente abriendo y cerrando las cajas de venta apropiadas de acuerdo al n\u00famero de personas en el lugar. Todo esto a trav\u00e9s de notificaciones por una alarma y permite a la empresa dar un servicio m\u00e1s r\u00e1pido y efectivo. <\/li>\n<li style='text-align: justify;'> <strong>An\u00e1lisis de reportes:<\/strong><br \/> Informaci\u00f3n m\u00e1s valiosa que videovigilancia. An\u00e1lisis peri\u00f3dicos a trav\u00e9s del software &#8216;Reporte VA&#8217; permite tener informaci\u00f3n a detalle en horas\/d\u00edas\/semanas\/meses simplemente colocando la fecha y hora. La informaci\u00f3n del conteo de personas&comma; control de filas y mapa de calor puede ser analizadas individualmente o colectivamente. <\/li>\n<\/ul><\/div>\n<\/p><\/div>\n<p> <!-- Columna 2 - Caracter\u00edsticas --> <\/p>\n<div style='flex: 1 1 400px; min-width: 300px;'>\n<div style='border-left: 5px solid #0093A3; border-radius: 8px; padding: 15px; box-shadow: 2px 2px 10px rgba(150&comma;150&comma;150&comma;0.3); height: 100%;'>\n<h2 style='font-size: 24px; margin-top: 0; color: inherit; opacity: 0.85;'>Caracter\u00edsticas<\/h2>\n<div style='margin-bottom: 20px;'> <img style='width: 100%; max-width: 429px; height: auto; border: 1px solid rgba(150&comma;150&comma;150&comma;0.3); border-radius: 8px;' src='https:\/\/ftp3.syscom.mx\/usuarios\/albamaria\/albamaria\/IDIS\/camaras\/NVR\/DV11014.jpg' alt='Producto'> <\/div>\n<ul style='padding-left: 20px; font-size: 15px; color: inherit;'>\n<li style='margin-bottom: 8px;'><strong>Decodificador<\/strong><\/li>\n<li style='margin-bottom: 8px;'>Compresi\u00f3n de v\u00eddeo H.264&comma; H.265<\/li>\n<li style='margin-bottom: 8px;'>Entradas de v\u00eddeo IP de 4 canales<\/li>\n<li style='margin-bottom: 8px;'>Dispositivos compatibles DirectIP NVR<\/li>\n<li style='margin-bottom: 8px;'>M\u00e1x. Rendimiento de red 20 Mbps<\/li>\n<li style='margin-bottom: 8px;'>Conexi\u00f3n Network Gigabit Ethernet x 1<\/li>\n<li style='margin-bottom: 8px;'><strong>General<\/strong><\/li>\n<li style='margin-bottom: 8px;'>Dimensi\u00f3n (An. x Al. x Pr.) 200 mm x 44 mm x 153 mm<\/li>\n<li style='margin-bottom: 8px;'>Peso de la unidad 0&comma;74 kg<\/li>\n<li style='margin-bottom: 8px;'>Temperatura de funcionamiento 0 \u00b0C a 40 \u00b0C<\/li>\n<li style='margin-bottom: 8px;'>PoE (clase) S\u00ed (IEEE 802.3af Clase 3)<\/li>\n<li style='margin-bottom: 8px;'>Fuente de alimentaci\u00f3n 12 VCC&comma; PoE<\/li>\n<li style='margin-bottom: 8px;'>Consumo de energ\u00eda 12V=&comma; 0.55A&comma; 6.6W<\/li>\n<li style='margin-bottom: 8px;'>Aprobaciones FCC&comma; CE&comma; KC<\/li>\n<\/ul><\/div>\n<\/p><\/div>\n<\/p><\/div>\n<p> <!-- Imagen adicional --> <\/p>\n<div style='width: 100%; margin: 30px 0;'> <img style='width: 80%; height: auto; border: 1px solid rgba(150&comma;150&comma;150&comma;0.3); border-radius: 8px; display: block; margin: 0 auto;' src='https:\/\/ftp3.syscom.mx\/usuarios\/albamaria\/albamaria\/IDIS\/camaras\/NVR\/DV11014%20foto.png' alt='Producto detalle'> <\/div>\n<p> <!-- V\u00eddeos de YouTube --> <\/p>\n<div style='display: flex; flex-wrap: wrap; gap: 20px; justify-content: center; margin-bottom: 30px;'>\n<div style='flex: 1 1 300px; min-width: 280px;'>\n<div style='position: relative; padding-bottom: 56.25%; height: 0; overflow: hidden; margin-bottom: 30px;'>   <\/div>\n<\/p><\/div>\n<div style='flex: 1 1 300px; min-width: 280px;'>\n<div style='position: relative; padding-bottom: 56.25%; height: 0; overflow: hidden; margin-bottom: 30px;'>   <\/div>\n<\/p><\/div>\n<div style='flex: 1 1 300px; min-width: 280px;'>\n<div style='position: relative; padding-bottom: 56.25%; height: 0; overflow: hidden; margin-bottom: 30px;'>   <\/div>\n<\/p><\/div>\n<\/p><\/div>\n<\/p><\/div>\n","protected":false},"excerpt":{"rendered":"<p>Caja de anal\u00edticos IDIS de video en RED:  Mapa de Calor, Conteo de Personas y Control de Filas mas analizador de analiticos incluido (Requiere NVRS IDIS Series DR63xx, 23xx)<\/p>\n","protected":false},"featured_media":119718,"comment_status":"open","ping_status":"closed","template":"","meta":[],"product_brand":[],"product_cat":[2234],"product_tag":[122,2276,2235],"class_list":{"0":"post-119719","1":"product","2":"type-product","3":"status-publish","4":"has-post-thumbnail","6":"product_cat-nvrs-network-video-recorders","7":"product_tag-camaras-ip-y-nvrs","8":"product_tag-idis","9":"product_tag-nvrs-network-video-recorders","11":"first","12":"outofstock","13":"sale","14":"shipping-taxable","15":"purchasable","16":"product-type-simple"},"_links":{"self":[{"href":"https:\/\/soydeaqui.ddns.net\/pachuca\/index.php\/wp-json\/wp\/v2\/product\/119719","targetHints":{"allow":["GET"]}}],"collection":[{"href":"https:\/\/soydeaqui.ddns.net\/pachuca\/index.php\/wp-json\/wp\/v2\/product"}],"about":[{"href":"https:\/\/soydeaqui.ddns.net\/pachuca\/index.php\/wp-json\/wp\/v2\/types\/product"}],"replies":[{"embeddable":true,"href":"https:\/\/soydeaqui.ddns.net\/pachuca\/index.php\/wp-json\/wp\/v2\/comments?post=119719"}],"wp:featuredmedia":[{"embeddable":true,"href":"https:\/\/soydeaqui.ddns.net\/pachuca\/index.php\/wp-json\/wp\/v2\/media\/119718"}],"wp:attachment":[{"href":"https:\/\/soydeaqui.ddns.net\/pachuca\/index.php\/wp-json\/wp\/v2\/media?parent=119719"}],"wp:term":[{"taxonomy":"product_brand","embeddable":true,"href":"https:\/\/soydeaqui.ddns.net\/pachuca\/index.php\/wp-json\/wp\/v2\/product_brand?post=119719"},{"taxonomy":"product_cat","embeddable":true,"href":"https:\/\/soydeaqui.ddns.net\/pachuca\/index.php\/wp-json\/wp\/v2\/product_cat?post=119719"},{"taxonomy":"product_tag","embeddable":true,"href":"https:\/\/soydeaqui.ddns.net\/pachuca\/index.php\/wp-json\/wp\/v2\/product_tag?post=119719"}],"curies":[{"name":"wp","href":"https:\/\/api.w.org\/{rel}","templated":true}]}}