{"id":119717,"date":"2026-03-24T05:23:00","date_gmt":"2026-03-24T05:23:00","guid":{"rendered":"https:\/\/soydeaqui.ddns.net\/pachuca\/index.php\/producto\/camara-ptz-ip-antivandalica-4k-20x-zoom-optico-ip66-auto-tracking-h-265-wisestream\/"},"modified":"2026-03-24T05:23:03","modified_gmt":"2026-03-24T05:23:03","slug":"camara-ptz-ip-antivandalica-4k-20x-zoom-optico-ip66-auto-tracking-h-265-wisestream","status":"publish","type":"product","link":"https:\/\/soydeaqui.ddns.net\/pachuca\/index.php\/producto\/camara-ptz-ip-antivandalica-4k-20x-zoom-optico-ip66-auto-tracking-h-265-wisestream\/","title":{"rendered":"C\u00e1mara PTZ IP antivand\u00e1lica 4K \/ 20x Zoom \u00d3ptico \/ IP66 \/ Auto tracking \/ H.265 &#038; WiseStream"},"content":{"rendered":"<div style='width: 100%; max-width: 1200px; margin: 0 auto; font-family: sans-serif; line-height: 1.6; color: inherit; background-color: transparent;'>\n<div style='display: flex; flex-wrap: wrap; gap: 30px; margin-bottom: 30px;'>\n<div style='flex: 1 1 300px; min-width: 280px;'>\n<h3 style='font-size: 22px; border-bottom: 2px solid currentColor; padding-bottom: 5px; margin-top: 0; color: inherit; opacity: 0.8;'>Caracter\u00edsticas principales<\/h3>\n<ul style='padding-left: 20px; font-size: 15px; color: inherit;'>\n<li style='margin-bottom: 5px;'>Resoluci\u00f3n m\u00e1x. 8 M (3840 x 2160)<\/li>\n<li style='margin-bottom: 5px;'>4K aut\u00e9ntico 20x zoom \u00f3ptico con IR corregido&comma; zoom digital (16x)<\/li>\n<li style='margin-bottom: 5px;'>Veloc. m\u00e1x. posiciones predefinidas 400\u00b0\/s (desplazamiento)&comma; 300\u00b0\/s (inclinaci\u00f3n)<\/li>\n<li style='margin-bottom: 5px;'>Compatible con los c\u00f3decs H.265&comma; H.264 y MJPEG&comma; compatible con WiseStream<\/li>\n<li style='margin-bottom: 5px;'>M\u00e1x.30 ips a 4K (H.265&comma; H.264)<\/li>\n<li style='margin-bottom: 5px;'>Longitud m\u00e1x. visible IR: 200m<\/li>\n<li style='margin-bottom: 5px;'>D\u00eda\/Noche (ICR) y WDR (120 dB)<\/li>\n<li style='margin-bottom: 5px;'>Seguimiento autom\u00e1tico y an\u00e1lisis de v\u00eddeo inteligente<\/li>\n<li style='margin-bottom: 5px;'>Ranura para tarjetas de memoria SD&comma; SDHC y SDXC (m\u00e1x. 128 GB)<\/li>\n<li style='margin-bottom: 5px;'>IP66&comma; IK10 y compatible con audio bidireccional<\/li>\n<li style='margin-bottom: 5px;'><strong>Se pueden mandar datos a trav\u00e9s de fibra \u00f3ptica utilizando el modelo <a href='https:\/\/www.syscom.mx\/producto\/SBP302HF-SAMSUNG_WISENET%20(HANWHA)-158595.html' style='color: #3498db; text-decoration: underline;'>SBP-302-HF<\/a>.<\/strong><\/li>\n<\/ul><\/div>\n<\/p><\/div>\n<hr style='border: 0; border-top: 1px solid rgba(150&comma; 150&comma; 150&comma; 0.3); margin: 30px 0;'>\n<div style='display: flex; flex-wrap: wrap; gap: 30px; margin-bottom: 30px;'>\n<div style='flex: 1 1 300px; min-width: 280px;'>\n<div style='border: 1px solid rgba(150&comma; 150&comma; 150&comma; 0.4); border-radius: 8px; overflow: hidden; display: flex; flex-direction: column;'>\n<div style='padding: 15px; border-bottom: 1px solid rgba(150&comma; 150&comma; 150&comma; 0.2); font-weight: bold; font-size: 18px; color: inherit;'>3 A\u00f1os de garantia<\/div>\n<div style='padding: 15px; color: inherit;'>\n<p style='margin: 0; font-size: 15px;'>Garant\u00eda extendida para mayor tranquilidad<\/p>\n<\/p><\/div>\n<\/p><\/div>\n<\/p><\/div>\n<\/p><\/div>\n<hr style='border: 0; border-top: 1px solid rgba(150&comma; 150&comma; 150&comma; 0.3); margin: 30px 0;'>\n<div style='display: flex; flex-wrap: wrap; gap: 30px; margin-bottom: 30px;'>\n<div style='flex: 1 1 300px; min-width: 280px;'>\n<div style='border: 1px solid rgba(150&comma; 150&comma; 150&comma; 0.4); border-radius: 8px; overflow: hidden; display: flex; flex-direction: column;'>\n<div style='padding: 15px; border-bottom: 1px solid rgba(150&comma; 150&comma; 150&comma; 0.2); font-weight: bold; font-size: 18px; color: inherit;'>Recomendaciones de instalaci\u00f3n<\/div>\n<div style='padding: 15px; color: inherit;'>\n<p style='margin: 0 0 15px 0; font-size: 15px;'> <span style='color: #e74c3c; font-weight: bold;'>Nota:<\/span> Para una instalaci\u00f3n adecuada de c\u00e1maras PTZ en exterior&comma; recomendamos: <\/p>\n<ul style='padding-left: 20px; font-size: 15px; color: inherit;'>\n<li style='margin-bottom: 5px;'>Revisar las recomendaciones t\u00e9cnicas<\/li>\n<li style='margin-bottom: 5px;'>Consultar el manual de instalaci\u00f3n<\/li>\n<li style='margin-bottom: 5px;'><a href='https:\/\/soporte.syscom.mx\/es\/articles\/3927012-hanwha-recomendaciones-y-partes-para-instalacion-adecuada-de-una-camara-ptz-en-exterior' style='color: #3498db; text-decoration: underline;'>Gu\u00eda de instalaci\u00f3n de c\u00e1maras PTZ en exterior<\/a><\/li>\n<\/ul><\/div>\n<\/p><\/div>\n<\/p><\/div>\n<\/p><\/div>\n<\/p><\/div>\n","protected":false},"excerpt":{"rendered":"<p>C\u00e1mara PTZ IP antivand\u00e1lica 4K \/ 20x Zoom \u00d3ptico \/ IP66 \/ Auto tracking \/ H.265 &#038; WiseStream<\/p>\n","protected":false},"featured_media":119716,"comment_status":"open","ping_status":"closed","template":"","meta":[],"product_brand":[],"product_cat":[1224],"product_tag":[122,1055,1225],"class_list":{"0":"post-119717","1":"product","2":"type-product","3":"status-publish","4":"has-post-thumbnail","6":"product_cat-ptz","7":"product_tag-camaras-ip-y-nvrs","8":"product_tag-hanwha-vision","9":"product_tag-ptz","11":"first","12":"outofstock","13":"sale","14":"shipping-taxable","15":"purchasable","16":"product-type-simple"},"_links":{"self":[{"href":"https:\/\/soydeaqui.ddns.net\/pachuca\/index.php\/wp-json\/wp\/v2\/product\/119717","targetHints":{"allow":["GET"]}}],"collection":[{"href":"https:\/\/soydeaqui.ddns.net\/pachuca\/index.php\/wp-json\/wp\/v2\/product"}],"about":[{"href":"https:\/\/soydeaqui.ddns.net\/pachuca\/index.php\/wp-json\/wp\/v2\/types\/product"}],"replies":[{"embeddable":true,"href":"https:\/\/soydeaqui.ddns.net\/pachuca\/index.php\/wp-json\/wp\/v2\/comments?post=119717"}],"wp:featuredmedia":[{"embeddable":true,"href":"https:\/\/soydeaqui.ddns.net\/pachuca\/index.php\/wp-json\/wp\/v2\/media\/119716"}],"wp:attachment":[{"href":"https:\/\/soydeaqui.ddns.net\/pachuca\/index.php\/wp-json\/wp\/v2\/media?parent=119717"}],"wp:term":[{"taxonomy":"product_brand","embeddable":true,"href":"https:\/\/soydeaqui.ddns.net\/pachuca\/index.php\/wp-json\/wp\/v2\/product_brand?post=119717"},{"taxonomy":"product_cat","embeddable":true,"href":"https:\/\/soydeaqui.ddns.net\/pachuca\/index.php\/wp-json\/wp\/v2\/product_cat?post=119717"},{"taxonomy":"product_tag","embeddable":true,"href":"https:\/\/soydeaqui.ddns.net\/pachuca\/index.php\/wp-json\/wp\/v2\/product_tag?post=119717"}],"curies":[{"name":"wp","href":"https:\/\/api.w.org\/{rel}","templated":true}]}}