{"id":11971,"date":"2026-03-18T07:57:28","date_gmt":"2026-03-18T07:57:28","guid":{"rendered":"https:\/\/soydeaqui.ddns.net\/pachuca\/index.php\/producto\/gabinete-para-montaje-en-pared-puerta-de-cristal-templado-cuerpo-fijo-con-rack-19-de-16-unidades\/"},"modified":"2026-03-18T07:57:28","modified_gmt":"2026-03-18T07:57:28","slug":"gabinete-para-montaje-en-pared-puerta-de-cristal-templado-cuerpo-fijo-con-rack-19-de-16-unidades","status":"publish","type":"product","link":"https:\/\/soydeaqui.ddns.net\/pachuca\/index.php\/producto\/gabinete-para-montaje-en-pared-puerta-de-cristal-templado-cuerpo-fijo-con-rack-19-de-16-unidades\/","title":{"rendered":"Gabinete para Montaje en Pared, Puerta de Cristal Templado, Cuerpo Fijo con Rack 19&#8243; de 16 Unidades"},"content":{"rendered":"<div style='width: 100%; max-width: 1200px; margin: 0 auto; font-family: sans-serif; line-height: 1.6; color: inherit; background-color: transparent;'> <!-- Imagen principal --> <img style='width: 100%; height: auto; border: 1px solid rgba(150&comma;150&comma;150&comma;0.3); border-radius: 8px; margin-bottom: 30px;' src='https:\/\/ftp3.syscom.mx\/usuarios\/fotos\/web_img\/web_banners\/gabinetes-linkedpro.jpg' alt='Gabinete para Montaje en Pared'> <!-- Secci\u00f3n de caracter\u00edsticas con grid --> <\/p>\n<div style='display: grid; grid-template-columns: repeat(auto-fit&comma; minmax(280px&comma; 1fr)); gap: 30px; margin-bottom: 30px;'> <!-- Caracter\u00edsticas destacadas --> <\/p>\n<div>\n<h3 style='font-size: 22px; border-bottom: 2px solid currentColor; padding-bottom: 5px; margin-top: 0; color: inherit; opacity: 0.8;'>Caracter\u00edsticas Destacadas<\/h3>\n<ul style='padding-left: 20px; font-size: 15px; color: inherit;'>\n<li style='margin-bottom: 5px;'>Tipo de Instalaci\u00f3n: Pared.<\/li>\n<li style='margin-bottom: 5px;'>Ventana de cristal templado.<\/li>\n<li style='margin-bottom: 5px;'>Laterales desmontables.<\/li>\n<li style='margin-bottom: 5px;'>Los 4 Postes racks se pueden acercar o retirar para una mejor instalaci\u00f3n de equipo.<\/li>\n<li style='margin-bottom: 5px;'>Chapa de seguridad en Puerta.<\/li>\n<li style='margin-bottom: 5px;'>Puerta desmontable y opci\u00f3n de cambio de sentido de apertura.<\/li>\n<li style='margin-bottom: 5px;'>Preparaci\u00f3n para 1 o 2 ventiladores simples (<a href='https:\/\/www.syscom.mx\/principal\/searchcont?route=LP-VENT-BASIC-LINKEDPRO-189161&#038;autodetect=lpvent01' style='color: inherit; text-decoration: underline;'>LP-VENT-BASIC<\/a>) o 1 doble (<a href='https:\/\/www.syscom.mx\/principal\/searchcont?route=LP-VENT-02V2-LINKEDPRO-174680&#038;autodetect=lpvent' style='color: inherit; text-decoration: underline;'>LP-VENT-02V2<\/a>)<\/li>\n<li style='margin-bottom: 5px;'>Env\u00edo desarmado.<\/li>\n<\/ul><\/div>\n<p> <!-- Aplicaci\u00f3n e Incluye --> <\/p>\n<div>\n<h3 style='font-size: 22px; border-bottom: 2px solid currentColor; padding-bottom: 5px; margin-top: 0; color: inherit; opacity: 0.8;'>Aplicaci\u00f3n<\/h3>\n<ul style='padding-left: 20px; font-size: 15px; color: inherit;'>\n<li style='margin-bottom: 5px;'>Sistemas de Videovigilancia.<\/li>\n<li style='margin-bottom: 5px;'>Unidades de respaldo.<\/li>\n<li style='margin-bottom: 5px;'>Distribuci\u00f3n de servicios de internet.<\/li>\n<li style='margin-bottom: 5px;'>Radiocomunicaci\u00f3n en dos v\u00edas.<\/li>\n<li style='margin-bottom: 5px;'>Radiocomunicaci\u00f3n.<\/li>\n<li style='margin-bottom: 5px;'>Administraci\u00f3n de cableado de cobre y fibra.<\/li>\n<\/ul>\n<h3 style='font-size: 22px; border-bottom: 2px solid currentColor; padding-bottom: 5px; margin-top: 25px; color: inherit; opacity: 0.8;'>El Equipo incluye<\/h3>\n<ul style='padding-left: 20px; font-size: 15px; color: inherit;'>\n<li style='margin-bottom: 5px;'>Cuerpo met\u00e1lico (tapas&comma; laterales&comma; postes racks)<\/li>\n<li style='margin-bottom: 5px;'>Torniller\u00eda negra para armado.<\/li>\n<li style='margin-bottom: 5px;'>Torniller\u00eda para instalaci\u00f3n de 3 equipos en postes rack (12 tuercas enjauladas y 12 tornillos + arandela).<\/li>\n<li style='margin-bottom: 5px;'>Manual de usuario + garant\u00eda.<\/li>\n<li style='margin-bottom: 5px;'>Empaque.<\/li>\n<\/ul><\/div>\n<p> <!-- Caracter\u00edsticas f\u00edsicas --> <\/p>\n<div>\n<h3 style='font-size: 22px; border-bottom: 2px solid currentColor; padding-bottom: 5px; margin-top: 0; color: inherit; opacity: 0.8;'>Caracter\u00edsticas F\u00edsicas<\/h3>\n<ul style='padding-left: 20px; font-size: 15px; color: inherit;'>\n<li style='margin-bottom: 5px;'>Aplicaci\u00f3n: Interior.<\/li>\n<li style='margin-bottom: 5px;'>Acero de primera calidad.<\/li>\n<li style='margin-bottom: 5px;'>Fabricado de acuerdo a ANSI\/TIA RS-310-D.<\/li>\n<li style='margin-bottom: 5px;'>Peso: 25 Kg (sin embalaje).<\/li>\n<li style='margin-bottom: 5px;'>Capacidad de carga: 100 Kg.<\/li>\n<li style='margin-bottom: 5px;'>Dimensiones: 600 x 799 x 535 mm (Ancho x Alto x Profundidad).<\/li>\n<li style='margin-bottom: 5px;'>Unidades Rack: 16<\/li>\n<li style='margin-bottom: 5px;'>Profundidad de trabajo max.: 430 mm (rack frontal a rack trasero)<\/li>\n<li style='margin-bottom: 5px;'>Profundidad a tope: 469 mm (rack frontal a tope en fronto).<\/li>\n<li style='margin-bottom: 5px;'>Color: Negro semi mate.<\/li>\n<li style='margin-bottom: 5px;'>Pintura por proceso de horneado base poli\u00e9ster.<\/li>\n<li style='margin-bottom: 5px;'>No tiene preparaci\u00f3n para uso en piso (no compatibles con ruedas).<\/li>\n<\/ul>\n<p style='margin-top: 20px;'><a href='https:\/\/ftp3.syscom.mx\/usuarios\/ftp\/2020\/03\/18\/d3d20\/SR19XXGFP%20HOJA%20DE%20ESPECIFICACIONES.PDF' style='color: inherit; text-decoration: underline;'>Ver m\u00e1s caracter\u00edsticas t\u00e9cnicas.<\/a><\/p>\n<p><a href='https:\/\/ftp3.syscom.mx\/usuarios\/ftp\/2019\/12\/13\/95a83\/SR19XXGFP%20MANUAL%20DE%20USUARIO.PDF' style='color: inherit; text-decoration: underline;'>Ver Manual de Usuario.<\/a><\/p>\n<\/p><\/div>\n<\/p><\/div>\n<p> <!-- Videos de instalaci\u00f3n --> <\/p>\n<div style='margin-bottom: 30px;'>\n<h3 style='font-size: 22px; border-bottom: 2px solid currentColor; padding-bottom: 5px; margin-top: 0; color: inherit; opacity: 0.8;'>Videos de Instalaci\u00f3n<\/h3>\n<div style='margin-top: 20px;'>\n<p style='font-size: 18px; color: inherit; margin-bottom: 10px;'>Apertura y cierre de gabinete<\/p>\n<div style='position: relative; padding-bottom: 56.25%; height: 0; overflow: hidden;'>   <\/div>\n<\/p><\/div>\n<div style='margin-top: 30px;'>\n<p style='font-size: 18px; color: inherit; margin-bottom: 10px;'>Video manual de armado<\/p>\n<div style='position: relative; padding-bottom: 56.25%; height: 0; overflow: hidden;'>   <\/div>\n<\/p><\/div>\n<\/p><\/div>\n<p> <!-- Separador final --> <\/p>\n<hr style='border: 0; border-top: 1px solid rgba(150&comma; 150&comma; 150&comma; 0.3); margin: 30px 0;'> <\/div>\n","protected":false},"excerpt":{"rendered":"<p>Gabinete para Montaje en Pared, Puerta de Cristal Templado, Cuerpo Fijo con Rack 19&#8243; de 16 Unidades<\/p>\n","protected":false},"featured_media":11970,"comment_status":"open","ping_status":"closed","template":"","meta":[],"product_brand":[],"product_cat":[623],"product_tag":[435,624,605],"class_list":{"0":"post-11971","1":"product","2":"type-product","3":"status-publish","4":"has-post-thumbnail","6":"product_cat-racks-cerrados","7":"product_tag-linkedpro-by-epcom","8":"product_tag-racks-cerrados","9":"product_tag-racks-y-gabinetes","11":"first","12":"outofstock","13":"sale","14":"shipping-taxable","15":"purchasable","16":"product-type-simple"},"_links":{"self":[{"href":"https:\/\/soydeaqui.ddns.net\/pachuca\/index.php\/wp-json\/wp\/v2\/product\/11971","targetHints":{"allow":["GET"]}}],"collection":[{"href":"https:\/\/soydeaqui.ddns.net\/pachuca\/index.php\/wp-json\/wp\/v2\/product"}],"about":[{"href":"https:\/\/soydeaqui.ddns.net\/pachuca\/index.php\/wp-json\/wp\/v2\/types\/product"}],"replies":[{"embeddable":true,"href":"https:\/\/soydeaqui.ddns.net\/pachuca\/index.php\/wp-json\/wp\/v2\/comments?post=11971"}],"wp:featuredmedia":[{"embeddable":true,"href":"https:\/\/soydeaqui.ddns.net\/pachuca\/index.php\/wp-json\/wp\/v2\/media\/11970"}],"wp:attachment":[{"href":"https:\/\/soydeaqui.ddns.net\/pachuca\/index.php\/wp-json\/wp\/v2\/media?parent=11971"}],"wp:term":[{"taxonomy":"product_brand","embeddable":true,"href":"https:\/\/soydeaqui.ddns.net\/pachuca\/index.php\/wp-json\/wp\/v2\/product_brand?post=11971"},{"taxonomy":"product_cat","embeddable":true,"href":"https:\/\/soydeaqui.ddns.net\/pachuca\/index.php\/wp-json\/wp\/v2\/product_cat?post=11971"},{"taxonomy":"product_tag","embeddable":true,"href":"https:\/\/soydeaqui.ddns.net\/pachuca\/index.php\/wp-json\/wp\/v2\/product_tag?post=11971"}],"curies":[{"name":"wp","href":"https:\/\/api.w.org\/{rel}","templated":true}]}}