{"id":119695,"date":"2026-03-24T05:21:50","date_gmt":"2026-03-24T05:21:50","guid":{"rendered":"https:\/\/soydeaqui.ddns.net\/pachuca\/index.php\/producto\/montaje-de-pared-universal-articulado-para-monitores-de-32-a-55-carga-maxima-50-kg-vesa-600-x-400-400-x-400-400-x-200-separacion-de-pared-de-7-6-cm-a-51-cm-acero-15-de-inclinacion\/"},"modified":"2026-03-24T05:21:53","modified_gmt":"2026-03-24T05:21:53","slug":"montaje-de-pared-universal-articulado-para-monitores-de-32-a-55-carga-maxima-50-kg-vesa-600-x-400-400-x-400-400-x-200-separacion-de-pared-de-7-6-cm-a-51-cm-acero-15-de-inclinacion","status":"publish","type":"product","link":"https:\/\/soydeaqui.ddns.net\/pachuca\/index.php\/producto\/montaje-de-pared-universal-articulado-para-monitores-de-32-a-55-carga-maxima-50-kg-vesa-600-x-400-400-x-400-400-x-200-separacion-de-pared-de-7-6-cm-a-51-cm-acero-15-de-inclinacion\/","title":{"rendered":"Montaje de Pared Universal Articulado para Monitores de 32 a 55&#8243; \/ Carga M\u00e1xima 50 Kg \/ Vesa 600 x 400 \/ 400 X 400 \/ 400 x 200 \/ Separacion de Pared de 7.6 cm a 51 cm \/ Acero \/ 15\u00b0 de Inclinaci\u00f3n"},"content":{"rendered":"<div style='width: 100%; max-width: 1200px; margin: 0 auto; font-family: sans-serif; line-height: 1.6; color: inherit; background-color: transparent;'>\n<div style='width: 100%;'> <img style='width: 100%; height: auto; border: 1px solid rgba(150&comma;150&comma;150&comma;0.3); border-radius: 8px;' src='https:\/\/ftp3.syscom.mx\/usuarios\/albamaria\/albamaria\/NB\/ESTANDAR-VESA.jpg' alt=''> <\/div>\n<div style='width: 100%; margin: 30px 0;'><\/div>\n<div style='display: flex; flex-wrap: wrap; gap: 30px; margin-bottom: 30px;'>\n<div style='flex: 1 1 300px; min-width: 280px;'>\n<h3 style='font-size: 22px; border-bottom: 2px solid currentColor; padding-bottom: 5px; margin-top: 0; color: inherit; opacity: 0.8;'>Descripci\u00f3n General<\/h3>\n<p style='font-size: 15px; color: inherit; text-align: justify; margin-top: 15px;'> Maximiza el espacio en tu comercio u oficina con nuestros montajes de pared universal para TV. Dise\u00f1ados para ofrecer una vista perfecta desde cualquier \u00e1ngulo&comma; estos soportes combinan funcionalidad y estilo&comma; adapt\u00e1ndose a cualquier entorno sin sacrificar espacio. <\/p>\n<\/p><\/div>\n<\/p><\/div>\n<div style='width: 100%; display: flex; flex-wrap: wrap; justify-content: center; gap: 20px; margin: 30px 0;'> <img style='width: 100%; max-width: 448px; height: auto; border: 1px solid rgba(150&comma;150&comma;150&comma;0.3); border-radius: 8px;' src='https:\/\/ftp3.syscom.mx\/usuarios\/fotos\/EPB64EW\/95121-epb64ewic1.png' alt=''> <img style='width: 100%; max-width: 444px; height: auto; border: 1px solid rgba(150&comma;150&comma;150&comma;0.3); border-radius: 8px;' src='https:\/\/ftp3.syscom.mx\/usuarios\/fotos\/EPB64EW\/95121-epb64ewic2.png' alt=''> <\/div>\n<div style='width: 100%; margin: 30px 0;'><\/div>\n<div style='display: flex; flex-wrap: wrap; gap: 30px; margin-bottom: 30px;'>\n<div style='flex: 1 1 300px; min-width: 280px;'>\n<h3 style='font-size: 22px; border-bottom: 2px solid currentColor; padding-bottom: 5px; margin-top: 0; color: inherit; opacity: 0.8;'>Caracter\u00edsticas Principales<\/h3>\n<ul style='padding-left: 20px; font-size: 15px; color: inherit; margin-top: 15px;'>\n<li style='margin-bottom: 5px;'>Carga M\u00e1xima: 50Kg (110lbs) x pantalla<\/li>\n<li style='margin-bottom: 5px;'>Monitores compatibles: 32 &#8211; 55&#8242;<\/li>\n<li style='margin-bottom: 5px;'>VESA: 400 x 200&comma; 400 x 400&comma; 600 x 400<\/li>\n<li style='margin-bottom: 5px;'>Fabricado en Acero<\/li>\n<li style='margin-bottom: 5px;'>Giro: \u00b115\u00b0<\/li>\n<li style='margin-bottom: 5px;'>Rotaci\u00f3n de la placa: 180\u00ba<\/li>\n<li style='margin-bottom: 5px;'>Separaci\u00f3n de pared: 76 -510 mm<\/li>\n<\/ul><\/div>\n<\/p><\/div>\n<div style='width: 100%; margin: 30px 0;'><\/div>\n<div style='display: flex; flex-wrap: wrap; gap: 30px; margin-bottom: 30px;'>\n<div style='flex: 1 1 300px; min-width: 280px;'>\n<h3 style='font-size: 22px; border-bottom: 2px solid currentColor; padding-bottom: 5px; margin-top: 0; color: inherit; opacity: 0.8;'>Dimensiones<\/h3>\n<div style='margin-top: 15px; display: flex; flex-direction: column; gap: 20px; align-items: center;'> <img style='width: 100%; max-width: 403px; height: auto; border: 1px solid rgba(150&comma;150&comma;150&comma;0.3); border-radius: 8px;' src='https:\/\/ftp3.syscom.mx\/usuarios\/fotos\/EPB64EW\/95121-epb64ewimg.png' alt=''> <img style='width: 100%; max-width: 537px; height: auto; border: 1px solid rgba(150&comma;150&comma;150&comma;0.3); border-radius: 8px;' src='https:\/\/ftp3.syscom.mx\/usuarios\/fotos\/EPB64EW\/95121-epb64ewdim.png' alt=''> <\/div>\n<\/p><\/div>\n<\/p><\/div>\n<hr style='border: 0; border-top: 1px solid rgba(150&comma; 150&comma; 150&comma; 0.3); margin: 30px 0;'> <\/div>\n","protected":false},"excerpt":{"rendered":"<p>Montaje de Pared Universal Articulado para Monitores de 32 a 55&#8243; \/ Carga M\u00e1xima 50 Kg \/ Vesa 600 x 400 \/ 400 X 400 \/ 400 x 200 \/ Separacion de Pared de 7.6 cm a 51 cm \/ Acero \/ 15\u00b0 de Inclinaci\u00f3n<\/p>\n","protected":false},"featured_media":119694,"comment_status":"open","ping_status":"closed","template":"","meta":[],"product_brand":[],"product_cat":[2115],"product_tag":[93,935,2089],"class_list":{"0":"post-119695","1":"product","2":"type-product","3":"status-publish","4":"has-post-thumbnail","6":"product_cat-accesorios-monitores-pantallas-y-mobiliario","7":"product_tag-accesorios","8":"product_tag-epcom","9":"product_tag-monitores-pantallas-y-mobiliario","11":"first","12":"outofstock","13":"sale","14":"shipping-taxable","15":"purchasable","16":"product-type-simple"},"_links":{"self":[{"href":"https:\/\/soydeaqui.ddns.net\/pachuca\/index.php\/wp-json\/wp\/v2\/product\/119695","targetHints":{"allow":["GET"]}}],"collection":[{"href":"https:\/\/soydeaqui.ddns.net\/pachuca\/index.php\/wp-json\/wp\/v2\/product"}],"about":[{"href":"https:\/\/soydeaqui.ddns.net\/pachuca\/index.php\/wp-json\/wp\/v2\/types\/product"}],"replies":[{"embeddable":true,"href":"https:\/\/soydeaqui.ddns.net\/pachuca\/index.php\/wp-json\/wp\/v2\/comments?post=119695"}],"wp:featuredmedia":[{"embeddable":true,"href":"https:\/\/soydeaqui.ddns.net\/pachuca\/index.php\/wp-json\/wp\/v2\/media\/119694"}],"wp:attachment":[{"href":"https:\/\/soydeaqui.ddns.net\/pachuca\/index.php\/wp-json\/wp\/v2\/media?parent=119695"}],"wp:term":[{"taxonomy":"product_brand","embeddable":true,"href":"https:\/\/soydeaqui.ddns.net\/pachuca\/index.php\/wp-json\/wp\/v2\/product_brand?post=119695"},{"taxonomy":"product_cat","embeddable":true,"href":"https:\/\/soydeaqui.ddns.net\/pachuca\/index.php\/wp-json\/wp\/v2\/product_cat?post=119695"},{"taxonomy":"product_tag","embeddable":true,"href":"https:\/\/soydeaqui.ddns.net\/pachuca\/index.php\/wp-json\/wp\/v2\/product_tag?post=119695"}],"curies":[{"name":"wp","href":"https:\/\/api.w.org\/{rel}","templated":true}]}}