{"id":119690,"date":"2026-03-24T05:21:34","date_gmt":"2026-03-24T05:21:34","guid":{"rendered":"https:\/\/soydeaqui.ddns.net\/pachuca\/index.php\/producto\/modulo-de-entrada-y-salida-de-alarmas-compatibles-con-serie-xmr401ahd-xmr401ahds-xmr401ahd-v2-xmr401ahds-v2\/"},"modified":"2026-03-24T05:21:46","modified_gmt":"2026-03-24T05:21:46","slug":"modulo-de-entrada-y-salida-de-alarmas-compatibles-con-serie-xmr401ahd-xmr401ahds-xmr401ahd-v2-xmr401ahds-v2","status":"publish","type":"product","link":"https:\/\/soydeaqui.ddns.net\/pachuca\/index.php\/producto\/modulo-de-entrada-y-salida-de-alarmas-compatibles-con-serie-xmr401ahd-xmr401ahds-xmr401ahd-v2-xmr401ahds-v2\/","title":{"rendered":"M\u00f3dulo de entrada y salida de alarmas compatibles con serie XMR401AHD, XMR401AHDS, XMR401AHD\/V2, XMR401AHDS\/V2"},"content":{"rendered":"<div style='width: 100%; max-width: 1200px; margin: 0 auto; font-family: sans-serif; line-height: 1.6; color: inherit; background-color: transparent;'> <img style='width: 100%; height: auto; border: 1px solid rgba(150&comma;150&comma;150&comma;0.3); border-radius: 8px;' src='http:\/\/ftp3.syscom.mx\/usuarios\/aberumen\/bannerxmr.jpg' alt='Banner XMR'> <\/p>\n<p style='color: inherit; opacity: 0.6; margin: 20px 0;'>\n<p style='font-weight: bold; font-size: 18px; color: inherit; margin: 20px 0;'><strong>Seguridad Sobre Ruedas<\/strong><\/p>\n<p style='margin: 20px 0;'>Obtenga la mayor calidad de imagen con las c\u00e1maras para soluciones de videovigilancia m\u00f3vil XMR la cual ofrece nuevos dise\u00f1os en c\u00e1maras AHD con la mejor tecnolog\u00eda <strong>Anti-vibraci\u00f3n<\/strong> y <strong>alta fiabilidad.<\/strong><\/p>\n<p> <!-- Secci\u00f3n de especificaciones en grid --> <\/p>\n<div style='display: flex; flex-wrap: wrap; gap: 20px; margin: 30px 0;'>\n<div style='flex: 1 1 300px; min-width: 280px;'>\n<div style='border-left: 5px solid #080808; border-radius: 8px; padding: 15px; box-shadow: 2px 2px 10px rgba(216&comma;216&comma;216&comma;0.3); background-color: rgba(128&comma; 128&comma; 128&comma; 0.16);'> <strong style='font-size: 16px; color: inherit;'>Entradas de alarma:<\/strong> <\/p>\n<ul style='padding-left: 20px; margin: 10px 0 0 0; color: inherit;'>\n<li style='margin-bottom: 5px;'>8 entradas de alarma.<\/li>\n<\/ul><\/div>\n<\/p><\/div>\n<div style='flex: 1 1 300px; min-width: 280px;'>\n<div style='border-left: 5px solid #080808; border-radius: 8px; padding: 15px; box-shadow: 2px 2px 10px rgba(216&comma;216&comma;216&comma;0.3); background-color: rgba(128&comma; 128&comma; 128&comma; 0.16);'> <strong style='font-size: 16px; color: inherit;'>Salidas de alarma:<\/strong> <\/p>\n<ul style='padding-left: 20px; margin: 10px 0 0 0; color: inherit;'>\n<li style='margin-bottom: 5px;'>2 salidas de alarma.<\/li>\n<\/ul><\/div>\n<\/p><\/div>\n<div style='flex: 1 1 300px; min-width: 280px;'>\n<div style='border-left: 5px solid #080808; border-radius: 8px; padding: 15px; box-shadow: 2px 2px 10px rgba(216&comma;216&comma;216&comma;0.3); background-color: rgba(128&comma; 128&comma; 128&comma; 0.16);'> <strong style='font-size: 16px; color: inherit;'>Caracter\u00edsticas Destacadas:<\/strong> <\/p>\n<ul style='padding-left: 20px; margin: 10px 0 0 0; color: inherit;'>\n<li style='margin-bottom: 5px;'><strong>Modulo compatible con MDVR modelos XMR401NAHD&comma; XMR401NAHDS&comma; XMR406NAHD XMR401AHD&comma; XMR401AHDS&comma; XMR401AHD\/V2&comma; XMR401AHDS\/V2<\/strong>.<\/li>\n<\/ul><\/div>\n<\/p><\/div>\n<\/p><\/div>\n<p> <!-- Separador --> <\/p>\n<hr style='border: 0; border-top: 1px solid rgba(150&comma; 150&comma; 150&comma; 0.3); margin: 30px 0;'> <!-- Secci\u00f3n de videos --> <\/p>\n<div style='display: flex; flex-wrap: wrap; gap: 30px; margin: 30px 0;'>\n<div style='flex: 1 1 500px; min-width: 320px;'>\n<div style='position: relative; padding-bottom: 56.25%; height: 0; overflow: hidden;'>   <\/div>\n<\/p><\/div>\n<div style='flex: 1 1 500px; min-width: 320px;'>\n<div style='position: relative; padding-bottom: 56.25%; height: 0; overflow: hidden;'>   <\/div>\n<\/p><\/div>\n<\/p><\/div>\n<\/p><\/div>\n","protected":false},"excerpt":{"rendered":"<p>M\u00f3dulo de entrada y salida de alarmas compatibles con serie XMR401AHD, XMR401AHDS, XMR401AHD\/V2, XMR401AHDS\/V2<\/p>\n","protected":false},"featured_media":119689,"comment_status":"open","ping_status":"closed","template":"","meta":[],"product_brand":[],"product_cat":[1408,1406],"product_tag":[93,1409,1474,1345],"class_list":{"0":"post-119690","1":"product","2":"type-product","3":"status-publish","4":"has-post-thumbnail","6":"product_cat-accesorios-dash-cams-y-body-cams","7":"product_cat-videograbadoras-moviles-videovigilancia","8":"product_tag-accesorios","9":"product_tag-dash-cams-y-body-cams","10":"product_tag-streamax","11":"product_tag-videograbadoras-moviles","13":"first","14":"instock","15":"sale","16":"shipping-taxable","17":"purchasable","18":"product-type-simple"},"_links":{"self":[{"href":"https:\/\/soydeaqui.ddns.net\/pachuca\/index.php\/wp-json\/wp\/v2\/product\/119690","targetHints":{"allow":["GET"]}}],"collection":[{"href":"https:\/\/soydeaqui.ddns.net\/pachuca\/index.php\/wp-json\/wp\/v2\/product"}],"about":[{"href":"https:\/\/soydeaqui.ddns.net\/pachuca\/index.php\/wp-json\/wp\/v2\/types\/product"}],"replies":[{"embeddable":true,"href":"https:\/\/soydeaqui.ddns.net\/pachuca\/index.php\/wp-json\/wp\/v2\/comments?post=119690"}],"wp:featuredmedia":[{"embeddable":true,"href":"https:\/\/soydeaqui.ddns.net\/pachuca\/index.php\/wp-json\/wp\/v2\/media\/119689"}],"wp:attachment":[{"href":"https:\/\/soydeaqui.ddns.net\/pachuca\/index.php\/wp-json\/wp\/v2\/media?parent=119690"}],"wp:term":[{"taxonomy":"product_brand","embeddable":true,"href":"https:\/\/soydeaqui.ddns.net\/pachuca\/index.php\/wp-json\/wp\/v2\/product_brand?post=119690"},{"taxonomy":"product_cat","embeddable":true,"href":"https:\/\/soydeaqui.ddns.net\/pachuca\/index.php\/wp-json\/wp\/v2\/product_cat?post=119690"},{"taxonomy":"product_tag","embeddable":true,"href":"https:\/\/soydeaqui.ddns.net\/pachuca\/index.php\/wp-json\/wp\/v2\/product_tag?post=119690"}],"curies":[{"name":"wp","href":"https:\/\/api.w.org\/{rel}","templated":true}]}}