{"id":119679,"date":"2026-03-24T05:20:59","date_gmt":"2026-03-24T05:20:59","guid":{"rendered":"https:\/\/soydeaqui.ddns.net\/pachuca\/index.php\/producto\/unidad-de-expansion-de-24-bahias-para-uso-en-rack\/"},"modified":"2026-03-24T05:21:01","modified_gmt":"2026-03-24T05:21:01","slug":"unidad-de-expansion-de-24-bahias-para-uso-en-rack","status":"publish","type":"product","link":"https:\/\/soydeaqui.ddns.net\/pachuca\/index.php\/producto\/unidad-de-expansion-de-24-bahias-para-uso-en-rack\/","title":{"rendered":"Unidad de expansi\u00f3n de 24 bah\u00edas \/ Para uso en rack"},"content":{"rendered":"<div style='width: 100%; max-width: 1200px; margin: 0 auto; font-family: sans-serif; line-height: 1.6; color: inherit; background-color: transparent;'> <a href='https:\/\/ftp3.syscom.mx\/usuarios\/ftp\/2018\/10\/17\/be9cb\/PROCEDIMIENTO%20GARANTIA%20SYNOLOGY.pdf'> <img style='width: 100%; max-width: 900px; height: auto; border: 1px solid rgba(150&comma;150&comma;150&comma;0.3); border-radius: 8px; display: block; margin-left: auto; margin-right: auto;' src='https:\/\/ftp3.syscom.mx\/usuarios\/nortega\/synology\/imagenes\/cintillo%20garantia.jpg' alt=''><\/a> <\/p>\n<p style='margin-top: 20px; margin-bottom: 20px;'>F\u00e1cil ampliaci\u00f3n de la capacidad para las soluciones Synology FlasStation y RackStation sobre la marcha<\/p>\n<p> <!-- Secci\u00f3n de especificaciones --> <\/p>\n<div style='display: flex; flex-wrap: wrap; gap: 30px; margin-bottom: 30px;'> <!-- Almacenamiento --> <\/p>\n<div style='flex: 1 1 300px; min-width: 280px;'>\n<h3 style='font-size: 22px; border-bottom: 2px solid currentColor; padding-bottom: 5px; margin-top: 0; color: inherit; opacity: 0.8;'>Almacenamiento<\/h3>\n<ul style='padding-left: 20px; font-size: 15px; color: inherit;'>\n<li style='margin-bottom: 5px;'>24 Bah\u00edas para Disco Duros (no incluidos)<\/li>\n<li style='margin-bottom: 5px;'>Unidad de disco duro SAS de 2.5\u201d<\/li>\n<li style='margin-bottom: 5px;'>SSD SAS de 2.5\u201d<\/li>\n<li style='margin-bottom: 5px;'>SSD SATA de 2.5\u201d<\/li>\n<li style='margin-bottom: 5px;'>Soporta discos duros de hasta 1.8 TB (comunicarse con ingenier\u00eda para verificar compatibilidad)<\/li>\n<li style='margin-bottom: 5px;'>Capacidad de hasta 43.2 TB internos (Usando 24 discos de 1.8 TB)<\/li>\n<li style='margin-bottom: 5px;'>Hot Swap<\/li>\n<\/ul><\/div>\n<p> <!-- Caracter\u00edsticas F\u00edsicas y El\u00e9ctricas --> <\/p>\n<div style='flex: 1 1 300px; min-width: 280px;'>\n<h3 style='font-size: 22px; border-bottom: 2px solid currentColor; padding-bottom: 5px; margin-top: 0; color: inherit; opacity: 0.8;'>Caracter\u00edsticas F\u00edsicas y El\u00e9ctricas<\/h3>\n<ul style='padding-left: 20px; font-size: 15px; color: inherit;'>\n<li style='margin-bottom: 5px;'>Fuente de poder: 2 x 500W<\/li>\n<li style='margin-bottom: 5px;'>Voltaje de entrada: 100V a 240V CA<\/li>\n<li style='margin-bottom: 5px;'>Frecuencia de alimentaci\u00f3n: 50\/60 Hz&comma; monof\u00e1sico<\/li>\n<li style='margin-bottom: 5px;'>Consumo de energ\u00eda: 201.6 W<\/li>\n<li style='margin-bottom: 5px;'>Temperatura de operaci\u00f3n: 5 a 35 \u00b0C<\/li>\n<li style='margin-bottom: 5px;'>Dimensiones: 88 x 482 x 724 mm<\/li>\n<li style='margin-bottom: 5px;'>Peso: 16.6Kg<\/li>\n<li style='margin-bottom: 5px;'>Para instalaci\u00f3n en rack de 4 postes (utilizar RKS1317)<\/li>\n<li style='margin-bottom: 5px; font-weight: bold;'>Garant\u00eda 5 a\u00f1os<\/li>\n<\/ul><\/div>\n<p> <!-- Puertos --> <\/p>\n<div style='flex: 1 1 300px; min-width: 280px;'>\n<h3 style='font-size: 22px; border-bottom: 2px solid currentColor; padding-bottom: 5px; margin-top: 0; color: inherit; opacity: 0.8;'>Puertos<\/h3>\n<ul style='padding-left: 20px; font-size: 15px; color: inherit;'>\n<li style='margin-bottom: 5px;'>1 puertos MiniSAS de entrada<\/li>\n<li style='margin-bottom: 5px;'>1 Puertos MiniSAS de salida<\/li>\n<\/ul><\/div>\n<\/p><\/div>\n<p> <!-- Im\u00e1genes --> <\/p>\n<div style='display: flex; flex-wrap: wrap; gap: 15px; margin: 30px 0;'>\n<div style='flex: 1 1 200px; min-width: 200px;'> <a href='http:\/\/ftp3.syscom.mx\/usuarios\/nortega\/synology\/imagenes\/rx2417sas\/frente.jpg' style='text-decoration: none;'> <img style='width: 100%; height: auto; border: 1px solid rgba(150&comma;150&comma;150&comma;0.3); border-radius: 8px;' src='http:\/\/ftp3.syscom.mx\/usuarios\/nortega\/synology\/imagenes\/rx2417sas\/frente.jpg' alt='Frente'> <\/a> <\/div>\n<div style='flex: 1 1 200px; min-width: 200px;'> <a href='http:\/\/ftp3.syscom.mx\/usuarios\/nortega\/synology\/imagenes\/rx2417sas\/lado.jpg' style='text-decoration: none;'> <img style='width: 100%; height: auto; border: 1px solid rgba(150&comma;150&comma;150&comma;0.3); border-radius: 8px;' src='http:\/\/ftp3.syscom.mx\/usuarios\/nortega\/synology\/imagenes\/rx2417sas\/lado.jpg' alt='Lateral'> <\/a> <\/div>\n<div style='flex: 1 1 200px; min-width: 200px;'> <a href='http:\/\/ftp3.syscom.mx\/usuarios\/nortega\/synology\/imagenes\/rx1217sas\/posterior.jpg' style='text-decoration: none;'> <img style='width: 100%; height: auto; border: 1px solid rgba(150&comma;150&comma;150&comma;0.3); border-radius: 8px;' src='http:\/\/ftp3.syscom.mx\/usuarios\/nortega\/synology\/imagenes\/rx1217sas\/posterior.jpg' alt='Trasera'> <\/a> <\/div>\n<\/p><\/div>\n<p> <!-- Nota de compatibilidad --> <\/p>\n<div style='margin: 30px 0; padding: 15px; border-left: 5px solid rgba(255&comma; 165&comma; 0&comma; 0.5); background-color: rgba(255&comma; 255&comma; 255&comma; 0.05);'>\n<p style='margin: 0; font-weight: bold; color: inherit;'>*Solo compatible con RS18017XSPLUS y FS3017<\/p>\n<\/p><\/div>\n<\/p><\/div>\n","protected":false},"excerpt":{"rendered":"<p>Unidad de expansi\u00f3n de 24 bah\u00edas \/ Para uso en rack<\/p>\n","protected":false},"featured_media":119678,"comment_status":"open","ping_status":"closed","template":"","meta":[],"product_brand":[],"product_cat":[2064],"product_tag":[2066,2065,1976],"class_list":{"0":"post-119679","1":"product","2":"type-product","3":"status-publish","4":"has-post-thumbnail","6":"product_cat-almacenamiento-nas-san-esata","7":"product_tag-almacenamiento-nas-san-esata","8":"product_tag-servidores-almacenamiento","9":"product_tag-synology","11":"first","12":"outofstock","13":"sale","14":"shipping-taxable","15":"purchasable","16":"product-type-simple"},"_links":{"self":[{"href":"https:\/\/soydeaqui.ddns.net\/pachuca\/index.php\/wp-json\/wp\/v2\/product\/119679","targetHints":{"allow":["GET"]}}],"collection":[{"href":"https:\/\/soydeaqui.ddns.net\/pachuca\/index.php\/wp-json\/wp\/v2\/product"}],"about":[{"href":"https:\/\/soydeaqui.ddns.net\/pachuca\/index.php\/wp-json\/wp\/v2\/types\/product"}],"replies":[{"embeddable":true,"href":"https:\/\/soydeaqui.ddns.net\/pachuca\/index.php\/wp-json\/wp\/v2\/comments?post=119679"}],"wp:featuredmedia":[{"embeddable":true,"href":"https:\/\/soydeaqui.ddns.net\/pachuca\/index.php\/wp-json\/wp\/v2\/media\/119678"}],"wp:attachment":[{"href":"https:\/\/soydeaqui.ddns.net\/pachuca\/index.php\/wp-json\/wp\/v2\/media?parent=119679"}],"wp:term":[{"taxonomy":"product_brand","embeddable":true,"href":"https:\/\/soydeaqui.ddns.net\/pachuca\/index.php\/wp-json\/wp\/v2\/product_brand?post=119679"},{"taxonomy":"product_cat","embeddable":true,"href":"https:\/\/soydeaqui.ddns.net\/pachuca\/index.php\/wp-json\/wp\/v2\/product_cat?post=119679"},{"taxonomy":"product_tag","embeddable":true,"href":"https:\/\/soydeaqui.ddns.net\/pachuca\/index.php\/wp-json\/wp\/v2\/product_tag?post=119679"}],"curies":[{"name":"wp","href":"https:\/\/api.w.org\/{rel}","templated":true}]}}