{"id":119671,"date":"2026-03-24T05:20:23","date_gmt":"2026-03-24T05:20:23","guid":{"rendered":"https:\/\/soydeaqui.ddns.net\/pachuca\/index.php\/producto\/camara-ip-profesional-5-megapixel-wdr-150-db-h-265-wisestream-hlc-ideal-para-lectura-de-placas\/"},"modified":"2026-03-24T05:20:33","modified_gmt":"2026-03-24T05:20:33","slug":"camara-ip-profesional-5-megapixel-wdr-150-db-h-265-wisestream-hlc-ideal-para-lectura-de-placas","status":"publish","type":"product","link":"https:\/\/soydeaqui.ddns.net\/pachuca\/index.php\/producto\/camara-ip-profesional-5-megapixel-wdr-150-db-h-265-wisestream-hlc-ideal-para-lectura-de-placas\/","title":{"rendered":"C\u00e1mara IP Profesional 5 Megap\u00edxel \/ WDR 150 dB \/ H.265 &#038; WiseStream \/ HLC \/ Ideal para Lectura de Placas"},"content":{"rendered":"<div style='width: 100%; max-width: 1200px; margin: 0 auto; font-family: sans-serif; line-height: 1.6; color: inherit; background-color: transparent;'>\n<p style='text-align: center;'><a href='https:\/\/syscom.mx\/principal\/consultarproductosazul?global_search=htasx&#038;ordenar=Relevancia&#038;pag=1' target='_blank' rel='noopener'><img style='width: 100%; max-width: 483px; height: auto; border: 1px solid rgba(150&comma;150&comma;150&comma;0.3); border-radius: 8px;' src='https:\/\/ftp3.syscom.mx\/usuarios\/gmagos\/Hanwha\/fotos\/wisenet-X%5B1%5D%201.png' alt=''><\/a><\/p>\n<div style='display: flex; flex-wrap: wrap; gap: 30px; margin: 30px 0;'>\n<div style='flex: 1 1 300px; min-width: 280px;'> <img style='width: 100%; height: auto; border: 1px solid rgba(150&comma;150&comma;150&comma;0.3); border-radius: 8px;' src='https:\/\/ftp3.syscom.mx\/usuarios\/imendez\/Hanwha\/Serie%20X\/GIF\/WiseStream.gif' alt=''> <\/div>\n<div style='flex: 1 1 300px; min-width: 280px;'>\n<h3 style='font-size: 22px; border-bottom: 2px solid currentColor; padding-bottom: 5px; margin-top: 0; color: inherit; opacity: 0.8;'>H.265 + WiseStream II<\/h3>\n<p style='text-align: justify; font-size: 15px; color: inherit;'>Mediante WiseStream II&comma; la tecnolog\u00eda de compresi\u00f3n de v\u00eddeo de Hanwha Techwin&comma; la serie Wisenet X reduce el almacenamiento de datos hasta un 99% en comparaci\u00f3n con la actual tecnolog\u00eda H.264&comma; cuando se combina con la compresi\u00f3n H.265. Los costes del sistema se reducen enormemente sin comprometer la calidad de las im\u00e1genes.<\/p>\n<\/p><\/div>\n<\/p><\/div>\n<div style='display: flex; flex-wrap: wrap; gap: 30px; margin: 30px 0;'>\n<div style='flex: 1 1 300px; min-width: 280px;'>\n<h3 style='font-size: 22px; border-bottom: 2px solid currentColor; padding-bottom: 5px; margin-top: 0; color: inherit; opacity: 0.8;'>WDR 150 dB<\/h3>\n<p style='text-align: justify; font-size: 15px; color: inherit;'>Una imagen de amplio rango din\u00e1mico se forma combinando 2 capturas con distintas exposiciones. La serie Wisenet X con un amplio rango din\u00e1mico de 150 dB utiliza 4 capturas para crear im\u00e1genes m\u00e1s naturales. Las zonas borrosas son un punto d\u00e9bil cr\u00edtico asociado al amplio rango din\u00e1mico&comma; pero esta nueva tecnolog\u00eda elimina todo tipo de movimientos&comma; proporcionando im\u00e1genes vistosas y claras.<\/p>\n<p style='text-align: justify; font-size: 15px; color: inherit;'><strong>*<\/strong> Las c\u00e1maras de la serie Wisenet X de 5MP tienen 120dB.<\/p>\n<\/p><\/div>\n<div style='flex: 1 1 300px; min-width: 280px;'> <img style='width: 100%; height: auto; border: 1px solid rgba(150&comma;150&comma;150&comma;0.3); border-radius: 8px;' src='https:\/\/ftp3.syscom.mx\/usuarios\/imendez\/Hanwha\/Serie%20X\/GIF\/WDR%20150dB%20GIF.gif' alt=''> <\/div>\n<\/p><\/div>\n<div style='display: flex; flex-wrap: wrap; gap: 30px; margin: 30px 0;'>\n<div style='flex: 1 1 300px; min-width: 280px;'> <img style='width: 100%; height: auto; border: 1px solid rgba(150&comma;150&comma;150&comma;0.3); border-radius: 8px;' src='https:\/\/ftp3.syscom.mx\/usuarios\/imendez\/Hanwha\/Serie%20X\/GIF\/Luz%20GIF.gif' alt=''> <\/div>\n<div style='flex: 1 1 300px; min-width: 280px;'>\n<h3 style='font-size: 22px; border-bottom: 2px solid currentColor; padding-bottom: 5px; margin-top: 0; color: inherit; opacity: 0.8;'>Iluminaci\u00f3n a Color<\/h3>\n<p style='text-align: justify; font-size: 15px; color: inherit;'>Con el potente nuevo chipset de la serie Wisenet X y la asombrosa tecnolog\u00eda de lentes de Hanwha Techwin&comma; se pueden supervisar im\u00e1genes en entornos de poca luz&comma; incluso en color sin utilizar LED IR. Ahora se pueden capturar im\u00e1genes vistosas con independencia de la zona y de la hora del d\u00eda.<\/p>\n<\/p><\/div>\n<\/p><\/div>\n<div style='display: flex; flex-wrap: wrap; gap: 30px; margin: 30px 0;'>\n<div style='flex: 1 1 300px; min-width: 280px;'>\n<h3 style='font-size: 22px; border-bottom: 2px solid currentColor; padding-bottom: 5px; margin-top: 0; color: inherit; opacity: 0.8;'>GyroSensor Interconstruido<\/h3>\n<p style='text-align: justify; font-size: 15px; color: inherit;'>Se han incluido sensores girosc\u00f3picos en la tecnolog\u00eda empleada en las c\u00e1maras existentes para una estabilizaci\u00f3n m\u00e1s precisa. La estabilizaci\u00f3n se realiza cuando la c\u00e1mara sufre perturbaciones debidas al viento o vibraciones.<\/p>\n<p style='text-align: justify; font-size: 15px; color: inherit;'><strong>*<\/strong> Compatibilidad con XNB-8000\/6000 y XNZ-6320<\/p>\n<\/p><\/div>\n<div style='flex: 1 1 300px; min-width: 280px;'> <img style='width: 100%; height: auto; border: 1px solid rgba(150&comma;150&comma;150&comma;0.3); border-radius: 8px;' src='https:\/\/ftp3.syscom.mx\/usuarios\/imendez\/Hanwha\/Serie%20X\/GIF\/GyroSensor%20GIF.gif' alt=''> <\/div>\n<\/p><\/div>\n<h3 style='text-align: center; font-size: 18px; margin: 30px 0 15px; color: inherit; opacity: 0.8;'>Caracter\u00edsticas t\u00e9cnicas<\/h3>\n<div style='display: flex; flex-wrap: wrap; gap: 20px; margin: 30px 0;'>\n<div style='flex: 1 1 250px; border: 1px solid rgba(150&comma; 150&comma; 150&comma; 0.4); border-radius: 8px; overflow: hidden; display: flex; flex-direction: column;'>\n<div style='padding: 15px; border-bottom: 1px solid rgba(150&comma; 150&comma; 150&comma; 0.2); font-weight: bold; font-size: 18px; color: inherit;'>Video<\/div>\n<div style='padding: 15px; color: inherit;'>\n<ul style='padding-left: 20px; margin: 0; font-size: 14px; list-style-type: disc;'>\n<li style='margin-bottom: 5px;'><strong>Compresi\u00f3n:<\/strong> H.265 &#038; WiseStream \/ H.264 \/ High Profile \/ MJPEG.<\/li>\n<li style='margin-bottom: 5px;'><strong>Resoluci\u00f3n m\u00e1xima:<\/strong> 5MP@30IPS.<\/li>\n<li style='margin-bottom: 5px;'><strong>Dual Stream \/ Dual Codec Simult\u00e1neos<\/strong> con configuraciones diferentes.<\/li>\n<\/ul>\n<p style='margin-top: 15px; margin-bottom: 10px; font-weight: bold;'>Almacenamiento<\/p>\n<ul style='padding-left: 20px; margin: 0; font-size: 14px; list-style-type: disc;'>\n<li style='margin-bottom: 5px;'>Soporta 2 microSD de hasta 512GB (512GB max.).<\/li>\n<\/ul>\n<p style='margin-top: 15px; margin-bottom: 10px; font-weight: bold;'>Funciones<\/p>\n<ul style='padding-left: 20px; margin: 0; font-size: 14px; list-style-type: disc;'>\n<li style='margin-bottom: 5px;'><strong>Compensaci\u00f3n de luz:<\/strong> WDR 120dB&comma; BLC&comma; HLC.<\/li>\n<li style='margin-bottom: 5px;'><strong>GyroSensor.<\/strong> Ideal para cuando hay mucho viento en el sitio ocasionando el movimiento de la c\u00e1mara.<\/li>\n<\/ul><\/div>\n<\/p><\/div>\n<div style='flex: 1 1 250px; border: 1px solid rgba(150&comma; 150&comma; 150&comma; 0.4); border-radius: 8px; overflow: hidden; display: flex; flex-direction: column;'>\n<div style='padding: 15px; border-bottom: 1px solid rgba(150&comma; 150&comma; 150&comma; 0.2); font-weight: bold; font-size: 18px; color: inherit;'>Interfaces<\/div>\n<div style='padding: 15px; color: inherit;'>\n<ul style='padding-left: 20px; margin: 0; font-size: 14px; list-style-type: disc;'>\n<li style='margin-bottom: 5px;'>1 Puerto Ethernet RJ45 10\/100 Base-T.<\/li>\n<li style='margin-bottom: 5px;'>1 Entrada Audio.<\/li>\n<li style='margin-bottom: 5px;'>1 Salida de Audio.<\/li>\n<li style='margin-bottom: 5px;'>1 Entrada \/ Salida Alarma.<\/li>\n<\/ul>\n<p style='margin-top: 15px; margin-bottom: 10px; font-weight: bold;'>Caracter\u00edsticas F\u00edsicas y El\u00e9ctricas<\/p>\n<ul style='padding-left: 20px; margin: 0; font-size: 14px; list-style-type: disc;'>\n<li style='margin-bottom: 5px;'>Temperatura de Operaci\u00f3n: -10 a 55\u00b0C.<\/li>\n<li style='margin-bottom: 5px;'>Alimentaci\u00f3n: 24VCA \/ 12Vcc \/ PoE 802.03af.<\/li>\n<li style='margin-bottom: 5px;'>Consumo: 24VCA \/ 12Vcc \/ PoE (802.3af)<\/li>\n<li style='margin-bottom: 5px;'>Consumo: 8.5 W.<\/li>\n<li style='margin-bottom: 5px;'>Dimensiones: 73.1 x 66.6 x 147.8mm.<\/li>\n<li style='margin-bottom: 5px;'>Peso: 420 gr.<\/li>\n<\/ul><\/div>\n<\/p><\/div>\n<div style='flex: 1 1 250px; border: 1px solid rgba(150&comma; 150&comma; 150&comma; 0.4); border-radius: 8px; overflow: hidden; display: flex; flex-direction: column;'>\n<div style='padding: 15px; border-bottom: 1px solid rgba(150&comma; 150&comma; 150&comma; 0.2); font-weight: bold; font-size: 18px; color: inherit;'>Video Anal\u00edticos Avanzados<\/div>\n<div style='padding: 15px; color: inherit;'>\n<ul style='padding-left: 20px; margin: 0; font-size: 14px; list-style-type: disc;'>\n<li style='margin-bottom: 5px;'>Manipulaci\u00f3n.<\/li>\n<li style='margin-bottom: 5px;'>Merodeo.<\/li>\n<li style='margin-bottom: 5px;'>Detecci\u00f3n de direcci\u00f3n.<\/li>\n<li style='margin-bottom: 5px;'>Detecci\u00f3n de niebla.<\/li>\n<li style='margin-bottom: 5px;'><strong>Cruce de l\u00ednea.<\/strong><\/li>\n<li style='margin-bottom: 5px;'>Entrada \/ Salida.<\/li>\n<li style='margin-bottom: 5px;'>Aparici\u00f3n \/ Desaparici\u00f3n.<\/li>\n<li style='margin-bottom: 5px;'>Detecci\u00f3n de Audio.<\/li>\n<li style='margin-bottom: 5px;'><strong>Detecci\u00f3n de Rostros.<\/strong><\/li>\n<li style='margin-bottom: 5px;'>Detecci\u00f3n de Movimiento.<\/li>\n<li style='margin-bottom: 5px;'><strong>Conteo de personas.<\/strong><\/li>\n<li style='margin-bottom: 5px;'><strong>Clasificaci\u00f3n de<\/strong><\/li>\n<\/ul><\/div>\n<\/p><\/div>\n<\/p><\/div>\n<h3 style='text-align: center; font-size: 18px; margin: 30px 0 15px; color: inherit; opacity: 0.8;'>Otras caracter\u00edsticas<\/h3>\n<div style='display: flex; flex-wrap: wrap; gap: 20px; margin: 30px 0;'>\n<div style='flex: 1 1 250px; border: 1px solid rgba(150&comma; 150&comma; 150&comma; 0.4); border-radius: 8px; overflow: hidden; display: flex; flex-direction: column; align-items: center; justify-content: center; padding: 15px; text-align: center;'> <strong>H.265 &#038; WiseStream II<\/strong> <\/div>\n<div style='flex: 1 1 250px; border: 1px solid rgba(150&comma; 150&comma; 150&comma; 0.4); border-radius: 8px; overflow: hidden; display: flex; flex-direction: column; align-items: center; justify-content: center; padding: 15px; text-align: center;'> <strong>Anal\u00edticos de Audio<\/strong> <\/div>\n<div style='flex: 1 1 250px; border: 1px solid rgba(150&comma; 150&comma; 150&comma; 0.4); border-radius: 8px; overflow: hidden; display: flex; flex-direction: column; align-items: center; justify-content: center; padding: 15px; text-align: center;'> <strong>Auto-Seguimiento Digital<\/strong> <\/div>\n<\/p><\/div>\n<div style='display: flex; flex-wrap: wrap; gap: 20px; margin: 30px 0;'>\n<div style='flex: 1 1 250px; min-width: 280px;'>\n<div style='display: relative; padding-bottom: 56.25%; height: 0; overflow: hidden; margin-bottom: 30px;'>   <\/div>\n<\/p><\/div>\n<div style='flex: 1 1 250px; min-width: 280px;'>\n<div style='display: relative; padding-bottom: 56.25%; height: 0; overflow: hidden; margin-bottom: 30px;'>   <\/div>\n<\/p><\/div>\n<div style='flex: 1 1 250px; min-width: 280px;'>\n<div style='display: relative; padding-bottom: 56.25%; height: 0; overflow: hidden; margin-bottom: 30px;'>   <\/div>\n<\/p><\/div>\n<\/p><\/div>\n<div style='display: flex; flex-wrap: wrap; gap: 20px; margin: 30px 0;'>\n<div style='flex: 1 1 250px; min-width: 280px;'>\n<div style='display: relative; padding-bottom: 56.25%; height: 0; overflow: hidden; margin-bottom: 30px;'>   <\/div>\n<\/p><\/div>\n<div style='flex: 1 1 250px; min-width: 280px;'>\n<div style='display: relative; padding-bottom: 56.25%; height: 0; overflow: hidden; margin-bottom: 30px;'>   <\/div>\n<\/p><\/div>\n<div style='flex: 1 1 250px; min-width: 280px;'>\n<div style='display: relative; padding-bottom: 56.25%; height: 0; overflow: hidden; margin-bottom: 30px;'>   <\/div>\n<\/p><\/div>\n<\/p><\/div>\n<p style='text-align: center; margin: 30px 0;'><a href='http:\/\/soporte.syscom.mx\/videovigilancia\/hanwha-lista-de-tips-tecnicos' target='_blank' rel='noopener'><img style='width: 100%; max-width: 432px; height: auto; border: 1px solid rgba(150&comma;150&comma;150&comma;0.3); border-radius: 8px;' src='https:\/\/ftp3.syscom.mx\/usuarios\/gmagos\/Hanwha\/fotos\/basede1.png' alt=''><\/a><\/p>\n<div style='display: flex; flex-wrap: wrap; gap: 20px; margin: 30px 0;'>\n<div style='flex: 1 1 250px; border: 1px solid rgba(150&comma; 150&comma; 150&comma; 0.4); border-radius: 8px; overflow: hidden; display: flex; flex-direction: column; align-items: center; justify-content: center; padding: 15px; text-align: center;'> <strong>Demostraci\u00f3n WDR 150dB<\/strong> <\/div>\n<div style='flex: 1 1 250px; border: 1px solid rgba(150&comma; 150&comma; 150&comma; 0.4); border-radius: 8px; overflow: hidden; display: flex; flex-direction: column; align-items: center; justify-content: center; padding: 15px; text-align: center;'> <strong>Detecci\u00f3n de Rostros<\/strong> <\/div>\n<div style='flex: 1 1 250px; border: 1px solid rgba(150&comma; 150&comma; 150&comma; 0.4); border-radius: 8px; overflow: hidden; display: flex; flex-direction: column; align-items: center; justify-content: center; padding: 15px; text-align: center;'> <strong>Funci\u00f3n Handover<\/strong> <\/div>\n<\/p><\/div>\n<\/p><\/div>\n","protected":false},"excerpt":{"rendered":"<p>C\u00e1mara IP Profesional 5 Megap\u00edxel \/ WDR 150 dB \/ H.265 &#038; WiseStream \/ HLC \/ Ideal para Lectura de Placas<\/p>\n","protected":false},"featured_media":119670,"comment_status":"open","ping_status":"closed","template":"","meta":[],"product_brand":[],"product_cat":[2341],"product_tag":[122,1055,2342],"class_list":{"0":"post-119671","1":"product","2":"type-product","3":"status-publish","4":"has-post-thumbnail","6":"product_cat-profesionales-caja","7":"product_tag-camaras-ip-y-nvrs","8":"product_tag-hanwha-vision","9":"product_tag-profesionales-caja","11":"first","12":"outofstock","13":"sale","14":"shipping-taxable","15":"purchasable","16":"product-type-simple"},"_links":{"self":[{"href":"https:\/\/soydeaqui.ddns.net\/pachuca\/index.php\/wp-json\/wp\/v2\/product\/119671","targetHints":{"allow":["GET"]}}],"collection":[{"href":"https:\/\/soydeaqui.ddns.net\/pachuca\/index.php\/wp-json\/wp\/v2\/product"}],"about":[{"href":"https:\/\/soydeaqui.ddns.net\/pachuca\/index.php\/wp-json\/wp\/v2\/types\/product"}],"replies":[{"embeddable":true,"href":"https:\/\/soydeaqui.ddns.net\/pachuca\/index.php\/wp-json\/wp\/v2\/comments?post=119671"}],"wp:featuredmedia":[{"embeddable":true,"href":"https:\/\/soydeaqui.ddns.net\/pachuca\/index.php\/wp-json\/wp\/v2\/media\/119670"}],"wp:attachment":[{"href":"https:\/\/soydeaqui.ddns.net\/pachuca\/index.php\/wp-json\/wp\/v2\/media?parent=119671"}],"wp:term":[{"taxonomy":"product_brand","embeddable":true,"href":"https:\/\/soydeaqui.ddns.net\/pachuca\/index.php\/wp-json\/wp\/v2\/product_brand?post=119671"},{"taxonomy":"product_cat","embeddable":true,"href":"https:\/\/soydeaqui.ddns.net\/pachuca\/index.php\/wp-json\/wp\/v2\/product_cat?post=119671"},{"taxonomy":"product_tag","embeddable":true,"href":"https:\/\/soydeaqui.ddns.net\/pachuca\/index.php\/wp-json\/wp\/v2\/product_tag?post=119671"}],"curies":[{"name":"wp","href":"https:\/\/api.w.org\/{rel}","templated":true}]}}