{"id":119644,"date":"2026-03-24T05:18:44","date_gmt":"2026-03-24T05:18:44","guid":{"rendered":"https:\/\/soydeaqui.ddns.net\/pachuca\/index.php\/producto\/transformador-reductor-de-208-vca-a-120-vca-con-entrada-hardwire-con-cable-de-uso-rudo-y-6-salidas-nema-5-20r-recomendado-para-ups-de-5-a-10-kva-cyberpower\/"},"modified":"2026-03-24T05:18:57","modified_gmt":"2026-03-24T05:18:57","slug":"transformador-reductor-de-208-vca-a-120-vca-con-entrada-hardwire-con-cable-de-uso-rudo-y-6-salidas-nema-5-20r-recomendado-para-ups-de-5-a-10-kva-cyberpower","status":"publish","type":"product","link":"https:\/\/soydeaqui.ddns.net\/pachuca\/index.php\/producto\/transformador-reductor-de-208-vca-a-120-vca-con-entrada-hardwire-con-cable-de-uso-rudo-y-6-salidas-nema-5-20r-recomendado-para-ups-de-5-a-10-kva-cyberpower\/","title":{"rendered":"Transformador Reductor de 208 Vca a 120 Vca, Con entrada Hardwire con Cable de Uso Rudo y 6 Salidas NEMA 5-20R, Recomendado para UPS de 5 a 10 kVA CyberPower"},"content":{"rendered":"<div style='width: 100%; max-width: 1200px; margin: 0 auto; font-family: sans-serif; line-height: 1.6; color: inherit; background-color: transparent;'>\n<div style='display: flex; flex-wrap: wrap; gap: 30px; margin-bottom: 30px;'>\n<div style='flex: 1 1 300px; min-width: 280px;'> <img style='width: 100%; height: auto; border: 1px solid rgba(150&comma;150&comma;150&comma;0.3); border-radius: 8px;' src='https:\/\/ftp3.syscom.mx\/usuarios\/fotos\/logotipos\/cyberpower.png' alt=''> <\/div>\n<\/p><\/div>\n<div style='display: flex; flex-wrap: wrap; gap: 30px; margin-bottom: 30px;'>\n<div style='flex: 1 1 300px; min-width: 280px;'>\n<h3 style='font-size: 22px; border-bottom: 2px solid currentColor; padding-bottom: 5px; margin-top: 0; color: inherit; opacity: 0.8;'>Caracter\u00edsticas Generales<\/h3>\n<p style='font-size: 15px; color: inherit;'>CyberPower OL10KRT2UTFHWIOR proporciona protecci\u00f3n y reducci\u00f3n de voltaje para Centros de Datos y aplicaciones cr\u00edticas. El transformador reductor (STF) convierte el alto voltaje (200V &#8211; 240V) del UPS a bajo voltaje (100V &#8211; 120V). El STF tambi\u00e9n puede ofrecer m\u00faltiples Salidas de voltaje (100V &#8211; 240V)&comma; que pueden satisfacer las diversas necesidades de los usuarios. El producto adopta un dise\u00f1o de transformador de aislamiento para evitar las interrupciones de corriente de entrada&comma; protecci\u00f3n contra picos y fugas a tierra&comma; protegiendo los equipos conectados contra da\u00f1os.<\/p>\n<p style='font-size: 15px; color: inherit;'>El transformador est\u00e1 dise\u00f1ado con una alta eficiencia para proporcionar una capacidad de salida total. El STF admite frecuencias de 50Hz y 60Hz&comma; y adem\u00e1s ofrece protecci\u00f3n contra sobrecalentamiento en el UPS. El producto tiene interruptores autom\u00e1ticos de entrada y salida que se pueden reiniciar&comma; lo que permite a los usuarios restablecerlos c\u00f3modamente y brinda protecci\u00f3n contra una sobrecarga de entrada o salida.<\/p>\n<p style='font-size: 15px; color: inherit;'>El cable de alimentaci\u00f3n de 1.83 metros con clavija NEMA L6-30P viene inclu\u00eddo en el transformador.<\/p>\n<\/p><\/div>\n<\/p><\/div>\n<div style='display: flex; flex-wrap: wrap; gap: 20px; margin-bottom: 30px;'>\n<div style='flex: 1 1 250px; border: 1px solid rgba(150&comma; 150&comma; 150&comma; 0.4); border-radius: 8px; overflow: hidden; display: flex; flex-direction: column;'>\n<div style='padding: 15px; border-bottom: 1px solid rgba(150&comma; 150&comma; 150&comma; 0.2); font-weight: bold; font-size: 18px; color: inherit;'>Especificaciones T\u00e9cnicas<\/div>\n<div style='padding: 15px; color: inherit;'>\n<ul style='padding-left: 20px; margin: 0; font-size: 14px; list-style-type: disc;'>\n<li style='margin-bottom: 5px;'><strong>Potencia de Salida:<\/strong> 10&comma;000 VA \/ 10&comma;000 Watts<\/li>\n<li style='margin-bottom: 5px;'><strong>Voltaje de Salida:<\/strong> 120\/208 Vca a 50\/60 Hz<\/li>\n<li style='margin-bottom: 5px;'><strong>Entrada:<\/strong> Bloque Terminal Hardwire para cable de uso rudo<\/li>\n<li style='margin-bottom: 5px;'><strong>Conversi\u00f3n de potencia:<\/strong> 208V del suministro el\u00e9ctrico&comma; UPS o generador a 120V de salida<\/li>\n<li style='margin-bottom: 5px;'><strong>Tipo de clavija:<\/strong> NEMA L6-30P<\/li>\n<li style='margin-bottom: 5px;'><img style='width: 40px; height: 40px; border: 1px solid rgba(150&comma;150&comma;150&comma;0.3); border-radius: 4px;' src='https:\/\/www.cyberpower.com\/mx\/es\/File\/GetImageByDocId\/GeneralAttribute-246' alt=''><\/li>\n<li style='margin-bottom: 5px;'><strong>Longitud del cable:<\/strong> 1.83 m.<\/li>\n<li style='margin-bottom: 5px;'><strong>Salidas:<\/strong> Bloque terminal hardwire para cable uso rudo y 6 tomas NEMA 5-20R<\/li>\n<li style='margin-bottom: 5px;'><img style='width: 40px; height: 40px; border: 1px solid rgba(150&comma;150&comma;150&comma;0.3); border-radius: 4px;' src='https:\/\/www.cyberpower.com\/mx\/es\/File\/GetImageByDocId\/GeneralAttribute-370' alt=''><\/li>\n<li style='margin-bottom: 5px;'><strong>Formato:<\/strong> Rack\/Torre<\/li>\n<li style='margin-bottom: 5px;'><strong>Unidades de Rack:<\/strong> 2<\/li>\n<li style='margin-bottom: 5px;'><strong>Protecci\u00f3n de sobrecarga:<\/strong> Circuit Breakers de salida<\/li>\n<li style='margin-bottom: 5px;'><strong>Protecci\u00f3n por sobretemperatura:<\/strong> S\u00ed<\/li>\n<li style='margin-bottom: 5px;'><strong>Dimensiones:<\/strong> 433 x 88 x 600 mm (Ancho x Alto x Profundidad)<\/li>\n<li style='margin-bottom: 5px;'><strong>Peso:<\/strong> 54.4 kg<\/li>\n<li style='margin-bottom: 5px;'><strong>Garant\u00eda:<\/strong> 3 a\u00f1os<\/li>\n<\/ul><\/div>\n<\/p><\/div>\n<div style='flex: 1 1 250px; border: 1px solid rgba(150&comma; 150&comma; 150&comma; 0.4); border-radius: 8px; overflow: hidden; display: flex; flex-direction: column;'>\n<div style='padding: 15px; border-bottom: 1px solid rgba(150&comma; 150&comma; 150&comma; 0.2); font-weight: bold; font-size: 18px; color: inherit;'>Compatibilidad de UPS<\/div>\n<div style='padding: 15px; color: inherit;'>\n<ul style='padding-left: 20px; margin: 0; font-size: 14px; list-style-type: disc;'>\n<li style='margin-bottom: 5px;'>OL6000RT3UPDU<\/li>\n<li style='margin-bottom: 5px;'>OL6000RT3U<\/li>\n<li style='margin-bottom: 5px;'>OL8000RT3U<\/li>\n<li style='margin-bottom: 5px;'>OL8000RT3UPDU<\/li>\n<li style='margin-bottom: 5px;'>OL10000RT3U<\/li>\n<li style='margin-bottom: 5px;'>OL10000RT3UPDU<\/li>\n<li style='margin-bottom: 5px;'>PR5000LCDRTXL5U<\/li>\n<li style='margin-bottom: 5px;'>PR6000LCDRTXL5U<\/li>\n<\/ul><\/div>\n<\/p><\/div>\n<\/p><\/div>\n<hr style='border: 0; border-top: 1px solid rgba(150&comma; 150&comma; 150&comma; 0.3); margin: 30px 0;'> <\/div>\n","protected":false},"excerpt":{"rendered":"<p>Transformador Reductor de 208 Vca a 120 Vca, Con entrada Hardwire con Cable de Uso Rudo y 6 Salidas NEMA 5-20R, Recomendado para UPS de 5 a 10 kVA CyberPower<\/p>\n","protected":false},"featured_media":119643,"comment_status":"open","ping_status":"closed","template":"","meta":[],"product_brand":[],"product_cat":[1231],"product_tag":[677,142,1232],"class_list":{"0":"post-119644","1":"product","2":"type-product","3":"status-publish","4":"has-post-thumbnail","6":"product_cat-ups-no-break-energia-videovigilancia","7":"product_tag-cyberpower","8":"product_tag-energia","9":"product_tag-ups-no-break-2","11":"first","12":"outofstock","13":"sale","14":"shipping-taxable","15":"purchasable","16":"product-type-simple"},"_links":{"self":[{"href":"https:\/\/soydeaqui.ddns.net\/pachuca\/index.php\/wp-json\/wp\/v2\/product\/119644","targetHints":{"allow":["GET"]}}],"collection":[{"href":"https:\/\/soydeaqui.ddns.net\/pachuca\/index.php\/wp-json\/wp\/v2\/product"}],"about":[{"href":"https:\/\/soydeaqui.ddns.net\/pachuca\/index.php\/wp-json\/wp\/v2\/types\/product"}],"replies":[{"embeddable":true,"href":"https:\/\/soydeaqui.ddns.net\/pachuca\/index.php\/wp-json\/wp\/v2\/comments?post=119644"}],"wp:featuredmedia":[{"embeddable":true,"href":"https:\/\/soydeaqui.ddns.net\/pachuca\/index.php\/wp-json\/wp\/v2\/media\/119643"}],"wp:attachment":[{"href":"https:\/\/soydeaqui.ddns.net\/pachuca\/index.php\/wp-json\/wp\/v2\/media?parent=119644"}],"wp:term":[{"taxonomy":"product_brand","embeddable":true,"href":"https:\/\/soydeaqui.ddns.net\/pachuca\/index.php\/wp-json\/wp\/v2\/product_brand?post=119644"},{"taxonomy":"product_cat","embeddable":true,"href":"https:\/\/soydeaqui.ddns.net\/pachuca\/index.php\/wp-json\/wp\/v2\/product_cat?post=119644"},{"taxonomy":"product_tag","embeddable":true,"href":"https:\/\/soydeaqui.ddns.net\/pachuca\/index.php\/wp-json\/wp\/v2\/product_tag?post=119644"}],"curies":[{"name":"wp","href":"https:\/\/api.w.org\/{rel}","templated":true}]}}