{"id":119605,"date":"2026-03-24T05:16:35","date_gmt":"2026-03-24T05:16:35","guid":{"rendered":"https:\/\/soydeaqui.ddns.net\/pachuca\/index.php\/producto\/software-para-convertir-escritorio-remoto-y-camara-web-de-una-pc-en-camara-ip-onvif-se-puede-agregar-a-un-nvr-para-su-grabacion\/"},"modified":"2026-03-24T05:16:38","modified_gmt":"2026-03-24T05:16:38","slug":"software-para-convertir-escritorio-remoto-y-camara-web-de-una-pc-en-camara-ip-onvif-se-puede-agregar-a-un-nvr-para-su-grabacion","status":"publish","type":"product","link":"https:\/\/soydeaqui.ddns.net\/pachuca\/index.php\/producto\/software-para-convertir-escritorio-remoto-y-camara-web-de-una-pc-en-camara-ip-onvif-se-puede-agregar-a-un-nvr-para-su-grabacion\/","title":{"rendered":"Software Para Convertir Escritorio Remoto y C\u00e1mara Web de una PC en C\u00e1mara IP ONVIF \/ Se puede Agregar a un NVR para su Grabaci\u00f3n"},"content":{"rendered":"<div style='width: 100%; max-width: 1200px; margin: 0 auto; font-family: sans-serif; line-height: 1.6; color: inherit; background-color: transparent;'>\n<div style='width: 100%; text-align: center; margin-bottom: 30px;'> <img style='width: 100%; max-width: 100%; height: auto; border: 1px solid rgba(150&comma;150&comma;150&comma;0.3); border-radius: 8px;' src='https:\/\/ftp3.syscom.mx\/usuarios\/albamaria\/albamaria\/DESKCAMERA\/DESKCAMERA.jpg' alt=''> <\/p>\n<h1 style='font-size: 24px; margin-top: 20px; color: inherit;'>Especificaciones<\/h1>\n<\/p><\/div>\n<div style='display: flex; flex-wrap: wrap; gap: 30px; margin-bottom: 30px;'>\n<div style='flex: 1 1 300px; min-width: 280px;'>\n<div style='border: 1px solid rgba(150&comma; 150&comma; 150&comma; 0.4); border-radius: 8px; overflow: hidden; display: flex; flex-direction: column;'>\n<div style='padding: 15px; background-color: rgba(0&comma; 123&comma; 255&comma; 0.9); color: white; font-weight: bold; font-size: 18px;'>Caracter\u00edsticas Principales:<\/div>\n<ul style='padding: 15px; margin: 0; font-size: 14px; color: inherit;'>\n<li style='margin-bottom: 5px;'>C\u00e1mara IP virtual ONVIF<\/li>\n<li style='margin-bottom: 5px;'>Transmite pantallas de PC y c\u00e1maras web<\/li>\n<li style='margin-bottom: 5px;'>Compatible con muchos sistemas VMS\/NVR<\/li>\n<li style='margin-bottom: 5px;'>Funciona con configuraciones de CCTV existentes<\/li>\n<li style='margin-bottom: 5px;'>Soporte para m\u00faltiples canales de video<\/li>\n<li style='margin-bottom: 5px;'>F\u00e1cil integraci\u00f3n y configuraci\u00f3n<\/li>\n<\/ul><\/div>\n<\/p><\/div>\n<div style='flex: 1 1 300px; min-width: 280px;'>\n<div style='border: 1px solid rgba(150&comma; 150&comma; 150&comma; 0.4); border-radius: 8px; overflow: hidden; display: flex; flex-direction: column;'>\n<div style='padding: 15px; background-color: rgba(0&comma; 123&comma; 255&comma; 0.9); color: white; font-weight: bold; font-size: 18px;'>Caracter\u00edsticas F\u00edsicas y El\u00e9ctricas:<\/div>\n<ul style='padding: 15px; margin: 0; font-size: 14px; color: inherit;'>\n<li style='margin-bottom: 5px;'>SO: Windows 7 SP1 o posterior<\/li>\n<li style='margin-bottom: 5px;'>.NET Framework 4.5<\/li>\n<li style='margin-bottom: 5px;'>GPU Intel&comma; Nvidia o AMD<\/li>\n<li style='margin-bottom: 5px;'>Microsoft Visual C++2015<\/li>\n<li style='margin-bottom: 5px;'>Soporte para conexiones de red est\u00e1ndar<\/li>\n<\/ul><\/div>\n<\/p><\/div>\n<div style='flex: 1 1 300px; min-width: 280px;'>\n<div style='border: 1px solid rgba(150&comma; 150&comma; 150&comma; 0.4); border-radius: 8px; overflow: hidden; display: flex; flex-direction: column;'>\n<div style='padding: 15px; background-color: rgba(0&comma; 123&comma; 255&comma; 0.9); color: white; font-weight: bold; font-size: 18px;'>Caracter\u00edsticas Destacadas:<\/div>\n<ul style='padding: 15px; margin: 0; font-size: 14px; color: inherit;'>\n<li style='margin-bottom: 5px;'>Transmite escritorios&comma; c\u00e1maras web y \u00e1reas de pantalla definidas<\/li>\n<li style='margin-bottom: 5px;'>Soporta codificaci\u00f3n H264&comma; H265 y MJPEG<\/li>\n<li style='margin-bottom: 5px;'>Audio G711 u-law y AAC<\/li>\n<li style='margin-bottom: 5px;'>Superposici\u00f3n de texto personalizado y marca de tiempo<\/li>\n<li style='margin-bottom: 5px;'>Despliegue remoto y autoarranque con Windows<\/li>\n<li style='margin-bottom: 5px;'>Interfaz de usuario intuitiva y f\u00e1cil de usar<\/li>\n<li style='margin-bottom: 5px;'>Actualizaciones autom\u00e1ticas de software<\/li>\n<\/ul><\/div>\n<\/p><\/div>\n<\/p><\/div>\n<hr style='border: 0; border-top: 1px solid rgba(150&comma; 150&comma; 150&comma; 0.3); margin: 30px 0;'>\n<div style='margin-bottom: 30px;'>\n<p style='margin-bottom: 15px;'>DeskCamera es un software de c\u00e1mara IP de ONVIF que permite transmitir PC de escritorio y webcam como canales de video desde una c\u00e1mara virtual de seguridad IP de ONVIF.<\/p>\n<p style='margin-bottom: 15px;'>DeskCamera es una soluci\u00f3n de software para una vigilancia de PC. Permite transmitir el escritorio del PC y la vista de c\u00e1mara web como un v\u00eddeo que se alimenta desde una c\u00e1mara virtual de seguridad IP de ONVIF.<\/p>\n<p style='margin-bottom: 15px;'>La PC con el software instalado act\u00faa como cualquier otra c\u00e1mara IP f\u00edsica y transmite el escritorio y la webcam como canales de video en vivo.<\/p>\n<\/p><\/div>\n<div style='width: 100%; text-align: center; margin: 30px 0;'> <img style='width: 100%; max-width: 736px; height: auto; border: 1px solid rgba(150&comma;150&comma;150&comma;0.3); border-radius: 8px;' src='https:\/\/ftp3.syscom.mx\/usuarios\/cbarrera\/Imagenes\/DESKCAMERA\/DESKCAMERA_spanish.jpg' alt=''> <\/div>\n<div style='margin-bottom: 30px;'>\n<p style='margin-bottom: 15px;'><strong>Descargue el software:<\/strong><\/p>\n<p style='margin-bottom: 15px;'><a href='https:\/\/www.deskcamera.com\/Download' style='color: #007bff; text-decoration: none;'>https:\/\/www.deskcamera.com\/Download<\/a><\/p>\n<p style='margin-bottom: 15px;'><strong>Licencia prueba:<\/strong><\/p>\n<p style='margin-bottom: 15px;'><a href='https:\/\/www.deskcamera.com\/es\/free-trial\/' style='color: #007bff; text-decoration: none;'>https:\/\/www.deskcamera.com\/es\/free-trial\/<\/a><\/p>\n<p style='margin-bottom: 15px;'><strong>NOTA:<\/strong> Se debe activar una licencia a trav\u00e9s de Internet. Una vez que se activa la licencia&comma; est\u00e1 vinculada al hardware de la PC y no se puede transferir a otras PC. El usuario puede usar la misma licencia luego de reinstalar DeskCamera o Windows; sin embargo&comma; debe comprar una nueva licencia para usar el software en una nueva PC. Las actualizaciones de software son gratuitas durante todo el per\u00edodo de una licencia<\/p>\n<\/p><\/div>\n<div style='position: relative; padding-bottom: 56.25%; height: 0; overflow: hidden; margin-bottom: 30px;'>   <\/div>\n<\/p><\/div>\n","protected":false},"excerpt":{"rendered":"<p>Software Para Convertir Escritorio Remoto y C\u00e1mara Web de una PC en C\u00e1mara IP ONVIF \/ Se puede Agregar a un NVR para su Grabaci\u00f3n<\/p>\n","protected":false},"featured_media":119604,"comment_status":"open","ping_status":"closed","template":"","meta":[],"product_brand":[],"product_cat":[2341],"product_tag":[122,2387,2342],"class_list":{"0":"post-119605","1":"product","2":"type-product","3":"status-publish","4":"has-post-thumbnail","6":"product_cat-profesionales-caja","7":"product_tag-camaras-ip-y-nvrs","8":"product_tag-deskcamera","9":"product_tag-profesionales-caja","11":"first","12":"outofstock","13":"sale","14":"shipping-taxable","15":"purchasable","16":"product-type-simple"},"_links":{"self":[{"href":"https:\/\/soydeaqui.ddns.net\/pachuca\/index.php\/wp-json\/wp\/v2\/product\/119605","targetHints":{"allow":["GET"]}}],"collection":[{"href":"https:\/\/soydeaqui.ddns.net\/pachuca\/index.php\/wp-json\/wp\/v2\/product"}],"about":[{"href":"https:\/\/soydeaqui.ddns.net\/pachuca\/index.php\/wp-json\/wp\/v2\/types\/product"}],"replies":[{"embeddable":true,"href":"https:\/\/soydeaqui.ddns.net\/pachuca\/index.php\/wp-json\/wp\/v2\/comments?post=119605"}],"wp:featuredmedia":[{"embeddable":true,"href":"https:\/\/soydeaqui.ddns.net\/pachuca\/index.php\/wp-json\/wp\/v2\/media\/119604"}],"wp:attachment":[{"href":"https:\/\/soydeaqui.ddns.net\/pachuca\/index.php\/wp-json\/wp\/v2\/media?parent=119605"}],"wp:term":[{"taxonomy":"product_brand","embeddable":true,"href":"https:\/\/soydeaqui.ddns.net\/pachuca\/index.php\/wp-json\/wp\/v2\/product_brand?post=119605"},{"taxonomy":"product_cat","embeddable":true,"href":"https:\/\/soydeaqui.ddns.net\/pachuca\/index.php\/wp-json\/wp\/v2\/product_cat?post=119605"},{"taxonomy":"product_tag","embeddable":true,"href":"https:\/\/soydeaqui.ddns.net\/pachuca\/index.php\/wp-json\/wp\/v2\/product_tag?post=119605"}],"curies":[{"name":"wp","href":"https:\/\/api.w.org\/{rel}","templated":true}]}}