{"id":119601,"date":"2026-03-24T05:16:22","date_gmt":"2026-03-24T05:16:22","guid":{"rendered":"https:\/\/soydeaqui.ddns.net\/pachuca\/index.php\/producto\/kit-de-videoportero-ydv4702-frente-de-calle-y-monitor-hasta-16-monitores-funcion-guardia\/"},"modified":"2026-03-24T05:16:24","modified_gmt":"2026-03-24T05:16:24","slug":"kit-de-videoportero-ydv4702-frente-de-calle-y-monitor-hasta-16-monitores-funcion-guardia","status":"publish","type":"product","link":"https:\/\/soydeaqui.ddns.net\/pachuca\/index.php\/producto\/kit-de-videoportero-ydv4702-frente-de-calle-y-monitor-hasta-16-monitores-funcion-guardia\/","title":{"rendered":"Kit de VideoPortero YDV4702: Frente de Calle y Monitor\/ Hasta  16 Monitores\/ Funci\u00f3n Guardia"},"content":{"rendered":"<div style='width: 100%; max-width: 1200px; margin: 0 auto; font-family: sans-serif; line-height: 1.6; color: inherit; background-color: transparent;'>\n<div style='display: flex; flex-wrap: wrap; gap: 30px; margin-bottom: 30px;'>\n<div style='flex: 1 1 300px; min-width: 280px;'>\n<h3 style='font-size: 22px; border-bottom: 2px solid currentColor; padding-bottom: 5px; margin-top: 0; color: inherit; opacity: 0.8;'>Caracter\u00edsticas Principales<\/h3>\n<ul style='padding-left: 20px; font-size: 15px; color: inherit;'>\n<li style='margin-bottom: 5px;'>Llamadas internas: Una llamada a todos los monitores&comma; s\u00f3lo 1 puede contestar<\/li>\n<li style='margin-bottom: 5px;'>Llamada guardia: Con un monitor guardia asignado&comma; un \u00edcono llama al monitor de guardia (disponible solo en el modelo 80126)<\/li>\n<li style='margin-bottom: 5px;'>Funci\u00f3n de no molestar: El monitor queda desactivado al momento de recibir una llamada y el resto de los monitores suena una sola vez<\/li>\n<\/ul><\/div>\n<div style='flex: 1 1 300px; min-width: 280px;'>\n<h3 style='font-size: 22px; border-bottom: 2px solid currentColor; padding-bottom: 5px; margin-top: 0; color: inherit; opacity: 0.8;'>Caracter\u00edsticas T\u00e9cnicas<\/h3>\n<ul style='padding-left: 20px; font-size: 15px; color: inherit;'>\n<li style='margin-bottom: 5px;'>Pantalla Touch 4&#8242; LCD Color<\/li>\n<li style='margin-bottom: 5px;'>Resoluci\u00f3n de pantalla 320 RGB x 240 pixeles<\/li>\n<li style='margin-bottom: 5px;'>\u00c1ngulo de visi\u00f3n 110\u00b0<\/li>\n<li style='margin-bottom: 5px;'>Funci\u00f3n de monitoreo<\/li>\n<li style='margin-bottom: 5px;'>Instalaci\u00f3n: 1 cable&comma; 2 l\u00edneas sin polaridad&comma; distancia m\u00e1xima en cascada con cable calibre 18 AWG es de 150 m<\/li>\n<li style='margin-bottom: 5px;'>Se recomienda uso de cable calibre 18 modelo 11195501\/500&comma; 9270 o ACCESS182<\/li>\n<li style='margin-bottom: 5px;'>Salida de voltaje de 12 Vcc&comma; 3A para conectar una cerradura el\u00e9ctrica<\/li>\n<li style='margin-bottom: 5px;'>Alimentaci\u00f3n: 24V&comma; consumo 6 mA en reposo y 194 mA en operaci\u00f3n<\/li>\n<li style='margin-bottom: 5px;'>Dimensiones: 186 x 190 x 25 mm<\/li>\n<\/ul><\/div>\n<\/p><\/div>\n<div style='display: flex; flex-wrap: wrap; gap: 30px; margin-bottom: 30px;'>\n<div style='flex: 1 1 300px; min-width: 280px;'>\n<h3 style='font-size: 22px; border-bottom: 2px solid currentColor; padding-bottom: 5px; margin-top: 0; color: inherit; opacity: 0.8;'>Funcionalidades<\/h3>\n<ul style='padding-left: 20px; font-size: 15px; color: inherit;'>\n<li style='margin-bottom: 5px;'>Soporta hasta 4 monitores (83209)<\/li>\n<li style='margin-bottom: 5px;'>Crecimiento de 16 monitores usando el distribuidor 89079 (2 monitores por cada distribuidor)<\/li>\n<li style='margin-bottom: 5px;'>Timbre personalizable<\/li>\n<li style='margin-bottom: 5px;'>Disponible en Espa\u00f1ol e Ingl\u00e9s<\/li>\n<li style='margin-bottom: 5px;'>LED para mejor visi\u00f3n con poca luz<\/li>\n<\/ul><\/div>\n<div style='flex: 1 1 300px; min-width: 280px;'>\n<h3 style='font-size: 22px; border-bottom: 2px solid currentColor; padding-bottom: 5px; margin-top: 0; color: inherit; opacity: 0.8;'>Notas Importantes<\/h3>\n<ul style='padding-left: 20px; font-size: 15px; color: inherit;'>\n<li style='margin-bottom: 5px;'>La funci\u00f3n de No Molestar&comma; NO esta disponible en este modelo<\/li>\n<li style='margin-bottom: 5px;'>Difusi\u00f3n interna: Un mensaje difundido en todos los monitores al mismo tiempo (Funci\u00f3n no disponible para M\u00e9xico)<\/li>\n<li style='margin-bottom: 5px;'>Llamar contactos: Llamadas entre monitores por medio de una lista de contactos (Funci\u00f3n no disponible para M\u00e9xico)<\/li>\n<li style='margin-bottom: 5px;'>El m\u00f3dulo Branch para controlar m\u00e1s de una cerradura no esta disponible para venta en M\u00e9xico<\/li>\n<li style='margin-bottom: 5px;'><a href='https:\/\/ftp3.syscom.mx\/usuarios\/ftp\/2018\/03\/06\/9d529\/80126_nota.jpg' target='_blank' rel='noopener noreferrer' style='color: inherit; text-decoration: underline;'>Cambios en apariencia en nuevas versiones<\/a><\/li>\n<\/ul><\/div>\n<\/p><\/div>\n<div style='display: flex; flex-wrap: wrap; gap: 30px; margin-bottom: 30px;'>\n<div style='flex: 1 1 300px; min-width: 280px;'>\n<h3 style='font-size: 22px; border-bottom: 2px solid currentColor; padding-bottom: 5px; margin-top: 0; color: inherit; opacity: 0.8;'>Accesorios y Compatibilidad<\/h3>\n<ul style='padding-left: 20px; font-size: 15px; color: inherit;'>\n<li style='margin-bottom: 5px;'>Modelo compatible: 83209<\/li>\n<li style='margin-bottom: 5px;'>Distribuidor compatible: 89079<\/li>\n<\/ul><\/div>\n<div style='flex: 1 1 300px; min-width: 280px;'>\n<h3 style='font-size: 22px; border-bottom: 2px solid currentColor; padding-bottom: 5px; margin-top: 0; color: inherit; opacity: 0.8;'>Requisitos de Instalaci\u00f3n<\/h3>\n<ul style='padding-left: 20px; font-size: 15px; color: inherit;'>\n<li style='margin-bottom: 5px;'>Instalaci\u00f3n: 1 cable&comma; 2 l\u00edneas sin polaridad<\/li>\n<li style='margin-bottom: 5px;'>Distancia m\u00e1xima en cascada con cable calibre 18 AWG es de 150 m<\/li>\n<li style='margin-bottom: 5px;'>Se recomienda uso de cable calibre 18 modelo 11195501\/500&comma; 9270 o ACCESS182<\/li>\n<\/ul><\/div>\n<\/p><\/div>\n<div style='display: flex; justify-content: center; margin-bottom: 30px;'> <img style='width: 100%; max-width: 400px; height: auto; border: 1px solid rgba(150&comma;150&comma;150&comma;0.3); border-radius: 8px;' src='http:\/\/ftp3.syscom.mx\/usuarios\/ftp\/2017\/01\/03\/43ba4\/yale-logo.jpg' alt='' \/> <\/div>\n<hr style='border: 0; border-top: 1px solid rgba(150&comma; 150&comma; 150&comma; 0.3); margin: 30px 0;'> <\/div>\n","protected":false},"excerpt":{"rendered":"<p>Kit de VideoPortero YDV4702: Frente de Calle y Monitor\/ Hasta  16 Monitores\/ Funci\u00f3n Guardia<\/p>\n","protected":false},"featured_media":119600,"comment_status":"open","ping_status":"closed","template":"","meta":[],"product_brand":[],"product_cat":[974],"product_tag":[218,872,557],"class_list":{"0":"post-119601","1":"product","2":"type-product","3":"status-publish","4":"has-post-thumbnail","6":"product_cat-videoporteros-analogicos-videoporteros-e-interfonos","7":"product_tag-assa-abloy","8":"product_tag-videoporteros-analogicos","9":"product_tag-videoporteros-e-interfonos","11":"first","12":"outofstock","13":"sale","14":"shipping-taxable","15":"purchasable","16":"product-type-simple"},"_links":{"self":[{"href":"https:\/\/soydeaqui.ddns.net\/pachuca\/index.php\/wp-json\/wp\/v2\/product\/119601","targetHints":{"allow":["GET"]}}],"collection":[{"href":"https:\/\/soydeaqui.ddns.net\/pachuca\/index.php\/wp-json\/wp\/v2\/product"}],"about":[{"href":"https:\/\/soydeaqui.ddns.net\/pachuca\/index.php\/wp-json\/wp\/v2\/types\/product"}],"replies":[{"embeddable":true,"href":"https:\/\/soydeaqui.ddns.net\/pachuca\/index.php\/wp-json\/wp\/v2\/comments?post=119601"}],"wp:featuredmedia":[{"embeddable":true,"href":"https:\/\/soydeaqui.ddns.net\/pachuca\/index.php\/wp-json\/wp\/v2\/media\/119600"}],"wp:attachment":[{"href":"https:\/\/soydeaqui.ddns.net\/pachuca\/index.php\/wp-json\/wp\/v2\/media?parent=119601"}],"wp:term":[{"taxonomy":"product_brand","embeddable":true,"href":"https:\/\/soydeaqui.ddns.net\/pachuca\/index.php\/wp-json\/wp\/v2\/product_brand?post=119601"},{"taxonomy":"product_cat","embeddable":true,"href":"https:\/\/soydeaqui.ddns.net\/pachuca\/index.php\/wp-json\/wp\/v2\/product_cat?post=119601"},{"taxonomy":"product_tag","embeddable":true,"href":"https:\/\/soydeaqui.ddns.net\/pachuca\/index.php\/wp-json\/wp\/v2\/product_tag?post=119601"}],"curies":[{"name":"wp","href":"https:\/\/api.w.org\/{rel}","templated":true}]}}