{"id":119599,"date":"2026-03-24T05:16:16","date_gmt":"2026-03-24T05:16:16","guid":{"rendered":"https:\/\/soydeaqui.ddns.net\/pachuca\/index.php\/producto\/ip-video-system-design-basic-tool-software-de-diseno-para-el-sistema-de-video-ip-hasta-16-camaras-por-proyecto\/"},"modified":"2026-03-24T05:16:19","modified_gmt":"2026-03-24T05:16:19","slug":"ip-video-system-design-basic-tool-software-de-diseno-para-el-sistema-de-video-ip-hasta-16-camaras-por-proyecto","status":"publish","type":"product","link":"https:\/\/soydeaqui.ddns.net\/pachuca\/index.php\/producto\/ip-video-system-design-basic-tool-software-de-diseno-para-el-sistema-de-video-ip-hasta-16-camaras-por-proyecto\/","title":{"rendered":"IP Video System Design BASIC Tool \/ Software de Dise\u00f1o para el Sistema de V\u00eddeo IP \/ Hasta 16 C\u00e1maras por Proyecto"},"content":{"rendered":"<div style='width: 100%; max-width: 1200px; margin: 0 auto; font-family: sans-serif; line-height: 1.6; color: inherit; background-color: transparent;'> <!-- Secci\u00f3n de caracter\u00edsticas --> <\/p>\n<div style='display: flex; flex-wrap: wrap; gap: 30px; margin-bottom: 30px;'>\n<div style='flex: 1 1 300px; min-width: 280px;'>\n<h3 style='font-size: 22px; border-bottom: 2px solid currentColor; padding-bottom: 5px; margin-top: 0; color: inherit; opacity: 0.8;'>Caracter\u00edsticas principales<\/h3>\n<ul style='padding-left: 20px; font-size: 15px; color: inherit;'>\n<li style='margin-bottom: 5px;'><strong>Aumentar la eficiencia de su sistema y reduce los costos encontrando las mejores ubicaciones para la c\u00e1mara.<\/strong><\/li>\n<li style='margin-bottom: 5px;'><strong>Calcular longitud focal del lente de la c\u00e1mara y \u00e1ngulos de visi\u00f3n<\/strong><\/li>\n<li style='margin-bottom: 5px;'><strong>Encontrar zonas muertas para aumentar el nivel de seguridad de sus instalaciones utilizando 2D y modelado en 3D<\/strong><\/li>\n<li style='margin-bottom: 5px;'><strong>Estimar el ancho de banda de red necesaria para crear sistemas de v\u00eddeo en red.<\/strong><\/li>\n<li style='margin-bottom: 5px;'><strong>Calcular el espacio de almacenamiento de disco duro.<\/strong><\/li>\n<\/ul><\/div>\n<div style='flex: 1 1 300px; min-width: 280px;'>\n<h3 style='font-size: 22px; border-bottom: 2px solid currentColor; padding-bottom: 5px; margin-top: 0; color: inherit; opacity: 0.8;'>Caracter\u00edsticas generales<\/h3>\n<ul style='padding-left: 20px; font-size: 15px; color: inherit;'>\n<li style='margin-bottom: 5px;'><strong>N\u00famero m\u00e1ximo de c\u00e1maras por proyecto 16<\/strong><\/li>\n<li style='margin-bottom: 5px;'><strong>Software de dise\u00f1o para CCTV<\/strong><\/li>\n<li style='margin-bottom: 5px;'><strong>Permite generar presentaciones y propuestas.<\/strong><\/li>\n<li style='margin-bottom: 5px;'><strong>Planos 3D y simulaci\u00f3n<\/strong><\/li>\n<li style='margin-bottom: 5px;'><strong>Modelos real\u00edsticos 3D<\/strong><\/li>\n<li style='margin-bottom: 5px;'><strong>Cables y c\u00e1lculos de distancia<\/strong><\/li>\n<li style='margin-bottom: 5px;'><strong>Paredes de limite de zona<\/strong><\/li>\n<\/ul><\/div>\n<div style='flex: 1 1 300px; min-width: 280px;'>\n<h3 style='font-size: 22px; border-bottom: 2px solid currentColor; padding-bottom: 5px; margin-top: 0; color: inherit; opacity: 0.8;'>La herramienta de dise\u00f1o incluye<\/h3>\n<ul style='padding-left: 20px; font-size: 15px; color: inherit;'>\n<li style='margin-bottom: 5px;'><strong>Calculadora de campo de vista<\/strong><\/li>\n<li style='margin-bottom: 5px;'><strong>Calculadora de distancia focal de los lentes<\/strong><\/li>\n<li style='margin-bottom: 5px;'><strong>Calculadoras de almacenamiento de CCTV y de ancho de banda<\/strong><\/li>\n<li style='margin-bottom: 5px;'><strong>Calculadora de resoluci\u00f3n de c\u00e1mara megap\u00edxel<\/strong><\/li>\n<li style='margin-bottom: 5px;'><strong>Muchas otras herramientas de circuito cerrado de televisi\u00f3n para que pueda dise\u00f1ar un sistema de vigilancia de v\u00eddeo r\u00e1pido&comma; f\u00e1cil y de forma profesional.<\/strong><\/li>\n<\/ul><\/div>\n<\/p><\/div>\n<p> <!-- Secci\u00f3n de texto adicional --> <\/p>\n<div style='margin-bottom: 30px; font-size: 15px; color: inherit;'>\n<p style='margin: 0 0 20px 0; font-size: 16px; font-weight: bold; color: inherit;'>Compatible con Win 10<\/p>\n<p style='margin: 0 0 20px 0; color: inherit;'><strong>El \u00fanico software de dise\u00f1o para sistema de circuito cerrado de televisi\u00f3n con ancho de banda de red integrada y el c\u00e1lculo de espacio de almacenamiento<\/strong><\/p>\n<p style='margin: 0; color: inherit;'>S\u00f3lo con la Herramienta de dise\u00f1o para el Sistema de v\u00eddeo IP se puede calcular el ancho de banda de red y espacio de almacenamiento para 15 resoluciones de la c\u00e1mara y varios m\u00e9todos de compresi\u00f3n&comma; incluyendo H.264&comma; MPEG-4 y Motion JPEG. La Herramienta de dise\u00f1o para el Sistema de v\u00eddeo IP permite al dise\u00f1ador del sistema encontrar FPS \u00f3ptima y la compresi\u00f3n que se adapta a las capacidades de LAN y calcular el espacio requerido disco duro de almacenamiento. El estimado del tama\u00f1o del cuadro se basa en el resultado de nuestra propia investigaci\u00f3n de compresi\u00f3n&comma; gracias a nuestro amplio conocimiento de los algoritmos de compresi\u00f3n y una amplia gama de datos experimentales de CCTV en la vida real.<\/p>\n<\/p><\/div>\n<p> <!-- Secci\u00f3n de im\u00e1genes --> <\/p>\n<div style='display: flex; flex-wrap: wrap; gap: 20px; margin-bottom: 30px; justify-content: center;'> <img style='width: 100%; max-width: 576px; height: auto; border: 1px solid rgba(150&comma;150&comma;150&comma;0.3); border-radius: 8px;' src='https:\/\/ftp3.syscom.mx\/usuarios\/pnunez\/IPICA\/image%20%2813%29.png' alt=''> <img style='width: 100%; max-width: 440px; height: auto; border: 1px solid rgba(150&comma;150&comma;150&comma;0.3); border-radius: 8px;' src='http:\/\/ftp3.syscom.mx\/usuarios\/adelatorre\/Banners\/analyze-cctv-efficiency-500.png' alt=''> <img style='width: 100%; max-width: 440px; height: auto; border: 1px solid rgba(150&comma;150&comma;150&comma;0.3); border-radius: 8px;' src='http:\/\/ftp3.syscom.mx\/usuarios\/adelatorre\/Banners\/Plano-del-sitio-vigilancia-disenado.png' alt=''> <img style='width: 100%; max-width: 600px; height: auto; border: 1px solid rgba(150&comma;150&comma;150&comma;0.3); border-radius: 8px;' src='http:\/\/www.jvsg.com\/img\/ip-video-system-design-software.jpg' alt=''> <a href='http:\/\/www.jvsg.com\/img\/site-plan-camera-coverage.jpg' style='width: 100%; max-width: 400px; display: inline-block; text-decoration: none;'> <img style='width: 100%; height: auto; border: 1px solid rgba(150&comma;150&comma;150&comma;0.3); border-radius: 8px;' src='http:\/\/www.jvsg.com\/img\/site-plan-camera-coverage_tn.jpg' alt='Camera Zone Coverage Calculation'> <\/a> <a href='http:\/\/www.jvsg.com\/img\/cctv-floor-plan-camera-coverage.jpg' style='width: 100%; max-width: 400px; display: inline-block; text-decoration: none;'> <img style='width: 100%; height: auto; border: 1px solid rgba(150&comma;150&comma;150&comma;0.3); border-radius: 8px;' src='http:\/\/www.jvsg.com\/img\/cctv-floor-plan-camera-coverage_tn.jpg' alt='CCTV Floor plan modeling and camera Zone Coverage Calculation'> <\/a> <a href='http:\/\/www.jvsg.com\/img\/camera-installation-plan.jpg' style='width: 100%; max-width: 400px; display: inline-block; text-decoration: none;'> <img style='width: 100%; height: auto; border: 1px solid rgba(150&comma;150&comma;150&comma;0.3); border-radius: 8px;' src='http:\/\/www.jvsg.com\/img\/camera-installation-plan_tn.jpg' alt='Camera Installation Plan'> <\/a> <a href='http:\/\/www.jvsg.com\/img\/calculate-ip-system-bandwidth-requrement.jpg' style='width: 100%; max-width: 400px; display: inline-block; text-decoration: none;'> <img style='width: 100%; height: auto; border: 1px solid rgba(150&comma;150&comma;150&comma;0.3); border-radius: 8px;' src='http:\/\/www.jvsg.com\/img\/calculate-ip-system-bandwidth-requrement_tn.jpg' alt='Network Bandwidth and Storage Space Requrements Calculation'> <\/a> <img style='width: 100%; max-width: 419px; height: auto; border: 1px solid rgba(150&comma;150&comma;150&comma;0.3); border-radius: 8px;' src='http:\/\/www.jvsg.com\/img\/cctv-camera-3d-mockup.jpg' alt='CCTV Camera Design - 3D Mockups'> <\/div>\n<p> <!-- Separador --> <\/p>\n<hr style='border: 0; border-top: 1px solid rgba(150&comma; 150&comma; 150&comma; 0.3); margin: 30px 0;'> <\/div>\n","protected":false},"excerpt":{"rendered":"<p>IP Video System Design BASIC Tool \/ Software de Dise\u00f1o para el Sistema de V\u00eddeo IP \/ Hasta 16 C\u00e1maras por Proyecto<\/p>\n","protected":false},"featured_media":114235,"comment_status":"open","ping_status":"closed","template":"","meta":[],"product_brand":[],"product_cat":[2248],"product_tag":[122,2249,2380],"class_list":{"0":"post-119599","1":"product","2":"type-product","3":"status-publish","4":"has-post-thumbnail","6":"product_cat-fisheye-y-hemisfericas","7":"product_tag-camaras-ip-y-nvrs","8":"product_tag-fisheye-y-hemisfericas","9":"product_tag-jvsg","11":"first","12":"outofstock","13":"sale","14":"shipping-taxable","15":"purchasable","16":"product-type-simple"},"_links":{"self":[{"href":"https:\/\/soydeaqui.ddns.net\/pachuca\/index.php\/wp-json\/wp\/v2\/product\/119599","targetHints":{"allow":["GET"]}}],"collection":[{"href":"https:\/\/soydeaqui.ddns.net\/pachuca\/index.php\/wp-json\/wp\/v2\/product"}],"about":[{"href":"https:\/\/soydeaqui.ddns.net\/pachuca\/index.php\/wp-json\/wp\/v2\/types\/product"}],"replies":[{"embeddable":true,"href":"https:\/\/soydeaqui.ddns.net\/pachuca\/index.php\/wp-json\/wp\/v2\/comments?post=119599"}],"wp:featuredmedia":[{"embeddable":true,"href":"https:\/\/soydeaqui.ddns.net\/pachuca\/index.php\/wp-json\/wp\/v2\/media\/114235"}],"wp:attachment":[{"href":"https:\/\/soydeaqui.ddns.net\/pachuca\/index.php\/wp-json\/wp\/v2\/media?parent=119599"}],"wp:term":[{"taxonomy":"product_brand","embeddable":true,"href":"https:\/\/soydeaqui.ddns.net\/pachuca\/index.php\/wp-json\/wp\/v2\/product_brand?post=119599"},{"taxonomy":"product_cat","embeddable":true,"href":"https:\/\/soydeaqui.ddns.net\/pachuca\/index.php\/wp-json\/wp\/v2\/product_cat?post=119599"},{"taxonomy":"product_tag","embeddable":true,"href":"https:\/\/soydeaqui.ddns.net\/pachuca\/index.php\/wp-json\/wp\/v2\/product_tag?post=119599"}],"curies":[{"name":"wp","href":"https:\/\/api.w.org\/{rel}","templated":true}]}}