{"id":119578,"date":"2026-03-24T05:15:11","date_gmt":"2026-03-24T05:15:11","guid":{"rendered":"https:\/\/soydeaqui.ddns.net\/pachuca\/index.php\/producto\/kit-turbohd-1080p-dvr-16-canales-16-camaras-eyeball-exterior-2-8-mm-transceptores-conectores-fuente-de-poder-profesional\/"},"modified":"2026-03-24T05:15:15","modified_gmt":"2026-03-24T05:15:15","slug":"kit-turbohd-1080p-dvr-16-canales-16-camaras-eyeball-exterior-2-8-mm-transceptores-conectores-fuente-de-poder-profesional","status":"publish","type":"product","link":"https:\/\/soydeaqui.ddns.net\/pachuca\/index.php\/producto\/kit-turbohd-1080p-dvr-16-canales-16-camaras-eyeball-exterior-2-8-mm-transceptores-conectores-fuente-de-poder-profesional\/","title":{"rendered":"KIT TurboHD 1080p \/ DVR 16 Canales \/ 16 C\u00e1maras Eyeball (exterior 2.8 mm) \/ Transceptores \/ Conectores \/ Fuente de Poder Profesional"},"content":{"rendered":"<div style='width: 100%; max-width: 1200px; margin: 0 auto; font-family: sans-serif; line-height: 1.6; color: inherit; background-color: transparent;'> <!-- Imagen principal --> <img style='width: 100%; height: auto; border: 1px solid rgba(150&comma;150&comma;150&comma;0.3); border-radius: 8px; margin-bottom: 30px;' src='https:\/\/ftp3.syscom.mx\/usuarios\/fotos\/KESTXLT4EW\/88416-camaras-epcom-kit-3.jpg' alt=''> <!-- Video de YouTube --> <\/p>\n<div style='position: relative; padding-bottom: 56.25%; height: 0; overflow: hidden; margin-bottom: 30px;'>   <\/div>\n<p> <!-- Secci\u00f3n de contenido con flex\/grid --> <\/p>\n<div style='display: flex; flex-wrap: wrap; gap: 30px; margin-bottom: 30px;'>\n<div style='flex: 1 1 300px; min-width: 280px;'>\n<h3 style='font-size: 22px; border-bottom: 2px solid currentColor; padding-bottom: 5px; margin-top: 0; color: inherit; opacity: 0.8;'>El KIT incluye:<\/h3>\n<ul style='padding-left: 20px; font-size: 15px; color: inherit;'>\n<li style='margin-bottom: 5px;'><a style='color: inherit; text-decoration: none;' href='https:\/\/www.syscom.mx\/producto\/EX-5016TURBO-EPCOM-PROFESSIONAL-231392.html' target='_blank' rel='noopener'>1 x EX-5016TURBO<\/a><\/li>\n<li style='margin-bottom: 5px;'><a style='color: inherit; text-decoration: none;' href='https:\/\/www.syscom.mx\/producto\/E8-TURBO-G2W-EPCOM-167224.html' target='_blank' rel='noopener'>16 x E8-TURBO-G2W<\/a><\/li>\n<li style='margin-bottom: 5px;'><a style='color: inherit; text-decoration: none;' href='https:\/\/www.syscom.mx\/producto\/XP-16DC-20-4KV-EPCOM-POWERLINE-176094.html' target='_blank' rel='noopener'>1 x XP-16DC-20-4KV<\/a><\/li>\n<li style='margin-bottom: 5px;'><a style='color: inherit; text-decoration: none;' href='https:\/\/www.syscom.mx\/producto\/TT101FTURBOZ-EPCOM-TITANIUM-144325.html' target='_blank' rel='noopener'>16 x TT101FTURBOZ<\/a><\/li>\n<li style='margin-bottom: 5px;'><a style='color: inherit; text-decoration: none;' href='https:\/\/www.syscom.mx\/producto\/JR-52-EPCOM-POWERLINE-38012.html' target='_blank' rel='noopener'>16 x JR-52<\/a><\/li>\n<li style='margin-bottom: 5px;'><strong style='color: inherit;'>Garant\u00eda 4 a\u00f1os<\/strong><\/li>\n<\/ul><\/div>\n<\/p><\/div>\n<p> <!-- Secci\u00f3n de cards con especificaciones --> <\/p>\n<div style='display: flex; flex-wrap: wrap; gap: 20px; margin-bottom: 30px;'> <!-- Card EX-5016TURBO --> <\/p>\n<div style='flex: 1 1 250px; border: 1px solid rgba(150&comma; 150&comma; 150&comma; 0.4); border-radius: 8px; overflow: hidden; display: flex; flex-direction: column;'>\n<div style='padding: 15px; border-bottom: 1px solid rgba(150&comma; 150&comma; 150&comma; 0.2); font-weight: bold; font-size: 18px; color: inherit;'>1 x EX-5016TURBO<\/div>\n<div style='flex: 1; padding: 15px; color: inherit;'> <img style='width: 100%; height: auto; border: 1px solid rgba(150&comma;150&comma;150&comma;0.3); border-radius: 8px; margin-bottom: 15px;' src='https:\/\/ftp3.syscom.mx\/usuarios\/fotos\/BancoFotografiasSyscom\/EPCOM\/EV4008TURBOD\/EV4008TURBOD-p.PNG' alt=''> <\/p>\n<h4 style='margin-top: 0; margin-bottom: 10px; font-size: 16px; color: inherit; opacity: 0.8;'>Caracter\u00edsticas:<\/h4>\n<ul style='padding-left: 20px; margin: 0; font-size: 14px; list-style-type: disc;'>\n<li style='margin-bottom: 5px;'>DVR pentahibrido: HD-TVI \/ HD-CVI \/ Analogico \/ IP \/ AHD.<\/li>\n<li style='margin-bottom: 5px;'>Soporta <strong style='color: inherit;'>audio<\/strong> en todos sus canales por coaxitron.<\/li>\n<li style='margin-bottom: 5px;'>Soporta video en 4MP lite<\/li>\n<li style='margin-bottom: 5px;'>Visualizaci\u00f3n remota por Hik-Connect (Descargar clic <a style='color: inherit; text-decoration: none;' href='https:\/\/appstore.hikvision.com\/'>aqu\u00ed<\/a>)<\/li>\n<\/ul>\n<p> <a style='display: inline-block; margin-top: 15px; color: inherit; text-decoration: none; border-bottom: 1px dotted;' href='https:\/\/www.syscom.mx\/producto\/EX-5016TURBO-EPCOM-PROFESSIONAL-231392.html' target='_blank' rel='noopener'>Ver producto<\/a> <\/div>\n<\/p><\/div>\n<p> <!-- Card E8-TURBO-G2W --> <\/p>\n<div style='flex: 1 1 250px; border: 1px solid rgba(150&comma; 150&comma; 150&comma; 0.4); border-radius: 8px; overflow: hidden; display: flex; flex-direction: column;'>\n<div style='padding: 15px; border-bottom: 1px solid rgba(150&comma; 150&comma; 150&comma; 0.2); font-weight: bold; font-size: 18px; color: inherit;'>16 x E8-TURBO-G2W<\/div>\n<div style='flex: 1; padding: 15px; color: inherit;'> <img style='width: 100%; height: auto; border: 1px solid rgba(150&comma;150&comma;150&comma;0.3); border-radius: 8px; margin-bottom: 15px;' src='https:\/\/ftp3.syscom.mx\/usuarios\/fotos\/BancoFotografiasSyscom\/EPCOM\/E8TURBOG2W\/E8TURBOG2W-p.PNG' alt=''> <\/p>\n<h4 style='margin-top: 0; margin-bottom: 10px; font-size: 16px; color: inherit; opacity: 0.8;'>Caracter\u00edsticas:<\/h4>\n<ul style='padding-left: 20px; margin: 0; font-size: 14px; list-style-type: disc;'>\n<li style='margin-bottom: 5px;'>C\u00e1mara Eyeball 1080p uso en exterior fabricada de metal<\/li>\n<li style='margin-bottom: 5px;'>Lente fijo de 2.8mm (angulo de visi\u00f3n 103\u00b0)<\/li>\n<li style='margin-bottom: 5px;'>Soporta 4 tecnolog\u00edas<\/li>\n<li style='margin-bottom: 5px;'>20 metros IR EXIR (visi\u00f3n nocturna)<\/li>\n<\/ul>\n<p> <a style='display: inline-block; margin-top: 15px; color: inherit; text-decoration: none; border-bottom: 1px dotted;' href='https:\/\/www.syscom.mx\/producto\/E8-TURBO-G2W-EPCOM-167224.html' target='_blank' rel='noopener'>Ver producto<\/a> <\/div>\n<\/p><\/div>\n<p> <!-- Card XP18DC20HD --> <\/p>\n<div style='flex: 1 1 250px; border: 1px solid rgba(150&comma; 150&comma; 150&comma; 0.4); border-radius: 8px; overflow: hidden; display: flex; flex-direction: column;'>\n<div style='padding: 15px; border-bottom: 1px solid rgba(150&comma; 150&comma; 150&comma; 0.2); font-weight: bold; font-size: 18px; color: inherit;'>1 x XP18DC20HD<\/div>\n<div style='flex: 1; padding: 15px; color: inherit;'> <img style='width: 100%; height: auto; border: 1px solid rgba(150&comma;150&comma;150&comma;0.3); border-radius: 8px; margin-bottom: 15px;' src='https:\/\/ftp3.syscom.mx\/cdn-cgi\/image\/format=webp&comma;width=800&comma;height=800&comma;quality=95&comma;fit=contain\/usuarios\/fotos\/BancoFotografiasSyscom\/EPCOMPOWERLINE\/XP18DC20HD\/XP18DC20HD-l.PNG' alt=''> <\/p>\n<h4 style='margin-top: 0; margin-bottom: 10px; font-size: 16px; color: inherit; opacity: 0.8;'>Caracter\u00edsticas:<\/h4>\n<ul style='padding-left: 20px; margin: 0; font-size: 14px; list-style-type: disc;'>\n<li style='margin-bottom: 5px;'>Fuente de poder alto desempe\u00f1o y con potenciometro para regular la corriente entre 11 &#8211; 15Vcc&comma; 20A \/ 18 Canales<\/li>\n<li style='margin-bottom: 5px;'>OVP (Over Voltaje Protection): Protecci\u00f3n contra Sobretensi\u00f3n | OCP (Over Current Protection): Protecci\u00f3n contra Sobrecorriente | OTP (Over Temperature Protection): Protecci\u00f3n contra Sobretemperatura | SCP (Short Circuit Protection): Protecci\u00f3n contra Cortocircuito<\/li>\n<li style='margin-bottom: 5px;'>M\u00e1s informaci\u00f3n <a style='color: inherit; text-decoration: none; border-bottom: 1px dotted;' href='https:\/\/www.syscom.mx\/producto\/XP18DC20HD-EPCOM-POWERLINE-139198.html'>aqu\u00ed<\/a><\/li>\n<\/ul>\n<p> <a style='display: inline-block; margin-top: 15px; color: inherit; text-decoration: none; border-bottom: 1px dotted;' href='https:\/\/www.syscom.mx\/producto\/XP18DC20HD-EPCOM-POWERLINE-139198.html'>Ver producto<\/a> <\/div>\n<\/p><\/div>\n<p> <!-- Card TT101FTURBOZ --> <\/p>\n<div style='flex: 1 1 250px; border: 1px solid rgba(150&comma; 150&comma; 150&comma; 0.4); border-radius: 8px; overflow: hidden; display: flex; flex-direction: column;'>\n<div style='padding: 15px; border-bottom: 1px solid rgba(150&comma; 150&comma; 150&comma; 0.2); font-weight: bold; font-size: 18px; color: inherit;'>16 x TT101FTURBOZ<\/div>\n<div style='flex: 1; padding: 15px; color: inherit;'> <img style='width: 100%; height: auto; border: 1px solid rgba(150&comma;150&comma;150&comma;0.3); border-radius: 8px; margin-bottom: 15px;' src='https:\/\/ftp3.syscom.mx\/usuarios\/fotos\/BancoFotografiasSyscom\/EPCOMTITANIUM\/TT101FTURBOZ\/TT101FTURBOZ-p.PNG' alt=''> <\/p>\n<h4 style='margin-top: 0; margin-bottom: 10px; font-size: 16px; color: inherit; opacity: 0.8;'>Caracter\u00edsticas:<\/h4>\n<ul style='padding-left: 20px; margin: 0; font-size: 14px; list-style-type: disc;'>\n<li style='margin-bottom: 5px;'>Kit de transceptores pasivos TURBOHD<\/li>\n<li style='margin-bottom: 5px;'>Transmisi\u00f3n en tiempo real por cable UTP cat5e\/6<\/li>\n<li style='margin-bottom: 5px;'>No requieren alimentaci\u00f3n<\/li>\n<\/ul>\n<p> <a style='display: inline-block; margin-top: 15px; color: inherit; text-decoration: none; border-bottom: 1px dotted;' href='https:\/\/www.syscom.mx\/producto\/TT101FTURBOZ-EPCOM-TITANIUM-144325.html' target='_blank' rel='noopener'>Ver producto<\/a> <\/div>\n<\/p><\/div>\n<p> <!-- Card JR-52 --> <\/p>\n<div style='flex: 1 1 250px; border: 1px solid rgba(150&comma; 150&comma; 150&comma; 0.4); border-radius: 8px; overflow: hidden; display: flex; flex-direction: column;'>\n<div style='padding: 15px; border-bottom: 1px solid rgba(150&comma; 150&comma; 150&comma; 0.2); font-weight: bold; font-size: 18px; color: inherit;'>16 x JR-52<\/div>\n<div style='flex: 1; padding: 15px; color: inherit;'> <img style='width: 100%; height: auto; border: 1px solid rgba(150&comma;150&comma;150&comma;0.3); border-radius: 8px; margin-bottom: 15px;' src='https:\/\/ftp3.syscom.mx\/cdn-cgi\/image\/format=png&comma;width=700&comma;height=700\/usuarios\/fotos\/BancoFotografiasSyscom\/EPCOMPOWERLINE\/JR52\/JR52-l.PNG' alt=''> <\/p>\n<h4 style='margin-top: 0; margin-bottom: 10px; font-size: 16px; color: inherit; opacity: 0.8;'>Caracter\u00edsticas:<\/h4>\n<ul style='padding-left: 20px; margin: 0; font-size: 14px; list-style-type: disc;'>\n<li style='margin-bottom: 5px;'>Di\u00e1metro: 2.1mm<\/li>\n<li style='margin-bottom: 5px;'>Largo: 5.5mm<\/li>\n<li style='margin-bottom: 5px;'>Cable sugerido: Calibre 18<\/li>\n<\/ul>\n<p> <a style='display: inline-block; margin-top: 15px; color: inherit; text-decoration: none; border-bottom: 1px dotted;' href='https:\/\/www.syscom.mx\/producto\/JR-52-EPCOM-POWERLINE-38012.html' target='_blank' rel='noopener'>Ver producto<\/a> <\/div>\n<\/p><\/div>\n<\/p><\/div>\n<p> <!-- Separador --> <\/p>\n<hr style='border: 0; border-top: 1px solid rgba(150&comma; 150&comma; 150&comma; 0.3); margin: 30px 0;'> <\/div>\n","protected":false},"excerpt":{"rendered":"<p>KIT TurboHD 1080p \/ DVR 16 Canales \/ 16 C\u00e1maras Eyeball (exterior 2.8 mm) \/ Transceptores \/ Conectores \/ Fuente de Poder Profesional<\/p>\n","protected":false},"featured_media":119577,"comment_status":"open","ping_status":"closed","template":"","meta":[],"product_brand":[],"product_cat":[2246],"product_tag":[2257,2232,2247],"class_list":{"0":"post-119578","1":"product","2":"type-product","3":"status-publish","4":"has-post-thumbnail","6":"product_cat-turbohd-de-16-canales","7":"product_tag-epcom-professional","8":"product_tag-kits-sistemas-completos","9":"product_tag-turbohd-de-16-canales","11":"first","12":"instock","13":"sale","14":"shipping-taxable","15":"purchasable","16":"product-type-simple"},"_links":{"self":[{"href":"https:\/\/soydeaqui.ddns.net\/pachuca\/index.php\/wp-json\/wp\/v2\/product\/119578","targetHints":{"allow":["GET"]}}],"collection":[{"href":"https:\/\/soydeaqui.ddns.net\/pachuca\/index.php\/wp-json\/wp\/v2\/product"}],"about":[{"href":"https:\/\/soydeaqui.ddns.net\/pachuca\/index.php\/wp-json\/wp\/v2\/types\/product"}],"replies":[{"embeddable":true,"href":"https:\/\/soydeaqui.ddns.net\/pachuca\/index.php\/wp-json\/wp\/v2\/comments?post=119578"}],"wp:featuredmedia":[{"embeddable":true,"href":"https:\/\/soydeaqui.ddns.net\/pachuca\/index.php\/wp-json\/wp\/v2\/media\/119577"}],"wp:attachment":[{"href":"https:\/\/soydeaqui.ddns.net\/pachuca\/index.php\/wp-json\/wp\/v2\/media?parent=119578"}],"wp:term":[{"taxonomy":"product_brand","embeddable":true,"href":"https:\/\/soydeaqui.ddns.net\/pachuca\/index.php\/wp-json\/wp\/v2\/product_brand?post=119578"},{"taxonomy":"product_cat","embeddable":true,"href":"https:\/\/soydeaqui.ddns.net\/pachuca\/index.php\/wp-json\/wp\/v2\/product_cat?post=119578"},{"taxonomy":"product_tag","embeddable":true,"href":"https:\/\/soydeaqui.ddns.net\/pachuca\/index.php\/wp-json\/wp\/v2\/product_tag?post=119578"}],"curies":[{"name":"wp","href":"https:\/\/api.w.org\/{rel}","templated":true}]}}