{"id":119555,"date":"2026-03-24T05:13:54","date_gmt":"2026-03-24T05:13:54","guid":{"rendered":"https:\/\/soydeaqui.ddns.net\/pachuca\/index.php\/producto\/divisor-splitter-hdmi-4k-de-1-entrada-a-4-salidas-simultaneas-soporta-4kx2k-soporta-hasta-4-equipos-con-conexion-en-cascada-hdmi-3d-hdr-hdmi-1-4-hdcp-1-4-audio-pcm-longitud\/"},"modified":"2026-03-24T05:14:22","modified_gmt":"2026-03-24T05:14:22","slug":"divisor-splitter-hdmi-4k-de-1-entrada-a-4-salidas-simultaneas-soporta-4kx2k-soporta-hasta-4-equipos-con-conexion-en-cascada-hdmi-3d-hdr-hdmi-1-4-hdcp-1-4-audio-pcm-longitud","status":"publish","type":"product","link":"https:\/\/soydeaqui.ddns.net\/pachuca\/index.php\/producto\/divisor-splitter-hdmi-4k-de-1-entrada-a-4-salidas-simultaneas-soporta-4kx2k-soporta-hasta-4-equipos-con-conexion-en-cascada-hdmi-3d-hdr-hdmi-1-4-hdcp-1-4-audio-pcm-longitud\/","title":{"rendered":"Divisor (Splitter) HDMI 4K de 1 Entrada a 4 Salidas (Simultaneas) \/ Soporta 4K\u00d72K \/ Soporta hasta 4 equipos con conexi\u00f3n en Cascada \/ HDMI 3D  \/ HDR \/ HDMI 1.4 \/  HDCP 1.4  \/ Audio PCM \/ Longitud del cable de entrada \u226430m y salida \u226425m."},"content":{"rendered":"<div style='width: 100%; max-width: 1200px; margin: 0 auto; font-family: sans-serif; line-height: 1.6; color: inherit;'>\n<div style='display: flex; flex-wrap: wrap; gap: 30px; margin-bottom: 30px;'>\n<div style='flex: 1 1 300px; min-width: 280px;'>\n<h1 style='font-size: 26px; text-align: center; margin: 0 0 15px 0; color: inherit; font-weight: bold;'>TT-314-PRO<\/h1>\n<h3 style='font-size: 18px; text-align: center; margin: 0 0 20px 0; color: inherit; opacity: 0.8;'>Divisor HDMI de 1 entrada a 4 salidas 4Kx2K @ 30 Hz soporta 3D&comma; Soporta 30 metros en la entrada&comma; 25 metros en las salidas. Adem\u00e1s te permite la conexi\u00f3n en cascada de hasta 4 TT314PRO para dividir a m\u00e1s pantallas<\/h3>\n<p style='text-align: center; margin: 10px 70px 50px 70px; font-size: 15px; color: inherit;'>El divisor HDMI 1&#215;4 distribuye 1 fuente HDMI a 4 pantallas HDMI simult\u00e1neamente&comma; divide la se\u00f1al HDMI de DVRs&comma; reproductores de DVD o Blu-ray&comma; PS3 etc. a 4 salidas id\u00e9nticas en HDMI para conexi\u00f3n en monitores&comma; proyectores&comma; DLP&comma; LCD u otras pantallas de alta definici\u00f3n de forma simult\u00e1nea. Adem\u00e1s te permite la conexi\u00f3n en cascada de hasta 4 TT314PRO para dividir a m\u00e1s pantallas<\/p>\n<\/p><\/div>\n<\/p><\/div>\n<div style='display: flex; flex-wrap: wrap; gap: 20px; margin-bottom: 30px;'>\n<div style='flex: 1 1 300px; min-width: 280px;'>\n<div style='border: 1px solid rgba(150&comma; 150&comma; 150&comma; 0.4); border-radius: 8px; overflow: hidden; display: flex; flex-direction: column; height: 100%;'>\n<div style='padding: 15px; border-bottom: 1px solid rgba(150&comma; 150&comma; 150&comma; 0.2); font-weight: bold; font-size: 18px; background-color: rgba(150&comma; 150&comma; 150&comma; 0.1); color: inherit;'>Caracter\u00edsticas Principales:<\/div>\n<div style='padding: 15px; color: inherit; flex: 1 1 auto;'>\n<ul style='padding-left: 20px; margin: 0; font-size: 14px; list-style-type: disc;'>\n<li style='margin-bottom: 5px;'>Distribuye 1 se\u00f1al HDMI a 4 monitores HDMI<\/li>\n<li style='margin-bottom: 5px;'>Soporte de resoluci\u00f3n 480i @ 60 Hz&comma; 480p @ 60 Hz&comma; 576i @ 50 Hz&comma; 576p @ 50 Hz&comma; 720p @ 50\/60 Hz&comma; 1080i @ 50\/60 Hz&comma; 1080p @ 50\/60 Hz&comma; 4K x 2K @ 24\/25\/30\/60 Hz<\/li>\n<li style='margin-bottom: 5px;'>Se\u00f1al HDMI compatible con HDCP<\/li>\n<li style='margin-bottom: 5px;'>Soporta mayor ancho de banda hasta 18 Gbps<\/li>\n<li style='margin-bottom: 5px;'>Plug and play&comma; f\u00e1cil de usar<\/li>\n<\/ul><\/div>\n<div style='padding: 15px; background-color: rgba(150&comma; 150&comma; 150&comma; 0.05);'> <img style='width: 100%; height: auto; border: 1px solid rgba(150&comma;150&comma;150&comma;0.3); border-radius: 8px;' src='http:\/\/ftp3.syscom.mx\/usuarios\/hallende\/EPCOM%20Titanium\/TT-314-PRO\/TT314PRO-1.png' alt=''> <\/div>\n<\/p><\/div>\n<\/p><\/div>\n<div style='flex: 1 1 300px; min-width: 280px;'>\n<div style='border: 1px solid rgba(150&comma; 150&comma; 150&comma; 0.4); border-radius: 8px; overflow: hidden; display: flex; flex-direction: column; height: 100%;'>\n<div style='padding: 15px; border-bottom: 1px solid rgba(150&comma; 150&comma; 150&comma; 0.2); font-weight: bold; font-size: 18px; background-color: rgba(150&comma; 150&comma; 150&comma; 0.1); color: inherit;'>Caracter\u00edsticas F\u00edsicas y El\u00e9ctricas:<\/div>\n<div style='padding: 15px; color: inherit; flex: 1 1 auto;'>\n<ul style='padding-left: 20px; margin: 0; font-size: 14px; list-style-type: disc;'>\n<li style='margin-bottom: 5px;'><strong>Alimentaci\u00f3n incluida de 5 Vcc&comma; 1 A<\/strong><\/li>\n<li style='margin-bottom: 5px;'>Dimensiones 156 x 79 x 17 mm<\/li>\n<li style='margin-bottom: 5px;'>Peso neto 205 g<\/li>\n<li style='margin-bottom: 5px;'>Temperatura de operaci\u00f3n 0~60\u00b0<\/li>\n<li style='margin-bottom: 5px;'>Temperatura de almacenamiento -20~70\u00b0<\/li>\n<li style='margin-bottom: 5px;'>Humedad relativa 0~95 % (sin condensaci\u00f3n)<\/li>\n<li style='margin-bottom: 5px;'>1 A\u00f1o de Garant\u00eda por defecto de fabrica<\/li>\n<\/ul><\/div>\n<div style='padding: 15px; background-color: rgba(150&comma; 150&comma; 150&comma; 0.05);'> <img style='width: 100%; height: auto; border: 1px solid rgba(150&comma;150&comma;150&comma;0.3); border-radius: 8px;' src='http:\/\/ftp3.syscom.mx\/usuarios\/hallende\/EPCOM%20Titanium\/TT-314-PRO\/TT314PRO-2.png' alt=''> <\/div>\n<\/p><\/div>\n<\/p><\/div>\n<div style='flex: 1 1 300px; min-width: 280px;'>\n<div style='border: 1px solid rgba(150&comma; 150&comma; 150&comma; 0.4); border-radius: 8px; overflow: hidden; display: flex; flex-direction: column; height: 100%;'>\n<div style='padding: 15px; border-bottom: 1px solid rgba(150&comma; 150&comma; 150&comma; 0.2); font-weight: bold; font-size: 18px; background-color: rgba(150&comma; 150&comma; 150&comma; 0.1); color: inherit;'>Caracter\u00edsticas Destacadas:<\/div>\n<div style='padding: 15px; color: inherit; flex: 1 1 auto;'>\n<ul style='padding-left: 20px; margin: 0; font-size: 14px; list-style-type: disc;'>\n<li style='margin-bottom: 5px;'>Permite la conexi\u00f3n de hasta 4 equipos en cascada<\/li>\n<li style='margin-bottom: 5px;'>Longitud del cable de entrada \u2264 30 m (cable HDMI AWG 26)<\/li>\n<li style='margin-bottom: 5px;'>Longitud del cable de salida \u2264 25 m (cable HDMI AWG 26)<\/li>\n<li style='margin-bottom: 5px;'>Soporta HDMI1.0&comma; HDMI1.4<\/li>\n<li style='margin-bottom: 5px;'>Soporta HDCP 1.4<\/li>\n<li style='margin-bottom: 5px;'>Soporta HDMI 3D<\/li>\n<li style='margin-bottom: 5px;'>Soporta PCM<\/li>\n<\/ul><\/div>\n<div style='padding: 15px; background-color: rgba(150&comma; 150&comma; 150&comma; 0.05);'> <img style='width: 100%; height: auto; border: 1px solid rgba(150&comma;150&comma;150&comma;0.3); border-radius: 8px;' src='http:\/\/ftp3.syscom.mx\/usuarios\/hallende\/EPCOM%20Titanium\/TT-314-PRO\/TT314PRO-3.png' alt=''> <\/div>\n<\/p><\/div>\n<\/p><\/div>\n<\/p><\/div>\n<div style='margin: 30px 0;'> <img style='width: 100%; height: auto; border: 1px solid rgba(150&comma;150&comma;150&comma;0.3); border-radius: 8px;' src='http:\/\/ftp3.syscom.mx\/usuarios\/fotos\/TT314.jpg' alt=''> <\/div>\n<div style='position: relative; padding-bottom: 56.25%; height: 0; overflow: hidden; margin-bottom: 30px;'>   <\/div>\n<div style='margin-top: 40px; border-top: 1px solid rgba(150&comma; 150&comma; 150&comma; 0.3); padding-top: 20px;'>\n<div style='display: flex; flex-wrap: wrap; gap: 20px; justify-content: center;'>\n<div style='flex: 1 1 250px; min-width: 200px; border: 1px solid rgba(150&comma; 150&comma; 150&comma; 0.4); border-radius: 8px; overflow: hidden;'>\n<div style='padding: 15px; border-bottom: 1px solid rgba(150&comma; 150&comma; 150&comma; 0.2); font-weight: bold; font-size: 18px; background-color: rgba(150&comma; 150&comma; 150&comma; 0.1); color: inherit;'>Especificaciones T\u00e9cnicas<\/div>\n<div style='padding: 15px; color: inherit;'>\n<ul style='padding-left: 20px; margin: 0; font-size: 14px; list-style-type: disc;'>\n<li style='margin-bottom: 5px;'><strong>Modelo:<\/strong> TT314PRO<\/li>\n<li style='margin-bottom: 5px;'><strong>Entrada:<\/strong> 1 x HDMI<\/li>\n<li style='margin-bottom: 5px;'><strong>Salidas:<\/strong> 4 x HDMI<\/li>\n<li style='margin-bottom: 5px;'><strong>Resoluciones soportadas:<\/strong> 480i @ 60 Hz&comma; 480p @ 60 Hz&comma; 576i @ 50 Hz&comma; 576p @ 50 Hz&comma; 720p @ 50\/60 Hz&comma; 1080i @ 50\/60 Hz&comma; 1080p @ 50\/60 Hz&comma; 4K x 2K @ 24\/25\/30\/60 Hz<\/li>\n<li style='margin-bottom: 5px;'><strong>Est\u00e1ndares:<\/strong> HDMI 1.4&comma; HDCP 1.4&comma; HDMI 3D&comma; PCM<\/li>\n<li style='margin-bottom: 5px;'><strong>Ancho de banda:<\/strong> Hasta 18 Gbps<\/li>\n<li style='margin-bottom: 5px;'><strong>Alimentaci\u00f3n:<\/strong> 5 Vcc&comma; 1 A<\/li>\n<li style='margin-bottom: 5px;'><strong>Temperatura de operaci\u00f3n:<\/strong> 0~60\u00b0C<\/li>\n<li style='margin-bottom: 5px;'><strong>Temperatura de almacenamiento:<\/strong> -20~70\u00b0C<\/li>\n<li style='margin-bottom: 5px;'><strong>Humedad relativa:<\/strong> 0~95 % (sin condensaci\u00f3n)<\/li>\n<li style='margin-bottom: 5px;'><strong>Dimensiones:<\/strong> 156 x 79 x 17 mm<\/li>\n<li style='margin-bottom: 5px;'><strong>Peso:<\/strong> 205 g<\/li>\n<li style='margin-bottom: 5px;'><strong>Garant\u00eda:<\/strong> 1 A\u00f1o por defecto de f\u00e1brica<\/li>\n<\/ul><\/div>\n<\/p><\/div>\n<\/p><\/div>\n<\/p><\/div>\n<\/p><\/div>\n","protected":false},"excerpt":{"rendered":"<p>Divisor (Splitter) HDMI 4K de 1 Entrada a 4 Salidas (Simultaneas) \/ Soporta 4K\u00d72K \/ Soporta hasta 4 equipos con conexi\u00f3n en Cascada \/ HDMI 3D  \/ HDR \/ HDMI 1.4 \/  HDCP 1.4  \/ Audio PCM \/ Longitud del cable de entrada \u226430m y salida \u226425m.<\/p>\n","protected":false},"featured_media":119554,"comment_status":"open","ping_status":"closed","template":"","meta":[],"product_brand":[],"product_cat":[2073,2074,2077,2075,2072,2076],"product_tag":[417,2079,2080,2083,507,2081,2078,2082],"class_list":{"0":"post-119555","1":"product","2":"type-product","3":"status-publish","4":"has-post-thumbnail","6":"product_cat-convertidores","7":"product_cat-divisores","8":"product_cat-dvi","9":"product_cat-hdmi","10":"product_cat-kits-extensores","11":"product_cat-vga","12":"product_tag-accesorios-generales","13":"product_tag-convertidores","14":"product_tag-divisores","15":"product_tag-dvi","16":"product_tag-epcom-titanium","17":"product_tag-hdmi","18":"product_tag-kits-extensores","19":"product_tag-vga","21":"first","22":"outofstock","23":"sale","24":"shipping-taxable","25":"purchasable","26":"product-type-simple"},"_links":{"self":[{"href":"https:\/\/soydeaqui.ddns.net\/pachuca\/index.php\/wp-json\/wp\/v2\/product\/119555","targetHints":{"allow":["GET"]}}],"collection":[{"href":"https:\/\/soydeaqui.ddns.net\/pachuca\/index.php\/wp-json\/wp\/v2\/product"}],"about":[{"href":"https:\/\/soydeaqui.ddns.net\/pachuca\/index.php\/wp-json\/wp\/v2\/types\/product"}],"replies":[{"embeddable":true,"href":"https:\/\/soydeaqui.ddns.net\/pachuca\/index.php\/wp-json\/wp\/v2\/comments?post=119555"}],"wp:featuredmedia":[{"embeddable":true,"href":"https:\/\/soydeaqui.ddns.net\/pachuca\/index.php\/wp-json\/wp\/v2\/media\/119554"}],"wp:attachment":[{"href":"https:\/\/soydeaqui.ddns.net\/pachuca\/index.php\/wp-json\/wp\/v2\/media?parent=119555"}],"wp:term":[{"taxonomy":"product_brand","embeddable":true,"href":"https:\/\/soydeaqui.ddns.net\/pachuca\/index.php\/wp-json\/wp\/v2\/product_brand?post=119555"},{"taxonomy":"product_cat","embeddable":true,"href":"https:\/\/soydeaqui.ddns.net\/pachuca\/index.php\/wp-json\/wp\/v2\/product_cat?post=119555"},{"taxonomy":"product_tag","embeddable":true,"href":"https:\/\/soydeaqui.ddns.net\/pachuca\/index.php\/wp-json\/wp\/v2\/product_tag?post=119555"}],"curies":[{"name":"wp","href":"https:\/\/api.w.org\/{rel}","templated":true}]}}