{"id":119551,"date":"2026-03-24T05:13:41","date_gmt":"2026-03-24T05:13:41","guid":{"rendered":"https:\/\/soydeaqui.ddns.net\/pachuca\/index.php\/producto\/bobina-de-cable-utp-de-4-pares-cat5e-pvc-cmr-riser-color-azul-24-awg-305m\/"},"modified":"2026-03-24T05:13:50","modified_gmt":"2026-03-24T05:13:50","slug":"bobina-de-cable-utp-de-4-pares-cat5e-pvc-cmr-riser-color-azul-24-awg-305m","status":"publish","type":"product","link":"https:\/\/soydeaqui.ddns.net\/pachuca\/index.php\/producto\/bobina-de-cable-utp-de-4-pares-cat5e-pvc-cmr-riser-color-azul-24-awg-305m\/","title":{"rendered":"Bobina de Cable UTP de 4 pares, Cat5e, PVC (CMR, Riser), Color Azul, 24 AWG, 305m"},"content":{"rendered":"<div style='width: 100%; max-width: 1200px; margin: 0 auto; font-family: sans-serif; line-height: 1.6; color: inherit; background-color: transparent;'> <!-- Imagen principal --> <\/p>\n<div style='width: 100%; margin-bottom: 30px;'> <img style='width: 100%; height: auto; border: 1px solid rgba(150&comma;150&comma;150&comma;0.3); border-radius: 8px;' src='https:\/\/ftp3.syscom.mx\/usuarios\/fotos\/9C5R4E2\/88289-siemonarriba.jpg' alt=''> <\/div>\n<p> <!-- Secci\u00f3n de descripci\u00f3n --> <\/p>\n<div style='margin-bottom: 30px;'>\n<p style='font-size: 15px; color: inherit; margin-bottom: 20px;'> La soluci\u00f3n Premium Cat5e de cable Siemon&comma; cumple con todas las especificaciones de rendimiento de transmisi\u00f3n de categor\u00eda 5e\/Clase D ANSI\/TIA e ISO\/IEC. Utilizando el cable Siemon es la forma ideal para garantizar un rendimiento \u00f3ptimo del canal y es esencial para un sistema completo de extremo a extremo. <\/p>\n<h3 style='font-size: 20px; border-bottom: 2px solid currentColor; padding-bottom: 5px; margin-top: 0; color: inherit; opacity: 0.8; margin-bottom: 15px;'>Aplicaciones:<\/h3>\n<ul style='padding-left: 20px; font-size: 15px; color: inherit; margin-bottom: 30px;'>\n<li style='margin-bottom: 5px;'>Redes de Voz\/Datos y V\u00eddeo de Alta Velocidad<\/li>\n<li style='margin-bottom: 5px;'>Instalaciones de CCTV IP Megapixel<\/li>\n<li style='margin-bottom: 5px;'>Redes inal\u00e1mbricas<\/li>\n<li style='margin-bottom: 5px;'>Aplicaciones Power Over Ethernet IEEE 802.3af y 802.3at<\/li>\n<li style='margin-bottom: 5px;'>Aplicaciones en 10BASE-T&comma; 100BASE-T&comma; 1000BASE-T<\/li>\n<\/ul>\n<h3 style='font-size: 20px; border-bottom: 2px solid currentColor; padding-bottom: 5px; margin-top: 0; color: inherit; opacity: 0.8; margin-bottom: 15px;'>Informaci\u00f3n t\u00e9cnica:<\/h3>\n<ul style='padding-left: 20px; font-size: 15px; color: inherit; margin-bottom: 30px;'>\n<li style='margin-bottom: 5px;'><strong style='color: inherit;'>Rendimiento:<\/strong> Certificado hasta 100 metros<\/li>\n<li style='margin-bottom: 5px;'><strong style='color: inherit;'>Color:<\/strong> Azul<\/li>\n<li style='margin-bottom: 5px;'><strong style='color: inherit;'>Conductor:<\/strong> Cobre solido de 24 AWG<\/li>\n<li style='margin-bottom: 5px;'><strong style='color: inherit;'>Recubrimiento:<\/strong> PVC (CMR)<\/li>\n<li style='margin-bottom: 5px;'><strong style='color: inherit;'>Construcci\u00f3n:<\/strong> UTP<\/li>\n<li style='margin-bottom: 5px;'><strong style='color: inherit;'>Tensi\u00f3n m\u00e1xima:<\/strong> 110N<\/li>\n<li style='margin-bottom: 5px;'><strong style='color: inherit;'>Clasificaci\u00f3n de temperatura:<\/strong> -35 a 60\u00b0C en instalaci\u00f3n&comma; -34 a 75\u00b0C en almacenamiento y -34 a 60\u00b0C en operaci\u00f3n.<\/li>\n<li style='margin-bottom: 5px;'><strong style='color: inherit;'>Frecuencia:<\/strong> 100MHz.<\/li>\n<li style='margin-bottom: 5px;'><strong style='color: inherit;'>Plug Recomendado:<\/strong> <a style='color: #005cb9; text-decoration: underline;' href='https:\/\/www.syscom.mx\/principal\/searchcont?route=P-8-8-SIEMON-91459&#038;autodetect=p88'>P-8-8<\/a><\/li>\n<li style='margin-bottom: 5px;'><strong style='color: inherit;'>Herramienta para Plug:<\/strong> <a style='color: #005cb9; text-decoration: underline;' href='https:\/\/www.syscom.mx\/principal\/searchcont?route=PA1561-TEMPO-172496&#038;autodetect=PA1561' target='_blank' rel='noopener'>PA1561<\/a><\/li>\n<\/ul>\n<p> <!-- Im\u00e1genes adicionales --> <\/p>\n<div style='display: flex; flex-wrap: wrap; gap: 20px; margin-bottom: 30px;'>\n<div style='flex: 1 1 300px; min-width: 280px;'> <img style='width: 100%; height: auto; border: 1px solid rgba(150&comma;150&comma;150&comma;0.3); border-radius: 8px;' src='https:\/\/ftp3.syscom.mx\/usuarios\/fotos\/9C5M4E2\/88288-sin_t\u00edtulo.jpg' alt=''> <\/div>\n<div style='flex: 1 1 300px; min-width: 280px;'> <img style='width: 100%; height: auto; border: 1px solid rgba(150&comma;150&comma;150&comma;0.3); border-radius: 8px;' src='https:\/\/ftp3.syscom.mx\/usuarios\/fotos\/9C5R4E2\/88289-siemonabajo.png' alt=''> <\/div>\n<\/p><\/div>\n<\/p><\/div>\n<p> <!-- Separador final --> <\/p>\n<hr style='border: 0; border-top: 1px solid rgba(150&comma;150&comma;150&comma;0.3); margin: 30px 0;'> <\/div>\n","protected":false},"excerpt":{"rendered":"<p>Bobina de Cable UTP de 4 pares, Cat5e, PVC (CMR, Riser), Color Azul, 24 AWG, 305m<\/p>\n","protected":false},"featured_media":119550,"comment_status":"open","ping_status":"closed","template":"","meta":[],"product_brand":[],"product_cat":[619],"product_tag":[488,620,600],"class_list":{"0":"post-119551","1":"product","2":"type-product","3":"status-publish","4":"has-post-thumbnail","6":"product_cat-categoria-5e","7":"product_tag-cables-y-conectores","8":"product_tag-categoria-5e","9":"product_tag-siemon","11":"first","12":"outofstock","13":"sale","14":"shipping-taxable","15":"purchasable","16":"product-type-simple"},"_links":{"self":[{"href":"https:\/\/soydeaqui.ddns.net\/pachuca\/index.php\/wp-json\/wp\/v2\/product\/119551","targetHints":{"allow":["GET"]}}],"collection":[{"href":"https:\/\/soydeaqui.ddns.net\/pachuca\/index.php\/wp-json\/wp\/v2\/product"}],"about":[{"href":"https:\/\/soydeaqui.ddns.net\/pachuca\/index.php\/wp-json\/wp\/v2\/types\/product"}],"replies":[{"embeddable":true,"href":"https:\/\/soydeaqui.ddns.net\/pachuca\/index.php\/wp-json\/wp\/v2\/comments?post=119551"}],"wp:featuredmedia":[{"embeddable":true,"href":"https:\/\/soydeaqui.ddns.net\/pachuca\/index.php\/wp-json\/wp\/v2\/media\/119550"}],"wp:attachment":[{"href":"https:\/\/soydeaqui.ddns.net\/pachuca\/index.php\/wp-json\/wp\/v2\/media?parent=119551"}],"wp:term":[{"taxonomy":"product_brand","embeddable":true,"href":"https:\/\/soydeaqui.ddns.net\/pachuca\/index.php\/wp-json\/wp\/v2\/product_brand?post=119551"},{"taxonomy":"product_cat","embeddable":true,"href":"https:\/\/soydeaqui.ddns.net\/pachuca\/index.php\/wp-json\/wp\/v2\/product_cat?post=119551"},{"taxonomy":"product_tag","embeddable":true,"href":"https:\/\/soydeaqui.ddns.net\/pachuca\/index.php\/wp-json\/wp\/v2\/product_tag?post=119551"}],"curies":[{"name":"wp","href":"https:\/\/api.w.org\/{rel}","templated":true}]}}