{"id":119530,"date":"2026-03-24T05:12:32","date_gmt":"2026-03-24T05:12:32","guid":{"rendered":"https:\/\/soydeaqui.ddns.net\/pachuca\/index.php\/producto\/kit-de-transceptores-activos-turbo-hd-convierte-36-24-vcc-a-12-vcc-regulados-a-traves-de-cable-utp-cat5e-6-transmision-de-200-m-revisar-tabla-de-resoluciones\/"},"modified":"2026-03-24T05:12:53","modified_gmt":"2026-03-24T05:12:53","slug":"kit-de-transceptores-activos-turbo-hd-convierte-36-24-vcc-a-12-vcc-regulados-a-traves-de-cable-utp-cat5e-6-transmision-de-200-m-revisar-tabla-de-resoluciones","status":"publish","type":"product","link":"https:\/\/soydeaqui.ddns.net\/pachuca\/index.php\/producto\/kit-de-transceptores-activos-turbo-hd-convierte-36-24-vcc-a-12-vcc-regulados-a-traves-de-cable-utp-cat5e-6-transmision-de-200-m-revisar-tabla-de-resoluciones\/","title":{"rendered":"Kit de transceptores activos TURBO HD. Convierte 36\/24 Vcc a 12 Vcc regulados, a trav\u00e9s de cable  UTP Cat5e \/ 6. Transmision de 200 m (Revisar tabla de resoluciones )"},"content":{"rendered":"<div style='width: 100%; max-width: 1200px; margin: 0 auto; font-family: sans-serif; line-height: 1.6; color: inherit; background-color: transparent;'>\n<div style='display: flex; flex-direction: column; gap: 30px;'> <!-- T\u00edtulo y descripci\u00f3n --> <\/p>\n<div style='display: flex; flex-direction: column; align-items: center; gap: 15px;'>\n<h1 style='font-size: 28px; margin: 0; color: inherit;'>TT4816PVTURBO<\/h1>\n<h3 style='font-size: 20px; margin: 0; color: inherit; opacity: 0.8; text-align: center;'>Kit de tranceptores (Balum) activos&comma; regulan voltaje de hasta 36 Vcc a 12 Vcc<\/h3>\n<p> <img style='width: 100%; max-width: 600px; height: auto; border: 1px solid rgba(150&comma;150&comma;150&comma;0.3); border-radius: 8px;' src='https:\/\/ftp3.syscom.mx\/usuarios\/albamaria\/albamaria\/IDIS\/unnamed.png' alt=''> <\/p>\n<div style='width: 100%; max-width: 800px; border: 1px solid rgba(150&comma;150&comma;150&comma;0.3); border-radius: 8px; overflow: hidden; padding: 20px; background-color: rgba(255&comma;255&comma;255&comma;0.05);'>\n<p style='margin: 0; font-size: 15px; color: inherit;'>El TT-4816-PVTURBO es un transmisor y receptor que permite la transmisi\u00f3n de voltaje y la se\u00f1al de video HD en tiempo real. El equipo receptor se puede alimentar con voltajes de 24\/36&comma; esto nos permite alcanzar grandes distancias que pueden ser hasta 200 metros (Revisar tabla de resoluciones)&comma; el equipo transmisor permite regular el voltaje a 12 Vcc&comma; voltaje de operaci\u00f3n muy com\u00fan en las c\u00e1maras de CCTV. Es compatible con todas las c\u00e1maras anal\u00f3gicas HD-TVI&comma; HD-CVI&comma; AHD y CVBS. Tiene un cable flexible mini-coaxial que permite un montaje r\u00e1pido en c\u00e1maras y permite una conexi\u00f3n flexible con DVRs. TT-4816-PVTURBO cuenta con un supresor de sobretensi\u00f3n integrado para proteger el equipo de video contra picos de voltaje da\u00f1inos&comma; su inmunidad al ruido y diafon\u00eda aseguran se\u00f1ales de video de calidad.<\/p>\n<\/p><\/div>\n<\/p><\/div>\n<p> <!-- Especificaciones --> <\/p>\n<div style='display: flex; flex-wrap: wrap; gap: 20px; justify-content: center;'> <!-- Caracter\u00edsticas Principales --> <\/p>\n<div style='flex: 1 1 300px; min-width: 280px; border: 1px solid rgba(150&comma;150&comma;150&comma;0.4); border-radius: 8px; overflow: hidden; display: flex; flex-direction: column; background-color: rgba(255&comma;255&comma;255&comma;0.03);'> <img style='width: 100%; height: auto; border: none;' src='https:\/\/ftp3.syscom.mx\/usuarios\/ahernandez\/Transceptores\/TT4816PVTURBO\/13.png' alt=''> <\/p>\n<div style='padding: 15px; border-top: 1px solid rgba(150&comma;150&comma;150&comma;0.2);'>\n<h4 style='font-size: 18px; margin-top: 0; margin-bottom: 15px; color: inherit; opacity: 0.8;'>Caracter\u00edsticas Principales:<\/h4>\n<ul style='padding-left: 20px; margin: 0; font-size: 14px; color: inherit; list-style-type: disc;'>\n<li style='margin-bottom: 5px;'>Kit de transceptores Activos<\/li>\n<li style='margin-bottom: 5px;'>Alimentaci\u00f3n en el receptor de hasta 36 Vcc<\/li>\n<li style='margin-bottom: 5px;'>Regulador de voltaje en el transmisor a 12 Vcc.<\/li>\n<li style='margin-bottom: 5px;'>Compatible con c\u00e1maras con tecnolog\u00eda HD-TVI \/ HD-CVI \/ AHD \/ CVBS<\/li>\n<li style='margin-bottom: 5px;'>Compatibles con c\u00e1maras an\u00e1logas (CVBS)<\/li>\n<li style='margin-bottom: 5px;'>Transmisi\u00f3n en tiempo real por cable UTP Cat 5e\/6\/6A<\/li>\n<li style='margin-bottom: 5px;'>Protecci\u00f3n interconstruida contra sobretensi\u00f3n<\/li>\n<li style='margin-bottom: 5px;'>Conectores macho en BNC<\/li>\n<li style='margin-bottom: 5px;'>Fuente recomendada en 36VCD: <a style='color: inherit; text-decoration: none; font-weight: 600;' href='https:\/\/www.syscom.mx\/principal\/searchcont?route=PL-36V-2A-EPCOM-POWERLINE-210378&#038;autodetect=36VCD'>PL-36V-2A<\/a><\/li>\n<\/ul><\/div>\n<\/p><\/div>\n<p> <!-- Caracter\u00edsticas F\u00edsicas y El\u00e9ctricas --> <\/p>\n<div style='flex: 1 1 300px; min-width: 280px; border: 1px solid rgba(150&comma;150&comma;150&comma;0.4); border-radius: 8px; overflow: hidden; display: flex; flex-direction: column; background-color: rgba(255&comma;255&comma;255&comma;0.03);'> <img style='width: 100%; height: auto; border: none;' src='https:\/\/ftp3.syscom.mx\/usuarios\/fotos\/BancoFotografiasSyscom\/EPCOMTITANIUM\/TT4816PVTURBO\/TT4816PVTURBO-LAT-IZQ-l.PNG' alt=''> <\/p>\n<div style='padding: 15px; border-top: 1px solid rgba(150&comma;150&comma;150&comma;0.2);'>\n<h4 style='font-size: 18px; margin-top: 0; margin-bottom: 15px; color: inherit; opacity: 0.8;'>Caracter\u00edsticas F\u00edsicas y El\u00e9ctricas:<\/h4>\n<ul style='padding-left: 20px; margin: 0; font-size: 14px; color: inherit; list-style-type: disc;'>\n<li style='margin-bottom: 5px;'>Puede ser alimentado por fuentes de 24\/36 Vcc (Fuente de alimentaci\u00f3n NO incluida).<\/li>\n<li style='margin-bottom: 5px;'>Dimensiones 60.4(L) x 29.0(W) x 20.4(H) mm (conector BNC y cable excluidos).<\/li>\n<li style='margin-bottom: 5px;'>Peso : 60 gramos.<\/li>\n<li style='margin-bottom: 5px;'>Temperatura de operaci\u00f3n : -20\u00b0C a 70\u00b0C.<\/li>\n<li style='margin-bottom: 5px;'>Temperatura de almacenamiento : -40\u00b0 ~ 150\u00b0C<\/li>\n<li style='margin-bottom: 5px;'>Humedad Relativa : 0~95% (sin condensar).<\/li>\n<li style='margin-bottom: 5px;'>Carcasa ABS<\/li>\n<li style='margin-bottom: 5px;'>Color Negro.<\/li>\n<li style='margin-bottom: 5px;'>por defectos de fabricaci\u00f3n.<\/li>\n<\/ul><\/div>\n<\/p><\/div>\n<p> <!-- Caracter\u00edsticas Destacadas --> <\/p>\n<div style='flex: 1 1 300px; min-width: 280px; border: 1px solid rgba(150&comma;150&comma;150&comma;0.4); border-radius: 8px; overflow: hidden; display: flex; flex-direction: column; background-color: rgba(255&comma;255&comma;255&comma;0.03);'> <img style='width: 100%; height: auto; border: none;' src='https:\/\/ftp3.syscom.mx\/usuarios\/fotos\/BancoFotografiasSyscom\/EPCOMTITANIUM\/TT4816PVTURBO\/TT4816PVTURBO-FRENTE-l.PNG' alt=''> <\/p>\n<div style='padding: 15px; border-top: 1px solid rgba(150&comma;150&comma;150&comma;0.2);'>\n<h4 style='font-size: 18px; margin-top: 0; margin-bottom: 15px; color: inherit; opacity: 0.8;'>Caracter\u00edsticas Destacadas:<\/h4>\n<ul style='padding-left: 20px; margin: 0; font-size: 14px; color: inherit; list-style-type: disc;'>\n<li style='margin-bottom: 5px; font-weight: bold;'>Dise\u00f1o de filtro de onda anti-est\u00e1tico<\/li>\n<li style='margin-bottom: 5px; font-weight: bold;'>Inmunidad al ruido y diafon\u00eda de 60 dB.<\/li>\n<li style='margin-bottom: 5px; font-weight: bold;'>Rechazo excepcional de interferencias<\/li>\n<li style='margin-bottom: 5px;'>TVS (supresor de voltaje transitorio) de estado s\u00f3lido incorporado.<\/li>\n<li style='margin-bottom: 5px;'>Transmisi\u00f3n de 150 metros (492 ft) para TurboHD en 4K.<\/li>\n<li style='margin-bottom: 5px;'>Transmisi\u00f3n de 200 metros (656 ft) para TurboHD hasta 5 MP.<\/li>\n<li style='margin-bottom: 5px;'>Transmisi\u00f3n de 250 metros (820 ft) para TurboHD hasta 2 MP.<\/li>\n<li style='margin-bottom: 5px;'>El transmisor es compatible con los kits: KIT-TT4PVTURBOX&comma; KIT-TT8PVTURBOX&comma; KIT-TT16PVTURBOX.<\/li>\n<li style='margin-bottom: 5px;'>Precio por Kit<\/li>\n<\/ul><\/div>\n<\/p><\/div>\n<\/p><\/div>\n<p> <!-- Imagen de distancia --> <img style='width: 100%; max-width: 800px; height: auto; border: 1px solid rgba(150&comma;150&comma;150&comma;0.3); border-radius: 8px; margin: 0 auto; display: block;' src='https:\/\/ftp3.syscom.mx\/usuarios\/maguilar\/EpcomTitanium\/DISTANCIA-DE-TRANSCEPTORES-ES.jpg' alt=''> <\/div>\n<p> <!-- Separador --> <\/p>\n<hr style='border: 0; border-top: 1px solid rgba(150&comma;150&comma;150&comma;0.3); margin: 30px 0;'> <\/div>\n","protected":false},"excerpt":{"rendered":"<p>Kit de transceptores activos TURBO HD. Convierte 36\/24 Vcc a 12 Vcc regulados, a trav\u00e9s de cable  UTP Cat5e \/ 6. Transmision de 200 m (Revisar tabla de resoluciones )<\/p>\n","protected":false},"featured_media":119529,"comment_status":"open","ping_status":"closed","template":"","meta":[],"product_brand":[],"product_cat":[2327],"product_tag":[417,507,2328],"class_list":{"0":"post-119530","1":"product","2":"type-product","3":"status-publish","4":"has-post-thumbnail","6":"product_cat-transceptores-de-video","7":"product_tag-accesorios-generales","8":"product_tag-epcom-titanium","9":"product_tag-transceptores-de-video","11":"first","12":"instock","13":"sale","14":"shipping-taxable","15":"purchasable","16":"product-type-simple"},"_links":{"self":[{"href":"https:\/\/soydeaqui.ddns.net\/pachuca\/index.php\/wp-json\/wp\/v2\/product\/119530","targetHints":{"allow":["GET"]}}],"collection":[{"href":"https:\/\/soydeaqui.ddns.net\/pachuca\/index.php\/wp-json\/wp\/v2\/product"}],"about":[{"href":"https:\/\/soydeaqui.ddns.net\/pachuca\/index.php\/wp-json\/wp\/v2\/types\/product"}],"replies":[{"embeddable":true,"href":"https:\/\/soydeaqui.ddns.net\/pachuca\/index.php\/wp-json\/wp\/v2\/comments?post=119530"}],"wp:featuredmedia":[{"embeddable":true,"href":"https:\/\/soydeaqui.ddns.net\/pachuca\/index.php\/wp-json\/wp\/v2\/media\/119529"}],"wp:attachment":[{"href":"https:\/\/soydeaqui.ddns.net\/pachuca\/index.php\/wp-json\/wp\/v2\/media?parent=119530"}],"wp:term":[{"taxonomy":"product_brand","embeddable":true,"href":"https:\/\/soydeaqui.ddns.net\/pachuca\/index.php\/wp-json\/wp\/v2\/product_brand?post=119530"},{"taxonomy":"product_cat","embeddable":true,"href":"https:\/\/soydeaqui.ddns.net\/pachuca\/index.php\/wp-json\/wp\/v2\/product_cat?post=119530"},{"taxonomy":"product_tag","embeddable":true,"href":"https:\/\/soydeaqui.ddns.net\/pachuca\/index.php\/wp-json\/wp\/v2\/product_tag?post=119530"}],"curies":[{"name":"wp","href":"https:\/\/api.w.org\/{rel}","templated":true}]}}