{"id":119487,"date":"2026-03-24T05:10:14","date_gmt":"2026-03-24T05:10:14","guid":{"rendered":"https:\/\/soydeaqui.ddns.net\/pachuca\/index.php\/producto\/cable-coaxial-bnc-rg59-alimentacin-siames-30-metros-98-43-pies-100-cobre-para-cmaras-4k-uso-interior-y-exterior\/"},"modified":"2026-03-24T05:10:30","modified_gmt":"2026-03-24T05:10:30","slug":"cable-coaxial-bnc-rg59-alimentacin-siames-30-metros-98-43-pies-100-cobre-para-cmaras-4k-uso-interior-y-exterior","status":"publish","type":"product","link":"https:\/\/soydeaqui.ddns.net\/pachuca\/index.php\/producto\/cable-coaxial-bnc-rg59-alimentacin-siames-30-metros-98-43-pies-100-cobre-para-cmaras-4k-uso-interior-y-exterior\/","title":{"rendered":"Cable Coaxial (BNC RG59) + Alimentaci?n \/ SIAMES \/ 30 Metros (98.43 Pies) \/ 100% COBRE \/ Para C?maras 4K \/ Uso Interior y Exterior"},"content":{"rendered":"<div style='width: 100%; max-width: 1200px; margin: 0 auto; font-family: sans-serif; line-height: 1.6; color: inherit; background-color: transparent;'>\n<div style='display: flex; flex-direction: column; align-items: center; text-align: center; margin-bottom: 30px;'> <img style='width: 300px; height: 120px; border: 1px solid rgba(150&comma;150&comma;150&comma;0.3); border-radius: 8px;' src='https:\/\/ftp3.syscom.mx\/usuarios\/fotos\/logotipos\/epcom_powerline.png' alt='Logo EPCOM POWERLINE'> <\/p>\n<h1 style='font-size: 22px; margin-top: 15px; color: inherit;'><strong>DIY-30M-HD<\/strong><\/h1>\n<h3 style='font-size: 18px; color: inherit;'>Cable Coaxial armado con conector BNC y Alimentaci\u00f3n&comma; longitud de 30 m&comma; Optimizado 4K<\/h3>\n<p style='margin: 10px 70px 50px 70px; font-size: 15px; color: inherit;'>Cable Coaxial armado con conector BNC y Alimentaci\u00f3n&comma; longitud de 10m&comma; Optimizado para 4K excelente calidad de transmisi\u00f3n&comma; sin p\u00e9rdida de se\u00f1al. Clasificado para su uso en sistemas de circuito cerrado de televisi\u00f3n.<\/p>\n<\/p><\/div>\n<div style='display: flex; flex-wrap: wrap; gap: 30px; margin-bottom: 30px;'>\n<div style='flex: 1 1 300px; min-width: 280px;'>\n<h3 style='font-size: 22px; border-bottom: 2px solid currentColor; padding-bottom: 5px; margin-top: 0; color: inherit; opacity: 0.8;'>Caracter\u00edsticas Principales<\/h3>\n<ul style='padding-left: 20px; font-size: 15px; color: inherit;'>\n<li style='margin-bottom: 5px;'><strong>Cable tipo 100 % Cobre : 30 metros<\/strong><\/li>\n<li style='margin-bottom: 5px;'>Cable con calidad para alta resoluci\u00f3n : 4K de video y alimentaci\u00f3n<\/li>\n<li style='margin-bottom: 5px;'>Siam\u00e9s : Video y Alimentaci\u00f3n<\/li>\n<li style='margin-bottom: 5px;'><strong>Cable PREMIUM : Cobre <\/strong><\/li>\n<\/ul><\/div>\n<div style='flex: 1 1 300px; min-width: 280px;'>\n<h3 style='font-size: 22px; border-bottom: 2px solid currentColor; padding-bottom: 5px; margin-top: 0; color: inherit; opacity: 0.8;'>Especificaciones F\u00edsicas<\/h3>\n<ul style='padding-left: 20px; font-size: 15px; color: inherit;'>\n<li style='margin-bottom: 5px;'>Extensi\u00f3n de cable para 4K<\/li>\n<li style='margin-bottom: 5px;'>Aplicaci\u00f3n : Interior \/ Intemperie<\/li>\n<li style='margin-bottom: 5px;'>Material : Pl\u00e1stico ABS<\/li>\n<li style='margin-bottom: 5px;'>Color : Negro<\/li>\n<li style='margin-bottom: 5px;'>Conectores : BNC y Tipo standart para Alimentaci\u00f3n<\/li>\n<li style='margin-bottom: 5px;'><strong>Temperatura de operaci\u00f3n : -20 \u00b0C a 70 \u00b0C<\/strong><\/li>\n<li style='margin-bottom: 5px;'>Dimensiones : 20 metros<\/li>\n<li style='margin-bottom: 5px;'><strong>.<\/strong><\/li>\n<\/ul><\/div>\n<div style='flex: 1 1 300px; min-width: 280px;'>\n<h3 style='font-size: 22px; border-bottom: 2px solid currentColor; padding-bottom: 5px; margin-top: 0; color: inherit; opacity: 0.8;'>Productos relacionados<\/h3>\n<ul style='padding-left: 20px; font-size: 15px; color: inherit;'>\n<li style='margin-bottom: 5px;'>5 Metros : <strong><span style='background-color: #ecf0f1; color: #3598db;'>DIY-5M-HD<\/span><\/strong><\/li>\n<li style='margin-bottom: 5px;'>10 Metros : <span style='color: #3598db;'><strong>DIY-10M-HD<\/strong><\/span><\/li>\n<li style='margin-bottom: 5px;'>10 Metros : <span style='color: #3598db;'><strong>DIY-10M-4K<\/strong><\/span><\/li>\n<li style='margin-bottom: 5px;'>20 Metros : <span style='color: #3598db;'><strong>DIY-20M-HD<\/strong><\/span><\/li>\n<li style='margin-bottom: 5px;'>20 Metros : <span style='color: #3598db;'><strong>DIY-20M-4K<\/strong><\/span><\/li>\n<li style='margin-bottom: 5px;'>30 Metros : <span style='color: #3598db;'><strong>DIY-30M-HD<\/strong><\/span><\/li>\n<li style='margin-bottom: 5px;'>40 Metros : <span style='color: #3598db;'><strong>DIY-40M-HD<\/strong><\/span><\/li>\n<li style='margin-bottom: 5px;'>50 Metros : <span style='color: #3598db;'><strong>DIY-50M-HD<\/strong><\/span><\/li>\n<\/ul><\/div>\n<\/p><\/div>\n<div style='display: flex; flex-wrap: wrap; gap: 30px; margin-bottom: 30px;'>\n<div style='flex: 1 1 300px; min-width: 280px;'> <img style='width: 100%; height: auto; border: 1px solid rgba(150&comma;150&comma;150&comma;0.3); border-radius: 8px;' src='https:\/\/ftp3.syscom.mx\/usuarios\/hallende\/Familia%20Centro\/Cables%20Coaxiales\/DIY-10M-HD\/DIY10MHD-AD-1.png' alt='Cable coaxial EPCOM DIY30MHD'> <\/div>\n<div style='flex: 1 1 300px; min-width: 280px;'> <img style='width: 100%; height: auto; border: 1px solid rgba(150&comma;150&comma;150&comma;0.3); border-radius: 8px;' src='https:\/\/ftp3.syscom.mx\/usuarios\/hallende\/Familia%20Centro\/Cables%20Coaxiales\/DIY-10M-HD\/DIY10MHD-2.png' alt='Cable coaxial EPCOM DIY30MHD'> <\/div>\n<div style='flex: 1 1 300px; min-width: 280px;'> <img style='width: 100%; height: auto; border: 1px solid rgba(150&comma;150&comma;150&comma;0.3); border-radius: 8px;' src='https:\/\/ftp3.syscom.mx\/usuarios\/hallende\/Familia%20Centro\/Cables%20Coaxiales\/DIY-10M-HD\/DIY10MHD-AD-3.png' alt='Cable coaxial EPCOM DIY30MHD'> <\/div>\n<\/p><\/div>\n<\/p><\/div>\n","protected":false},"excerpt":{"rendered":"<p>Cable Coaxial (BNC RG59) + Alimentaci?n \/ SIAMES \/ 30 Metros (98.43 Pies) \/ 100% COBRE \/ Para C?maras 4K \/ Uso Interior y Exterior<\/p>\n","protected":false},"featured_media":119486,"comment_status":"open","ping_status":"closed","template":"","meta":[],"product_brand":[],"product_cat":[2277],"product_tag":[2278,488,454],"class_list":{"0":"post-119487","1":"product","2":"type-product","3":"status-publish","4":"has-post-thumbnail","6":"product_cat-cables-armados-coaxial","7":"product_tag-cables-armados-coaxial","8":"product_tag-cables-y-conectores","9":"product_tag-epcom-powerline","11":"first","12":"instock","13":"sale","14":"shipping-taxable","15":"purchasable","16":"product-type-simple"},"_links":{"self":[{"href":"https:\/\/soydeaqui.ddns.net\/pachuca\/index.php\/wp-json\/wp\/v2\/product\/119487","targetHints":{"allow":["GET"]}}],"collection":[{"href":"https:\/\/soydeaqui.ddns.net\/pachuca\/index.php\/wp-json\/wp\/v2\/product"}],"about":[{"href":"https:\/\/soydeaqui.ddns.net\/pachuca\/index.php\/wp-json\/wp\/v2\/types\/product"}],"replies":[{"embeddable":true,"href":"https:\/\/soydeaqui.ddns.net\/pachuca\/index.php\/wp-json\/wp\/v2\/comments?post=119487"}],"wp:featuredmedia":[{"embeddable":true,"href":"https:\/\/soydeaqui.ddns.net\/pachuca\/index.php\/wp-json\/wp\/v2\/media\/119486"}],"wp:attachment":[{"href":"https:\/\/soydeaqui.ddns.net\/pachuca\/index.php\/wp-json\/wp\/v2\/media?parent=119487"}],"wp:term":[{"taxonomy":"product_brand","embeddable":true,"href":"https:\/\/soydeaqui.ddns.net\/pachuca\/index.php\/wp-json\/wp\/v2\/product_brand?post=119487"},{"taxonomy":"product_cat","embeddable":true,"href":"https:\/\/soydeaqui.ddns.net\/pachuca\/index.php\/wp-json\/wp\/v2\/product_cat?post=119487"},{"taxonomy":"product_tag","embeddable":true,"href":"https:\/\/soydeaqui.ddns.net\/pachuca\/index.php\/wp-json\/wp\/v2\/product_tag?post=119487"}],"curies":[{"name":"wp","href":"https:\/\/api.w.org\/{rel}","templated":true}]}}