{"id":119473,"date":"2026-03-24T05:09:26","date_gmt":"2026-03-24T05:09:26","guid":{"rendered":"https:\/\/soydeaqui.ddns.net\/pachuca\/index.php\/producto\/herramienta-de-programacion-compatible-con-dispositivos-xmr401hd-xmr401hds-xmr401sahd-xmr401ahd-v2-xmr401ahds-v2\/"},"modified":"2026-03-24T05:09:41","modified_gmt":"2026-03-24T05:09:41","slug":"herramienta-de-programacion-compatible-con-dispositivos-xmr401hd-xmr401hds-xmr401sahd-xmr401ahd-v2-xmr401ahds-v2","status":"publish","type":"product","link":"https:\/\/soydeaqui.ddns.net\/pachuca\/index.php\/producto\/herramienta-de-programacion-compatible-con-dispositivos-xmr401hd-xmr401hds-xmr401sahd-xmr401ahd-v2-xmr401ahds-v2\/","title":{"rendered":"Herramienta de programaci\u00f3n, compatible con dispositivos XMR401HD, XMR401HDS, XMR401SAHD, XMR401AHD\/V2, XMR401AHDS\/V2"},"content":{"rendered":"<div style='width: 100%; max-width: 1200px; margin: 0 auto; font-family: sans-serif; line-height: 1.6; color: inherit; background-color: transparent;'>\n<div style='width: 100%; margin-bottom: 30px;'> <img style='width: 100%; height: auto; border: 1px solid rgba(150&comma;150&comma;150&comma;0.3); border-radius: 8px;' src='https:\/\/ftp3.syscom.mx\/usuarios\/jdelafuente\/EPCOM\/epcom-Video-Surveillance-Solutions.png' alt=''> <\/div>\n<div style='font-size: 15px; margin-bottom: 30px; color: inherit;'> Dispositivo tipo aviaci\u00f3n de 6 pines el cual permite realizar la configuraci\u00f3n de los dispositivos a trav\u00e9s de una red LAN por puerto Ethernet. <\/div>\n<div style='display: flex; flex-wrap: wrap; gap: 20px; margin-bottom: 30px;'>\n<div style='flex: 1 1 45%; min-width: 300px;'>\n<div style='position: relative; padding-bottom: 56.25%; height: 0; overflow: hidden;'>   <\/div>\n<\/p><\/div>\n<div style='flex: 1 1 45%; min-width: 300px;'>\n<div style='position: relative; padding-bottom: 56.25%; height: 0; overflow: hidden;'>   <\/div>\n<\/p><\/div>\n<\/p><\/div>\n<div style='width: 100%; margin-bottom: 30px;'> <img style='width: 100%; height: auto; border: 1px solid rgba(150&comma;150&comma;150&comma;0.3); border-radius: 8px;' src='https:\/\/lh3.googleusercontent.com\/-pZ_XaBvR_Fc\/WIASVwX7lUI\/AAAAAAAAEXk\/8G8S2tbIV78lrYHWQKqgGm56D8DS5eONQCL0B\/h224\/2017-01-18.jpg' alt=''> <\/div>\n<\/p><\/div>\n","protected":false},"excerpt":{"rendered":"<p>Herramienta de programaci\u00f3n, compatible con dispositivos XMR401HD, XMR401HDS, XMR401SAHD, XMR401AHD\/V2, XMR401AHDS\/V2<\/p>\n","protected":false},"featured_media":119472,"comment_status":"open","ping_status":"closed","template":"","meta":[],"product_brand":[],"product_cat":[1408,1406],"product_tag":[93,1409,1474,1345],"class_list":{"0":"post-119473","1":"product","2":"type-product","3":"status-publish","4":"has-post-thumbnail","6":"product_cat-accesorios-dash-cams-y-body-cams","7":"product_cat-videograbadoras-moviles-videovigilancia","8":"product_tag-accesorios","9":"product_tag-dash-cams-y-body-cams","10":"product_tag-streamax","11":"product_tag-videograbadoras-moviles","13":"first","14":"instock","15":"sale","16":"shipping-taxable","17":"purchasable","18":"product-type-simple"},"_links":{"self":[{"href":"https:\/\/soydeaqui.ddns.net\/pachuca\/index.php\/wp-json\/wp\/v2\/product\/119473","targetHints":{"allow":["GET"]}}],"collection":[{"href":"https:\/\/soydeaqui.ddns.net\/pachuca\/index.php\/wp-json\/wp\/v2\/product"}],"about":[{"href":"https:\/\/soydeaqui.ddns.net\/pachuca\/index.php\/wp-json\/wp\/v2\/types\/product"}],"replies":[{"embeddable":true,"href":"https:\/\/soydeaqui.ddns.net\/pachuca\/index.php\/wp-json\/wp\/v2\/comments?post=119473"}],"wp:featuredmedia":[{"embeddable":true,"href":"https:\/\/soydeaqui.ddns.net\/pachuca\/index.php\/wp-json\/wp\/v2\/media\/119472"}],"wp:attachment":[{"href":"https:\/\/soydeaqui.ddns.net\/pachuca\/index.php\/wp-json\/wp\/v2\/media?parent=119473"}],"wp:term":[{"taxonomy":"product_brand","embeddable":true,"href":"https:\/\/soydeaqui.ddns.net\/pachuca\/index.php\/wp-json\/wp\/v2\/product_brand?post=119473"},{"taxonomy":"product_cat","embeddable":true,"href":"https:\/\/soydeaqui.ddns.net\/pachuca\/index.php\/wp-json\/wp\/v2\/product_cat?post=119473"},{"taxonomy":"product_tag","embeddable":true,"href":"https:\/\/soydeaqui.ddns.net\/pachuca\/index.php\/wp-json\/wp\/v2\/product_tag?post=119473"}],"curies":[{"name":"wp","href":"https:\/\/api.w.org\/{rel}","templated":true}]}}