{"id":119452,"date":"2026-03-24T05:08:17","date_gmt":"2026-03-24T05:08:17","guid":{"rendered":"https:\/\/soydeaqui.ddns.net\/pachuca\/index.php\/producto\/ups-de-850va-510w-topologia-linea-interactiva-entrada-y-salida-120-vca-regulador-de-voltaje-avr-80-150-vca-clavija-nema-5-15p-4-tomas-nema-5-15r-sin-rj11-ni-rj45\/"},"modified":"2026-03-24T05:08:29","modified_gmt":"2026-03-24T05:08:29","slug":"ups-de-850va-510w-topologia-linea-interactiva-entrada-y-salida-120-vca-regulador-de-voltaje-avr-80-150-vca-clavija-nema-5-15p-4-tomas-nema-5-15r-sin-rj11-ni-rj45","status":"publish","type":"product","link":"https:\/\/soydeaqui.ddns.net\/pachuca\/index.php\/producto\/ups-de-850va-510w-topologia-linea-interactiva-entrada-y-salida-120-vca-regulador-de-voltaje-avr-80-150-vca-clavija-nema-5-15p-4-tomas-nema-5-15r-sin-rj11-ni-rj45\/","title":{"rendered":"UPS de 850VA\/510W \/ Topolog\u00eda L\u00ednea Interactiva \/ Entrada y Salida 120 Vca \/ Regulador de Voltaje AVR 80-150 Vca \/ Clavija NEMA 5-15P \/ 4 Tomas NEMA 5-15R \/Sin RJ11 ni RJ45"},"content":{"rendered":"<div style='width: 100%; max-width: 1200px; margin: 0 auto; font-family: sans-serif; line-height: 1.6; color: inherit; background-color: transparent;'> <!-- Descripci\u00f3n principal --> <\/p>\n<div style='margin-bottom: 30px;'>\n<p style='margin: 0 0 15px; font-size: 15px; color: inherit;'> <strong style='color: inherit; font-weight: 600;'>El equipo ideal para peque\u00f1as y medianas empresas<\/strong> <\/p>\n<p> La l\u00ednea de UPS de epcom Power Line fue dise\u00f1ada para brindar alto desempe\u00f1o y una excelente calidad&comma; son usados para proteger y energizar equipos tales como computadoras personales&comma; conmutadores de peque\u00f1a escala&comma; puntos de venta&comma; etc. Prove\u00e9 protecci\u00f3n de potencia contra sobrevoltajes y picos. Tambi\u00e9n suministra voltaje puro con Regulador Autom\u00e1tico de Voltaje (AVR) en boost y buck (Serie RTOL2U). Es simple&comma; a bajo costo y su instalaci\u00f3n es sencilla y r\u00e1pida. <\/p>\n<p style='margin: 0 0 15px; font-size: 15px; color: inherit;'> <strong style='color: inherit; font-weight: 600;'>El equipo no cuenta con protector RJ11 ni RJ45<\/strong> <\/p>\n<\/p><\/div>\n<p> <!-- Caracter\u00edsticas Generales --> <\/p>\n<div style='margin-bottom: 30px;'>\n<h3 style='font-size: 22px; border-bottom: 2px solid currentColor; padding-bottom: 5px; margin-top: 0; color: inherit; opacity: 0.8;'>Caracter\u00edsticas Generales<\/h3>\n<ul style='padding-left: 20px; font-size: 15px; color: inherit;'>\n<li style='margin-bottom: 5px;'><strong style='color: inherit;'>Capacidad:<\/strong> 850 VA \/ 510 W<\/li>\n<li style='margin-bottom: 5px;'><strong style='color: inherit;'>Topolog\u00eda:<\/strong> L\u00ednea interactiva<\/li>\n<li style='margin-bottom: 5px;'><strong style='color: inherit;'>Sin pantalla LCD<\/strong><\/li>\n<li style='margin-bottom: 5px;'><strong style='color: inherit;'>Tipo de onda:<\/strong> Onda senoidal simulada<\/li>\n<li style='margin-bottom: 5px;'><strong style='color: inherit;'>Salida:<\/strong> 120 VCA \u00b1 5%<\/li>\n<li style='margin-bottom: 5px;'><strong style='color: inherit;'>Tipo de conector y cable:<\/strong> NEMA 5-15P<\/li>\n<li style='margin-bottom: 5px;'><strong style='color: inherit;'>Total de salidas:<\/strong> 4 \u00d7 NEMA 5-15R (3 Salidas con respaldo&comma; 1 salida color blanco de solo protecci\u00f3n)<\/li>\n<li style='margin-bottom: 5px;'><strong style='color: inherit;'>Bater\u00eda:<\/strong> 1 x 12V\/8 Ah (modelo de reemplazo sugerido para mejorar rendimiento es: <a href='https:\/\/www.syscom.mx\/principal\/searchcont?route=PL-9-12FR-EPCOM-POWERLINE-195489&#038;autodetect=pl912fr' style='color: inherit; text-decoration: underline; font-weight: 600;'>PL-9-12FR<\/a>)<\/li>\n<\/ul><\/div>\n<p> <!-- Tiempo de respaldo --> <\/p>\n<div style='margin-bottom: 30px;'>\n<p style='margin: 0 0 15px; font-size: 15px; color: inherit;'> <strong style='color: inherit; font-weight: 600;'>El tiempo de respaldo puede variar dependiendo de la carga conectada&comma; temperatura ambiente y estado de las bater\u00edas<\/strong> <\/p>\n<p> <!-- Tabla de duraci\u00f3n --> <\/p>\n<div style='display: grid; grid-template-columns: repeat(auto-fill&comma; minmax(180px&comma; 1fr)); gap: 15px; margin-bottom: 30px;'>\n<div style='border: 1px solid rgba(150&comma;150&comma;150&comma;0.4); border-radius: 8px; padding: 12px;'> <strong style='color: inherit;'>Duraci\u00f3n a media carga:<\/strong> 4.0 min <\/div>\n<div style='border: 1px solid rgba(150&comma;150&comma;150&comma;0.4); border-radius: 8px; padding: 12px;'> <strong style='color: inherit;'>Duraci\u00f3n a carga completa:<\/strong> 1.3 min <\/div>\n<div style='border: 1px solid rgba(150&comma;150&comma;150&comma;0.4); border-radius: 8px; padding: 12px;'> <strong style='color: inherit;'>Duraci\u00f3n con 50W:<\/strong> 40.0 min <\/div>\n<div style='border: 1px solid rgba(150&comma;150&comma;150&comma;0.4); border-radius: 8px; padding: 12px;'> <strong style='color: inherit;'>Duraci\u00f3n con 100W:<\/strong> 17.0 min <\/div>\n<div style='border: 1px solid rgba(150&comma;150&comma;150&comma;0.4); border-radius: 8px; padding: 12px;'> <strong style='color: inherit;'>Duraci\u00f3n con 200W:<\/strong> 5.0 min <\/div>\n<div style='border: 1px solid rgba(150&comma;150&comma;150&comma;0.4); border-radius: 8px; padding: 12px;'> <strong style='color: inherit;'>Duraci\u00f3n con 300W:<\/strong> 3.0 min <\/div>\n<div style='border: 1px solid rgba(150&comma;150&comma;150&comma;0.4); border-radius: 8px; padding: 12px;'> <strong style='color: inherit;'>Duraci\u00f3n con 400W:<\/strong> 1.5 min <\/div>\n<div style='border: 1px solid rgba(150&comma;150&comma;150&comma;0.4); border-radius: 8px; padding: 12px;'> <strong style='color: inherit;'>Duraci\u00f3n con 500W:<\/strong> 1.3 min <\/div>\n<\/p><\/div>\n<\/p><\/div>\n<p> <!-- Preguntas frecuentes --> <\/p>\n<div style='margin-bottom: 30px;'>\n<h3 style='font-size: 22px; border-bottom: 2px solid currentColor; padding-bottom: 5px; margin-top: 0; color: inherit; opacity: 0.8;'>Preguntas frecuentes del equipo<\/h3>\n<div style='margin-top: 20px;'>\n<h4 style='margin-top: 0; color: inherit; font-size: 17px;'>1. \u00bfUn UPS enciende autom\u00e1ticamente despu\u00e9s de un corte de energ\u00eda?<\/h4>\n<p style='margin: 8px 0; font-size: 15px; color: inherit;'> S\u00ed&comma; un UPS debe restaurar la alimentaci\u00f3n autom\u00e1ticamente despu\u00e9s de un corte. <\/p>\n<p style='margin: 8px 0; font-size: 15px; color: inherit;'> En muchas ocasiones los niveles de voltaje de la red el\u00e9ctrica no son los mejores&comma; es decir&comma; al regresar el suministro de energ\u00eda&comma; podemos tener valores muy altos o bajos que el UPS no considera normales&comma; por tanto vamos a requerir un reset manual (presionar el bot\u00f3n que viene en los equipos) para volver a tener servicio. <\/p>\n<p style='margin: 8px 0; font-size: 15px; color: inherit;'> En caso de presentar esta situaci\u00f3n&comma; se recomienda el uso de reguladores de voltaje previos al UPS para evitar este problema en zonas con variaciones de voltaje de entrada. <\/p>\n<\/p><\/div>\n<\/p><\/div>\n<p> <!-- Secci\u00f3n de im\u00e1genes --> <\/p>\n<div style='margin-bottom: 30px;'> <img style='width: 100%; height: auto; border: 1px solid rgba(150&comma;150&comma;150&comma;0.3); border-radius: 8px;' src='https:\/\/ftp3.syscom.mx\/usuarios\/acordova\/epcom%20Power%20line\/EPU850LCD.PNG' alt=''> <\/div>\n<p> <!-- Secci\u00f3n de im\u00e1genes adicionales --> <\/p>\n<div style='display: grid; grid-template-columns: repeat(auto-fill&comma; minmax(250px&comma; 1fr)); gap: 20px; margin-bottom: 30px;'> <img style='width: 100%; height: auto; border: 1px solid rgba(150&comma;150&comma;150&comma;0.3); border-radius: 8px;' src='http:\/\/ftp3.syscom.mx\/usuarios\/ftp\/single_page\/epcom_powerline\/ups_logotipo.png' alt=''> <img style='width: 100%; height: auto; border: 1px solid rgba(150&comma;150&comma;150&comma;0.3); border-radius: 8px;' src='http:\/\/ftp3.syscom.mx\/usuarios\/ftp\/single_page\/epcom_powerline\/ups_header.png' alt=''> <img style='width: 100%; height: auto; border: 1px solid rgba(150&comma;150&comma;150&comma;0.3); border-radius: 8px;' src='http:\/\/ftp3.syscom.mx\/usuarios\/ftp\/single_page\/epcom_powerline\/ups_3.png' alt=''> <img style='width: 100%; height: auto; border: 1px solid rgba(150&comma;150&comma;150&comma;0.3); border-radius: 8px;' src='http:\/\/ftp3.syscom.mx\/usuarios\/ftp\/single_page\/epcom_powerline\/ups_img1.png' alt=''> <img style='width: 100%; height: auto; border: 1px solid rgba(150&comma;150&comma;150&comma;0.3); border-radius: 8px;' src='http:\/\/ftp3.syscom.mx\/usuarios\/ftp\/single_page\/epcom_powerline\/ups_icono1.png' alt=''> <img style='width: 100%; height: auto; border: 1px solid rgba(150&comma;150&comma;150&comma;0.3); border-radius: 8px;' src='http:\/\/ftp3.syscom.mx\/usuarios\/ftp\/single_page\/epcom_powerline\/ups_5.png' alt=''> <\/div>\n<p> <!-- Secci\u00f3n adicional de informaci\u00f3n --> <\/p>\n<div style='margin-bottom: 30px;'>\n<div style='display: flex; flex-wrap: wrap; gap: 30px;'>\n<div style='flex: 1 1 300px; min-width: 280px;'>\n<h3 style='font-size: 22px; border-bottom: 2px solid currentColor; padding-bottom: 5px; margin-top: 0; color: inherit; opacity: 0.8;'>Rango din\u00e1mico de voltaje (AVR)<\/h3>\n<p style='font-size: 15px; color: inherit;'> El rango din\u00e1mico de voltaje (AVR) en los UPS de Epcom Power Line\u00ae serie RTOL2U ayuda a estabilizar la se\u00f1al entrante de CA&comma; se encarga de controlar los voltajes altos y bajos&comma; manteniendo la energ\u00eda de salida a un nivel nominal de 120V&comma; reduce fallas del sistema e incrementa significativamente la vida de la bater\u00eda. <\/p>\n<\/p><\/div>\n<div style='flex: 1 1 300px; min-width: 280px;'>\n<h3 style='font-size: 22px; border-bottom: 2px solid currentColor; padding-bottom: 5px; margin-top: 0; color: inherit; opacity: 0.8;'>Voltajes configurables de salida<\/h3>\n<p style='font-size: 15px; color: inherit;'> Algunos modelos de Epcom Power Line\u00ae&comma; pueden ser configurables con voltaje de salida seleccionable: 100 V \/ 110 V \/ 115 V \/ 120 V \/ 127 V AC. <\/p>\n<\/p><\/div>\n<\/p><\/div>\n<\/p><\/div>\n<p> <!-- Nota final --> <\/p>\n<div style='margin-bottom: 30px;'>\n<p style='margin: 0 0 15px; font-size: 15px; color: inherit;'> <strong style='color: inherit; font-weight: 600;'>*Equipo no monitoreable<\/strong> <\/p>\n<\/p><\/div>\n<\/p><\/div>\n","protected":false},"excerpt":{"rendered":"<p>UPS de 850VA\/510W \/ Topolog\u00eda L\u00ednea Interactiva \/ Entrada y Salida 120 Vca \/ Regulador de Voltaje AVR 80-150 Vca \/ Clavija NEMA 5-15P \/ 4 Tomas NEMA 5-15R \/Sin RJ11 ni RJ45<\/p>\n","protected":false},"featured_media":119451,"comment_status":"open","ping_status":"closed","template":"","meta":[],"product_brand":[],"product_cat":[1231],"product_tag":[142,454,1232],"class_list":{"0":"post-119452","1":"product","2":"type-product","3":"status-publish","4":"has-post-thumbnail","6":"product_cat-ups-no-break-energia-videovigilancia","7":"product_tag-energia","8":"product_tag-epcom-powerline","9":"product_tag-ups-no-break-2","11":"first","12":"instock","13":"sale","14":"shipping-taxable","15":"purchasable","16":"product-type-simple"},"_links":{"self":[{"href":"https:\/\/soydeaqui.ddns.net\/pachuca\/index.php\/wp-json\/wp\/v2\/product\/119452","targetHints":{"allow":["GET"]}}],"collection":[{"href":"https:\/\/soydeaqui.ddns.net\/pachuca\/index.php\/wp-json\/wp\/v2\/product"}],"about":[{"href":"https:\/\/soydeaqui.ddns.net\/pachuca\/index.php\/wp-json\/wp\/v2\/types\/product"}],"replies":[{"embeddable":true,"href":"https:\/\/soydeaqui.ddns.net\/pachuca\/index.php\/wp-json\/wp\/v2\/comments?post=119452"}],"wp:featuredmedia":[{"embeddable":true,"href":"https:\/\/soydeaqui.ddns.net\/pachuca\/index.php\/wp-json\/wp\/v2\/media\/119451"}],"wp:attachment":[{"href":"https:\/\/soydeaqui.ddns.net\/pachuca\/index.php\/wp-json\/wp\/v2\/media?parent=119452"}],"wp:term":[{"taxonomy":"product_brand","embeddable":true,"href":"https:\/\/soydeaqui.ddns.net\/pachuca\/index.php\/wp-json\/wp\/v2\/product_brand?post=119452"},{"taxonomy":"product_cat","embeddable":true,"href":"https:\/\/soydeaqui.ddns.net\/pachuca\/index.php\/wp-json\/wp\/v2\/product_cat?post=119452"},{"taxonomy":"product_tag","embeddable":true,"href":"https:\/\/soydeaqui.ddns.net\/pachuca\/index.php\/wp-json\/wp\/v2\/product_tag?post=119452"}],"curies":[{"name":"wp","href":"https:\/\/api.w.org\/{rel}","templated":true}]}}