{"id":119441,"date":"2026-03-24T05:07:41","date_gmt":"2026-03-24T05:07:41","guid":{"rendered":"https:\/\/soydeaqui.ddns.net\/pachuca\/index.php\/producto\/aislador-de-tierra-por-bnc-elimine-eficazmente-los-problemas-en-el-video-como-el-ruido-diafonia-induccion-e-interferencias-causadas-por-los-lazos-de-tierra-compatible-con-camaras-hd-tvi-cvi-ahd-c\/"},"modified":"2026-03-24T05:07:56","modified_gmt":"2026-03-24T05:07:56","slug":"aislador-de-tierra-por-bnc-elimine-eficazmente-los-problemas-en-el-video-como-el-ruido-diafonia-induccion-e-interferencias-causadas-por-los-lazos-de-tierra-compatible-con-camaras-hd-tvi-cvi-ahd-c","status":"publish","type":"product","link":"https:\/\/soydeaqui.ddns.net\/pachuca\/index.php\/producto\/aislador-de-tierra-por-bnc-elimine-eficazmente-los-problemas-en-el-video-como-el-ruido-diafonia-induccion-e-interferencias-causadas-por-los-lazos-de-tierra-compatible-con-camaras-hd-tvi-cvi-ahd-c\/","title":{"rendered":"AISLADOR DE TIERRA por BNC \/ ELIMINE eficazmente los problemas en el video como el RUIDO, DIAFONIA, INDUCCI\u00d3N e INTERFERENCIAS causadas por los lazos de tierra. Compatible con c\u00e1maras HD-TVI\/CVI\/AHD\/CVBS de hasta 2 MP."},"content":{"rendered":"<div style='width: 100%; max-width: 1200px; margin: 0 auto; font-family: sans-serif; line-height: 1.6; color: inherit; background-color: transparent;'>\n<div style='width: 100%; text-align: center; margin-bottom: 30px;'>\n<h1 style='font-size: 28px; color: inherit; margin: 0 0 10px;'><strong>TT-BNC-ISO<\/strong><\/h1>\n<h3 style='color: inherit; margin: 0 0 20px; opacity: 0.85;'>Aislador de tierra por BNC en HD. Elimina problemas en el video como el ruido&comma; diafon\u00eda&comma; distorsi\u00f3n e interferencia causadas por los lazos de tierra.<\/h3>\n<p style='font-size: 15px; color: inherit; margin: 0 10% 20px; opacity: 0.9;'>TTBNC-ISO es un protector de alto rendimiento para uso en cableados coaxiales o UTP&comma; es un aislador de bucle de tierra de v\u00eddeo HD de alta fiabilidad para resolver el problema de la interferencia de la se\u00f1al causada por el potencial de interferencia. Cuenta con dos conector BNC hembra y macho con protecci\u00f3n contra descargas por sobretensi\u00f3n. En el uso real&comma; el aislador est\u00e1 conectado directamente a la c\u00e1mara de alta definici\u00f3n y DVR. Una vez que la se\u00f1al pasa el aislador&comma; se convertir\u00e1 en una imagen de v\u00eddeo clara&comma; sin ning\u00fan fantasma. Es ampliamente utilizado en diversos sistemas de monitorizaci\u00f3n de seguridad. No requiere alimentaci\u00f3n&comma; su instalaci\u00f3n es sencilla.<\/p>\n<\/p><\/div>\n<div style='display: flex; flex-wrap: wrap; gap: 30px; margin-bottom: 30px;'>\n<div style='flex: 1 1 300px; min-width: 280px;'>\n<div style='border: 1px solid rgba(150&comma;150&comma;150&comma;0.3); border-radius: 8px; overflow: hidden; display: flex; flex-direction: column; height: 100%;'>\n<div style='padding: 15px; background-color: rgba(150&comma;150&comma;150&comma;0.05); border-bottom: 1px solid rgba(150&comma;150&comma;150&comma;0.2); font-weight: bold; font-size: 18px; color: inherit;'>Caracter\u00edsticas Principales<\/div>\n<div style='padding: 15px; flex-grow: 1;'> <img style='width: 100%; height: auto; border: 1px solid rgba(150&comma;150&comma;150&comma;0.3); border-radius: 8px; margin-bottom: 15px;' src='http:\/\/ftp3.syscom.mx\/usuarios\/hallende\/FolkTitanium\/TT-BNC-ISO\/TTBNCISO-h.png' alt=''> <\/p>\n<ul style='padding-left: 20px; margin: 0; font-size: 14px; color: inherit;'>\n<li style='margin-bottom: 8px;'>Para evitar la distorsi\u00f3n de la se\u00f1al de video causada por el bucle de tierra de video<\/li>\n<li style='margin-bottom: 8px;'>Elimina im\u00e1genes rotas&comma; diafon\u00eda y desplazamiento.<\/li>\n<li style='margin-bottom: 8px;'>BNC macho a BNC hembra con mini cable flexible coaxial RG 59 de 20 cm en ambos lados<\/li>\n<li style='margin-bottom: 8px;'>Se puede conectar a un cable coaxial o UTP Cat5e \/ 6<\/li>\n<\/ul><\/div>\n<\/p><\/div>\n<\/p><\/div>\n<div style='flex: 1 1 300px; min-width: 280px;'>\n<div style='border: 1px solid rgba(150&comma;150&comma;150&comma;0.3); border-radius: 8px; overflow: hidden; display: flex; flex-direction: column; height: 100%;'>\n<div style='padding: 15px; background-color: rgba(150&comma;150&comma;150&comma;0.05); border-bottom: 1px solid rgba(150&comma;150&comma;150&comma;0.2); font-weight: bold; font-size: 18px; color: inherit;'>Caracter\u00edsticas F\u00edsicas y El\u00e9ctricas<\/div>\n<div style='padding: 15px; flex-grow: 1;'> <img style='width: 100%; height: auto; border: 1px solid rgba(150&comma;150&comma;150&comma;0.3); border-radius: 8px; margin-bottom: 15px;' src='http:\/\/ftp3.syscom.mx\/usuarios\/hallende\/FolkTitanium\/TT-BNC-ISO\/TTBNCISO-AD-1-h.png' alt=''> <\/p>\n<ul style='padding-left: 20px; margin: 0; font-size: 14px; color: inherit;'>\n<li style='margin-bottom: 8px;'>Aislamiento circuito de bucle: &gt; 90 dB &gt; 50 Hz<\/li>\n<li style='margin-bottom: 8px;'>Inserci\u00f3n por p\u00e9rdida : \u22640.5 dB<\/li>\n<li style='margin-bottom: 8px;'>Dimensiones: 50 * 28 * 28 mm (L * W * H conector BNC incluido).<\/li>\n<\/ul><\/div>\n<\/p><\/div>\n<\/p><\/div>\n<div style='flex: 1 1 300px; min-width: 280px;'>\n<div style='border: 1px solid rgba(150&comma;150&comma;150&comma;0.3); border-radius: 8px; overflow: hidden; display: flex; flex-direction: column; height: 100%;'>\n<div style='padding: 15px; background-color: rgba(150&comma;150&comma;150&comma;0.05); border-bottom: 1px solid rgba(150&comma;150&comma;150&comma;0.2); font-weight: bold; font-size: 18px; color: inherit;'>Caracter\u00edsticas Destacadas<\/div>\n<div style='padding: 15px; flex-grow: 1;'> <img style='width: 100%; height: auto; border: 1px solid rgba(150&comma;150&comma;150&comma;0.3); border-radius: 8px; margin-bottom: 15px;' src='http:\/\/ftp3.syscom.mx\/usuarios\/hallende\/FolkTitanium\/TT-BNC-ISO\/TTBNCISO-AD-2-h.png' alt=''> <\/p>\n<ul style='padding-left: 20px; margin: 0; font-size: 14px; color: inherit;'>\n<li style='margin-bottom: 8px;'>Compatible con todas las c\u00e1maras anal\u00f3gicas HD-TVI&comma; HD-CVI&comma; AHD y CVBS <strong style='color: inherit;'>Hasta 2 MP<\/strong><\/li>\n<li style='margin-bottom: 8px;'>Evita que los cables de alimentaci\u00f3n establecidas por otros equipos que interfieren con el sistema de circuito cerrado de televisi\u00f3n<\/li>\n<li style='margin-bottom: 8px;'>Solo se puede instalar directamente en el lado del DVR<\/li>\n<\/ul><\/div>\n<\/p><\/div>\n<\/p><\/div>\n<\/p><\/div>\n<\/p><\/div>\n","protected":false},"excerpt":{"rendered":"<p>AISLADOR DE TIERRA por BNC \/ ELIMINE eficazmente los problemas en el video como el RUIDO, DIAFONIA, INDUCCI\u00d3N e INTERFERENCIAS causadas por los lazos de tierra. Compatible con c\u00e1maras HD-TVI\/CVI\/AHD\/CVBS de hasta 2 MP.<\/p>\n","protected":false},"featured_media":119440,"comment_status":"open","ping_status":"closed","template":"","meta":[],"product_brand":[],"product_cat":[2369],"product_tag":[545,507,898],"class_list":{"0":"post-119441","1":"product","2":"type-product","3":"status-publish","4":"has-post-thumbnail","6":"product_cat-coaxial-proteccion-contra-descargas-videovigilancia","7":"product_tag-coaxial","8":"product_tag-epcom-titanium","9":"product_tag-proteccion-contra-descargas","11":"first","12":"instock","13":"sale","14":"shipping-taxable","15":"purchasable","16":"product-type-simple"},"_links":{"self":[{"href":"https:\/\/soydeaqui.ddns.net\/pachuca\/index.php\/wp-json\/wp\/v2\/product\/119441","targetHints":{"allow":["GET"]}}],"collection":[{"href":"https:\/\/soydeaqui.ddns.net\/pachuca\/index.php\/wp-json\/wp\/v2\/product"}],"about":[{"href":"https:\/\/soydeaqui.ddns.net\/pachuca\/index.php\/wp-json\/wp\/v2\/types\/product"}],"replies":[{"embeddable":true,"href":"https:\/\/soydeaqui.ddns.net\/pachuca\/index.php\/wp-json\/wp\/v2\/comments?post=119441"}],"wp:featuredmedia":[{"embeddable":true,"href":"https:\/\/soydeaqui.ddns.net\/pachuca\/index.php\/wp-json\/wp\/v2\/media\/119440"}],"wp:attachment":[{"href":"https:\/\/soydeaqui.ddns.net\/pachuca\/index.php\/wp-json\/wp\/v2\/media?parent=119441"}],"wp:term":[{"taxonomy":"product_brand","embeddable":true,"href":"https:\/\/soydeaqui.ddns.net\/pachuca\/index.php\/wp-json\/wp\/v2\/product_brand?post=119441"},{"taxonomy":"product_cat","embeddable":true,"href":"https:\/\/soydeaqui.ddns.net\/pachuca\/index.php\/wp-json\/wp\/v2\/product_cat?post=119441"},{"taxonomy":"product_tag","embeddable":true,"href":"https:\/\/soydeaqui.ddns.net\/pachuca\/index.php\/wp-json\/wp\/v2\/product_tag?post=119441"}],"curies":[{"name":"wp","href":"https:\/\/api.w.org\/{rel}","templated":true}]}}