{"id":119421,"date":"2026-03-24T05:06:34","date_gmt":"2026-03-24T05:06:34","guid":{"rendered":"https:\/\/soydeaqui.ddns.net\/pachuca\/index.php\/producto\/caja-estanca-de-pvc-para-derivacion-y-conexion-6-entradas-tapa-atornillada-120x80x50-mm-area-interna-uso-exterior-ip55-material-que-no-propaga-el-fuego-y-libre-de-halogenos\/"},"modified":"2026-03-24T05:06:53","modified_gmt":"2026-03-24T05:06:53","slug":"caja-estanca-de-pvc-para-derivacion-y-conexion-6-entradas-tapa-atornillada-120x80x50-mm-area-interna-uso-exterior-ip55-material-que-no-propaga-el-fuego-y-libre-de-halogenos","status":"publish","type":"product","link":"https:\/\/soydeaqui.ddns.net\/pachuca\/index.php\/producto\/caja-estanca-de-pvc-para-derivacion-y-conexion-6-entradas-tapa-atornillada-120x80x50-mm-area-interna-uso-exterior-ip55-material-que-no-propaga-el-fuego-y-libre-de-halogenos\/","title":{"rendered":"Caja Estanca de PVC Para Derivaci\u00f3n y Conexi\u00f3n, 6 Entradas, Tapa Atornillada, 120x80x50 mm (\u00c1rea interna), Uso Exterior IP55, Material que no Propaga el Fuego y Libre de H\u00e1logenos"},"content":{"rendered":"<div style='width: 100%; max-width: 1200px; margin: 0 auto; font-family: sans-serif; line-height: 1.6; color: inherit; background-color: transparent;'>\n<div style='display: flex; flex-wrap: wrap; gap: 30px; margin-bottom: 30px;'>\n<div style='flex: 1 1 300px; min-width: 280px;'>\n<h3 style='font-size: 22px; border-bottom: 2px solid currentColor; padding-bottom: 5px; margin-top: 0; color: inherit; opacity: 0.8;'>Caracter\u00edsticas Generales<\/h3>\n<ul style='padding-left: 20px; font-size: 15px; color: inherit;'>\n<li style='margin-bottom: 5px;'>Caja de PVC auto-extinguible libre de hal\u00f3genos<\/li>\n<li style='margin-bottom: 5px;'>Dimensiones internas 120 x 80 x 50 mm (Ancho x Alto x Profundidad)<\/li>\n<li style='margin-bottom: 5px;'>N\u00famero de entradas: 6<\/li>\n<li style='margin-bottom: 5px;'>Temperatura de operaci\u00f3n: -24 a 60\u00b0C<\/li>\n<li style='margin-bottom: 5px;'>Grado de protecci\u00f3n: IP55<\/li>\n<li style='margin-bottom: 5px;'>Resistencia de impacto IK08<\/li>\n<\/ul><\/div>\n<div style='flex: 1 1 300px; min-width: 280px;'>\n<h3 style='font-size: 22px; border-bottom: 2px solid currentColor; padding-bottom: 5px; margin-top: 0; color: inherit; opacity: 0.8;'>Aplicaciones<\/h3>\n<ul style='padding-left: 20px; font-size: 15px; color: inherit;'>\n<li style='margin-bottom: 5px;'>Energ\u00eda solar<\/li>\n<li style='margin-bottom: 5px;'>Instalaciones el\u00e9ctricas<\/li>\n<li style='margin-bottom: 5px;'>Instalaciones de telecomunicaciones (V\u00eddeo&comma; voz&comma; datos).<\/li>\n<li style='margin-bottom: 5px;'>Instalaciones de seguridad y control (Automatizaci\u00f3n&comma; alarmas)<\/li>\n<li style='margin-bottom: 5px;'>Usos industriales<\/li>\n<\/ul><\/div>\n<\/p><\/div>\n<div style='display: flex; flex-wrap: wrap; gap: 20px; margin-bottom: 30px;'>\n<div style='flex: 1 1 250px; border: 1px solid rgba(150&comma; 150&comma; 150&comma; 0.4); border-radius: 8px; overflow: hidden; display: flex; flex-direction: column;'>\n<div style='padding: 15px; border-bottom: 1px solid rgba(150&comma; 150&comma; 150&comma; 0.2); font-weight: bold; font-size: 18px; color: inherit;'>Especificaciones Adicionales<\/div>\n<div style='padding: 15px; color: inherit;'>\n<ul style='padding-left: 20px; margin: 0; font-size: 14px; list-style-type: disc;'>\n<li style='margin-bottom: 5px;'>Acepta racores de tubo y vaina de hasta 25mm.<\/li>\n<\/ul><\/div>\n<\/p><\/div>\n<\/p><\/div>\n<div style='display: flex; flex-wrap: wrap; gap: 30px; margin-bottom: 30px;'>\n<div style='flex: 1 1 300px; min-width: 280px;'> <img style='width: 100%; height: auto; border: 1px solid rgba(150&comma;150&comma;150&comma;0.3); border-radius: 8px;' src='http:\/\/ftp3.syscom.mx\/usuarios\/acordova\/Charofil\/gewiss-logo.jpg' alt='' \/> <\/div>\n<\/p><\/div>\n<\/p><\/div>\n","protected":false},"excerpt":{"rendered":"<p>Caja Estanca de PVC Para Derivaci\u00f3n y Conexi\u00f3n, 6 Entradas, Tapa Atornillada, 120x80x50 mm (\u00c1rea interna), Uso Exterior IP55, Material que no Propaga el Fuego y Libre de H\u00e1logenos<\/p>\n","protected":false},"featured_media":119420,"comment_status":"open","ping_status":"closed","template":"","meta":[],"product_brand":[],"product_cat":[688],"product_tag":[417,689,687],"class_list":{"0":"post-119421","1":"product","2":"type-product","3":"status-publish","4":"has-post-thumbnail","6":"product_cat-cajas-de-interconexion","7":"product_tag-accesorios-generales","8":"product_tag-cajas-de-interconexion","9":"product_tag-gewiss","11":"first","12":"instock","13":"sale","14":"shipping-taxable","15":"purchasable","16":"product-type-simple"},"_links":{"self":[{"href":"https:\/\/soydeaqui.ddns.net\/pachuca\/index.php\/wp-json\/wp\/v2\/product\/119421","targetHints":{"allow":["GET"]}}],"collection":[{"href":"https:\/\/soydeaqui.ddns.net\/pachuca\/index.php\/wp-json\/wp\/v2\/product"}],"about":[{"href":"https:\/\/soydeaqui.ddns.net\/pachuca\/index.php\/wp-json\/wp\/v2\/types\/product"}],"replies":[{"embeddable":true,"href":"https:\/\/soydeaqui.ddns.net\/pachuca\/index.php\/wp-json\/wp\/v2\/comments?post=119421"}],"wp:featuredmedia":[{"embeddable":true,"href":"https:\/\/soydeaqui.ddns.net\/pachuca\/index.php\/wp-json\/wp\/v2\/media\/119420"}],"wp:attachment":[{"href":"https:\/\/soydeaqui.ddns.net\/pachuca\/index.php\/wp-json\/wp\/v2\/media?parent=119421"}],"wp:term":[{"taxonomy":"product_brand","embeddable":true,"href":"https:\/\/soydeaqui.ddns.net\/pachuca\/index.php\/wp-json\/wp\/v2\/product_brand?post=119421"},{"taxonomy":"product_cat","embeddable":true,"href":"https:\/\/soydeaqui.ddns.net\/pachuca\/index.php\/wp-json\/wp\/v2\/product_cat?post=119421"},{"taxonomy":"product_tag","embeddable":true,"href":"https:\/\/soydeaqui.ddns.net\/pachuca\/index.php\/wp-json\/wp\/v2\/product_tag?post=119421"}],"curies":[{"name":"wp","href":"https:\/\/api.w.org\/{rel}","templated":true}]}}