{"id":119397,"date":"2026-03-24T05:05:13","date_gmt":"2026-03-24T05:05:13","guid":{"rendered":"https:\/\/soydeaqui.ddns.net\/pachuca\/index.php\/producto\/ups-de-1500-va-1350-w-topologia-linea-interactiva-entrada-120-vca-nema-5-15p-onda-senoidal-pura-torre-o-rack-2-ur-con-8-tomas-nema-5-15r\/"},"modified":"2026-03-24T05:05:30","modified_gmt":"2026-03-24T05:05:30","slug":"ups-de-1500-va-1350-w-topologia-linea-interactiva-entrada-120-vca-nema-5-15p-onda-senoidal-pura-torre-o-rack-2-ur-con-8-tomas-nema-5-15r","status":"publish","type":"product","link":"https:\/\/soydeaqui.ddns.net\/pachuca\/index.php\/producto\/ups-de-1500-va-1350-w-topologia-linea-interactiva-entrada-120-vca-nema-5-15p-onda-senoidal-pura-torre-o-rack-2-ur-con-8-tomas-nema-5-15r\/","title":{"rendered":"UPS de 1500 VA\/1350 W, Topolog\u00eda L\u00ednea Interactiva, Entrada 120 Vca NEMA 5-15P, Onda Senoidal Pura, Torre o Rack 2 UR, Con 8 Tomas NEMA 5-15R"},"content":{"rendered":"<div style='width: 100%; max-width: 1200px; margin: 0 auto; font-family: sans-serif; line-height: 1.6; color: inherit; background-color: transparent;'> <!-- Logo --> <\/p>\n<div style='display: flex; justify-content: center; margin: 30px 0;'> <img style='width: 100%; max-width: 600px; height: auto; border: 1px solid rgba(150&comma;150&comma;150&comma;0.3); border-radius: 8px;' src='https:\/\/ftp3.syscom.mx\/usuarios\/fotos\/logotipos\/cyberpower.png' alt='Logo CyberPower'> <\/div>\n<p> <!-- Descripci\u00f3n principal --> <\/p>\n<div style='margin-bottom: 30px;'>\n<p>PR1500LCDRT2U UPS de l\u00ednea interactiva&comma; con onda sinusoidal integrada&comma; proporciona la mejor protecci\u00f3n de energ\u00eda disponible para dispositivos de sistema de oficina&comma; como PC&comma; estaciones de trabajo&comma; dispositivos de red y perif\u00e9ricos. Normalmente se integra en el entorno de back office&comma; sala de servidores y centro de datos.<\/p>\n<p>El dise\u00f1o convertible en torre le otorga una mayor flexibilidad para la instalaci\u00f3n y operaci\u00f3n en casi cualquier entorno. Se pueden conectar varios sistemas UPS a un \u00fanico interruptor principal de apagado de emergencia (EPO). En caso de una emergencia&comma; los sistemas UPS se pueden apagar inmediatamente con el bot\u00f3n EPO.<\/p>\n<p>En cuanto al mantenimiento de la bater\u00eda&comma; el UPS permite el intercambio en caliente de la bater\u00eda&comma; lo que permite a los usuarios realizar el mantenimiento normal de la bater\u00eda sin una interrupci\u00f3n significativa.<\/p>\n<\/p><\/div>\n<p> <!-- Especificaciones t\u00e9cnicas --> <\/p>\n<div style='margin-bottom: 30px;'>\n<h3 style='font-size: 22px; border-bottom: 2px solid currentColor; padding-bottom: 5px; margin-top: 0; color: inherit; opacity: 0.8;'>Especificaciones t\u00e9cnicas<\/h3>\n<ul style='padding-left: 20px; font-size: 15px; color: inherit; list-style-type: disc;'>\n<li style='margin-bottom: 5px;'><strong>Rango de voltaje de entrada:<\/strong> 80 &#8211; 150 Vca<\/li>\n<li style='margin-bottom: 5px;'><strong>Frecuencia de entrada:<\/strong> 50\/60Hz \u00b1 3Hz<\/li>\n<li style='margin-bottom: 5px;'><strong>Tipo de enchufe de entrada:<\/strong> NEMA 5-15P <img style='width: 40px; height: 40px; vertical-align: middle; border: 1px solid rgba(150&comma;150&comma;150&comma;0.3); border-radius: 4px;' src='https:\/\/www.cyberpower.com\/mx\/es\/File\/GetImageByDocId\/GeneralAttribute-235' alt=''> <\/li>\n<li style='margin-bottom: 5px;'><strong>Longitud de cable de entrada:<\/strong> 3 m.<\/li>\n<li style='margin-bottom: 5px;'><strong>Salida VA:<\/strong> 1500<\/li>\n<li style='margin-bottom: 5px;'><strong>Watts de salida:<\/strong> 1350<\/li>\n<li style='margin-bottom: 5px;'><strong>Factor de potencia:<\/strong> 0.9<\/li>\n<li style='margin-bottom: 5px;'><strong>Tomas de salida:<\/strong> 8 (8 Bater\u00edas y picos de energ\u00eda)<\/li>\n<li style='margin-bottom: 5px;'><strong>Tipos de tomas:<\/strong> 8 NEMA 5-15R <img style='width: 40px; height: 40px; vertical-align: middle; border: 1px solid rgba(150&comma;150&comma;150&comma;0.3); border-radius: 4px;' src='https:\/\/www.cyberpower.com\/mx\/es\/File\/GetImageByDocId\/GeneralAttribute-238' alt=''> <\/li>\n<li style='margin-bottom: 5px;'><strong>Especificaciones de bater\u00eda:<\/strong> 4 x 12V\/7Ah<\/li>\n<li style='margin-bottom: 5px;'><strong>Tiempo de respaldo con media carga (675 W):<\/strong> 11 Minutos<\/li>\n<li style='margin-bottom: 5px;'><strong>Tiempo de respaldo con carga completa (1350 W):<\/strong> 4 Minutos<\/li>\n<li style='margin-bottom: 5px;'><strong>Protecci\u00f3n de picos:<\/strong> 2060 Joules<\/li>\n<li style='margin-bottom: 5px;'><strong>Protecci\u00f3n:<\/strong> RJ11 y RJ45<\/li>\n<li style='margin-bottom: 5px;'><strong>Indicadores:<\/strong> Pantalla LCD de monitoreo<\/li>\n<li style='margin-bottom: 5px;'><strong>Administraci\u00f3n remota:<\/strong> SNMP\/HTTP con tarjeta RMCARD205 (opcional)<\/li>\n<li style='margin-bottom: 5px;'><strong>Dimensiones:<\/strong> 433 x 88 x 400 mm (Ancho x Alto x Profundidad)<\/li>\n<li style='margin-bottom: 5px;'><strong>Peso:<\/strong> 25.4 kg<\/li>\n<li style='margin-bottom: 5px;'><strong>Certificaciones:<\/strong> NOM&comma; UL1718&comma; CE&comma; ISO9000&comma; RoHS&comma; FCC DOC Class B.<\/li>\n<li style='margin-bottom: 5px;'><strong>Incluye:<\/strong> (incluye bater\u00eda)<\/li>\n<li style='margin-bottom: 5px;'><strong>Compatibilidad:<\/strong> NO es compatible con generador de energ\u00eda (plantas de respaldo)<\/li>\n<\/ul><\/div>\n<p> <!-- Separador --> <\/p>\n<hr style='border: 0; border-top: 1px solid rgba(150&comma; 150&comma; 150&comma; 0.3); margin: 30px 0;'> <\/div>\n","protected":false},"excerpt":{"rendered":"<p>UPS de 1500 VA\/1350 W, Topolog\u00eda L\u00ednea Interactiva, Entrada 120 Vca NEMA 5-15P, Onda Senoidal Pura, Torre o Rack 2 UR, Con 8 Tomas NEMA 5-15R<\/p>\n","protected":false},"featured_media":119396,"comment_status":"open","ping_status":"closed","template":"","meta":[],"product_brand":[],"product_cat":[1231],"product_tag":[677,142,1232],"class_list":{"0":"post-119397","1":"product","2":"type-product","3":"status-publish","4":"has-post-thumbnail","6":"product_cat-ups-no-break-energia-videovigilancia","7":"product_tag-cyberpower","8":"product_tag-energia","9":"product_tag-ups-no-break-2","11":"first","12":"outofstock","13":"sale","14":"shipping-taxable","15":"purchasable","16":"product-type-simple"},"_links":{"self":[{"href":"https:\/\/soydeaqui.ddns.net\/pachuca\/index.php\/wp-json\/wp\/v2\/product\/119397","targetHints":{"allow":["GET"]}}],"collection":[{"href":"https:\/\/soydeaqui.ddns.net\/pachuca\/index.php\/wp-json\/wp\/v2\/product"}],"about":[{"href":"https:\/\/soydeaqui.ddns.net\/pachuca\/index.php\/wp-json\/wp\/v2\/types\/product"}],"replies":[{"embeddable":true,"href":"https:\/\/soydeaqui.ddns.net\/pachuca\/index.php\/wp-json\/wp\/v2\/comments?post=119397"}],"wp:featuredmedia":[{"embeddable":true,"href":"https:\/\/soydeaqui.ddns.net\/pachuca\/index.php\/wp-json\/wp\/v2\/media\/119396"}],"wp:attachment":[{"href":"https:\/\/soydeaqui.ddns.net\/pachuca\/index.php\/wp-json\/wp\/v2\/media?parent=119397"}],"wp:term":[{"taxonomy":"product_brand","embeddable":true,"href":"https:\/\/soydeaqui.ddns.net\/pachuca\/index.php\/wp-json\/wp\/v2\/product_brand?post=119397"},{"taxonomy":"product_cat","embeddable":true,"href":"https:\/\/soydeaqui.ddns.net\/pachuca\/index.php\/wp-json\/wp\/v2\/product_cat?post=119397"},{"taxonomy":"product_tag","embeddable":true,"href":"https:\/\/soydeaqui.ddns.net\/pachuca\/index.php\/wp-json\/wp\/v2\/product_tag?post=119397"}],"curies":[{"name":"wp","href":"https:\/\/api.w.org\/{rel}","templated":true}]}}