{"id":11938,"date":"2026-03-18T07:56:58","date_gmt":"2026-03-18T07:56:58","guid":{"rendered":"https:\/\/soydeaqui.ddns.net\/pachuca\/index.php\/producto\/9pe8c004c-e201a-metro-fibra-optica-4-hilos-osp-loose-tube-gel-smf-xglo-os2-no-armada-hdpe\/"},"modified":"2026-03-18T07:56:59","modified_gmt":"2026-03-18T07:56:59","slug":"9pe8c004c-e201a-metro-fibra-optica-4-hilos-osp-loose-tube-gel-smf-xglo-os2-no-armada-hdpe","status":"publish","type":"product","link":"https:\/\/soydeaqui.ddns.net\/pachuca\/index.php\/producto\/9pe8c004c-e201a-metro-fibra-optica-4-hilos-osp-loose-tube-gel-smf-xglo-os2-no-armada-hdpe\/","title":{"rendered":"(9PE8C004C-E201A) METRO FIBRA OPTICA 4 HILOS OSP LOOSE TUBE GEL SMF XGLO OS2 NO ARMADA HDPE"},"content":{"rendered":"<div style='width: 100%; max-width: 1200px; margin: 0 auto; font-family: sans-serif; line-height: 1.6; color: inherit; background-color: transparent;'>\n<div style='display: flex; flex-wrap: wrap; gap: 30px; margin-bottom: 30px;'>\n<div style='flex: 1 1 300px; min-width: 280px;'>\n<h3 style='font-size: 22px; border-bottom: 2px solid currentColor; padding-bottom: 5px; margin-top: 0; color: inherit; opacity: 0.8;'>Caracter\u00edsticas<\/h3>\n<p style='font-size: 15px; color: inherit; margin-bottom: 15px;'> La Fibra \u00d3ptica de Siemon de Planta Externa (OSP) son ideales para instalaciones de campus&comma; de edificio a edificio&comma; atados a\u00e9reos&comma; conducto o conductos subterr\u00e1neos o enterrados directamente. Estos cables est\u00e1n dise\u00f1ados para tolerar el ambiente externo y tensiones. <\/p>\n<p style='font-size: 15px; color: inherit; margin-bottom: 15px;'> Los cables de Fibra \u00d3ptica de Siemon se ofrecen en l\u00edneas XGLO y LightSystem&comma; para instalaciones de alta velocidad con aplicaciones tales como 10 Gigabit Ethernet. <\/p>\n<ul style='padding-left: 20px; font-size: 15px; color: inherit;'>\n<li style='margin-bottom: 5px;'>Cuanta con un hilo de rasgado dentro del forro para pelar f\u00e1cilmente el cable<\/li>\n<li style='margin-bottom: 5px;'>Contienen una central de refuerzo colocado en medio de las sub-unidades de fibra<\/li>\n<li style='margin-bottom: 5px;'>Tubos holgados de fibra con codificaci\u00f3n de colores<\/li>\n<li style='margin-bottom: 5px;'>Marcas de longitud en forma incremental cada 2 pies (61 cm)<\/li>\n<li style='margin-bottom: 5px;'>Disponibles de 4&comma; 6&comma; 8&comma; 12&comma; 16&comma; 24&comma; 36&comma; 48&comma; 72&comma; 94 y 144 hilos de fibra \u00f3ptica<\/li>\n<\/ul><\/div>\n<\/p><\/div>\n<div style='display: flex; flex-wrap: wrap; gap: 20px; margin-bottom: 30px;'>\n<div style='flex: 1 1 250px; border: 1px solid rgba(150&comma; 150&comma; 150&comma; 0.4); border-radius: 8px; overflow: hidden; display: flex; flex-direction: column;'>\n<div style='padding: 15px; border-bottom: 1px solid rgba(150&comma; 150&comma; 150&comma; 0.2); font-weight: bold; font-size: 18px; color: inherit;'>Par\u00e1metros m\u00ednimos de desempe\u00f1o<\/div>\n<div style='padding: 15px; color: inherit;'> <img style='width: 100%; height: auto; border: 1px solid rgba(150&comma;150&comma;150&comma;0.3); border-radius: 8px;' src='https:\/\/ftp3.syscom.mx\/usuarios\/fotos\/9PF8C012GE201A\/93353-foto_1.jpg' alt=''> <\/div>\n<\/p><\/div>\n<div style='flex: 1 1 250px; border: 1px solid rgba(150&comma; 150&comma; 150&comma; 0.4); border-radius: 8px; overflow: hidden; display: flex; flex-direction: column;'>\n<div style='padding: 15px; border-bottom: 1px solid rgba(150&comma; 150&comma; 150&comma; 0.2); font-weight: bold; font-size: 18px; color: inherit;'>Aplicaciones Ethernet Soportadas<\/div>\n<div style='padding: 15px; color: inherit;'> <img style='width: 100%; height: auto; border: 1px solid rgba(150&comma;150&comma;150&comma;0.3); border-radius: 8px;' src='https:\/\/ftp3.syscom.mx\/usuarios\/fotos\/9PF8C012GE201A\/93353-foto_2.jpg' alt=''> <\/div>\n<\/p><\/div>\n<\/p><\/div>\n<div style='display: flex; flex-wrap: wrap; gap: 20px; margin-bottom: 30px;'>\n<div style='flex: 1 1 250px; border: 1px solid rgba(150&comma; 150&comma; 150&comma; 0.4); border-radius: 8px; overflow: hidden; display: flex; flex-direction: column;'>\n<div style='padding: 15px; border-bottom: 1px solid rgba(150&comma; 150&comma; 150&comma; 0.2); font-weight: bold; font-size: 18px; color: inherit;'>Cumplimiento de Normas<\/div>\n<div style='padding: 15px; color: inherit;'>\n<ul style='padding-left: 20px; margin: 0; font-size: 14px; list-style-type: disc; color: inherit;'>\n<li style='margin-bottom: 5px;'>ISO\/IEC 11801:Ed 2.0 Amendment:1:2008<\/li>\n<li style='margin-bottom: 5px;'>ANSI\/TIA\/EIA-568-C.3<\/li>\n<li style='margin-bottom: 5px;'>ANSI\/TIA-598-D<\/li>\n<li style='margin-bottom: 5px;'>ANSI\/TIA&#8211;492 CAAB<\/li>\n<li style='margin-bottom: 5px;'>Telcordia GR-20-CORE<\/li>\n<li style='margin-bottom: 5px;'>ITU-T G.652 C\/D<\/li>\n<\/ul><\/div>\n<\/p><\/div>\n<\/p><\/div>\n<hr style='border: 0; border-top: 1px solid rgba(150&comma; 150&comma; 150&comma; 0.3); margin: 30px 0;'> <\/div>\n","protected":false},"excerpt":{"rendered":"<p>(9PE8C004C-E201A) METRO FIBRA OPTICA 4 HILOS OSP LOOSE TUBE GEL SMF XGLO OS2 NO ARMADA HDPE<\/p>\n","protected":false},"featured_media":32,"comment_status":"open","ping_status":"closed","template":"","meta":[],"product_brand":[],"product_cat":[610],"product_tag":[612,611,600],"class_list":{"0":"post-11938","1":"product","2":"type-product","3":"status-publish","4":"has-post-thumbnail","6":"product_cat-cable","7":"product_tag-cable","8":"product_tag-fibra-optica","9":"product_tag-siemon","11":"first","12":"outofstock","13":"sale","14":"shipping-taxable","15":"purchasable","16":"product-type-simple"},"_links":{"self":[{"href":"https:\/\/soydeaqui.ddns.net\/pachuca\/index.php\/wp-json\/wp\/v2\/product\/11938","targetHints":{"allow":["GET"]}}],"collection":[{"href":"https:\/\/soydeaqui.ddns.net\/pachuca\/index.php\/wp-json\/wp\/v2\/product"}],"about":[{"href":"https:\/\/soydeaqui.ddns.net\/pachuca\/index.php\/wp-json\/wp\/v2\/types\/product"}],"replies":[{"embeddable":true,"href":"https:\/\/soydeaqui.ddns.net\/pachuca\/index.php\/wp-json\/wp\/v2\/comments?post=11938"}],"wp:featuredmedia":[{"embeddable":true,"href":"https:\/\/soydeaqui.ddns.net\/pachuca\/index.php\/wp-json\/wp\/v2\/media\/32"}],"wp:attachment":[{"href":"https:\/\/soydeaqui.ddns.net\/pachuca\/index.php\/wp-json\/wp\/v2\/media?parent=11938"}],"wp:term":[{"taxonomy":"product_brand","embeddable":true,"href":"https:\/\/soydeaqui.ddns.net\/pachuca\/index.php\/wp-json\/wp\/v2\/product_brand?post=11938"},{"taxonomy":"product_cat","embeddable":true,"href":"https:\/\/soydeaqui.ddns.net\/pachuca\/index.php\/wp-json\/wp\/v2\/product_cat?post=11938"},{"taxonomy":"product_tag","embeddable":true,"href":"https:\/\/soydeaqui.ddns.net\/pachuca\/index.php\/wp-json\/wp\/v2\/product_tag?post=11938"}],"curies":[{"name":"wp","href":"https:\/\/api.w.org\/{rel}","templated":true}]}}