{"id":119374,"date":"2026-03-24T05:03:53","date_gmt":"2026-03-24T05:03:53","guid":{"rendered":"https:\/\/soydeaqui.ddns.net\/pachuca\/index.php\/producto\/ups-de-685-va-390-w-topologia-linea-interactiva-entrada-120-vca-nema-5-15p-tipo-gabinete-compacto-con-8-tomas-nema-5-15r-2\/"},"modified":"2026-03-24T05:04:10","modified_gmt":"2026-03-24T05:04:10","slug":"ups-de-685-va-390-w-topologia-linea-interactiva-entrada-120-vca-nema-5-15p-tipo-gabinete-compacto-con-8-tomas-nema-5-15r-2","status":"publish","type":"product","link":"https:\/\/soydeaqui.ddns.net\/pachuca\/index.php\/producto\/ups-de-685-va-390-w-topologia-linea-interactiva-entrada-120-vca-nema-5-15p-tipo-gabinete-compacto-con-8-tomas-nema-5-15r-2\/","title":{"rendered":"UPS de 685 VA\/390 W, Topolog\u00eda L\u00ednea Interactiva, Entrada 120 Vca NEMA 5-15P, Tipo Gabinete Compacto, Con 8 Tomas NEMA 5-15R"},"content":{"rendered":"<div style='width: 100%; max-width: 1200px; margin: 0 auto; font-family: sans-serif; line-height: 1.6; color: inherit; background-color: transparent;'> <!-- Imagen principal --> <\/p>\n<div style='width: 100%; margin-bottom: 30px;'> <img style='width: 100%; height: auto; border: 1px solid rgba(150&comma;150&comma;150&comma;0.3); border-radius: 8px;' src='http:\/\/ftp3.syscom.mx\/usuarios\/fotos\/CP1500AVRLCD\/80784-cyber-power.jpg' alt=''> <\/div>\n<p> <!-- Descripci\u00f3n principal --> <\/p>\n<div style='margin-bottom: 30px;'>\n<p>CyberPower CP685AVRLCD garantiza protecci\u00f3n de respaldo de energ\u00eda para sistemas de cine en casa&comma; dispositivos multimedia&comma; equipos de TI&comma; computadoras&comma; estaciones de trabajo&comma; dispositivos NAS \/ Storage&comma; dispositivos de telecomunicaciones&comma; dispositivos de red&comma; sistemas de seguridad \/ emergencia y sistemas de vigilancia. El producto cuenta con tecnolog\u00eda de ahorro de energ\u00eda para ahorrar costos de electricidad&comma; al tiempo que proporciona respaldo de bater\u00eda&comma; tomacorrientes protegidos contra sobretensiones y filtro EMI para proteger sus dispositivos.<\/p>\n<p>El UPS presenta una pantalla LCD multifunci\u00f3n para mostrar informaci\u00f3n sobre la potencia y las condiciones de la bater\u00eda. Tambi\u00e9n es compatible con PowerPanel\u00ae Power Management Software para realizar un apagado ordenado de la PC.<\/p>\n<\/p><\/div>\n<p> <!-- Secci\u00f3n de especificaciones --> <\/p>\n<div style='display: flex; flex-wrap: wrap; gap: 20px; margin-bottom: 30px;'>\n<div style='flex: 1 1 300px; min-width: 280px;'>\n<h3 style='font-size: 22px; border-bottom: 2px solid currentColor; padding-bottom: 5px; margin-top: 0; color: inherit; opacity: 0.8;'>Especificaciones t\u00e9cnicas<\/h3>\n<ul style='padding-left: 20px; font-size: 15px; color: inherit;'>\n<li style='margin-bottom: 5px;'><strong>Voltaje de entrada:<\/strong> 90 &#8211; 140 Vca<\/li>\n<li style='margin-bottom: 5px;'><strong>Frecuencia de entrada:<\/strong> 57 \u2013 63 Hz<\/li>\n<li style='margin-bottom: 5px;'><strong>Forma de Onda:<\/strong> modificada<\/li>\n<li style='margin-bottom: 5px;'><strong>Tipo de enchufe de entrada:<\/strong> NEMA 5-15P <img style='width: 40px; height: 40px; vertical-align: middle; margin-left: 5px;' src='https:\/\/www.cyberpower.com\/mx\/es\/File\/GetImageByDocId\/GeneralAttribute-235' alt=''> <\/li>\n<li style='margin-bottom: 5px;'><strong>Longitud del cable:<\/strong> 1.8 m<\/li>\n<li style='margin-bottom: 5px;'><strong>Salida VA:<\/strong> 685<\/li>\n<li style='margin-bottom: 5px;'><strong>Salida Watts:<\/strong> 390<\/li>\n<li style='margin-bottom: 5px;'><strong>Factor de potencia:<\/strong> 0.55<\/li>\n<li style='margin-bottom: 5px;'><strong>Total de tomas:<\/strong> 8 (4 respaldo y protecci\u00f3n&comma; y 4 protecci\u00f3n)<\/li>\n<li style='margin-bottom: 5px;'><strong>Tipo de tomas:<\/strong> 8 NEMA 5-15R <img style='width: 40px; height: 40px; vertical-align: middle; margin-left: 5px;' src='https:\/\/www.cyberpower.com\/mx\/es\/File\/GetImageByDocId\/GeneralAttribute-238' alt=''> <\/li>\n<li style='margin-bottom: 5px;'><strong>Especificaciones de bater\u00eda:<\/strong> 1 x 12V\/7Ah<\/li>\n<li style='margin-bottom: 5px;'><strong>Tiempo de respaldo con media carga (195 W):<\/strong> 11 Minutos<\/li>\n<li style='margin-bottom: 5px;'><strong>Tiempo de respaldo con carga completa (390 W):<\/strong> 2 Minutos<\/li>\n<li style='margin-bottom: 5px;'><strong>Tiempo de transferencia:<\/strong> 4 milisegundos<\/li>\n<li style='margin-bottom: 5px;'><strong>Protecci\u00f3n de picos:<\/strong> 1030 Joules<\/li>\n<li style='margin-bottom: 5px;'><strong>Indicadores:<\/strong> Pantalla LCD de lectura<\/li>\n<li style='margin-bottom: 5px;'><strong>Dimensiones:<\/strong> 280 x 173 x 88 mm (Ancho x Alto x Profundidad)<\/li>\n<li style='margin-bottom: 5px;'><strong>Peso:<\/strong> 5.77 kg<\/li>\n<li style='margin-bottom: 5px;'><strong>Certificaciones:<\/strong> FCC Clase B &comma; UL &comma; NOM<\/li>\n<li style='margin-bottom: 5px;'><strong>Incluye bater\u00edas<\/strong><\/li>\n<li style='margin-bottom: 5px;'><strong>NO es compatible con generador de energ\u00eda (plantas de respaldo)<\/strong><\/li>\n<\/ul><\/div>\n<\/p><\/div>\n<p> <!-- Separador --> <\/p>\n<hr style='border: 0; border-top: 1px solid rgba(150&comma; 150&comma; 150&comma; 0.3); margin: 30px 0;'> <\/div>\n","protected":false},"excerpt":{"rendered":"<p>UPS de 685 VA\/390 W, Topolog\u00eda L\u00ednea Interactiva, Entrada 120 Vca NEMA 5-15P, Tipo Gabinete Compacto, Con 8 Tomas NEMA 5-15R<\/p>\n","protected":false},"featured_media":119373,"comment_status":"open","ping_status":"closed","template":"","meta":[],"product_brand":[],"product_cat":[1231],"product_tag":[677,142,1232],"class_list":{"0":"post-119374","1":"product","2":"type-product","3":"status-publish","4":"has-post-thumbnail","6":"product_cat-ups-no-break-energia-videovigilancia","7":"product_tag-cyberpower","8":"product_tag-energia","9":"product_tag-ups-no-break-2","11":"first","12":"outofstock","13":"sale","14":"shipping-taxable","15":"purchasable","16":"product-type-simple"},"_links":{"self":[{"href":"https:\/\/soydeaqui.ddns.net\/pachuca\/index.php\/wp-json\/wp\/v2\/product\/119374","targetHints":{"allow":["GET"]}}],"collection":[{"href":"https:\/\/soydeaqui.ddns.net\/pachuca\/index.php\/wp-json\/wp\/v2\/product"}],"about":[{"href":"https:\/\/soydeaqui.ddns.net\/pachuca\/index.php\/wp-json\/wp\/v2\/types\/product"}],"replies":[{"embeddable":true,"href":"https:\/\/soydeaqui.ddns.net\/pachuca\/index.php\/wp-json\/wp\/v2\/comments?post=119374"}],"wp:featuredmedia":[{"embeddable":true,"href":"https:\/\/soydeaqui.ddns.net\/pachuca\/index.php\/wp-json\/wp\/v2\/media\/119373"}],"wp:attachment":[{"href":"https:\/\/soydeaqui.ddns.net\/pachuca\/index.php\/wp-json\/wp\/v2\/media?parent=119374"}],"wp:term":[{"taxonomy":"product_brand","embeddable":true,"href":"https:\/\/soydeaqui.ddns.net\/pachuca\/index.php\/wp-json\/wp\/v2\/product_brand?post=119374"},{"taxonomy":"product_cat","embeddable":true,"href":"https:\/\/soydeaqui.ddns.net\/pachuca\/index.php\/wp-json\/wp\/v2\/product_cat?post=119374"},{"taxonomy":"product_tag","embeddable":true,"href":"https:\/\/soydeaqui.ddns.net\/pachuca\/index.php\/wp-json\/wp\/v2\/product_tag?post=119374"}],"curies":[{"name":"wp","href":"https:\/\/api.w.org\/{rel}","templated":true}]}}