{"id":119351,"date":"2026-03-24T05:02:34","date_gmt":"2026-03-24T05:02:34","guid":{"rendered":"https:\/\/soydeaqui.ddns.net\/pachuca\/index.php\/producto\/ups-de-550-va-330-w-topologia-standby-con-modo-ahorrador-eco-entrada-120-vca-nema-5-15p-con-8-tomas-nema-5-15r\/"},"modified":"2026-03-24T05:02:47","modified_gmt":"2026-03-24T05:02:47","slug":"ups-de-550-va-330-w-topologia-standby-con-modo-ahorrador-eco-entrada-120-vca-nema-5-15p-con-8-tomas-nema-5-15r","status":"publish","type":"product","link":"https:\/\/soydeaqui.ddns.net\/pachuca\/index.php\/producto\/ups-de-550-va-330-w-topologia-standby-con-modo-ahorrador-eco-entrada-120-vca-nema-5-15p-con-8-tomas-nema-5-15r\/","title":{"rendered":"UPS de 550 VA\/330 W, Topolog\u00eda Standby con Modo Ahorrador ECO, Entrada 120 Vca NEMA 5-15P, Con 8 Tomas NEMA 5-15R"},"content":{"rendered":"<div style='width: 100%; max-width: 1200px; margin: 0 auto; font-family: sans-serif; line-height: 1.6; color: inherit; background-color: transparent;'> <!-- Logo de marca --> <\/p>\n<div style='text-align: center; margin: 20px 0;'> <img style='width: 100%; max-width: 300px; height: auto; border: 1px solid rgba(150&comma;150&comma;150&comma;0.3); border-radius: 8px;' src='https:\/\/ftp3.syscom.mx\/usuarios\/fotos\/logotipos\/cyberpower.png' alt='Logo CyberPower'> <\/div>\n<p> <!-- Descripci\u00f3n principal --> <\/p>\n<div style='margin-bottom: 30px; font-size: 15px;'>\n<p>El EC550G salvaguarda PCs y otros equipos electr\u00f3nicos de apagones&comma; bajas y ca\u00eddas de voltaje&comma; picos y otras anormalidades de energ\u00eda. Su circuito integrado ofrece protecci\u00f3n de picos confiable y respaldo de bater\u00eda durante interrupciones de energ\u00eda. Este UPS utiliza un dise\u00f1o de alta eficiencia GreenPower UPS\u2122 para reducir consumos de energ\u00eda y adem\u00e1s est\u00e1 calificado por ENERGY STAR\u00ae.<\/p>\n<p>Los sistemas UPS Ecol\u00f3gicos ofrecen funcionalidad de ahorro de energ\u00eda con tomas ECO con protecci\u00f3n de picos. Cuando las tomas ECO est\u00e1n activadas y la computadora esta conectada al UPS&comma; este puede detectar cuando la computadora conectada esta apagada o en modo de suspensi\u00f3n. El UPS cortar\u00e1 de manera segura la energ\u00eda a las tomas ECO&comma; apagando los dispositivos conectados&comma; lo cual reduce el uso de energ\u00eda y provee ahorros en costos de la misma.<\/p>\n<\/p><\/div>\n<p> <!-- Especificaciones t\u00e9cnicas --> <\/p>\n<div style='display: flex; flex-wrap: wrap; gap: 20px; margin-bottom: 30px;'>\n<div style='flex: 1 1 300px; min-width: 280px; border: 1px solid rgba(150&comma; 150&comma; 150&comma; 0.4); border-radius: 8px; overflow: hidden;'>\n<div style='padding: 15px; border-bottom: 1px solid rgba(150&comma; 150&comma; 150&comma; 0.2); font-weight: bold; font-size: 18px; color: inherit;'>Especificaciones T\u00e9cnicas<\/div>\n<div style='padding: 15px; color: inherit;'>\n<ul style='padding-left: 20px; margin: 0; font-size: 14px; list-style-type: disc;'>\n<li style='margin-bottom: 5px;'><strong>Topolog\u00eda UPS:<\/strong> Standby<\/li>\n<li style='margin-bottom: 5px;'><strong>Voltaje de entrada:<\/strong> 96 &#8211; 140VCA<\/li>\n<li style='margin-bottom: 5px;'><strong>Frecuencia de entrada:<\/strong> 47 &#8211; 63Hz<\/li>\n<li style='margin-bottom: 5px;'><strong>Tipo de Onda:<\/strong> Sinusoidal Simulada<\/li>\n<li style='margin-bottom: 5px;'><strong>Tipo de enchufe:<\/strong> NEMA 5-15P<\/li>\n<li style='margin-bottom: 5px;'><img style='width: 40px; height: 40px; vertical-align: middle; margin-right: 8px; border: 1px solid rgba(150&comma;150&comma;150&comma;0.3); border-radius: 4px;' src='https:\/\/www.cyberpower.com\/mx\/es\/File\/GetImageByDocId\/GeneralAttribute-235' alt=''> NEMA 5-15P<\/li>\n<li style='margin-bottom: 5px;'><strong>Salida VA:<\/strong> 550<\/li>\n<li style='margin-bottom: 5px;'><strong>Salida Watts:<\/strong> 330<\/li>\n<li style='margin-bottom: 5px;'><strong>Total de tomas:<\/strong> 8 (4 respaldo y 4 supresi\u00f3n con 3 eco controladas)<\/li>\n<li style='margin-bottom: 5px;'><strong>Tipo de Tomas:<\/strong> NEMA 5-15R<\/li>\n<li style='margin-bottom: 5px;'><img style='width: 40px; height: 40px; vertical-align: middle; margin-right: 8px; border: 1px solid rgba(150&comma;150&comma;150&comma;0.3); border-radius: 4px;' src='https:\/\/www.cyberpower.com\/mx\/es\/File\/GetImageByDocId\/GeneralAttribute-238' alt=''> NEMA 5-15R<\/li>\n<li style='margin-bottom: 5px;'><strong>Tiempo de Respaldo con Media Carga (165 Watts):<\/strong> 7 Minutos<\/li>\n<li style='margin-bottom: 5px;'><strong>Tiempo de Respaldo con carga completa (330 Watts):<\/strong> 2 Minutos<\/li>\n<li style='margin-bottom: 5px;'><strong>Supresi\u00f3n de picos:<\/strong> 526 Joules<\/li>\n<li style='margin-bottom: 5px;'><strong>Indicadores LED:<\/strong> Encendido&comma; ECO encendido\/apagado<\/li>\n<li style='margin-bottom: 5px;'><strong>Alarmas audibles:<\/strong> En bater\u00eda&comma; bater\u00eda baja&comma; sobrecarga<\/li>\n<li style='margin-bottom: 5px;'><strong>Dimensiones:<\/strong> 269 x 79 x 150 mm (Ancho x Alto x Profundidad)<\/li>\n<li style='margin-bottom: 5px;'><strong>Peso:<\/strong> 2.7 Kg<\/li>\n<li style='margin-bottom: 5px;'><strong>Certificaciones:<\/strong> NOM&comma; UL1778&comma; cUL 107.3&comma; FCC DOC Clase B<\/li>\n<li style='margin-bottom: 5px;'><strong>Incluye:<\/strong> Bater\u00eda<\/li>\n<li style='margin-bottom: 5px;'><strong>No compatible con:<\/strong> Generador de energ\u00eda (plantas de respaldo)<\/li>\n<\/ul><\/div>\n<\/p><\/div>\n<\/p><\/div>\n<p> <!-- Separador --> <\/p>\n<hr style='border: 0; border-top: 1px solid rgba(150&comma; 150&comma; 150&comma; 0.3); margin: 30px 0;'> <\/div>\n","protected":false},"excerpt":{"rendered":"<p>UPS de 550 VA\/330 W, Topolog\u00eda Standby con Modo Ahorrador ECO, Entrada 120 Vca NEMA 5-15P, Con 8 Tomas NEMA 5-15R<\/p>\n","protected":false},"featured_media":119350,"comment_status":"open","ping_status":"closed","template":"","meta":[],"product_brand":[],"product_cat":[1231],"product_tag":[677,142,1232],"class_list":{"0":"post-119351","1":"product","2":"type-product","3":"status-publish","4":"has-post-thumbnail","6":"product_cat-ups-no-break-energia-videovigilancia","7":"product_tag-cyberpower","8":"product_tag-energia","9":"product_tag-ups-no-break-2","11":"first","12":"outofstock","13":"sale","14":"shipping-taxable","15":"purchasable","16":"product-type-simple"},"_links":{"self":[{"href":"https:\/\/soydeaqui.ddns.net\/pachuca\/index.php\/wp-json\/wp\/v2\/product\/119351","targetHints":{"allow":["GET"]}}],"collection":[{"href":"https:\/\/soydeaqui.ddns.net\/pachuca\/index.php\/wp-json\/wp\/v2\/product"}],"about":[{"href":"https:\/\/soydeaqui.ddns.net\/pachuca\/index.php\/wp-json\/wp\/v2\/types\/product"}],"replies":[{"embeddable":true,"href":"https:\/\/soydeaqui.ddns.net\/pachuca\/index.php\/wp-json\/wp\/v2\/comments?post=119351"}],"wp:featuredmedia":[{"embeddable":true,"href":"https:\/\/soydeaqui.ddns.net\/pachuca\/index.php\/wp-json\/wp\/v2\/media\/119350"}],"wp:attachment":[{"href":"https:\/\/soydeaqui.ddns.net\/pachuca\/index.php\/wp-json\/wp\/v2\/media?parent=119351"}],"wp:term":[{"taxonomy":"product_brand","embeddable":true,"href":"https:\/\/soydeaqui.ddns.net\/pachuca\/index.php\/wp-json\/wp\/v2\/product_brand?post=119351"},{"taxonomy":"product_cat","embeddable":true,"href":"https:\/\/soydeaqui.ddns.net\/pachuca\/index.php\/wp-json\/wp\/v2\/product_cat?post=119351"},{"taxonomy":"product_tag","embeddable":true,"href":"https:\/\/soydeaqui.ddns.net\/pachuca\/index.php\/wp-json\/wp\/v2\/product_tag?post=119351"}],"curies":[{"name":"wp","href":"https:\/\/api.w.org\/{rel}","templated":true}]}}