{"id":119343,"date":"2026-03-24T05:02:05","date_gmt":"2026-03-24T05:02:05","guid":{"rendered":"https:\/\/soydeaqui.ddns.net\/pachuca\/index.php\/producto\/ups-de-425-va-255-w-topologia-standby-entrada-120-vca-nema-5-15p-tipo-gabinete-compacto-con-8-tomas-nema-5-15r-2\/"},"modified":"2026-03-24T05:02:27","modified_gmt":"2026-03-24T05:02:27","slug":"ups-de-425-va-255-w-topologia-standby-entrada-120-vca-nema-5-15p-tipo-gabinete-compacto-con-8-tomas-nema-5-15r-2","status":"publish","type":"product","link":"https:\/\/soydeaqui.ddns.net\/pachuca\/index.php\/producto\/ups-de-425-va-255-w-topologia-standby-entrada-120-vca-nema-5-15p-tipo-gabinete-compacto-con-8-tomas-nema-5-15r-2\/","title":{"rendered":"UPS de 425 VA\/255 W, Topolog\u00eda Standby, Entrada 120 Vca NEMA 5-15P, Tipo Gabinete Compacto, Con 8 Tomas NEMA 5-15R"},"content":{"rendered":"<div style='width: 100%; max-width: 1200px; margin: 0 auto; font-family: sans-serif; line-height: 1.6; color: inherit; background-color: transparent;'>\n<div style='display: flex; flex-wrap: wrap; gap: 30px; margin-bottom: 30px;'>\n<div style='flex: 1 1 300px; min-width: 280px;'> <img style='width: 100%; height: auto; border: 1px solid rgba(150&comma;150&comma;150&comma;0.3); border-radius: 8px;' src='https:\/\/ftp3.syscom.mx\/usuarios\/fotos\/logotipos\/cyberpower.png' alt=''> <\/div>\n<div style='flex: 1 1 300px; min-width: 280px;'>\n<h3 style='font-size: 22px; border-bottom: 2px solid currentColor; padding-bottom: 5px; margin-top: 0; color: inherit; opacity: 0.8;'>Descripci\u00f3n<\/h3>\n<p style='font-size: 15px; color: inherit; margin-top: 0; margin-bottom: 15px;'>CyberPower CP425SLG garantiza la protecci\u00f3n de respaldo de energ\u00eda para equipos de TI como computadoras&comma; NAS y dispositivos de almacenamiento. El producto adopta una topolog\u00eda de reserva con tecnolog\u00eda de ahorro de energ\u00eda para ahorrar costos de electricidad.<\/p>\n<p style='font-size: 15px; color: inherit; margin-top: 0; margin-bottom: 15px;'>El producto proporciona energ\u00eda de respaldo de la bater\u00eda de onda sinusoidal simulada durante las interrupciones. Otras caracter\u00edsticas incluyen un indicador LED para mostrar el estado del UPS y salidas protegidas contra sobretensiones para proteger sus dispositivos.<\/p>\n<\/p><\/div>\n<\/p><\/div>\n<div style='display: flex; flex-wrap: wrap; gap: 20px; margin-bottom: 30px;'>\n<div style='flex: 1 1 300px; min-width: 280px;'>\n<div style='border: 1px solid rgba(150&comma; 150&comma; 150&comma; 0.4); border-radius: 8px; overflow: hidden; display: flex; flex-direction: column; height: 100%;'>\n<div style='padding: 15px; border-bottom: 1px solid rgba(150&comma; 150&comma; 150&comma; 0.2); font-weight: bold; font-size: 18px; color: inherit;'>Caracter\u00edsticas<\/div>\n<div style='padding: 15px; color: inherit; flex-grow: 1;'>\n<ul style='padding-left: 20px; margin: 0; font-size: 14px; list-style-type: disc;'>\n<li style='margin-bottom: 5px;'>Topolog\u00eda de UPS Standby<\/li>\n<li style='margin-bottom: 5px;'>Tecnolog\u00eda de ahorro de energ\u00eda<\/li>\n<li style='margin-bottom: 5px;'>Salida de onda sinusoidal simulada<\/li>\n<li style='margin-bottom: 5px;'>Protecci\u00f3n contra sobretensiones y picos<\/li>\n<li style='margin-bottom: 5px;'>Instalaci\u00f3n de montaje en pared<\/li>\n<\/ul><\/div>\n<\/p><\/div>\n<\/p><\/div>\n<div style='flex: 1 1 300px; min-width: 280px;'>\n<div style='border: 1px solid rgba(150&comma; 150&comma; 150&comma; 0.4); border-radius: 8px; overflow: hidden; display: flex; flex-direction: column; height: 100%;'>\n<div style='padding: 15px; border-bottom: 1px solid rgba(150&comma; 150&comma; 150&comma; 0.2); font-weight: bold; font-size: 18px; color: inherit;'>Especificaciones t\u00e9cnicas<\/div>\n<div style='padding: 15px; color: inherit; flex-grow: 1;'>\n<ul style='padding-left: 20px; margin: 0; font-size: 14px; list-style-type: disc;'>\n<li style='margin-bottom: 5px;'><strong>Topolog\u00eda:<\/strong> Standby<\/li>\n<li style='margin-bottom: 5px;'><strong>Voltaje de entrada:<\/strong> 96Vac &#8211; 140 Vac<\/li>\n<li style='margin-bottom: 5px;'><strong>Frecuencia de salida:<\/strong> 50Hz\/60Hz<\/li>\n<li style='margin-bottom: 5px;'><strong>Tipo de enchufe:<\/strong> NEMA 5-15P <img style='border: 0px; vertical-align: middle; width: 40px; height: 40px;' src='https:\/\/www.cyberpower.com\/mx\/es\/File\/GetImageByDocId\/GeneralAttribute-235' alt=''><\/li>\n<li style='margin-bottom: 5px;'><strong>Longitud del cable:<\/strong> 1.5 m.<\/li>\n<li style='margin-bottom: 5px;'><strong>Salida VA:<\/strong> 425<\/li>\n<li style='margin-bottom: 5px;'><strong>Watts:<\/strong> 255<\/li>\n<li style='margin-bottom: 5px;'><strong>Tomas de salida:<\/strong> 8 (4 Bater\u00eda y picos de energ\u00eda&comma; y 4 solo picos de energ\u00eda)<\/li>\n<li style='margin-bottom: 5px;'><strong>Tipos de Salida:<\/strong> NEMA 5-15R <img style='border: 0px; vertical-align: middle; width: 40px; height: 40px;' src='https:\/\/www.cyberpower.com\/mx\/es\/File\/GetImageByDocId\/GeneralAttribute-238' alt=''><\/li>\n<li style='margin-bottom: 5px;'><strong>Protecci\u00f3n de picos:<\/strong> 890 Joules<\/li>\n<li style='margin-bottom: 5px;'><strong>LEDs indicadores:<\/strong> Encendido y falla de cableado<\/li>\n<li style='margin-bottom: 5px;'><strong>Alarmas audibles:<\/strong> Bater\u00eda encendida&comma; baja y sobrecarga<\/li>\n<li style='margin-bottom: 5px;'><strong>Dimensiones:<\/strong> 248.92 x 147.32 x 83.82 mm (Ancho x Alto x Profundidad)<\/li>\n<li style='margin-bottom: 5px;'><strong>Peso:<\/strong> 1.90 Kg<\/li>\n<li style='margin-bottom: 5px;'><strong>Certificaciones:<\/strong> UL1778&comma; cUL107.3&comma; FCC DOC Class B<\/li>\n<li style='margin-bottom: 5px;'><strong>Incluye:<\/strong> Bater\u00eda<\/li>\n<li style='margin-bottom: 5px;'><strong>Compatibilidad:<\/strong> NO es compatible con generador de energ\u00eda (plantas de respaldo)<\/li>\n<\/ul><\/div>\n<\/p><\/div>\n<\/p><\/div>\n<\/p><\/div>\n<hr style='border: 0; border-top: 1px solid rgba(150&comma; 150&comma; 150&comma; 0.3); margin: 30px 0;'> <\/div>\n","protected":false},"excerpt":{"rendered":"<p>UPS de 425 VA\/255 W, Topolog\u00eda Standby, Entrada 120 Vca NEMA 5-15P, Tipo Gabinete Compacto, Con 8 Tomas NEMA 5-15R<\/p>\n","protected":false},"featured_media":119342,"comment_status":"open","ping_status":"closed","template":"","meta":[],"product_brand":[],"product_cat":[1231],"product_tag":[677,142,1232],"class_list":{"0":"post-119343","1":"product","2":"type-product","3":"status-publish","4":"has-post-thumbnail","6":"product_cat-ups-no-break-energia-videovigilancia","7":"product_tag-cyberpower","8":"product_tag-energia","9":"product_tag-ups-no-break-2","11":"first","12":"instock","13":"sale","14":"shipping-taxable","15":"purchasable","16":"product-type-simple"},"_links":{"self":[{"href":"https:\/\/soydeaqui.ddns.net\/pachuca\/index.php\/wp-json\/wp\/v2\/product\/119343","targetHints":{"allow":["GET"]}}],"collection":[{"href":"https:\/\/soydeaqui.ddns.net\/pachuca\/index.php\/wp-json\/wp\/v2\/product"}],"about":[{"href":"https:\/\/soydeaqui.ddns.net\/pachuca\/index.php\/wp-json\/wp\/v2\/types\/product"}],"replies":[{"embeddable":true,"href":"https:\/\/soydeaqui.ddns.net\/pachuca\/index.php\/wp-json\/wp\/v2\/comments?post=119343"}],"wp:featuredmedia":[{"embeddable":true,"href":"https:\/\/soydeaqui.ddns.net\/pachuca\/index.php\/wp-json\/wp\/v2\/media\/119342"}],"wp:attachment":[{"href":"https:\/\/soydeaqui.ddns.net\/pachuca\/index.php\/wp-json\/wp\/v2\/media?parent=119343"}],"wp:term":[{"taxonomy":"product_brand","embeddable":true,"href":"https:\/\/soydeaqui.ddns.net\/pachuca\/index.php\/wp-json\/wp\/v2\/product_brand?post=119343"},{"taxonomy":"product_cat","embeddable":true,"href":"https:\/\/soydeaqui.ddns.net\/pachuca\/index.php\/wp-json\/wp\/v2\/product_cat?post=119343"},{"taxonomy":"product_tag","embeddable":true,"href":"https:\/\/soydeaqui.ddns.net\/pachuca\/index.php\/wp-json\/wp\/v2\/product_tag?post=119343"}],"curies":[{"name":"wp","href":"https:\/\/api.w.org\/{rel}","templated":true}]}}