{"id":119330,"date":"2026-03-24T05:01:24","date_gmt":"2026-03-24T05:01:24","guid":{"rendered":"https:\/\/soydeaqui.ddns.net\/pachuca\/index.php\/producto\/protector-poe-contra-descargas-atmosfericas-ideal-para-enlaces-inalambricos-gigabit-y-camaras-ip-con-tecnologia-hibrida-sasd-y-tubo-descarga-de-gas\/"},"modified":"2026-03-24T05:01:42","modified_gmt":"2026-03-24T05:01:42","slug":"protector-poe-contra-descargas-atmosfericas-ideal-para-enlaces-inalambricos-gigabit-y-camaras-ip-con-tecnologia-hibrida-sasd-y-tubo-descarga-de-gas","status":"publish","type":"product","link":"https:\/\/soydeaqui.ddns.net\/pachuca\/index.php\/producto\/protector-poe-contra-descargas-atmosfericas-ideal-para-enlaces-inalambricos-gigabit-y-camaras-ip-con-tecnologia-hibrida-sasd-y-tubo-descarga-de-gas\/","title":{"rendered":"Protector PoE Contra Descargas Atmosf\u00e9ricas Ideal Para Enlaces Inalambricos Gigabit y C\u00e1maras IP Con Tecnolog\u00eda H\u00edbrida SASD y Tubo Descarga De Gas"},"content":{"rendered":"<div style='width: 100%; max-width: 1200px; margin: 0 auto; font-family: sans-serif; line-height: 1.6; color: inherit; background-color: transparent;'>\n<div style='display: flex; flex-wrap: wrap; gap: 30px; margin-bottom: 30px;'>\n<div style='flex: 1 1 300px; min-width: 280px;'>\n<p style='text-align: center; margin: 0 0 10px;'> <img style='width: 100%; height: auto; border: 1px solid rgba(150&comma;150&comma;150&comma;0.3); border-radius: 8px;' src='https:\/\/ftp3.syscom.mx\/usuarios\/fotos\/ALPUF140\/80800-transtector_logo.jpg' alt='Logo TransTector'> <\/p>\n<\/p><\/div>\n<\/p><\/div>\n<div style='display: flex; flex-wrap: wrap; gap: 30px; margin-bottom: 30px;'>\n<div style='flex: 1 1 300px; min-width: 280px;'>\n<p style='margin: 0 0 10px; text-align: justify; font-size: 15px; color: inherit;'> Nuestro protector \/ supresor de sobretensi\u00f3n Gigabit Ethernet \/ PoE ++ brinda protecci\u00f3n para su equipo electr\u00f3nico y respalda la confiabilidad del sistema a largo plazo al absorber grandes cantidades de energ\u00eda transitoria. Este dispositivo industrial de protecci\u00f3n contra sobretensiones Gigabit Ethernet \/ PoE ++ para aplicaciones de l\u00ednea de datos ayuda a prevenir da\u00f1os por picos de energ\u00eda que pueden ser causados por rayos y otras fuentes de energ\u00eda el\u00e9ctrica fuertes. El dispositivo de supresi\u00f3n de picos de tensi\u00f3n transitoria \/ TVSS para Gigabit Ethernet \/ PoE ++ puede actuar como un pararrayos y una unidad de protecci\u00f3n contra picos de sobretensi\u00f3n el\u00e9ctrica. <\/p>\n<\/p><\/div>\n<\/p><\/div>\n<div style='display: flex; flex-wrap: wrap; gap: 30px; margin-bottom: 30px;'>\n<div style='flex: 1 1 300px; min-width: 280px;'>\n<div style='border: 1px solid rgba(150&comma;150&comma;150&comma;0.4); border-radius: 8px; padding: 15px; margin-bottom: 20px;'>\n<div style='font-weight: bold; font-size: 18px; margin-bottom: 10px; border-bottom: 2px solid currentColor; padding-bottom: 5px; color: inherit; opacity: 0.8;'>Caracter\u00edsticas principales<\/div>\n<ul style='padding-left: 20px; margin: 0; font-size: 14px; list-style-type: disc; color: inherit;'>\n<li style='margin-bottom: 5px;'>Puertos Gigabits.<\/li>\n<li style='margin-bottom: 5px;'>Protecci\u00f3n hasta PoE++ (100W).<\/li>\n<li style='margin-bottom: 5px;'>Modos de protecci\u00f3n:L-L\/ L-T \/B-T.<\/li>\n<li style='margin-bottom: 5px;'>Impedancia: 100 \u03a9.<\/li>\n<li style='margin-bottom: 5px;'>Tecnolog\u00eda: Sistema h\u00edbrido (SASD+TGD).<\/li>\n<li style='margin-bottom: 5px;'>Protecci\u00f3n: IP65.<\/li>\n<li style='margin-bottom: 5px;'>Corriente m\u00e1xima 1.5 A.<\/li>\n<li style='margin-bottom: 5px;'>Tiempo de respuesta de supresi\u00f3n < 5 ns.<\/li>\n<li style='margin-bottom: 5px;'>Rango de temperatura: -40\u00b0 a 65\u00b0C.<\/li>\n<li style='margin-bottom: 5px;'>Garant\u00eda 1 a\u00f1o.<\/li>\n<\/ul><\/div>\n<\/p><\/div>\n<div style='flex: 1 1 300px; min-width: 280px;'>\n<div style='border: 1px solid rgba(150&comma;150&comma;150&comma;0.4); border-radius: 8px; padding: 15px; margin-bottom: 20px;'>\n<div style='font-weight: bold; font-size: 18px; margin-bottom: 10px; border-bottom: 2px solid currentColor; padding-bottom: 5px; color: inherit; opacity: 0.8;'>Beneficios<\/div>\n<ul style='padding-left: 20px; margin: 0; font-size: 14px; list-style-type: disc; color: inherit;'>\n<li style='margin-bottom: 5px;'>F\u00e1cil instalaci\u00f3n.<\/li>\n<li style='margin-bottom: 5px;'>Pines protegidos (1&comma;2)&comma; (3&comma;6)&comma; (4&comma;5)&comma; (7&comma;8).<\/li>\n<li style='margin-bottom: 5px;'>Protecci\u00f3n contra corrosi\u00f3n.<\/li>\n<li style='margin-bottom: 5px;'>Resistencia UV.<\/li>\n<li style='margin-bottom: 5px;'>Tiempo medio entre fallos: 1&comma;000&comma;000 hrs.<\/li>\n<li style='margin-bottom: 5px;'>Peso: 150g.<\/li>\n<li style='margin-bottom: 5px;'>Montaje en poste o pared.<\/li>\n<li style='margin-bottom: 5px;'>RJ45 blindado.<\/li>\n<li style='margin-bottom: 5px;'>Inflamabilidad UL94V-0.<\/li>\n<li style='margin-bottom: 5px;'>Compatible Cat5&comma; Cat5e&comma; Cat6.<\/li>\n<\/ul><\/div>\n<\/p><\/div>\n<div style='flex: 1 1 300px; min-width: 280px;'>\n<div style='border: 1px solid rgba(150&comma;150&comma;150&comma;0.4); border-radius: 8px; padding: 15px; margin-bottom: 20px;'>\n<div style='font-weight: bold; font-size: 18px; margin-bottom: 10px; border-bottom: 2px solid currentColor; padding-bottom: 5px; color: inherit; opacity: 0.8;'>Aplicaciones<\/div>\n<ul style='padding-left: 20px; margin: 0; font-size: 14px; list-style-type: disc; color: inherit;'>\n<li style='margin-bottom: 5px;'>Enlaces inal\u00e1mbricos.<\/li>\n<li style='margin-bottom: 5px;'>Videovigilancia IP.<\/li>\n<li style='margin-bottom: 5px;'>WiFi para exterior.<\/li>\n<li style='margin-bottom: 5px;'>Centros de datos.<\/li>\n<\/ul><\/div>\n<\/p><\/div>\n<\/p><\/div>\n<div style='display: flex; flex-wrap: wrap; gap: 30px; margin-bottom: 30px;'>\n<div style='flex: 1 1 300px; min-width: 280px; text-align: center;'> <img style='width: 100%; height: auto; border: 1px solid rgba(150&comma;150&comma;150&comma;0.3); border-radius: 8px;' src='https:\/\/ftp3.syscom.mx\/usuarios\/fotos\/ALPUF140\/80800-alpuf140_12.png' alt='Producto ALPUF140'> <\/div>\n<\/p><\/div>\n<div style='display: flex; flex-wrap: wrap; gap: 30px; margin-bottom: 30px;'>\n<div style='flex: 1 1 300px; min-width: 280px; text-align: center;'> <img style='width: 100%; height: auto; border: 1px solid rgba(150&comma;150&comma;150&comma;0.3); border-radius: 8px;' src='https:\/\/ftp3.syscom.mx\/usuarios\/fotos\/ALPUF140\/80800-alpu_fit.png' alt='Instalaci\u00f3n protector'> <\/div>\n<\/p><\/div>\n<div style='display: flex; flex-wrap: wrap; gap: 30px; margin-bottom: 30px;'>\n<div style='flex: 1 1 300px; min-width: 280px;'>\n<p style='margin: 0 0 10px; font-size: 15px; color: #c0392b; text-align: center; font-weight: bold;'> Nota* El protector tiene que estar aterrizado a tierra <\/p>\n<\/p><\/div>\n<\/p><\/div>\n<div style='display: flex; flex-wrap: wrap; gap: 30px; margin-bottom: 30px;'>\n<div style='flex: 1 1 300px; min-width: 280px;'>\n<p style='margin: 0 0 10px; font-size: 15px; color: inherit; text-align: center;'> <strong>Escenario t\u00edpico de instalaci\u00f3n de protectores contra descargas<\/strong> <\/p>\n<\/p><\/div>\n<\/p><\/div>\n<\/p><\/div>\n","protected":false},"excerpt":{"rendered":"<p>Protector PoE Contra Descargas Atmosf\u00e9ricas Ideal Para Enlaces Inalambricos Gigabit y C\u00e1maras IP Con Tecnolog\u00eda H\u00edbrida SASD y Tubo Descarga De Gas<\/p>\n","protected":false},"featured_media":119329,"comment_status":"open","ping_status":"closed","template":"","meta":[],"product_brand":[],"product_cat":[973],"product_tag":[533,62,546],"class_list":{"0":"post-119330","1":"product","2":"type-product","3":"status-publish","4":"has-post-thumbnail","6":"product_cat-todos-proteccion-contra-sobretensiones-automatizacion-e-intrusion","7":"product_tag-proteccion-contra-sobretensiones","8":"product_tag-todos","9":"product_tag-transtector","11":"first","12":"instock","13":"sale","14":"shipping-taxable","15":"purchasable","16":"product-type-simple"},"_links":{"self":[{"href":"https:\/\/soydeaqui.ddns.net\/pachuca\/index.php\/wp-json\/wp\/v2\/product\/119330","targetHints":{"allow":["GET"]}}],"collection":[{"href":"https:\/\/soydeaqui.ddns.net\/pachuca\/index.php\/wp-json\/wp\/v2\/product"}],"about":[{"href":"https:\/\/soydeaqui.ddns.net\/pachuca\/index.php\/wp-json\/wp\/v2\/types\/product"}],"replies":[{"embeddable":true,"href":"https:\/\/soydeaqui.ddns.net\/pachuca\/index.php\/wp-json\/wp\/v2\/comments?post=119330"}],"wp:featuredmedia":[{"embeddable":true,"href":"https:\/\/soydeaqui.ddns.net\/pachuca\/index.php\/wp-json\/wp\/v2\/media\/119329"}],"wp:attachment":[{"href":"https:\/\/soydeaqui.ddns.net\/pachuca\/index.php\/wp-json\/wp\/v2\/media?parent=119330"}],"wp:term":[{"taxonomy":"product_brand","embeddable":true,"href":"https:\/\/soydeaqui.ddns.net\/pachuca\/index.php\/wp-json\/wp\/v2\/product_brand?post=119330"},{"taxonomy":"product_cat","embeddable":true,"href":"https:\/\/soydeaqui.ddns.net\/pachuca\/index.php\/wp-json\/wp\/v2\/product_cat?post=119330"},{"taxonomy":"product_tag","embeddable":true,"href":"https:\/\/soydeaqui.ddns.net\/pachuca\/index.php\/wp-json\/wp\/v2\/product_tag?post=119330"}],"curies":[{"name":"wp","href":"https:\/\/api.w.org\/{rel}","templated":true}]}}