{"id":119266,"date":"2026-03-24T04:57:49","date_gmt":"2026-03-24T04:57:49","guid":{"rendered":"https:\/\/soydeaqui.ddns.net\/pachuca\/index.php\/producto\/camara-ip-domo-antivandalico-con-calefactor-2mp-lente-motorizado-varifocal-3-3-10mm-para-exterior-entrada-salida-de-audio-y-alarma-wdr-120db\/"},"modified":"2026-03-24T04:57:52","modified_gmt":"2026-03-24T04:57:52","slug":"camara-ip-domo-antivandalico-con-calefactor-2mp-lente-motorizado-varifocal-3-3-10mm-para-exterior-entrada-salida-de-audio-y-alarma-wdr-120db","status":"publish","type":"product","link":"https:\/\/soydeaqui.ddns.net\/pachuca\/index.php\/producto\/camara-ip-domo-antivandalico-con-calefactor-2mp-lente-motorizado-varifocal-3-3-10mm-para-exterior-entrada-salida-de-audio-y-alarma-wdr-120db\/","title":{"rendered":"C\u00e1mara IP Domo Antivand\u00e1lico con Calefactor 2MP, Lente MOTORIZADO Varifocal 3.3-10mm, para Exterior, Entrada \/ Salida de Audio y Alarma, WDR 120dB"},"content":{"rendered":"<div style='width: 100%; max-width: 1200px; margin: 0 auto; font-family: sans-serif; line-height: 1.6; color: inherit;'>\n<div style='width: 100%;'> <img style='width: 100%; height: auto; border: 1px solid rgba(150&comma;150&comma;150&comma;0.3); border-radius: 8px;' src='https:\/\/ftp3.syscom.mx\/usuarios\/fotos\/DCT4831HRXA\/196150-baner-proyectos.jpg' alt='' \/> <\/div>\n<div style='display: flex; flex-wrap: wrap; gap: 15px; margin: 15px 0;'> <img style='width: 450px; height: auto; border: 1px solid rgba(150&comma;150&comma;150&comma;0.3); border-radius: 8px;' src='http:\/\/ftp3.syscom.mx\/usuarios\/adelatorre\/Banners\/IDIS-Home-Page-Banner.png' alt='' \/> <img style='width: 420px; height: auto; border: 1px solid rgba(150&comma;150&comma;150&comma;0.3); border-radius: 8px;' src='https:\/\/ftp3.syscom.mx\/usuarios\/adelatorre\/FTP\/IDIS\/IDIS-Intersec-2015.jpg' alt='' \/> <\/div>\n<div style='display: flex; flex-wrap: wrap; gap: 30px; margin-bottom: 30px;'>\n<div style='flex: 1 1 300px; min-width: 280px;'>\n<h3 style='font-size: 22px; border-bottom: 2px solid currentColor; padding-bottom: 5px; margin-top: 0; color: inherit; opacity: 0.8;'>Caracter\u00edsticas t\u00e9cnicas<\/h3>\n<ul style='padding-left: 20px; font-size: 15px; color: inherit;'>\n<li style='margin-bottom: 5px;'>Resoluci\u00f3n: 2MP (1920 x 1080p)&comma; aspecto 16:9<\/li>\n<li style='margin-bottom: 5px;'>Iluminaci\u00f3n m\u00ednima: 0.5 lux color&comma; 0 lux con IR<\/li>\n<li style='margin-bottom: 5px;'>CMOS \u00bd.8\u201d Progressive Scan<\/li>\n<li style='margin-bottom: 5px;'>Instalaci\u00f3n plug-and-play con NVR Direct IP (configuraci\u00f3n cero)<\/li>\n<li style='margin-bottom: 5px;'>Infrarrojos: 28 LEDs&comma; d\u00eda\/noche real ICR<\/li>\n<li style='margin-bottom: 5px;'>Lente: varifocal motorizado 3.3 a 10 mm&comma; F1 1.2-2.5<\/li>\n<li style='margin-bottom: 5px;'>Alimentaci\u00f3n: 12 Vcc&comma; PoE (802.3 af)&comma; 4.8 W<\/li>\n<li style='margin-bottom: 5px;'>Dimensiones: 150.5 (di\u00e1metro) x 98.8 (altura) mm<\/li>\n<li style='margin-bottom: 5px;'>Peso: 870 g<\/li>\n<\/ul><\/div>\n<div style='flex: 1 1 300px; min-width: 280px;'>\n<h3 style='font-size: 22px; border-bottom: 2px solid currentColor; padding-bottom: 5px; margin-top: 0; color: inherit; opacity: 0.8;'>Caracter\u00edsticas Generales<\/h3>\n<ul style='padding-left: 20px; font-size: 15px; color: inherit;'>\n<li style='margin-bottom: 5px;'>Salida de video auxiliar en BNC<\/li>\n<li style='margin-bottom: 5px;'>Norma IP66 para intemperie<\/li>\n<li style='margin-bottom: 5px;'>Funciones: dWDR (75dB)&comma; SNR&comma; AE&comma; AWB&comma; BLC&comma; antiflicker&comma; slow shutter&comma; m\u00e1scara de privacidad<\/li>\n<li style='margin-bottom: 5px;'>Acepta memoria microSD de 32GB (no incluida) en protocolo iNEX<\/li>\n<li style='margin-bottom: 5px;'>1 entrada\/salida de alarma<\/li>\n<li style='margin-bottom: 5px;'>Audio de 2 v\u00edas (entrada\/salida)<\/li>\n<li style='margin-bottom: 5px;'>Temperatura de operaci\u00f3n: -10\u00b0C a 50 \u00baC<\/li>\n<\/ul><\/div>\n<div style='flex: 1 1 300px; min-width: 280px;'>\n<h3 style='font-size: 22px; border-bottom: 2px solid currentColor; padding-bottom: 5px; margin-top: 0; color: inherit; opacity: 0.8;'>Caracter\u00edsticas de Red<\/h3>\n<ul style='padding-left: 20px; font-size: 15px; color: inherit;'>\n<li style='margin-bottom: 5px;'>Compresi\u00f3n de video: H.264 (MP)&comma; M-JPEG<\/li>\n<li style='margin-bottom: 5px;'>Compatible con el servicio FEN Service<\/li>\n<li style='margin-bottom: 5px;'>MAT: transmisi\u00f3n adaptada al movimiento (protocolo IDIS)<\/li>\n<li style='margin-bottom: 5px;'>Control de bitrate H.264-CBR \/ VBR (12Mbps)<\/li>\n<li style='margin-bottom: 5px;'>Velocidad de transferencia: 30ips@2MP + 30ips@4CIF<\/li>\n<li style='margin-bottom: 5px;'>Protocolos de autoconexi\u00f3n IP Direct IP y ONVIF perfil S<\/li>\n<li style='margin-bottom: 5px;'>C\u00e1maras stream (Direct IP)&comma; triple stream (ONVIF)<\/li>\n<li style='margin-bottom: 5px;'>Configuraci\u00f3n cero (Direct IP)<\/li>\n<li style='margin-bottom: 5px;'>Protocolos: RTP\/RTSP\/TCP\/HTTP\/HTTPS\/UDP\/FTP\/SNMP\/SMTP\/FEN\/mDNS\/uPNP<\/li>\n<li style='margin-bottom: 5px;'>Encripci\u00f3n SSL (Direct IP)&comma; filtrado IP (ONVIF)<\/li>\n<li style='margin-bottom: 5px;'>Acceso remoto por conexi\u00f3n a NVR Direct IP&comma; IDIS Web&comma; IDIS Mobile&comma; IDIS Solution Suite (ISS)<\/li>\n<li style='margin-bottom: 5px;'>Acepta 10 usuarios remotos<\/li>\n<li style='margin-bottom: 5px;'>Compatible con INIT&comma; iNEX e IDIS Mobile (iOS y Android)<\/li>\n<li style='margin-bottom: 5px;'>Salida ethernet 10\/100Base-T<\/li>\n<\/ul><\/div>\n<div style='flex: 1 1 300px; min-width: 280px;'>\n<h3 style='font-size: 22px; border-bottom: 2px solid currentColor; padding-bottom: 5px; margin-top: 0; color: inherit; opacity: 0.8;'>Eventos y Notificaciones<\/h3>\n<ul style='padding-left: 20px; font-size: 15px; color: inherit;'>\n<li style='margin-bottom: 5px;'>Activaci\u00f3n de evento por detecci\u00f3n: movimiento&comma; videoan\u00e1lisis (tampering y tripzone)<\/li>\n<li style='margin-bottom: 5px;'>Hasta 60MB de bit\u00e1cora de eventos<\/li>\n<li style='margin-bottom: 5px;'>Notificaciones v\u00eda software remoto y por e-mail (con imagen)<\/li>\n<\/ul><\/div>\n<\/p><\/div>\n<div style='display: flex; flex-wrap: wrap; gap: 20px; margin-bottom: 30px;'>\n<div style='flex: 1 1 100%; border: 1px solid rgba(150&comma; 150&comma; 150&comma; 0.4); border-radius: 8px; overflow: hidden; display: flex; flex-direction: column;'>\n<div style='padding: 15px; border-bottom: 1px solid rgba(150&comma; 150&comma; 150&comma; 0.2); font-weight: bold; font-size: 18px; color: inherit;'>Modelos sustitutos<\/div>\n<div style='padding: 15px; color: inherit;'>\n<p style='margin: 0; font-size: 14px;'>Modelos sustitutos: DCD3233WRX y DCD3533HRX (5MP)<\/p>\n<\/p><\/div>\n<\/p><\/div>\n<\/p><\/div>\n<div style='position: relative; padding-bottom: 56.25%; height: 0; overflow: hidden; margin-bottom: 30px;'>   <\/div>\n<\/p><\/div>\n","protected":false},"excerpt":{"rendered":"<p>C\u00e1mara IP Domo Antivand\u00e1lico con Calefactor 2MP, Lente MOTORIZADO Varifocal 3.3-10mm, para Exterior, Entrada \/ Salida de Audio y Alarma, WDR 120dB<\/p>\n","protected":false},"featured_media":119265,"comment_status":"open","ping_status":"closed","template":"","meta":[],"product_brand":[],"product_cat":[2056],"product_tag":[122,2057,2276],"class_list":{"0":"post-119266","1":"product","2":"type-product","3":"status-publish","4":"has-post-thumbnail","6":"product_cat-domo-eyeball-turret","7":"product_tag-camaras-ip-y-nvrs","8":"product_tag-domo-eyeball-turret","9":"product_tag-idis","11":"first","12":"outofstock","13":"sale","14":"shipping-taxable","15":"purchasable","16":"product-type-simple"},"_links":{"self":[{"href":"https:\/\/soydeaqui.ddns.net\/pachuca\/index.php\/wp-json\/wp\/v2\/product\/119266","targetHints":{"allow":["GET"]}}],"collection":[{"href":"https:\/\/soydeaqui.ddns.net\/pachuca\/index.php\/wp-json\/wp\/v2\/product"}],"about":[{"href":"https:\/\/soydeaqui.ddns.net\/pachuca\/index.php\/wp-json\/wp\/v2\/types\/product"}],"replies":[{"embeddable":true,"href":"https:\/\/soydeaqui.ddns.net\/pachuca\/index.php\/wp-json\/wp\/v2\/comments?post=119266"}],"wp:featuredmedia":[{"embeddable":true,"href":"https:\/\/soydeaqui.ddns.net\/pachuca\/index.php\/wp-json\/wp\/v2\/media\/119265"}],"wp:attachment":[{"href":"https:\/\/soydeaqui.ddns.net\/pachuca\/index.php\/wp-json\/wp\/v2\/media?parent=119266"}],"wp:term":[{"taxonomy":"product_brand","embeddable":true,"href":"https:\/\/soydeaqui.ddns.net\/pachuca\/index.php\/wp-json\/wp\/v2\/product_brand?post=119266"},{"taxonomy":"product_cat","embeddable":true,"href":"https:\/\/soydeaqui.ddns.net\/pachuca\/index.php\/wp-json\/wp\/v2\/product_cat?post=119266"},{"taxonomy":"product_tag","embeddable":true,"href":"https:\/\/soydeaqui.ddns.net\/pachuca\/index.php\/wp-json\/wp\/v2\/product_tag?post=119266"}],"curies":[{"name":"wp","href":"https:\/\/api.w.org\/{rel}","templated":true}]}}