{"id":119262,"date":"2026-03-24T04:57:31","date_gmt":"2026-03-24T04:57:31","guid":{"rendered":"https:\/\/soydeaqui.ddns.net\/pachuca\/index.php\/producto\/tornilllo-12mm-x-2in-para-taquete-tp3-100pzs-1392-01216\/"},"modified":"2026-03-24T04:57:33","modified_gmt":"2026-03-24T04:57:33","slug":"tornilllo-12mm-x-2in-para-taquete-tp3-100pzs-1392-01216","status":"publish","type":"product","link":"https:\/\/soydeaqui.ddns.net\/pachuca\/index.php\/producto\/tornilllo-12mm-x-2in-para-taquete-tp3-100pzs-1392-01216\/","title":{"rendered":"Tornilllo 12mm x 2in para taquete TP3 (100pzs) (1392-01216)"},"content":{"rendered":"<div style='width: 100%; max-width: 1200px; margin: 0 auto; font-family: sans-serif; line-height: 1.6; color: inherit; background-color: transparent;'> <!-- Logo y caracter\u00edsticas --> <\/p>\n<div style='display: flex; flex-wrap: wrap; gap: 30px; align-items: flex-start; margin-bottom: 30px;'> <img style='width: 100%; max-width: 412px; height: auto; border: 1px solid rgba(150&comma;150&comma;150&comma;0.3); border-radius: 8px;' src='http:\/\/ftp3.syscom.mx\/usuarios\/jdelafuente\/THORSMAN\/THORSMAN%20logo.jpg' alt=''> <\/p>\n<div style='flex: 1 1 300px; min-width: 280px;'>\n<h3 style='font-size: 22px; border-bottom: 2px solid currentColor; padding-bottom: 5px; margin-top: 0; color: inherit; opacity: 0.8;'>Caracter\u00edsticas<\/h3>\n<ul style='padding-left: 20px; font-size: 15px; color: inherit;'>\n<li style='margin-bottom: 5px;'>Tornillos de alta calidad para fijar objetos en concreto y tabique<\/li>\n<li style='margin-bottom: 5px;'>Ideal para utilizarse en taquetes TP<\/li>\n<li style='margin-bottom: 5px;'>Cabeza mixta<\/li>\n<li style='margin-bottom: 5px;'>Cuerda de un paso<\/li>\n<li style='margin-bottom: 5px;'>Autorroscante<\/li>\n<li style='margin-bottom: 5px;'>Temperatura de operaci\u00f3n: -20\u00b0C ~ 90\u00b0C<\/li>\n<\/ul><\/div>\n<\/p><\/div>\n<p> <!-- Materiales --> <\/p>\n<div style='display: flex; flex-wrap: wrap; gap: 30px; margin-bottom: 30px;'>\n<div style='flex: 1 1 300px; min-width: 280px;'>\n<h3 style='font-size: 22px; border-bottom: 2px solid currentColor; padding-bottom: 5px; margin-top: 0; color: inherit; opacity: 0.8;'>Materiales<\/h3>\n<ul style='padding-left: 20px; font-size: 15px; color: inherit;'>\n<li style='margin-bottom: 5px;'>Color natural<\/li>\n<li style='margin-bottom: 5px;'>Acero Galvanizado<\/li>\n<li style='margin-bottom: 5px;'>Resistente a la humedad y atm\u00f3sfera corrosiva<\/li>\n<\/ul><\/div>\n<\/p><\/div>\n<p> <!-- Imagenes adicionales --> <\/p>\n<div style='display: flex; flex-wrap: wrap; gap: 30px; margin-bottom: 30px;'> <img style='width: 100%; max-width: 87px; height: auto; border: 1px solid rgba(150&comma;150&comma;150&comma;0.3); border-radius: 8px;' src='http:\/\/ftp3.syscom.mx\/usuarios\/egomez\/Hecho%20en%20Mexico.jpg' alt=''> <img style='width: 100%; max-width: 530px; height: auto; border: 1px solid rgba(150&comma;150&comma;150&comma;0.3); border-radius: 8px;' src='http:\/\/ftp3.syscom.mx\/usuarios\/fotos\/THTP3\/78560-sin_t\u00edtulo.png' alt=''> <\/div>\n<p> <!-- Im\u00e1genes de productos --> <\/p>\n<div style='display: flex; flex-wrap: wrap; gap: 30px; margin-bottom: 30px;'> <img style='width: 100%; flex: 1 1 300px; min-width: 280px; height: auto; border: 1px solid rgba(150&comma;150&comma;150&comma;0.3); border-radius: 8px;' src='https:\/\/ftp3.syscom.mx\/usuarios\/ftp\/single_page\/thorsman\/Thorsman1-02.jpg' alt=''> <img style='width: 100%; flex: 1 1 300px; min-width: 280px; height: auto; border: 1px solid rgba(150&comma;150&comma;150&comma;0.3); border-radius: 8px;' src='https:\/\/ftp3.syscom.mx\/usuarios\/ftp\/single_page\/thorsman\/Thorsman1-01.jpg' alt=''> <\/div>\n<p> <!-- Banner destacado --> <\/p>\n<div style='margin-bottom: 30px; background: linear-gradient(90deg&comma; #2a397a 50%&comma; #0080ff 100%); color: white; padding: 20px; border-radius: 8px;'>\n<h2 style='font-size: 22px; font-family: sans-serif; font-weight: 300; margin: 0; padding: 0;'>Thorsman es la Marca L\u00edder en M\u00e9xico Reconocida por Productos de Canalizaci\u00f3n y Fijaci\u00f3n<\/h2>\n<\/p><\/div>\n<p> <!-- Imagen con informaci\u00f3n --> <\/p>\n<div style='display: flex; flex-wrap: wrap; gap: 30px; margin-bottom: 30px;'> <img style='width: 100%; max-width: 400px; height: auto; border: 1px solid rgba(150&comma;150&comma;150&comma;0.3); border-radius: 8px;' src='https:\/\/ftp3.syscom.mx\/usuarios\/ftp\/single_page\/thorsman\/thorsman1-04.png' alt=''> <\/p>\n<div style='flex: 1 1 300px; min-width: 280px;'>\n<h4 style='font-family: sans-serif; font-weight: 300; line-height: 1.4; color: inherit;'> Cuenta con amplia gama de soluciones para instalaciones el\u00e9ctricas y de cableado estructurado&comma; brindan funcionalidad&comma; distribuci\u00f3n&comma; protecci\u00f3n y est\u00e9tica&comma; tambi\u00e9n lo puede encontrar como: mesa de capacidades para eletrocalhas&comma; capacidad de carga de canaletas aparentes. <\/h4>\n<\/p><\/div>\n<\/p><\/div>\n<p> <!-- Banner de sistemas --> <\/p>\n<div style='margin-bottom: 30px; background: #2a397a; color: white; padding: 20px; border-radius: 8px;'>\n<h3 style='text-align: center; margin: 0; padding: 0;'>Sistemas que cubren todas las necesidades<\/h3>\n<\/p><\/div>\n<p> <!-- Sistemas por aplicaci\u00f3n --> <\/p>\n<div style='display: grid; grid-template-columns: repeat(auto-fit&comma; minmax(200px&comma; 1fr)); gap: 20px; margin-bottom: 30px;'>\n<div style='text-align: center;'> <img style='width: 100px; height: auto; border: 1px solid rgba(150&comma;150&comma;150&comma;0.3); border-radius: 8px;' src='https:\/\/ftp3.syscom.mx\/usuarios\/ftp\/single_page\/thorsman\/thorsman1-09.png' alt=''> <\/p>\n<p style='margin-top: 15px; color: inherit;'>Hospital<\/p>\n<\/p><\/div>\n<div style='text-align: center;'> <img style='width: 100px; height: auto; border: 1px solid rgba(150&comma;150&comma;150&comma;0.3); border-radius: 8px;' src='https:\/\/ftp3.syscom.mx\/usuarios\/ftp\/single_page\/thorsman\/thorsman1-08.png' alt=''> <\/p>\n<p style='margin-top: 15px; color: inherit;'>Hogar<\/p>\n<\/p><\/div>\n<div style='text-align: center;'> <img style='width: 100px; height: auto; border: 1px solid rgba(150&comma;150&comma;150&comma;0.3); border-radius: 8px;' src='https:\/\/ftp3.syscom.mx\/usuarios\/ftp\/single_page\/thorsman\/thorsman1-10.png' alt=''> <\/p>\n<p style='margin-top: 15px; color: inherit;'>Industria<\/p>\n<\/p><\/div>\n<div style='text-align: center;'> <img style='width: 100px; height: auto; border: 1px solid rgba(150&comma;150&comma;150&comma;0.3); border-radius: 8px;' src='https:\/\/ftp3.syscom.mx\/usuarios\/ftp\/single_page\/thorsman\/thorsman1-11.png' alt=''> <\/p>\n<p style='margin-top: 15px; color: inherit;'>Oficina<\/p>\n<\/p><\/div>\n<\/p><\/div>\n<p> <!-- Informaci\u00f3n adicional --> <\/p>\n<div style='display: flex; flex-wrap: wrap; gap: 30px; margin-bottom: 30px;'>\n<div style='flex: 1 1 300px; min-width: 280px;'> <img style='width: 100%; max-width: 400px; height: auto; border: 1px solid rgba(150&comma;150&comma;150&comma;0.3); border-radius: 8px;' src='https:\/\/ftp3.syscom.mx\/usuarios\/ftp\/single_page\/thorsman\/thorsman1-05.png' alt=''> <\/p>\n<p style='color: inherit; margin-top: 15px;'> El 40% de la capacidad es la m\u00e1xima recomendada por EIA\/TIA-569-A para dise\u00f1ar sistemas de cableado estructurado. <\/p>\n<\/p><\/div>\n<div style='flex: 1 1 300px; min-width: 280px;'> <img style='width: 100%; max-width: 400px; height: auto; border: 1px solid rgba(150&comma;150&comma;150&comma;0.3); border-radius: 8px;' src='https:\/\/ftp3.syscom.mx\/usuarios\/ftp\/single_page\/thorsman\/thorsman1-06.png' alt=''> <\/p>\n<p style='color: inherit; margin-top: 15px;'> Encuentre los sistemas de fijaci\u00f3n de Thorsman&comma; como las grapas para cable&comma; fleje&comma; cinchos de nylon y acero inoxidable&comma; que son fundamentales para la seguridad en cualquier instalaci\u00f3n. <\/p>\n<\/p><\/div>\n<div style='flex: 1 1 300px; min-width: 280px;'> <img style='width: 100%; max-width: 400px; height: auto; border: 1px solid rgba(150&comma;150&comma;150&comma;0.3); border-radius: 8px;' src='https:\/\/ftp3.syscom.mx\/usuarios\/ftp\/single_page\/thorsman\/thorsman1-07.png' alt=''> <\/p>\n<p style='color: inherit; margin-top: 15px;'> Los sistemas thelecom de Thorsman&comma; como las mini cajas de piso de energ\u00eda y voz\/datos&comma; as\u00ed como las cajas de piso de 2 y 4 m\u00f3dulos configurables&comma; brindan la soluci\u00f3n completa en conectividad para centros de entretenimiento como lo son casinos&comma; ferias&comma; museos&comma; plazas comerciales&comma; entre otros. <\/p>\n<\/p><\/div>\n<\/p><\/div>\n<\/p><\/div>\n","protected":false},"excerpt":{"rendered":"<p>Tornilllo 12mm x 2in para taquete TP3 (100pzs) (1392-01216)<\/p>\n","protected":false},"featured_media":11823,"comment_status":"open","ping_status":"closed","template":"","meta":[],"product_brand":[],"product_cat":[574],"product_tag":[572,575,583],"class_list":{"0":"post-119262","1":"product","2":"type-product","3":"status-publish","4":"has-post-thumbnail","6":"product_cat-fijacion","7":"product_tag-canalizacion","8":"product_tag-fijacion","9":"product_tag-thorsman","11":"first","12":"outofstock","13":"sale","14":"shipping-taxable","15":"purchasable","16":"product-type-simple"},"_links":{"self":[{"href":"https:\/\/soydeaqui.ddns.net\/pachuca\/index.php\/wp-json\/wp\/v2\/product\/119262","targetHints":{"allow":["GET"]}}],"collection":[{"href":"https:\/\/soydeaqui.ddns.net\/pachuca\/index.php\/wp-json\/wp\/v2\/product"}],"about":[{"href":"https:\/\/soydeaqui.ddns.net\/pachuca\/index.php\/wp-json\/wp\/v2\/types\/product"}],"replies":[{"embeddable":true,"href":"https:\/\/soydeaqui.ddns.net\/pachuca\/index.php\/wp-json\/wp\/v2\/comments?post=119262"}],"wp:featuredmedia":[{"embeddable":true,"href":"https:\/\/soydeaqui.ddns.net\/pachuca\/index.php\/wp-json\/wp\/v2\/media\/11823"}],"wp:attachment":[{"href":"https:\/\/soydeaqui.ddns.net\/pachuca\/index.php\/wp-json\/wp\/v2\/media?parent=119262"}],"wp:term":[{"taxonomy":"product_brand","embeddable":true,"href":"https:\/\/soydeaqui.ddns.net\/pachuca\/index.php\/wp-json\/wp\/v2\/product_brand?post=119262"},{"taxonomy":"product_cat","embeddable":true,"href":"https:\/\/soydeaqui.ddns.net\/pachuca\/index.php\/wp-json\/wp\/v2\/product_cat?post=119262"},{"taxonomy":"product_tag","embeddable":true,"href":"https:\/\/soydeaqui.ddns.net\/pachuca\/index.php\/wp-json\/wp\/v2\/product_tag?post=119262"}],"curies":[{"name":"wp","href":"https:\/\/api.w.org\/{rel}","templated":true}]}}