{"id":119239,"date":"2026-03-24T04:56:08","date_gmt":"2026-03-24T04:56:08","guid":{"rendered":"https:\/\/soydeaqui.ddns.net\/pachuca\/index.php\/producto\/nvr-12-megapixel-4k-32-canales-ip-soporta-camaras-con-acusense-8-bahias-de-disco-duro-2-tarjetas-de-red-soporta-raid-con-hot-swap-hdmi-en-4k-soporta-pos\/"},"modified":"2026-03-24T04:56:29","modified_gmt":"2026-03-24T04:56:29","slug":"nvr-12-megapixel-4k-32-canales-ip-soporta-camaras-con-acusense-8-bahias-de-disco-duro-2-tarjetas-de-red-soporta-raid-con-hot-swap-hdmi-en-4k-soporta-pos","status":"publish","type":"product","link":"https:\/\/soydeaqui.ddns.net\/pachuca\/index.php\/producto\/nvr-12-megapixel-4k-32-canales-ip-soporta-camaras-con-acusense-8-bahias-de-disco-duro-2-tarjetas-de-red-soporta-raid-con-hot-swap-hdmi-en-4k-soporta-pos\/","title":{"rendered":"NVR 12 Megapixel (4K) \/ 32 Canales IP \/ Soporta C\u00e1maras con AcuSense \/ 8 Bah\u00edas de Disco Duro \/ 2 Tarjetas de Red \/ Soporta RAID con Hot Swap \/ HDMI en 4K \/ Soporta POS"},"content":{"rendered":"<div style='width: 100%; max-width: 1200px; margin: 0 auto; font-family: sans-serif; line-height: 1.6; color: inherit; background-color: transparent;'>\n<p style='text-align: center; margin: 0; padding: 15px 0;'> <img style='width: 45%; height: auto; border: 1px solid rgba(150&comma;150&comma;150&comma;0.3); border-radius: 8px;' src='https:\/\/ftp3.syscom.mx\/usuarios\/jsosa\/HIKVISION\/imagenes\/logo\/hikvision%20see%20far.png' alt='Logo Hikvision'> <\/p>\n<div style='display: flex; flex-wrap: wrap; gap: 30px; margin: 30px 0;'> <!-- Caracter\u00edsticas principales --> <\/p>\n<div style='flex: 1 1 300px; min-width: 280px;'>\n<h3 style='font-size: 22px; border-bottom: 2px solid currentColor; padding-bottom: 5px; margin-top: 0; color: inherit; opacity: 0.8;'>Caracter\u00edsticas principales<\/h3>\n<ul style='padding-left: 20px; font-size: 15px; color: inherit;'>\n<li style='margin-bottom: 5px;'><strong>Compresi\u00f3n de video:<\/strong> H.265+ \/ H.265 \/ H.264+ \/ H.264<\/li>\n<li style='margin-bottom: 5px;'><strong>Accesorio:<\/strong> Soporta mouse USB para operar (incluido)<\/li>\n<li style='margin-bottom: 5px;'><strong>Almacenamiento:<\/strong> Soporta 8 HDD\u00b4s de hasta 10 TB (no incluidos)<\/li>\n<li style='margin-bottom: 5px;'><strong>RAID:<\/strong> Soporta HOT SWAP con arreglo RAID 0&comma;1&comma;5&comma;6&comma;10 (Capacidad de disco duro m\u00ednima de 4 TB para RAID)<\/li>\n<li style='margin-bottom: 5px;'><strong>B\u00fasqueda:<\/strong> Soporta b\u00fasqueda de agenda en forma local \u00f3 remota<\/li>\n<li style='margin-bottom: 5px;'><strong>ANR:<\/strong> Soporta tecnolog\u00eda ANR con c\u00e1mara IP HIKVISION cuando la red est\u00e1 desconectada<\/li>\n<li style='margin-bottom: 5px;'><strong>Hot Spare:<\/strong> Soporta Hot Spare para que nunca se pierda la grabaci\u00f3n (se requiere otro NVR que tambi\u00e9n soporte la funci\u00f3n)<\/li>\n<li style='margin-bottom: 5px;'><strong>DDNS:<\/strong> Soporta DDNS (Hik-Connect&comma; DynDNS&comma; etc)<\/li>\n<li style='margin-bottom: 5px;'><strong>Hik-Connect:<\/strong> Soporta Hik-Connect P2P<\/li>\n<li style='margin-bottom: 5px;'><strong>Software:<\/strong> Cliente IVMS-4200 (gratuito)<\/li>\n<li style='margin-bottom: 5px;'><strong>ONVIF:<\/strong> Soporta m\u00faltiples por medio de ONVIF<\/li>\n<\/ul><\/div>\n<p> <!-- Caracter\u00edsticas F\u00edsicas y El\u00e9ctricas --> <\/p>\n<div style='flex: 1 1 300px; min-width: 280px;'>\n<h3 style='font-size: 22px; border-bottom: 2px solid currentColor; padding-bottom: 5px; margin-top: 0; color: inherit; opacity: 0.8;'>Caracter\u00edsticas F\u00edsicas y El\u00e9ctricas<\/h3>\n<ul style='padding-left: 20px; font-size: 15px; color: inherit;'>\n<li style='margin-bottom: 5px;'><strong>Dimensiones:<\/strong> 445 \u00d7 470 \u00d7 90 mm (2 U rack)<\/li>\n<li style='margin-bottom: 5px;'><strong>Alimentaci\u00f3n:<\/strong> 100 a 240Vca \/ 30 W<\/li>\n<li style='margin-bottom: 5px;'><strong>Temperatura de operaci\u00f3n:<\/strong> -10\u00b0C a 55\u00b0C<\/li>\n<li style='margin-bottom: 5px;'><strong>Peso:<\/strong> 10 Kg sin HDD<\/li>\n<\/ul>\n<h4 style='font-size: 18px; margin-top: 20px; margin-bottom: 10px; color: inherit;'>Interfaces Entradas \/ Salidas<\/h4>\n<ul style='padding-left: 20px; font-size: 15px; color: inherit;'>\n<li style='margin-bottom: 5px;'><strong>Salida HDMI 1:<\/strong> 4K \/ 1080p \/ 720p<\/li>\n<li style='margin-bottom: 5px;'><strong>Salida HDMI 2:<\/strong> 1080p \/ 720p<\/li>\n<li style='margin-bottom: 5px;'><strong>Salida VGA 1:<\/strong> 4K \/ 1080p \/ 720p<\/li>\n<li style='margin-bottom: 5px;'><strong>Salida VGA 2:<\/strong> 1080p \/ 720p<\/li>\n<li style='margin-bottom: 5px;'><strong>Salida independiente:<\/strong> HDMI 1 y HDMI 2&comma; VGA 1 y VGA 2<\/li>\n<li style='margin-bottom: 5px;'><strong>Entrada de Audio:<\/strong> 1 Canal<\/li>\n<li style='margin-bottom: 5px;'><strong>Salida de Audio:<\/strong> 2 Canales<\/li>\n<li style='margin-bottom: 5px;'><strong>Entrada de Alarma:<\/strong> 16<\/li>\n<li style='margin-bottom: 5px;'><strong>Salida de Alarma:<\/strong> 4<\/li>\n<li style='margin-bottom: 5px;'><strong>Audio bidireccional:<\/strong> Soporta audio bidireccional (audio de dos v\u00edas)<\/li>\n<\/ul><\/div>\n<p> <!-- Capacidad de procesamiento y funciones de red --> <\/p>\n<div style='flex: 1 1 300px; min-width: 280px;'>\n<h3 style='font-size: 22px; border-bottom: 2px solid currentColor; padding-bottom: 5px; margin-top: 0; color: inherit; opacity: 0.8;'>Capacidad de procesamiento y funciones de red<\/h3>\n<ul style='padding-left: 20px; font-size: 15px; color: inherit;'>\n<li style='margin-bottom: 5px;'><strong>Throughput entrada:<\/strong> 320 Mbps (200 Mbps con RAID)<\/li>\n<li style='margin-bottom: 5px;'><strong>Throughput salida:<\/strong> 256 Mbps (200 Mbps con RAID)<\/li>\n<li style='margin-bottom: 5px;'><strong>Puertos LAN:<\/strong> 2 x Puerto red 10\/100\/1000 Mbps<\/li>\n<li style='margin-bottom: 5px;'><strong>Funciones LAN:<\/strong> Balanceo de carga y multi-direcci\u00f3n<\/li>\n<li style='margin-bottom: 5px;'><strong>Configuraci\u00f3n:<\/strong> Local y remota de par\u00e1metros<\/li>\n<li style='margin-bottom: 5px;'><strong>Descarga remota:<\/strong> Archivos grabados en la NVR<\/li>\n<li style='margin-bottom: 5px;'><strong>Bit\u00e1cora:<\/strong> Descarga remota de bit\u00e1cora de alarmas del NVR<\/li>\n<\/ul>\n<h4 style='font-size: 18px; margin-top: 20px; margin-bottom: 10px; color: inherit;'>Funciones de Grabaci\u00f3n y Visualizaci\u00f3n<\/h4>\n<ul style='padding-left: 20px; font-size: 15px; color: inherit;'>\n<li style='margin-bottom: 5px;'><strong>Detecci\u00f3n de movimiento:<\/strong> Multizona<\/li>\n<li style='margin-bottom: 5px;'><strong>Zoom digital:<\/strong> En visualizaci\u00f3n y grabaci\u00f3n<\/li>\n<li style='margin-bottom: 5px;'><strong>Dual stream:<\/strong> Main stream y sub stream<\/li>\n<li style='margin-bottom: 5px;'><strong>Reproducci\u00f3n:<\/strong> Avance r\u00e1pido&comma; lento&comma; cuadro a cuadro<\/li>\n<li style='margin-bottom: 5px;'><strong>Discos duros:<\/strong> Soporta tecnolog\u00eda S.M.A.R.T.<\/li>\n<li style='margin-bottom: 5px;'><strong>Tipos de grabaci\u00f3n:<\/strong> Tiempo real&comma; manual&comma; videosensor&comma; videosensor y alarma&comma; videosensor o alarma<\/li>\n<li style='margin-bottom: 5px;'><strong>Grabaci\u00f3n:<\/strong> C\u00edclica (sobreescritura) y no c\u00edclica<\/li>\n<\/ul>\n<h4 style='font-size: 18px; margin-top: 20px; margin-bottom: 10px; color: inherit;'>Resoluci\u00f3n de Grabaci\u00f3n por Canal<\/h4>\n<ul style='padding-left: 20px; font-size: 15px; color: inherit;'>\n<li style='margin-bottom: 5px;'><strong>1080P:<\/strong> 32 Canales @ 30 IPS<\/li>\n<li style='margin-bottom: 5px;'><strong>5 MP:<\/strong> 32 Canales @ 30 IPS<\/li>\n<li style='margin-bottom: 5px;'><strong>4K (8MP):<\/strong> 32 Canales @ 12 IPS<\/li>\n<li style='margin-bottom: 5px;'><strong>Reproducci\u00f3n s\u00edncrona:<\/strong> 16 Canales<\/li>\n<\/ul><\/div>\n<\/p><\/div>\n<p> <!-- Caracter\u00edsticas Destacadas --> <\/p>\n<div style='margin: 30px 0;'>\n<h3 style='font-size: 22px; border-bottom: 2px solid currentColor; padding-bottom: 5px; margin-top: 0; color: inherit; opacity: 0.8;'>Caracter\u00edsticas Destacadas<\/h3>\n<p style='margin-bottom: 15px;'><strong>Soporta c\u00e1maras con ACUSENSE (Filtro de Falsas Alarmas):<\/strong><\/p>\n<ul style='padding-left: 20px; font-size: 15px; color: inherit;'>\n<li style='margin-bottom: 5px;'>Con tecnolog\u00eda ACUSENSE podemos evitar falsas alarmas como movimiento de \u00e1rboles&comma; animales&comma; etc.<\/li>\n<li style='margin-bottom: 5px;'>Al activar la tecnolog\u00eda ACUSENSE en las c\u00e1maras solo detectar\u00e1 cuerpo humano y veh\u00edculos para identificar eventos realmente importantes y as\u00ed eliminar falsas alarmas.<\/li>\n<li style='margin-bottom: 5px;'>Soporta hasta 32 canales con la tecnolog\u00eda ACUSENSE utilizando c\u00e1maras:\n<ul style='margin: 10px 0; padding-left: 20px;'>\n<li style='margin-bottom: 5px;'> <a title='C\u00e1maras Acusense Serie 3' href='https:\/\/www.syscom.mx\/principal\/consultarproductosazul?global_search=ds2cd3&#038;ordenar=Relevancia&#038;pag=1' target='_blank' rel='noopener' style='color: inherit; text-decoration: underline;'>DS-2CD3XX<\/a> <\/li>\n<li style='margin-bottom: 5px;'> <a title='C\u00e1maras Acusense Serie 2' href='https:\/\/www.syscom.mx\/principal\/consultarproductosazul?global_search=ds2cd2xx3g2&#038;ordenar=Modelo_A-Z&#038;pag=1' target='_blank' rel='noopener' style='color: inherit; text-decoration: underline;'>DS-2CD2XX3G2<\/a> <\/li>\n<li style='margin-bottom: 5px;'> <a href='https:\/\/www.syscom.mx\/principal\/consultarproductosazul?global_search=DS-2CD2XX7G2&#038;ordenar=Relevancia&#038;pag=1' target='_blank' rel='noopener' style='color: inherit; text-decoration: underline;'>DS-2CD2XX7G2<\/a> (que soporte ACUSENSE) <\/li>\n<\/ul>\n<\/li>\n<\/ul><\/div>\n<p> <!-- Consideraciones --> <\/p>\n<div style='margin: 30px 0;'>\n<h3 style='font-size: 22px; border-bottom: 2px solid currentColor; padding-bottom: 5px; margin-top: 0; color: inherit; opacity: 0.8;'>Consideraciones<\/h3>\n<ul style='padding-left: 20px; font-size: 15px; color: inherit;'>\n<li style='margin-bottom: 5px;'>La serie de grabadores DS-96XXX trabaja bajo una arquitectura cliente &#8211; servidor&comma; por lo que es necesario workstation para su correcto funcionamiento para poder tener m\u00faltiples c\u00e1maras en visualizaci\u00f3n<\/li>\n<\/ul><\/div>\n<p> <!-- Recursos --> <\/p>\n<div style='margin: 30px 0;'>\n<h2 style='font-size: 20px; text-align: center; margin-bottom: 20px; color: inherit;'>Recursos<\/h2>\n<div style='display: flex; flex-wrap: wrap; gap: 20px; justify-content: center;'>\n<div style='flex: 1 1 250px; min-width: 200px; text-align: center;'> <a href='https:\/\/www.hikvision.com\/es-la\/support\/download\/software\/ivms4200-series\/?q=serie%20ivms4200&#038;position=1' target='_blank' rel='noopener' style='color: inherit; text-decoration: none;'> <img style='width: 100%; height: auto; border: 1px solid rgba(150&comma;150&comma;150&comma;0.3); border-radius: 8px;' src='https:\/\/ftp3.syscom.mx\/usuarios\/gmagos\/HIK\/IP\/IPC\/Imagenes%20pagina\/Descargas%20IVMS4200.jpg' alt='IVMS4200'> <\/p>\n<p style='margin-top: 10px; font-size: 15px;'>Descarga de Software IVMS4200<\/p>\n<p> <\/a> <\/div>\n<div style='flex: 1 1 250px; min-width: 200px; text-align: center;'> <a href='https:\/\/appstore.hikvision.com\/' target='_blank' rel='noopener' style='color: inherit; text-decoration: none;'> <img style='width: 100%; height: auto; border: 1px solid rgba(150&comma;150&comma;150&comma;0.3); border-radius: 8px;' src='https:\/\/ftp3.syscom.mx\/usuarios\/gmagos\/HIK\/IP\/IPC\/Imagenes%20pagina\/Descargas%20de%20app.jpg' alt='App Store Hikvision'> <\/p>\n<p style='margin-top: 10px; font-size: 15px;'>App Store Hikvision<\/p>\n<p> <\/a> <\/div>\n<div style='flex: 1 1 250px; min-width: 200px; text-align: center;'> <a href='https:\/\/ftp3.syscom.mx\/usuarios\/gmagos\/HIK\/IP\/NVR\/DS-9600NI-I8\/Especificaciones%20Tecnicas%20DS-9600NI-I8.pdf' target='_blank' rel='noopener' style='color: inherit; text-decoration: none;'> <img style='width: 100%; height: auto; border: 1px solid rgba(150&comma;150&comma;150&comma;0.3); border-radius: 8px;' src='https:\/\/ftp3.syscom.mx\/usuarios\/gmagos\/HIK\/IP\/IPC\/Imagenes%20pagina\/Descarga%20de%20PDF.jpg' alt='Especificaciones T\u00e9cnicas'> <\/p>\n<p style='margin-top: 10px; font-size: 15px;'>Especificaciones T\u00e9cnicas PDF<\/p>\n<p> <\/a> <\/div>\n<\/p><\/div>\n<\/p><\/div>\n<p> <!-- Im\u00e1genes del producto --> <\/p>\n<div style='margin: 30px 0;'>\n<h3 style='font-size: 22px; border-bottom: 2px solid currentColor; padding-bottom: 5px; margin-top: 0; margin-bottom: 20px; color: inherit; opacity: 0.8;'>Im\u00e1genes del producto<\/h3>\n<div style='display: flex; flex-wrap: wrap; gap: 20px;'>\n<div style='flex: 1 1 400px; min-width: 300px;'> <img style='width: 100%; height: auto; border: 1px solid rgba(150&comma;150&comma;150&comma;0.3); border-radius: 8px;' src='https:\/\/ftp3.syscom.mx\/usuarios\/emendoza\/elesbanmch\/HIKVISON\/IMAGENES\/DS9664NII8_1%20copia.jpg' alt='Vista frontal del NVR'> <\/div>\n<div style='flex: 1 1 400px; min-width: 300px;'> <img style='width: 100%; height: auto; border: 1px solid rgba(150&comma;150&comma;150&comma;0.3); border-radius: 8px;' src='https:\/\/ftp3.syscom.mx\/usuarios\/emendoza\/elesbanmch\/HIKVISON\/IMAGENES\/DS9664NII8_2%20copia.jpg' alt='Panel trasero del NVR'> <\/div>\n<\/p><\/div>\n<\/p><\/div>\n<p> <!-- Banner de soluci\u00f3n completa --> <\/p>\n<div style='margin: 30px 0;'> <img style='width: 100%; height: auto; border: 1px solid rgba(150&comma;150&comma;150&comma;0.3); border-radius: 8px;' src='https:\/\/ftp3.syscom.mx\/usuarios\/jsosa\/HIKVISION\/imagenes\/banners\/solution%20complete.png' alt='Soluci\u00f3n completa Hikvision'> <\/div>\n<\/p><\/div>\n","protected":false},"excerpt":{"rendered":"<p>NVR 12 Megapixel (4K) \/ 32 Canales IP \/ Soporta C\u00e1maras con AcuSense \/ 8 Bah\u00edas de Disco Duro \/ 2 Tarjetas de Red \/ Soporta RAID con Hot Swap \/ HDMI en 4K \/ Soporta POS<\/p>\n","protected":false},"featured_media":119238,"comment_status":"open","ping_status":"closed","template":"","meta":[],"product_brand":[],"product_cat":[2234],"product_tag":[122,54,2235],"class_list":{"0":"post-119239","1":"product","2":"type-product","3":"status-publish","4":"has-post-thumbnail","6":"product_cat-nvrs-network-video-recorders","7":"product_tag-camaras-ip-y-nvrs","8":"product_tag-hikvision","9":"product_tag-nvrs-network-video-recorders","11":"first","12":"outofstock","13":"sale","14":"shipping-taxable","15":"purchasable","16":"product-type-simple"},"_links":{"self":[{"href":"https:\/\/soydeaqui.ddns.net\/pachuca\/index.php\/wp-json\/wp\/v2\/product\/119239","targetHints":{"allow":["GET"]}}],"collection":[{"href":"https:\/\/soydeaqui.ddns.net\/pachuca\/index.php\/wp-json\/wp\/v2\/product"}],"about":[{"href":"https:\/\/soydeaqui.ddns.net\/pachuca\/index.php\/wp-json\/wp\/v2\/types\/product"}],"replies":[{"embeddable":true,"href":"https:\/\/soydeaqui.ddns.net\/pachuca\/index.php\/wp-json\/wp\/v2\/comments?post=119239"}],"wp:featuredmedia":[{"embeddable":true,"href":"https:\/\/soydeaqui.ddns.net\/pachuca\/index.php\/wp-json\/wp\/v2\/media\/119238"}],"wp:attachment":[{"href":"https:\/\/soydeaqui.ddns.net\/pachuca\/index.php\/wp-json\/wp\/v2\/media?parent=119239"}],"wp:term":[{"taxonomy":"product_brand","embeddable":true,"href":"https:\/\/soydeaqui.ddns.net\/pachuca\/index.php\/wp-json\/wp\/v2\/product_brand?post=119239"},{"taxonomy":"product_cat","embeddable":true,"href":"https:\/\/soydeaqui.ddns.net\/pachuca\/index.php\/wp-json\/wp\/v2\/product_cat?post=119239"},{"taxonomy":"product_tag","embeddable":true,"href":"https:\/\/soydeaqui.ddns.net\/pachuca\/index.php\/wp-json\/wp\/v2\/product_tag?post=119239"}],"curies":[{"name":"wp","href":"https:\/\/api.w.org\/{rel}","templated":true}]}}