{"id":119237,"date":"2026-03-24T04:56:02","date_gmt":"2026-03-24T04:56:02","guid":{"rendered":"https:\/\/soydeaqui.ddns.net\/pachuca\/index.php\/producto\/domo-ip-ptz-2-megapixel-anticorrosivo-23x-zoom-darkfighter-exterior-ip67-ik10-wdr-120-db-onvif-autoseguimiento\/"},"modified":"2026-03-24T04:56:05","modified_gmt":"2026-03-24T04:56:05","slug":"domo-ip-ptz-2-megapixel-anticorrosivo-23x-zoom-darkfighter-exterior-ip67-ik10-wdr-120-db-onvif-autoseguimiento","status":"publish","type":"product","link":"https:\/\/soydeaqui.ddns.net\/pachuca\/index.php\/producto\/domo-ip-ptz-2-megapixel-anticorrosivo-23x-zoom-darkfighter-exterior-ip67-ik10-wdr-120-db-onvif-autoseguimiento\/","title":{"rendered":"Domo IP PTZ 2 Megapixel \/ Anticorrosivo \/ 23X Zoom \/ DARKFIGHTER \/Exterior IP67 \/ IK10 \/ WDR 120 dB \/ Onvif \/ Autoseguimiento"},"content":{"rendered":"<div style='width: 100%; max-width: 1200px; margin: 0 auto; font-family: sans-serif; line-height: 1.6; color: inherit; background-color: transparent;'> <!-- Logo HIKVISION --> <\/p>\n<div style='text-align: center; margin: 30px 0;'> <img style='width: 45%; max-width: 500px; height: auto; border: 1px solid rgba(150&comma;150&comma;150&comma;0.3); border-radius: 8px;' src='https:\/\/ftp3.syscom.mx\/usuarios\/jsosa\/HIKVISION\/imagenes\/logo\/hikvision%20see%20far.png' alt='Logo HIKVISION'> <\/div>\n<p> <!-- Videos --> <\/p>\n<div style='display: flex; flex-wrap: wrap; gap: 30px; margin: 30px 0;'>\n<div style='flex: 1 1 300px; min-width: 280px; position: relative; padding-bottom: 56.25%; height: 0; overflow: hidden;'>   <\/div>\n<div style='flex: 1 1 300px; min-width: 280px; position: relative; padding-bottom: 56.25%; height: 0; overflow: hidden;'>   <\/div>\n<\/p><\/div>\n<p> <!-- Secciones principales --> <\/p>\n<div style='display: flex; flex-wrap: wrap; gap: 30px; margin: 30px 0;'> <!-- Caracter\u00edsticas principales --> <\/p>\n<div style='flex: 1 1 300px; min-width: 280px;'>\n<div style='border-left: 5px solid #ff0000; border-radius: 8px; padding: 15px; box-shadow: 2px 2px 10px rgba(200&comma;200&comma;200&comma;0.3);'>\n<h3 style='font-size: 18px; margin-top: 0; margin-bottom: 15px; color: inherit;'><strong>Caracter\u00edsticas principales:<\/strong><\/h3>\n<ul style='padding-left: 20px; font-size: 14px; color: inherit; list-style-type: disc;'>\n<li style='margin-bottom: 8px;'>Sensor de imagen: 1\/1.9&#8242; CMOS Scan Progresivo.<\/li>\n<li style='margin-bottom: 8px;'>Iluminacion minima: F1.5&comma; AGC On: Color: 0.002 lux&comma; B\/W: 0.0002 lux.<\/li>\n<li style='margin-bottom: 8px;'>Velocidad del sutther: 1 s a 1\/30&comma;000 s.<\/li>\n<li style='margin-bottom: 8px;'>Dia \/ Noche real con filtro ICR.<\/li>\n<li style='margin-bottom: 8px;'>Lente Varifocal Motorizado: 5.9 a 135.7 mm (23X Zoom Optico \/ 16X Zoom Digital).<\/li>\n<li style='margin-bottom: 8px;'>Distancia de IR: N\/A.<\/li>\n<li style='margin-bottom: 8px;'><strong>Funciones:<\/strong> WDR real (120dB)&comma; 3D-DNR&comma; BLC&comma; Defog&comma; ROI&comma; Cruce de linea&comma; Intrusion de area&comma; Deteccion de rostros&comma; detecci\u00f3n de excepcion de audio&comma; detecci\u00f3n de des-enfoque&comma; detecci\u00f3n de movimiento&comma; deteccion de entrada\/salida de area&comma; objeto removido&comma; objeto olvidado&comma; conteo de objetos&comma; autoseguimiento (auto tracking).<\/li>\n<\/ul><\/div>\n<\/p><\/div>\n<p> <!-- Caracter\u00edsticas F\u00edsicas y El\u00e9ctricas --> <\/p>\n<div style='flex: 1 1 300px; min-width: 280px;'>\n<div style='border-left: 5px solid #ff0000; border-radius: 8px; padding: 15px; box-shadow: 2px 2px 10px rgba(200&comma;200&comma;200&comma;0.3);'>\n<h3 style='font-size: 18px; margin-top: 0; margin-bottom: 15px; color: inherit;'><strong>Caracter\u00edsticas F\u00edsicas y El\u00e9ctricas:<\/strong><\/h3>\n<ul style='padding-left: 20px; font-size: 14px; color: inherit; list-style-type: disc;'>\n<li style='margin-bottom: 8px;'>Temperatura de operacion: -40 a 65 \u00b0C (-22 \u00b0F \u2013 149 \u00b0F)&comma; humedad 90%.<\/li>\n<li style='margin-bottom: 8px;'>Alimentacion: 24 vca \/ Hi-PoE \/ 60 W.<\/li>\n<li style='margin-bottom: 8px;'>Aplicaci\u00f3n: Interior \/ Exterior<\/li>\n<li style='margin-bottom: 8px;'><strong>Proteccion: IP67&comma; IK10&comma; Certificaci\u00f3n NEMA 4X&comma; C5-M&comma; WF2.<\/strong><\/li>\n<li style='margin-bottom: 8px;'><strong>Dise\u00f1ada para ambientes humedos y con salitre (Costas&comma; plantas de agua&comma; plantas quimicas&comma; barcos&comma; islas o todo ambiente que requiera un alto nivel anticorrosivo).<\/strong><\/li>\n<li style='margin-bottom: 8px;'>Dimensiones: 262 \u00d7 330 mm.<\/li>\n<li style='margin-bottom: 8px;'>Peso: 10 Kgs.<\/li>\n<\/ul><\/div>\n<\/p><\/div>\n<p> <!-- Funciones de red y almacenamiento --> <\/p>\n<div style='flex: 1 1 300px; min-width: 280px;'>\n<div style='border-left: 5px solid #ff0000; border-radius: 8px; padding: 15px; box-shadow: 2px 2px 10px rgba(200&comma;200&comma;200&comma;0.3);'>\n<h3 style='font-size: 18px; margin-top: 0; margin-bottom: 15px; color: inherit;'><strong>Funciones de red y almacenamiento:<\/strong><\/h3>\n<ul style='padding-left: 20px; font-size: 14px; color: inherit; list-style-type: disc;'>\n<li style='margin-bottom: 8px;'>Soporta NAS: (NFS&comma;SMB\/CIFS).<\/li>\n<li style='margin-bottom: 8px;'>Protocolos: IPv4\/IPv6&comma; HTTP&comma; HTTPS&comma; 802.1X&comma; QoS&comma; FTP&comma; SMTP&comma; UPnP&comma; SNMP&comma; DNS&comma; DDNS&comma; NTP&comma; RTSP&comma; RTP&comma; TCP&comma; UDP&comma; IGMP&comma; ICMP&comma; DHCP&comma; PPPoE.<\/li>\n<li style='margin-bottom: 8px;'>ONVIF: PROFILE S&comma;PROFILE G&comma;PSIA&comma;CGI&comma;ISAPI&comma;GB28181.<\/li>\n<\/ul>\n<h4 style='font-size: 16px; margin-top: 20px; margin-bottom: 10px; color: inherit;'><strong>Interfaces y Audio:<\/strong><\/h4>\n<ul style='padding-left: 20px; font-size: 14px; color: inherit; list-style-type: disc;'>\n<li style='margin-bottom: 8px;'>Audio: 1 entrada y 1 salida.<\/li>\n<li style='margin-bottom: 8px;'>Red: 1 puerto RJ45 10\/100 Mbps.<\/li>\n<li style='margin-bottom: 8px;'>Alarma: 7 entradas y 2 salidas.<\/li>\n<li style='margin-bottom: 8px;'>Salida de video en BNC&comma; resolucion 4CIF.<\/li>\n<\/ul><\/div>\n<\/p><\/div>\n<\/p><\/div>\n<p> <!-- Compresion de video y resolucion maxima --> <\/p>\n<div style='margin: 30px 0;'>\n<div style='border-left: 5px solid #ff0000; border-radius: 8px; padding: 15px; box-shadow: 2px 2px 10px rgba(200&comma;200&comma;200&comma;0.3);'>\n<h3 style='font-size: 18px; margin-top: 0; margin-bottom: 15px; color: inherit;'><strong>Compresion de video y resolucion maxima:<\/strong><\/h3>\n<ul style='padding-left: 20px; font-size: 14px; color: inherit; list-style-type: disc;'>\n<li style='margin-bottom: 8px;'>Formato de compresion: H.264 \/ MJPEG \/ MPEG4.<\/li>\n<li style='margin-bottom: 8px;'>Video bit rate: 32 Kbps &#8211; 16 Mbps.<\/li>\n<li style='margin-bottom: 8px;'>Compresion de audio: G.711ulaw\/G.711alaw\/G.726\/MP2L2\/G.722\/PCM.<\/li>\n<li style='margin-bottom: 8px;'>Audio bit rate: 64Kbps(G.711) \/ 16Kbps(G.722.1) \/ 16Kbps(G.726) \/ 32-128Kbps(MP2L2).<\/li>\n<li style='margin-bottom: 8px;'>Resolucion maxima: 1920 \u00d7 1080 (2MP).<\/li>\n<li style='margin-bottom: 8px;'>Main stream: 50Hz: 50fps (1920 \u00d7 1080&comma;1280 \u00d7 960&comma;1280 \u00d7 720); 60Hz: 60fps (1920 \u00d7 1080&comma;1280 \u00d7 960&comma;1280 \u00d7720).<\/li>\n<li style='margin-bottom: 8px;'>Sub stream: 50Hz: 25fps(704\u00d7576&comma; 352\u00d7288&comma; 176\u00d7144); 60Hz: 30fps(704\u00d7480&comma; 352\u00d7240&comma; 176\u00d7120).<\/li>\n<\/ul><\/div>\n<\/p><\/div>\n<p> <!-- Banner final --> <\/p>\n<div style='margin: 30px 0;'> <img style='width: 100%; height: auto; border: 1px solid rgba(150&comma;150&comma;150&comma;0.3); border-radius: 8px;' src='https:\/\/ftp3.syscom.mx\/usuarios\/jsosa\/HIKVISION\/imagenes\/banners\/solution%20complete.png' alt='Banner HIKVISION'> <\/div>\n<\/p><\/div>\n","protected":false},"excerpt":{"rendered":"<p>Domo IP PTZ 2 Megapixel \/ Anticorrosivo \/ 23X Zoom \/ DARKFIGHTER \/Exterior IP67 \/ IK10 \/ WDR 120 dB \/ Onvif \/ Autoseguimiento<\/p>\n","protected":false},"featured_media":119236,"comment_status":"open","ping_status":"closed","template":"","meta":[],"product_brand":[],"product_cat":[2289],"product_tag":[2290,122,54],"class_list":{"0":"post-119237","1":"product","2":"type-product","3":"status-publish","4":"has-post-thumbnail","6":"product_cat-ambientes-salinos-anticorrosion","7":"product_tag-ambientes-salinos-anticorrosion","8":"product_tag-camaras-ip-y-nvrs","9":"product_tag-hikvision","11":"first","12":"outofstock","13":"sale","14":"shipping-taxable","15":"purchasable","16":"product-type-simple"},"_links":{"self":[{"href":"https:\/\/soydeaqui.ddns.net\/pachuca\/index.php\/wp-json\/wp\/v2\/product\/119237","targetHints":{"allow":["GET"]}}],"collection":[{"href":"https:\/\/soydeaqui.ddns.net\/pachuca\/index.php\/wp-json\/wp\/v2\/product"}],"about":[{"href":"https:\/\/soydeaqui.ddns.net\/pachuca\/index.php\/wp-json\/wp\/v2\/types\/product"}],"replies":[{"embeddable":true,"href":"https:\/\/soydeaqui.ddns.net\/pachuca\/index.php\/wp-json\/wp\/v2\/comments?post=119237"}],"wp:featuredmedia":[{"embeddable":true,"href":"https:\/\/soydeaqui.ddns.net\/pachuca\/index.php\/wp-json\/wp\/v2\/media\/119236"}],"wp:attachment":[{"href":"https:\/\/soydeaqui.ddns.net\/pachuca\/index.php\/wp-json\/wp\/v2\/media?parent=119237"}],"wp:term":[{"taxonomy":"product_brand","embeddable":true,"href":"https:\/\/soydeaqui.ddns.net\/pachuca\/index.php\/wp-json\/wp\/v2\/product_brand?post=119237"},{"taxonomy":"product_cat","embeddable":true,"href":"https:\/\/soydeaqui.ddns.net\/pachuca\/index.php\/wp-json\/wp\/v2\/product_cat?post=119237"},{"taxonomy":"product_tag","embeddable":true,"href":"https:\/\/soydeaqui.ddns.net\/pachuca\/index.php\/wp-json\/wp\/v2\/product_tag?post=119237"}],"curies":[{"name":"wp","href":"https:\/\/api.w.org\/{rel}","templated":true}]}}