{"id":119228,"date":"2026-03-24T04:55:34","date_gmt":"2026-03-24T04:55:34","guid":{"rendered":"https:\/\/soydeaqui.ddns.net\/pachuca\/index.php\/producto\/adaptador-convertidor-hdmi-a-vga-hdmi-macho-a-vga-hembra-resolucion-1920x1080-60hz-adaptador-de-audio-de-3-5-mm-chapado-en-niquel\/"},"modified":"2026-03-24T04:55:46","modified_gmt":"2026-03-24T04:55:46","slug":"adaptador-convertidor-hdmi-a-vga-hdmi-macho-a-vga-hembra-resolucion-1920x1080-60hz-adaptador-de-audio-de-3-5-mm-chapado-en-niquel","status":"publish","type":"product","link":"https:\/\/soydeaqui.ddns.net\/pachuca\/index.php\/producto\/adaptador-convertidor-hdmi-a-vga-hdmi-macho-a-vga-hembra-resolucion-1920x1080-60hz-adaptador-de-audio-de-3-5-mm-chapado-en-niquel\/","title":{"rendered":"Adaptador (Convertidor) HDMI a VGA  \/ HDMI Macho a VGA Hembra \/ Resoluci\u00f3n 1920&#215;1080 @ 60Hz  \/ Adaptador de Audio de 3.5 mm \/ Chapado en N\u00edquel"},"content":{"rendered":"<div style='width: 100%; max-width: 1200px; margin: 0 auto; font-family: sans-serif; line-height: 1.6; color: inherit; background-color: transparent;'>\n<div style='width: 100%; text-align: center; margin-bottom: 30px;'>\n<h1 style='font-size: 24px; color: inherit; margin: 0 0 10px;'><strong>HDMI-VGA<\/strong><\/h1>\n<h3 style='font-size: 18px; color: inherit; margin: 0 0 20px;'>Adaptador HDMI a VGA chapado en n\u00edquel<\/h3>\n<p style='font-size: 15px; margin: 0 auto; max-width: 800px;'>La marca EPCOM POWER LINE presenta su nueva gama de adaptadores&comma; cables y accesorios para CCTV. El Adaptador\/Convertidor HDMIVGA&comma; permite convertir la se\u00f1al HDMI de un equipo transmisor como una laptop&comma; ultrabook&comma; computadora de escritorio a un proyector o pantalla con entrada en VGA&comma; al tiempo que se ahorra el costo de actualizar su monitor a uno compatible con HDMI. Este convertidor HDMI a VGA&comma; est\u00e1 dirigido a dar salida al contenido generado por el usuario&comma; tal como documentos de trabajo y presentaciones. Este adaptador tambi\u00e9n puede incrementar su productividad al extender el escritorio de su PC a un monitor secundario&comma; multiplicando por dos su espacio de trabajo.<\/p>\n<\/p><\/div>\n<div style='display: flex; flex-wrap: wrap; gap: 30px; margin-bottom: 40px;'>\n<div style='flex: 1 1 300px; min-width: 280px;'>\n<div style='width: 100%; background-color: #eee; margin-bottom: 15px;'> <img style='width: 100%; height: auto; border: 1px solid rgba(150&comma;150&comma;150&comma;0.3); border-radius: 8px;' src='http:\/\/ftp3.syscom.mx\/usuarios\/hallende\/Familia%20Centro\/Miscelaneos\/HDMIVGA\/HDMIVGA-1.png' alt=''> <\/div>\n<h3 style='font-size: 20px; border-bottom: 2px solid currentColor; padding-bottom: 5px; margin-top: 0; color: inherit; opacity: 0.8;'>Caracter\u00edsticas Principales:<\/h3>\n<ul style='padding-left: 20px; font-size: 15px; color: inherit;'>\n<li style='margin-bottom: 5px;'>Con soporte para resoluciones de hasta 1080p (1920&#215;1080<\/li>\n<li style='margin-bottom: 5px;'>Superpeque\u00f1o&comma; f\u00e1cil de portar<\/li>\n<li style='margin-bottom: 5px;'>Su dise\u00f1o compacto de alta calidad asegura durabilidad a largo plazo y ocupa un espacio m\u00ednimo<\/li>\n<\/ul><\/div>\n<div style='flex: 1 1 300px; min-width: 280px;'>\n<div style='width: 100%; background-color: #eee; margin-bottom: 15px;'> <img style='width: 100%; height: auto; border: 1px solid rgba(150&comma;150&comma;150&comma;0.3); border-radius: 8px;' src='http:\/\/ftp3.syscom.mx\/usuarios\/hallende\/Familia%20Centro\/Miscelaneos\/HDMIVGA\/HDMIVGA-2.png' alt=''> <\/div>\n<h3 style='font-size: 20px; border-bottom: 2px solid currentColor; padding-bottom: 5px; margin-top: 0; color: inherit; opacity: 0.8;'>Caracter\u00edsticas F\u00edsicas y El\u00e9ctricas:<\/h3>\n<ul style='padding-left: 20px; font-size: 15px; color: inherit;'>\n<li style='margin-bottom: 5px;'>El adaptador ofrece un simple dise\u00f1o plug-and-play que garantiza una configuraci\u00f3n r\u00e1pida y f\u00e1cil<\/li>\n<li style='margin-bottom: 5px;'>El adaptador HDMI a VGA no requiere de adaptadores de alimentaci\u00f3n externos&comma; lo cual asegura m\u00e1xima portabilidad<\/li>\n<\/ul><\/div>\n<div style='flex: 1 1 300px; min-width: 280px;'>\n<div style='width: 100%; background-color: #eee; margin-bottom: 15px;'> <img style='width: 100%; height: auto; border: 1px solid rgba(150&comma;150&comma;150&comma;0.3); border-radius: 8px;' src='http:\/\/ftp3.syscom.mx\/usuarios\/hallende\/Familia%20Centro\/Miscelaneos\/HDMIVGA\/HDMIVGA-3.png' alt=''> <\/div>\n<h3 style='font-size: 20px; border-bottom: 2px solid currentColor; padding-bottom: 5px; margin-top: 0; color: inherit; opacity: 0.8;'>Caracter\u00edsticas Destacadas:<\/h3>\n<ul style='padding-left: 20px; font-size: 15px; color: inherit;'>\n<li style='margin-bottom: 5px;'>Permite conectar dispositivos equipados con HDMI como laptops&comma; ultrabooks u ordenadores de escritorio a un proyector o pantalla VGA<\/li>\n<li style='margin-bottom: 5px;'>Adaptaciones en equipos de CCTV<\/li>\n<li style='margin-bottom: 5px;'>1 a\u00f1o de garant\u00eda<\/li>\n<\/ul><\/div>\n<\/p><\/div>\n<\/p><\/div>\n","protected":false},"excerpt":{"rendered":"<p>Adaptador (Convertidor) HDMI a VGA  \/ HDMI Macho a VGA Hembra \/ Resoluci\u00f3n 1920&#215;1080 @ 60Hz  \/ Adaptador de Audio de 3.5 mm \/ Chapado en N\u00edquel<\/p>\n","protected":false},"featured_media":119227,"comment_status":"open","ping_status":"closed","template":"","meta":[],"product_brand":[],"product_cat":[2315],"product_tag":[93,454,2065],"class_list":{"0":"post-119228","1":"product","2":"type-product","3":"status-publish","4":"has-post-thumbnail","6":"product_cat-accesorios-servidores-almacenamiento","7":"product_tag-accesorios","8":"product_tag-epcom-powerline","9":"product_tag-servidores-almacenamiento","11":"first","12":"outofstock","13":"sale","14":"shipping-taxable","15":"purchasable","16":"product-type-simple"},"_links":{"self":[{"href":"https:\/\/soydeaqui.ddns.net\/pachuca\/index.php\/wp-json\/wp\/v2\/product\/119228","targetHints":{"allow":["GET"]}}],"collection":[{"href":"https:\/\/soydeaqui.ddns.net\/pachuca\/index.php\/wp-json\/wp\/v2\/product"}],"about":[{"href":"https:\/\/soydeaqui.ddns.net\/pachuca\/index.php\/wp-json\/wp\/v2\/types\/product"}],"replies":[{"embeddable":true,"href":"https:\/\/soydeaqui.ddns.net\/pachuca\/index.php\/wp-json\/wp\/v2\/comments?post=119228"}],"wp:featuredmedia":[{"embeddable":true,"href":"https:\/\/soydeaqui.ddns.net\/pachuca\/index.php\/wp-json\/wp\/v2\/media\/119227"}],"wp:attachment":[{"href":"https:\/\/soydeaqui.ddns.net\/pachuca\/index.php\/wp-json\/wp\/v2\/media?parent=119228"}],"wp:term":[{"taxonomy":"product_brand","embeddable":true,"href":"https:\/\/soydeaqui.ddns.net\/pachuca\/index.php\/wp-json\/wp\/v2\/product_brand?post=119228"},{"taxonomy":"product_cat","embeddable":true,"href":"https:\/\/soydeaqui.ddns.net\/pachuca\/index.php\/wp-json\/wp\/v2\/product_cat?post=119228"},{"taxonomy":"product_tag","embeddable":true,"href":"https:\/\/soydeaqui.ddns.net\/pachuca\/index.php\/wp-json\/wp\/v2\/product_tag?post=119228"}],"curies":[{"name":"wp","href":"https:\/\/api.w.org\/{rel}","templated":true}]}}