{"id":119218,"date":"2026-03-24T04:55:01","date_gmt":"2026-03-24T04:55:01","guid":{"rendered":"https:\/\/soydeaqui.ddns.net\/pachuca\/index.php\/producto\/pantalla-profesional-lcd-de-55-para-video-wall-full-hd-1080p-bisel-delgado-de-3-5mm-brillo-500-cd\/"},"modified":"2026-03-24T04:55:03","modified_gmt":"2026-03-24T04:55:03","slug":"pantalla-profesional-lcd-de-55-para-video-wall-full-hd-1080p-bisel-delgado-de-3-5mm-brillo-500-cd","status":"publish","type":"product","link":"https:\/\/soydeaqui.ddns.net\/pachuca\/index.php\/producto\/pantalla-profesional-lcd-de-55-para-video-wall-full-hd-1080p-bisel-delgado-de-3-5mm-brillo-500-cd\/","title":{"rendered":"Pantalla Profesional LCD de 55&#8243; para Video Wall, Full HD (1080p), bisel Delgado de 3.5mm, brillo 500 Cd"},"content":{"rendered":"<div style='width: 100%; max-width: 1200px; margin: 0 auto; font-family: sans-serif; line-height: 1.6; color: inherit; background-color: transparent;'>\n<div style='display: flex; flex-wrap: wrap; gap: 30px; margin-bottom: 30px;'>\n<div style='flex: 1 1 300px; min-width: 280px;'>\n<h3 style='font-size: 22px; border-bottom: 2px solid currentColor; padding-bottom: 5px; margin-top: 0; color: inherit; opacity: 0.8;'>Caracter\u00edsticas F\u00edsicas y El\u00e9ctricas<\/h3>\n<ul style='padding-left: 20px; font-size: 15px; color: inherit;'>\n<li style='margin-bottom: 5px;'><strong>Alimentaci\u00f3n:<\/strong> 100 a 240 Vca<\/li>\n<li style='margin-bottom: 5px;'><strong>Consumo:<\/strong> 110 W<\/li>\n<li style='margin-bottom: 5px;'><strong>Dimensiones:<\/strong> 1213.5 x 684.3 x 78.6 mm<\/li>\n<li style='margin-bottom: 5px;'><strong>Brillo:<\/strong> 500 Cd<\/li>\n<li style='margin-bottom: 5px;'><strong>\u00c1ngulo de Visi\u00f3n:<\/strong> 178\u00ba<\/li>\n<li style='margin-bottom: 5px;'><strong>Entradas de video:<\/strong> DVI&comma; HDMI&comma; CVBS&comma; VGA<\/li>\n<li style='margin-bottom: 5px;'><strong>Temperatura de operaci\u00f3n:<\/strong> 0\u00baC &#8211; 50\u00baC<\/li>\n<li style='margin-bottom: 5px;'><strong>Bisel:<\/strong> 3.5mm<\/li>\n<\/ul><\/div>\n<\/p><\/div>\n<div style='display: flex; flex-wrap: wrap; justify-content: center; gap: 20px; margin-bottom: 30px;'> <img style='width: 100%; height: auto; border: 1px solid rgba(150&comma;150&comma;150&comma;0.3); border-radius: 8px; max-width: 800px;' src='http:\/\/ftp3.syscom.mx\/usuarios\/fotos\/WALLHDMI2X2\/75198-screen_shot_2016-03-04_at_9.30.13_am.png' alt=''> <img style='width: 100%; height: auto; border: 1px solid rgba(150&comma;150&comma;150&comma;0.3); border-radius: 8px; max-width: 800px;' src='http:\/\/ftp3.syscom.mx\/usuarios\/adelatorre\/brochures\/TVWALL\/Screen%20Shot%202014-12-11%20at%208.45.50.png' alt='Controlador Video Wall mixto' height='616'> <\/div>\n<div style='margin: 30px 0;'>\n<p style='text-align: center; margin: 20px 0;'><img style='width: 45%; max-width: 100%; height: auto; border: 1px solid rgba(150&comma;150&comma;150&comma;0.3); border-radius: 8px;' src='https:\/\/ftp3.syscom.mx\/usuarios\/nortega\/hikvision\/HPD.png' alt=''><\/p>\n<h3 style='font-size: 24px; margin: 20px 0; color: inherit; text-align: center;'>KIT de Videowall LED&comma; Incluye:<\/h3>\n<div style='display: flex; flex-wrap: wrap; gap: 20px; margin-bottom: 30px;'>\n<div style='flex: 1 1 250px; border: 1px solid rgba(150&comma; 150&comma; 150&comma; 0.4); border-radius: 8px; overflow: hidden; display: flex; flex-direction: column;'>\n<div style='padding: 15px; border-bottom: 1px solid rgba(150&comma; 150&comma; 150&comma; 0.2); font-weight: bold; font-size: 18px; color: inherit; background-color: rgba(240&comma; 240&comma; 240&comma; 0.05);'>M\u00f3dulos<\/div>\n<div style='padding: 15px; color: inherit;'>\n<ul style='padding-left: 20px; margin: 0; font-size: 14px; list-style-type: disc;'>\n<li style='margin-bottom: 5px;'>36 x <a href='https:\/\/www.syscom.mx\/products\/242978' target='_blank' rel='noopener' style='color: #0066cc; text-decoration: underline;'>DS-D4009BW-2FC\/A<\/a><\/li>\n<\/ul><\/div>\n<\/p><\/div>\n<div style='flex: 1 1 250px; border: 1px solid rgba(150&comma; 150&comma; 150&comma; 0.4); border-radius: 8px; overflow: hidden; display: flex; flex-direction: column;'>\n<div style='padding: 15px; border-bottom: 1px solid rgba(150&comma; 150&comma; 150&comma; 0.2); font-weight: bold; font-size: 18px; color: inherit; background-color: rgba(240&comma; 240&comma; 240&comma; 0.05);'>Gabinetes<\/div>\n<div style='padding: 15px; color: inherit;'>\n<ul style='padding-left: 20px; margin: 0; font-size: 14px; list-style-type: disc;'>\n<li style='margin-bottom: 5px;'>9 x <a href='https:\/\/www.syscom.mx\/products\/239885' target='_blank' rel='noopener' style='color: #0066cc; text-decoration: underline;'>DS-D40W2F<\/a><\/li>\n<\/ul><\/div>\n<\/p><\/div>\n<div style='flex: 1 1 250px; border: 1px solid rgba(150&comma; 150&comma; 150&comma; 0.4); border-radius: 8px; overflow: hidden; display: flex; flex-direction: column;'>\n<div style='padding: 15px; border-bottom: 1px solid rgba(150&comma; 150&comma; 150&comma; 0.2); font-weight: bold; font-size: 18px; color: inherit; background-color: rgba(240&comma; 240&comma; 240&comma; 0.05);'>Montajes<\/div>\n<div style='padding: 15px; color: inherit;'>\n<ul style='padding-left: 20px; margin: 0; font-size: 14px; list-style-type: disc;'>\n<li style='margin-bottom: 5px;'>9 x <a href='https:\/\/www.syscom.mx\/products\/246193' target='_blank' rel='noopener' style='color: #0066cc; text-decoration: underline;'>DP-D40XXCB-22<\/a><\/li>\n<\/ul><\/div>\n<\/p><\/div>\n<div style='flex: 1 1 250px; border: 1px solid rgba(150&comma; 150&comma; 150&comma; 0.4); border-radius: 8px; overflow: hidden; display: flex; flex-direction: column;'>\n<div style='padding: 15px; border-bottom: 1px solid rgba(150&comma; 150&comma; 150&comma; 0.2); font-weight: bold; font-size: 18px; color: inherit; background-color: rgba(240&comma; 240&comma; 240&comma; 0.05);'>Controlador<\/div>\n<div style='padding: 15px; color: inherit;'>\n<ul style='padding-left: 20px; margin: 0; font-size: 14px; list-style-type: disc;'>\n<li style='margin-bottom: 5px;'>1 x <a href='https:\/\/www.syscom.mx\/products\/240964' target='_blank' rel='noopener' style='color: #0066cc; text-decoration: underline;'>DS-DT60C-01HI06NO<\/a><\/li>\n<\/ul><\/div>\n<\/p><\/div>\n<div style='flex: 1 1 250px; border: 1px solid rgba(150&comma; 150&comma; 150&comma; 0.4); border-radius: 8px; overflow: hidden; display: flex; flex-direction: column;'>\n<div style='padding: 15px; border-bottom: 1px solid rgba(150&comma; 150&comma; 150&comma; 0.2); font-weight: bold; font-size: 18px; color: inherit; background-color: rgba(240&comma; 240&comma; 240&comma; 0.05);'>Accesorios<\/div>\n<div style='padding: 15px; color: inherit;'>\n<ul style='padding-left: 20px; margin: 0; font-size: 14px; list-style-type: disc;'>\n<li style='margin-bottom: 5px;'>1 x <a href='https:\/\/www.syscom.mx\/products\/208093' target='_blank' rel='noopener' style='color: #0066cc; text-decoration: underline;'>DS-D42MF2B<\/a><\/li>\n<li style='margin-bottom: 5px;'>1 x <a href='https:\/\/www.syscom.mx\/products\/230697' target='_blank' rel='noopener' style='color: #0066cc; text-decoration: underline;'>DS-D40W-2F\/PC<\/a><\/li>\n<li style='margin-bottom: 5px;'>5 x <a href='https:\/\/www.syscom.mx\/products\/235458' target='_blank' rel='noopener' style='color: #0066cc; text-decoration: underline;'>DS-1NP6UEC0-1000-G<\/a><\/li>\n<\/ul><\/div>\n<\/p><\/div>\n<div style='flex: 1 1 250px; border: 1px solid rgba(150&comma; 150&comma; 150&comma; 0.4); border-radius: 8px; overflow: hidden; display: flex; flex-direction: column;'>\n<div style='padding: 15px; border-bottom: 1px solid rgba(150&comma; 150&comma; 150&comma; 0.2); font-weight: bold; font-size: 18px; color: inherit; background-color: rgba(240&comma; 240&comma; 240&comma; 0.05);'>Refacciones<\/div>\n<div style='padding: 15px; color: inherit;'>\n<ul style='padding-left: 20px; margin: 0; font-size: 14px; list-style-type: disc;'>\n<li style='margin-bottom: 5px;'>4 x <a href='https:\/\/www.syscom.mx\/products\/242978' target='_blank' rel='noopener' style='color: #0066cc; text-decoration: underline;'>DS-D4009BW-2FC\/A<\/a><\/li>\n<li style='margin-bottom: 5px;'>1 x <a href='https:\/\/www.syscom.mx\/products\/239894' target='_blank' rel='noopener' style='color: #0066cc; text-decoration: underline;'>DS-D40W-2F\/HUB<\/a><\/li>\n<\/ul><\/div>\n<\/p><\/div>\n<\/p><\/div>\n<\/p><\/div>\n<div style='margin: 30px 0; padding: 20px; border: 1px solid rgba(150&comma; 150&comma; 150&comma; 0.3); border-radius: 8px; background-color: rgba(240&comma; 240&comma; 240&comma; 0.05);'>\n<p style='margin: 0; text-align: center;'>Kit completo de videowall LED de alta calidad&comma; dise\u00f1ado para los entornos m\u00e1s exigentes como salas de juntas ejecutivas y salas de entretenimiento residenciales de lujo. Este paquete incluye todo lo necesario para una instalaci\u00f3n limpia e inmediata&comma; ofreciendo una pantalla de 81&#8242; de diagonal (1.80m x 1.09m) perfecta para estos espacios&comma; con m\u00f3dulos de Pitch 0.9 y tecnolog\u00eda COB.<\/p>\n<\/p><\/div>\n<div style='display: flex; flex-wrap: wrap; gap: 30px; margin: 30px 0;'>\n<div style='flex: 1 1 300px; min-width: 280px;'>\n<h3 style='font-size: 22px; border-bottom: 2px solid currentColor; padding-bottom: 5px; margin-top: 0; color: inherit; opacity: 0.8;'>Caracter\u00edsticas Principales<\/h3>\n<ul style='padding-left: 20px; font-size: 15px; color: inherit;'>\n<li style='margin-bottom: 5px;'><strong>Tama\u00f1o:<\/strong> 1.80 x 1.09 metros<\/li>\n<li style='margin-bottom: 5px;'><strong>Tama\u00f1o en diagonal:<\/strong> 81&#8242;<\/li>\n<li style='margin-bottom: 5px;'><strong>Relaci\u00f3n de aspecto:<\/strong> 16:9<\/li>\n<li style='margin-bottom: 5px;'><strong>Pitch:<\/strong> 0.9<\/li>\n<li style='margin-bottom: 5px;'><strong>Tecnolog\u00eda de encapsulado:<\/strong> COB<\/li>\n<li style='margin-bottom: 5px;'><strong>Distancia de visualizaci\u00f3n recomendada:<\/strong> 2.7 metros<\/li>\n<li style='margin-bottom: 5px;'><strong>Entrada de video:<\/strong> 1 x HDMI 1.4<\/li>\n<li style='margin-bottom: 5px;'><strong>Accesorios:<\/strong> Se incluye accesorios de instalaci\u00f3n y refacciones<\/li>\n<\/ul><\/div>\n<div style='flex: 1 1 300px; min-width: 280px;'>\n<h3 style='font-size: 22px; border-bottom: 2px solid currentColor; padding-bottom: 5px; margin-top: 0; color: inherit; opacity: 0.8;'>Caracter\u00edsticas F\u00edsicas y El\u00e9ctricas<\/h3>\n<ul style='padding-left: 20px; font-size: 15px; color: inherit;'>\n<li style='margin-bottom: 5px;'><strong>Temperatura de operaci\u00f3n:<\/strong> -10 \u00b0C a 40 \u00b0C<\/li>\n<li style='margin-bottom: 5px;'><strong>Humedad de operaci\u00f3n:<\/strong> 10% a 90% RH<\/li>\n<li style='margin-bottom: 5px;'><strong>Temperatura de almacenamiento:<\/strong> -20 \u00b0C a 60 \u00b0C<\/li>\n<li style='margin-bottom: 5px;'><strong>Humedad de almacenamiento:<\/strong> 10% a 90% RH<\/li>\n<li style='margin-bottom: 5px;'><strong>Voltaje de entrada:<\/strong> 100 a 240V ac&comma; 50\/60 Hz<\/li>\n<li style='margin-bottom: 5px;'><strong>Consumo el\u00e9ctrico m\u00e1ximo:<\/strong> 0.66 kW<\/li>\n<li style='margin-bottom: 5px;'><strong>Peso total:<\/strong> 45.90 kg<\/li>\n<\/ul><\/div>\n<\/p><\/div>\n<div style='display: flex; flex-wrap: wrap; justify-content: center; gap: 20px; margin: 30px 0;'>\n<div style='width: 100%; text-align: center; margin-bottom: 20px;'>\n<h3 style='font-size: 20px; margin: 10px 0; color: inherit;'>Medida de videowall<\/h3>\n<p> <img style='width: 100%; max-width: 600px; height: auto; border: 1px solid rgba(150&comma;150&comma;150&comma;0.3); border-radius: 8px;' src='https:\/\/ftp3.syscom.mx\/usuarios\/nortega\/hikvision\/videowall%20led\/interior\/gen%202025\/KITS\/09FHD1920X1080\/medida.png' alt=''> <\/div>\n<div style='width: 100%; text-align: center; margin-bottom: 20px;'>\n<h3 style='font-size: 20px; margin: 10px 0; color: inherit;'>Distancia de visualizaci\u00f3n recomendada<\/h3>\n<div style='display: flex; flex-wrap: wrap; justify-content: center; gap: 10px;'> <img style='width: 100%; max-width: 600px; height: auto; border: 1px solid rgba(150&comma;150&comma;150&comma;0.3); border-radius: 8px;' src='https:\/\/ftp3.syscom.mx\/usuarios\/nortega\/hikvision\/videowall%20led\/interior\/gen%202025\/KITS\/09FHD1920X1080\/distancia%20superior.png' alt=''> <img style='width: 100%; max-width: 600px; height: auto; border: 1px solid rgba(150&comma;150&comma;150&comma;0.3); border-radius: 8px;' src='https:\/\/ftp3.syscom.mx\/usuarios\/nortega\/hikvision\/videowall%20led\/interior\/gen%202025\/KITS\/09FHD1920X1080\/distancia%20lateral.png' alt=''> <\/div>\n<\/p><\/div>\n<div style='width: 100%; text-align: center; margin-bottom: 20px;'>\n<h3 style='font-size: 20px; margin: 10px 0; color: inherit;'>Diagrama de conexi\u00f3n de datos<\/h3>\n<p> <img style='width: 100%; max-width: 600px; height: auto; border: 1px solid rgba(150&comma;150&comma;150&comma;0.3); border-radius: 8px;' src='https:\/\/ftp3.syscom.mx\/usuarios\/nortega\/hikvision\/videowall%20led\/interior\/gen%202025\/KITS\/09FHD1920X1080\/datos.png' alt=''> <img style='width: 100%; max-width: 600px; height: auto; border: 1px solid rgba(150&comma;150&comma;150&comma;0.3); border-radius: 8px; margin-top: 10px;' src='https:\/\/ftp3.syscom.mx\/usuarios\/nortega\/hikvision\/videowall%20led\/interior\/gen%202025\/KITS\/09FHD1920X1080\/controlador.png' alt='' width='154' height='76'> <\/div>\n<div style='width: 100%; text-align: center; margin-bottom: 20px;'>\n<h3 style='font-size: 20px; margin: 10px 0; color: inherit;'>Diagrama de conexi\u00f3n de corriente<\/h3>\n<p> <img style='width: 100%; max-width: 600px; height: auto; border: 1px solid rgba(150&comma;150&comma;150&comma;0.3); border-radius: 8px;' src='https:\/\/ftp3.syscom.mx\/usuarios\/nortega\/hikvision\/videowall%20led\/interior\/gen%202025\/KITS\/09FHD1920X1080\/corriente.png' alt=''> <\/div>\n<\/p><\/div>\n<\/p><\/div>\n","protected":false},"excerpt":{"rendered":"<p>Pantalla Profesional LCD de 55&#8243; para Video Wall, Full HD (1080p), bisel Delgado de 3.5mm, brillo 500 Cd<\/p>\n","protected":false},"featured_media":119217,"comment_status":"open","ping_status":"closed","template":"","meta":[],"product_brand":[],"product_cat":[2088],"product_tag":[2089,2382,2090],"class_list":{"0":"post-119218","1":"product","2":"type-product","3":"status-publish","4":"has-post-thumbnail","6":"product_cat-videowall-seguridad","7":"product_tag-monitores-pantallas-y-mobiliario","8":"product_tag-skyworth","9":"product_tag-videowall-seguridad","11":"first","12":"outofstock","13":"sale","14":"shipping-taxable","15":"purchasable","16":"product-type-simple"},"_links":{"self":[{"href":"https:\/\/soydeaqui.ddns.net\/pachuca\/index.php\/wp-json\/wp\/v2\/product\/119218","targetHints":{"allow":["GET"]}}],"collection":[{"href":"https:\/\/soydeaqui.ddns.net\/pachuca\/index.php\/wp-json\/wp\/v2\/product"}],"about":[{"href":"https:\/\/soydeaqui.ddns.net\/pachuca\/index.php\/wp-json\/wp\/v2\/types\/product"}],"replies":[{"embeddable":true,"href":"https:\/\/soydeaqui.ddns.net\/pachuca\/index.php\/wp-json\/wp\/v2\/comments?post=119218"}],"wp:featuredmedia":[{"embeddable":true,"href":"https:\/\/soydeaqui.ddns.net\/pachuca\/index.php\/wp-json\/wp\/v2\/media\/119217"}],"wp:attachment":[{"href":"https:\/\/soydeaqui.ddns.net\/pachuca\/index.php\/wp-json\/wp\/v2\/media?parent=119218"}],"wp:term":[{"taxonomy":"product_brand","embeddable":true,"href":"https:\/\/soydeaqui.ddns.net\/pachuca\/index.php\/wp-json\/wp\/v2\/product_brand?post=119218"},{"taxonomy":"product_cat","embeddable":true,"href":"https:\/\/soydeaqui.ddns.net\/pachuca\/index.php\/wp-json\/wp\/v2\/product_cat?post=119218"},{"taxonomy":"product_tag","embeddable":true,"href":"https:\/\/soydeaqui.ddns.net\/pachuca\/index.php\/wp-json\/wp\/v2\/product_tag?post=119218"}],"curies":[{"name":"wp","href":"https:\/\/api.w.org\/{rel}","templated":true}]}}