{"id":119192,"date":"2026-03-24T04:53:20","date_gmt":"2026-03-24T04:53:20","guid":{"rendered":"https:\/\/soydeaqui.ddns.net\/pachuca\/index.php\/producto\/switch-poe-administrable-y-controlador-serie-neutron-de-48-puertos-administra-hasta-50-puntos-de-acceso-enturbo-neutron\/"},"modified":"2026-03-24T04:53:33","modified_gmt":"2026-03-24T04:53:33","slug":"switch-poe-administrable-y-controlador-serie-neutron-de-48-puertos-administra-hasta-50-puntos-de-acceso-enturbo-neutron","status":"publish","type":"product","link":"https:\/\/soydeaqui.ddns.net\/pachuca\/index.php\/producto\/switch-poe-administrable-y-controlador-serie-neutron-de-48-puertos-administra-hasta-50-puntos-de-acceso-enturbo-neutron\/","title":{"rendered":"Switch PoE Administrable y Controlador Serie Neutron de 48 Puertos (Administra hasta 50 Puntos de Acceso Enturbo, Neutron)"},"content":{"rendered":"<div style='width: 100%; max-width: 1200px; margin: 0 auto; font-family: sans-serif; line-height: 1.6; color: inherit; background-color: transparent;'> <!-- Secci\u00f3n principal --> <\/p>\n<div style='display: flex; flex-wrap: wrap; gap: 30px; margin-bottom: 30px;'>\n<div style='flex: 1 1 300px; min-width: 280px;'>\n<p style='font-size: 15px; color: inherit;'>El <strong>EWS7952FP<\/strong> presenta opciones simplificadas de configuraci\u00f3n de red&comma; monitoreo y administraci\u00f3n junto con una interfaz web intuitiva. Administre localmente hasta 50 puntos de acceso Neutron EWS y administre de manera centralizada redes cableadas e inal\u00e1mbricas a trav\u00e9s de ezMaster. Alimente dispositivos PoE + compatibles&comma; como c\u00e1maras IP&comma; tel\u00e9fonos VoIP y puntos de acceso.<\/p>\n<\/p><\/div>\n<\/p><\/div>\n<p> <!-- Secci\u00f3n de especificaciones --> <\/p>\n<div style='display: flex; flex-wrap: wrap; gap: 30px; margin-bottom: 30px;'>\n<div style='flex: 1 1 300px; min-width: 280px;'>\n<h3 style='font-size: 22px; border-bottom: 2px solid currentColor; padding-bottom: 5px; margin-top: 0; color: inherit; opacity: 0.8;'>Especificaciones t\u00e9cnicas<\/h3>\n<ul style='padding-left: 20px; font-size: 15px; color: inherit;'>\n<li style='margin-bottom: 5px;'><strong>Est\u00e1ndares de puerto:<\/strong> 802.3 10Base-T Ethernet<\/li>\n<li style='margin-bottom: 5px;'>802.3u 100Base-TX Ethernet<\/li>\n<li style='margin-bottom: 5px;'>802.3ab 10000Base-T Ethernet<\/li>\n<li style='margin-bottom: 5px;'>802.3x Control de flujo d\u00faplex completo<\/li>\n<\/ul><\/div>\n<div style='flex: 1 1 300px; min-width: 280px;'>\n<ul style='padding-left: 20px; font-size: 15px; color: inherit; margin-top: 20px;'>\n<li style='margin-bottom: 5px;'><strong>Puertos de red:<\/strong> 48 Puertos de 10\/100\/1000 Mbps<\/li>\n<li style='margin-bottom: 5px;'>4 Puertos de 10\/100\/1000 Mbps SFP<\/li>\n<li style='margin-bottom: 5px;'>1 Puerto de consola RJ45<\/li>\n<li style='margin-bottom: 5px;'><strong>Capacidad de conmutaci\u00f3n de rendimiento:<\/strong> 104 Gbps<\/li>\n<li style='margin-bottom: 5px;'><strong>Memoria:<\/strong> SDRAM: 256 MB<\/li>\n<li style='margin-bottom: 5px;'>Memoria flash: 32 MB<\/li>\n<li style='margin-bottom: 5px;'>Memoria de b\u00fafer de paquetes: 1.5 MB<\/li>\n<li style='margin-bottom: 5px;'>Tama\u00f1o de la base de datos de direcciones: 8&comma;000 direcciones MAC<\/li>\n<\/ul><\/div>\n<div style='flex: 1 1 300px; min-width: 280px;'>\n<ul style='padding-left: 20px; font-size: 15px; color: inherit; margin-top: 20px;'>\n<li style='margin-bottom: 5px;'><strong>Capacidad PoE:<\/strong> Puertos 1 ~ 48 Puertos compatibles con IEEE 802.3at \/ af<\/li>\n<li style='margin-bottom: 5px;'>PoE: Todos los puertos Gigabit Ethernet \/ Hasta 30 W<\/li>\n<li style='margin-bottom: 5px;'><strong>Soporte Max. PoE:<\/strong> 740 W<\/li>\n<li style='margin-bottom: 5px;'><strong>Fuente de alimentaci\u00f3n:<\/strong> 100 ~ 240VAC&comma; 50-60Hz<\/li>\n<li style='margin-bottom: 5px;'>12A<\/li>\n<\/ul><\/div>\n<\/p><\/div>\n<p> <!-- Imagen --> <\/p>\n<div style='margin-bottom: 30px;'> <img style='width: 100%; height: auto; border: 1px solid rgba(150&comma;150&comma;150&comma;0.3); border-radius: 8px;' src='https:\/\/www.engeniustech.com\/wp-content\/uploads\/2016\/11\/xezmaster_screens.jpg.pagespeed.ic.aR4jyqI9bR.webp' alt='Interfaz de administraci\u00f3n ezMaster'> <\/div>\n<p> <!-- Secci\u00f3n de administraci\u00f3n --> <\/p>\n<div style='display: flex; flex-wrap: wrap; gap: 30px; margin-bottom: 30px;'>\n<div style='flex: 1 1 300px; min-width: 280px;'>\n<h3 style='font-size: 22px; border-bottom: 2px solid currentColor; padding-bottom: 5px; margin-top: 0; color: inherit; opacity: 0.8;'>Monitoreo y Administraci\u00f3n Remota con ezMaster<\/h3>\n<p style='font-size: 15px; color: inherit;'>El software ezMaster de EnGenius permite configurar y mantener f\u00e1cilmente m\u00faltiples sitios&comma; ahorrando tiempo&comma; minimizando las visitas a sitio y reduciendo costos de operaci\u00f3n&comma; todo esto sin pagar licencias o suscripciones.<\/p>\n<\/p><\/div>\n<\/p><\/div>\n<p> <!-- Separador --> <\/p>\n<hr style='border: 0; border-top: 1px solid rgba(150&comma; 150&comma; 150&comma; 0.3); margin: 30px 0;'> <\/div>\n","protected":false},"excerpt":{"rendered":"<p>Switch PoE Administrable y Controlador Serie Neutron de 48 Puertos (Administra hasta 50 Puntos de Acceso Enturbo, Neutron)<\/p>\n","protected":false},"featured_media":119191,"comment_status":"open","ping_status":"closed","template":"","meta":[],"product_brand":[],"product_cat":[1986],"product_tag":[738,664,1987],"class_list":{"0":"post-119192","1":"product","2":"type-product","3":"status-publish","4":"has-post-thumbnail","6":"product_cat-switches-poe","7":"product_tag-engenius","8":"product_tag-networking","9":"product_tag-switches-poe","11":"first","12":"outofstock","13":"sale","14":"shipping-taxable","15":"purchasable","16":"product-type-simple"},"_links":{"self":[{"href":"https:\/\/soydeaqui.ddns.net\/pachuca\/index.php\/wp-json\/wp\/v2\/product\/119192","targetHints":{"allow":["GET"]}}],"collection":[{"href":"https:\/\/soydeaqui.ddns.net\/pachuca\/index.php\/wp-json\/wp\/v2\/product"}],"about":[{"href":"https:\/\/soydeaqui.ddns.net\/pachuca\/index.php\/wp-json\/wp\/v2\/types\/product"}],"replies":[{"embeddable":true,"href":"https:\/\/soydeaqui.ddns.net\/pachuca\/index.php\/wp-json\/wp\/v2\/comments?post=119192"}],"wp:featuredmedia":[{"embeddable":true,"href":"https:\/\/soydeaqui.ddns.net\/pachuca\/index.php\/wp-json\/wp\/v2\/media\/119191"}],"wp:attachment":[{"href":"https:\/\/soydeaqui.ddns.net\/pachuca\/index.php\/wp-json\/wp\/v2\/media?parent=119192"}],"wp:term":[{"taxonomy":"product_brand","embeddable":true,"href":"https:\/\/soydeaqui.ddns.net\/pachuca\/index.php\/wp-json\/wp\/v2\/product_brand?post=119192"},{"taxonomy":"product_cat","embeddable":true,"href":"https:\/\/soydeaqui.ddns.net\/pachuca\/index.php\/wp-json\/wp\/v2\/product_cat?post=119192"},{"taxonomy":"product_tag","embeddable":true,"href":"https:\/\/soydeaqui.ddns.net\/pachuca\/index.php\/wp-json\/wp\/v2\/product_tag?post=119192"}],"curies":[{"name":"wp","href":"https:\/\/api.w.org\/{rel}","templated":true}]}}