{"id":119177,"date":"2026-03-24T04:52:25","date_gmt":"2026-03-24T04:52:25","guid":{"rendered":"https:\/\/soydeaqui.ddns.net\/pachuca\/index.php\/producto\/arnes-de-datos-rs485-compatible-con-el-mdvr-xmr404hd-xmr404ahd\/"},"modified":"2026-03-24T04:52:34","modified_gmt":"2026-03-24T04:52:34","slug":"arnes-de-datos-rs485-compatible-con-el-mdvr-xmr404hd-xmr404ahd","status":"publish","type":"product","link":"https:\/\/soydeaqui.ddns.net\/pachuca\/index.php\/producto\/arnes-de-datos-rs485-compatible-con-el-mdvr-xmr404hd-xmr404ahd\/","title":{"rendered":"Arnes de datos RS485 compatible con el MDVR XMR404HD, XMR404AHD"},"content":{"rendered":"<div style='width: 100%; max-width: 1200px; margin: 0 auto; font-family: sans-serif; line-height: 1.6; color: inherit; background-color: transparent;'> <img style='width: 100%; height: auto; border: 1px solid rgba(150&comma;150&comma;150&comma;0.3); border-radius: 8px;' src='http:\/\/ftp3.syscom.mx\/usuarios\/aberumen\/bannerxmr.jpg' alt='Banner XMR'> <\/p>\n<p style='color: inherit; opacity: 0.7; margin: 20px 0;'><strong>Seguridad Sobre Ruedas<\/strong><\/p>\n<p style='color: inherit; margin: 15px 0;'>Obtenga la mayor calidad de imagen con las c\u00e1maras para soluciones de videovigilancia m\u00f3vil XMR la cual ofrece nuevos dise\u00f1os en c\u00e1maras AHD con la mejor tecnolog\u00eda <strong style='color: inherit;'>Anti-vibraci\u00f3n<\/strong> y <strong style='color: inherit;'>alta fiabilidad.<\/strong><\/p>\n<div style='display: flex; flex-wrap: wrap; gap: 20px; margin: 30px 0;'>\n<div style='flex: 1 1 300px; min-width: 250px;'>\n<div style='border-left: 5px solid #080808; border-radius: 8px; padding: 15px; box-shadow: 2px 2px 10px rgba(200&comma;200&comma;200&comma;0.3); background-color: rgba(128&comma; 128&comma; 128&comma; 0.16);'> <strong style='color: inherit; display: block; margin-bottom: 10px;'>Caracter\u00edsticas especiales:<\/strong> <\/p>\n<ul style='padding-left: 20px; margin: 0; color: inherit;'>\n<li style='margin-bottom: 5px;'>Arnes de datos SR485.<\/li>\n<\/ul><\/div>\n<\/p><\/div>\n<div style='flex: 1 1 300px; min-width: 250px;'>\n<div style='border-left: 5px solid #080808; border-radius: 8px; padding: 15px; box-shadow: 2px 2px 10px rgba(200&comma;200&comma;200&comma;0.3); background-color: rgba(128&comma; 128&comma; 128&comma; 0.16);'>\n<p style='margin: 0; color: inherit;'>\n<\/p><\/div>\n<\/p><\/div>\n<div style='flex: 1 1 300px; min-width: 250px;'>\n<div style='border-left: 5px solid #080808; border-radius: 8px; padding: 15px; box-shadow: 2px 2px 10px rgba(200&comma;200&comma;200&comma;0.3); background-color: rgba(128&comma; 128&comma; 128&comma; 0.16);'> <strong style='color: inherit; display: block; margin-bottom: 10px;'>Caracter\u00edsticas Destacadas:<\/strong> <\/p>\n<ul style='padding-left: 20px; margin: 0; color: inherit;'>\n<li style='margin-bottom: 5px;'><strong style='color: inherit;'>Modulo compatible con MDVR modelo XMR404AHD<\/strong><\/li>\n<\/ul><\/div>\n<\/p><\/div>\n<\/p><\/div>\n<div style='display: flex; flex-wrap: wrap; gap: 30px; margin: 40px 0;'>\n<div style='flex: 1 1 400px; min-width: 300px;'>\n<div style='position: relative; padding-bottom: 56.25%; height: 0; overflow: hidden; margin-bottom: 30px;'>   <\/div>\n<\/p><\/div>\n<div style='flex: 1 1 400px; min-width: 300px;'>\n<div style='position: relative; padding-bottom: 56.25%; height: 0; overflow: hidden; margin-bottom: 30px;'>   <\/div>\n<\/p><\/div>\n<\/p><\/div>\n<\/p><\/div>\n","protected":false},"excerpt":{"rendered":"<p>Arnes de datos RS485 compatible con el MDVR XMR404HD, XMR404AHD<\/p>\n","protected":false},"featured_media":119176,"comment_status":"open","ping_status":"closed","template":"","meta":[],"product_brand":[],"product_cat":[1408,1406],"product_tag":[93,1409,935,1345],"class_list":{"0":"post-119177","1":"product","2":"type-product","3":"status-publish","4":"has-post-thumbnail","6":"product_cat-accesorios-dash-cams-y-body-cams","7":"product_cat-videograbadoras-moviles-videovigilancia","8":"product_tag-accesorios","9":"product_tag-dash-cams-y-body-cams","10":"product_tag-epcom","11":"product_tag-videograbadoras-moviles","13":"first","14":"instock","15":"sale","16":"shipping-taxable","17":"purchasable","18":"product-type-simple"},"_links":{"self":[{"href":"https:\/\/soydeaqui.ddns.net\/pachuca\/index.php\/wp-json\/wp\/v2\/product\/119177","targetHints":{"allow":["GET"]}}],"collection":[{"href":"https:\/\/soydeaqui.ddns.net\/pachuca\/index.php\/wp-json\/wp\/v2\/product"}],"about":[{"href":"https:\/\/soydeaqui.ddns.net\/pachuca\/index.php\/wp-json\/wp\/v2\/types\/product"}],"replies":[{"embeddable":true,"href":"https:\/\/soydeaqui.ddns.net\/pachuca\/index.php\/wp-json\/wp\/v2\/comments?post=119177"}],"wp:featuredmedia":[{"embeddable":true,"href":"https:\/\/soydeaqui.ddns.net\/pachuca\/index.php\/wp-json\/wp\/v2\/media\/119176"}],"wp:attachment":[{"href":"https:\/\/soydeaqui.ddns.net\/pachuca\/index.php\/wp-json\/wp\/v2\/media?parent=119177"}],"wp:term":[{"taxonomy":"product_brand","embeddable":true,"href":"https:\/\/soydeaqui.ddns.net\/pachuca\/index.php\/wp-json\/wp\/v2\/product_brand?post=119177"},{"taxonomy":"product_cat","embeddable":true,"href":"https:\/\/soydeaqui.ddns.net\/pachuca\/index.php\/wp-json\/wp\/v2\/product_cat?post=119177"},{"taxonomy":"product_tag","embeddable":true,"href":"https:\/\/soydeaqui.ddns.net\/pachuca\/index.php\/wp-json\/wp\/v2\/product_tag?post=119177"}],"curies":[{"name":"wp","href":"https:\/\/api.w.org\/{rel}","templated":true}]}}